{"id":3236,"date":"2025-09-02T05:56:26","date_gmt":"2025-09-02T05:56:26","guid":{"rendered":"https:\/\/galaxybicycle.com\/?post_type=product&#038;p=3236"},"modified":"2025-11-12T03:12:21","modified_gmt":"2025-11-12T03:12:21","slug":"galaxy-f350e-ebike","status":"publish","type":"product","link":"https:\/\/galaxybicycle.com\/hu\/product\/galaxy-f350e-ebike\/","title":{"rendered":"Velopro F350E \u00d6sszecsukhat\u00f3 k\u00f6v\u00e9r gumiabroncs elektromos ker\u00e9kp\u00e1r | 750W motor, 48V20AH akkumul\u00e1tor, 100KM hat\u00f3t\u00e1vols\u00e1g"},"content":{"rendered":"<p>Ismerje meg a <strong>Velopro F350E \u00f6sszecsukhat\u00f3 k\u00f6v\u00e9r gumiabroncsos elektromos ker\u00e9kp\u00e1r<\/strong> - az er\u0151, a teljes\u00edtm\u00e9ny \u00e9s a k\u00e9nyelem t\u00f6k\u00e9letes egyens\u00falya. A nagyobb teljes\u00edtm\u00e9nyre \u00e9s hat\u00f3t\u00e1vols\u00e1gra v\u00e1gy\u00f3 motorosok sz\u00e1m\u00e1ra tervezett e-bike egy <strong>48V20AH EVE akkumul\u00e1tor<\/strong> \u00e9s egy <strong>750W-os nagysebess\u00e9g\u0171 motor<\/strong>, amely ak\u00e1r 32KM\/H sebess\u00e9get \u00e9s 32 km\/\u00f3r\u00e1s hat\u00f3t\u00e1vols\u00e1got biztos\u00edt. <strong>80-100KM<\/strong> egyetlen t\u00f6lt\u00e9ssel.<\/p>\n<p>Ak\u00e1r munk\u00e1ba ing\u00e1zik, ak\u00e1r a term\u00e9szetj\u00e1r\u00f3 \u00f6sv\u00e9nyeket fedezi fel, ak\u00e1r h\u00e9tv\u00e9gi kir\u00e1ndul\u00e1st tesz, az F350E alkalmazkodik az \u00d6n ig\u00e9nyeihez. A <strong>\u00f6sszecsukhat\u00f3 alum\u00ednium \u00f6tv\u00f6zetb\u0151l k\u00e9sz\u00fclt keret<\/strong> megk\u00f6nny\u00edti a sz\u00e1ll\u00edt\u00e1st \u00e9s t\u00e1rol\u00e1st, mik\u00f6zben a <strong>20\u00d74\" CST k\u00f6v\u00e9r gumiabroncsok<\/strong> kiv\u00e1l\u00f3 tapad\u00e1st \u00e9s stabilit\u00e1st biztos\u00edt homokon, havon, kavicson vagy v\u00e1rosi utc\u00e1kon.<\/p>\n<p>A k\u00e9nyelem minden r\u00e9szletbe bele van \u00e9p\u00edtve, a <strong>els\u0151 felf\u00fcggeszt\u00e9s vill\u00e1ja<\/strong>, ergonomikus alum\u00ednium ped\u00e1lok, mechanikus t\u00e1rcsaf\u00e9kek \u00e9s <strong>Shimano 7 sebess\u00e9ges v\u00e1lt\u00f3rendszer<\/strong> a sima \u00e9s ellen\u0151rz\u00f6tt vezet\u00e9s \u00e9rdek\u00e9ben. A ker\u00e9kp\u00e1r a k\u00f6vetkez\u0151ket tartalmazza <strong>els\u0151 \u00e9s h\u00e1ts\u00f3 l\u00e1mp\u00e1k, s\u00e1rv\u00e9d\u0151k, h\u00e1ts\u00f3 csomagtart\u00f3 \u00e9s kosarak<\/strong> - mindent megad, amire a dobozb\u00f3l kiv\u00e9ve sz\u00fcks\u00e9ge van.<\/p>\n<p>Ak\u00e1r v\u00e1rosi ing\u00e1z\u00f3, ak\u00e1r h\u00e9tv\u00e9gi kalandor, az Velopro F350E minden utaz\u00e1st \u00e9lvezetess\u00e9, hat\u00e9konny\u00e1 \u00e9s megb\u00edzhat\u00f3v\u00e1 tesz.<\/p>\n<h2>F\u0151 jellemz\u0151k<\/h2>\n<ul>\n<li><strong>Nagy teljes\u00edtm\u00e9ny\u0171 motor:<\/strong> 48V-os 750W-os motor a k\u00f6nnyed utaz\u00e1shoz minden terepen.<\/li>\n<li><strong>Nagy hat\u00f3t\u00e1vols\u00e1g\u00fa akkumul\u00e1tor:<\/strong> 48V20AH EVE akkumul\u00e1tor ak\u00e1r 100KM hat\u00f3t\u00e1vols\u00e1ggal.<\/li>\n<li><strong>\u00d6sszecsukhat\u00f3 keret:<\/strong> Kompakt alum\u00ednium\u00f6tv\u00f6zetb\u0151l k\u00e9sz\u00fclt kialak\u00edt\u00e1s a k\u00f6nny\u0171 sz\u00e1ll\u00edt\u00e1shoz \u00e9s t\u00e1rol\u00e1shoz.<\/li>\n<li><strong>K\u00f6v\u00e9r gumik:<\/strong> 20\u00d74\" CST gumiabroncsok a stabilit\u00e1s \u00e9rdek\u00e9ben homokon, havon \u00e9s kavicson.<\/li>\n<li><strong>Shimano 7-sebess\u00e9ges:<\/strong> Sima sebess\u00e9gv\u00e1lt\u00e1s a v\u00e1ltozatos vezet\u00e9si k\u00f6r\u00fclm\u00e9nyekhez.<\/li>\n<li><strong>K\u00e9nyelem \u00e9s biztons\u00e1g:<\/strong> Els\u0151 felf\u00fcggeszt\u00e9s, mechanikus t\u00e1rcsaf\u00e9kek, els\u0151\/h\u00e1ts\u00f3 vil\u00e1g\u00edt\u00e1s \u00e9s v\u00edz\u00e1ll\u00f3 IP54 besorol\u00e1s.<\/li>\n<li><strong>Teljesen felszerelt:<\/strong> Tartalmazza a h\u00e1ts\u00f3 csomagtart\u00f3t, kosarakat, s\u00e1rv\u00e9d\u0151ket \u00e9s cseng\u0151t a praktikus napi haszn\u00e1lathoz.<\/li>\n<\/ul>\n<h2>M\u0171szaki adatok<\/h2>\n<table border=\"1\" cellspacing=\"0\" cellpadding=\"6\">\n<tbody>\n<tr>\n<th>Kateg\u00f3ria<\/th>\n<th>M\u0171szaki adatok<\/th>\n<th>R\u00e9szletek<\/th>\n<\/tr>\n<tr>\n<td>Akkumul\u00e1tor<\/td>\n<td>48V20AH (EVE m\u00e1rka)<\/td>\n<td>Ak\u00e1r 100KM hat\u00f3t\u00e1vols\u00e1g<\/td>\n<\/tr>\n<tr>\n<td>Motor<\/td>\n<td>750W nagy sebess\u00e9g<\/td>\n<td>V\u00e9gsebess\u00e9g 32KM\/H<\/td>\n<\/tr>\n<tr>\n<td>Lovagl\u00e1si m\u00f3dok<\/td>\n<td>5 PAS szint<\/td>\n<td>Testreszabhat\u00f3 seg\u00edts\u00e9gny\u00fajt\u00e1s<\/td>\n<\/tr>\n<tr>\n<td>T\u00f6lt\u00e9s<\/td>\n<td>54.6V 3A t\u00f6lt\u0151<\/td>\n<td>Kb. 6,8 \u00f3ra<\/td>\n<\/tr>\n<tr>\n<td>Megjelen\u00edt\u00e9s<\/td>\n<td>LCD<\/td>\n<td>Sebess\u00e9g, akkumul\u00e1tor \u00e9s PAS inform\u00e1ci\u00f3k<\/td>\n<\/tr>\n<tr>\n<td>Keret<\/td>\n<td>Alum\u00ednium \u00f6tv\u00f6zet 6061<\/td>\n<td>Tart\u00f3s \u00e9s \u00f6sszecsukhat\u00f3<\/td>\n<\/tr>\n<tr>\n<td>Ker\u00e9km\u00e9ret<\/td>\n<td>20*4\"<\/td>\n<td>CST k\u00f6v\u00e9r gumiabroncsok<\/td>\n<\/tr>\n<tr>\n<td>F\u00e9kek<\/td>\n<td>Mechanikus t\u00e1rcsa<\/td>\n<td>El\u00f6l \u00e9s h\u00e1tul<\/td>\n<\/tr>\n<tr>\n<td>\u00c1tvitel<\/td>\n<td>Shimano 7 sebess\u00e9ges<\/td>\n<td>Sima v\u00e1lt\u00e1s<\/td>\n<\/tr>\n<tr>\n<td>Vill\u00e1k<\/td>\n<td>Felf\u00fcggeszt\u00e9si villa<\/td>\n<td>Sokk-elnyel\u00e9s<\/td>\n<\/tr>\n<tr>\n<td>Hasznos teher<\/td>\n<td>150KGS<\/td>\n<td>Er\u0151s terhelhet\u0151s\u00e9g<\/td>\n<\/tr>\n<tr>\n<td>Tartoz\u00e9kok<\/td>\n<td>Rack, kosarak, s\u00e1rv\u00e9d\u0151k<\/td>\n<td>Tartalmazza a<\/td>\n<\/tr>\n<tr>\n<td>V\u00edz\u00e1ll\u00f3<\/td>\n<td>IP54<\/td>\n<td>Por- \u00e9s fr\u00f6ccsen\u00e9s\u00e1ll\u00f3<\/td>\n<\/tr>\n<tr>\n<td>\u00d6sszecsukhat\u00f3<\/td>\n<td>Igen<\/td>\n<td>Kompakt t\u00e1rol\u00e1s<\/td>\n<\/tr>\n<tr>\n<td>S\u00faly<\/td>\n<td>31KG (nett\u00f3)<\/td>\n<td>40.8KG (brutt\u00f3)<\/td>\n<\/tr>\n<tr>\n<td>Lovas magass\u00e1ga<\/td>\n<td>155-190cm<\/td>\n<td>Univerz\u00e1lis illeszked\u00e9s<\/td>\n<\/tr>\n<tr>\n<td>Kont\u00e9ner Mennyis\u00e9g<\/td>\n<td>40HQ<\/td>\n<td>180 PCS<\/td>\n<\/tr>\n<\/tbody>\n<\/table>","protected":false},"excerpt":{"rendered":"<p>Az Velopro F350E egy nagy teljes\u00edtm\u00e9ny\u0171, \u00f6sszecsukhat\u00f3, k\u00f6v\u00e9r gumiabroncsos elektromos ker\u00e9kp\u00e1r, amelyet kalandoz\u00e1sra \u00e9s v\u00e1rosi ing\u00e1z\u00e1sra \u00e9p\u00edtettek. A 750 W-os motorral, a nagy hat\u00f3t\u00e1vols\u00e1g\u00fa 48V20AH akkumul\u00e1torral, a Shimano 7 sebess\u00e9ges v\u00e1lt\u00f3val \u00e9s az els\u0151 felf\u00fcggeszt\u00e9ssel k\u00e9nyelmet, megb\u00edzhat\u00f3s\u00e1got \u00e9s sz\u00f3rakoz\u00e1st k\u00edn\u00e1l b\u00e1rmilyen terepen.<\/p>","protected":false},"featured_media":4107,"comment_status":"open","ping_status":"closed","template":"","meta":[],"product_brand":[],"product_cat":[38],"product_tag":[],"class_list":{"0":"post-3236","1":"product","2":"type-product","3":"status-publish","4":"has-post-thumbnail","6":"product_cat-velopro-electric-bikes","8":"first","9":"instock","10":"shipping-taxable","11":"purchasable","12":"product-type-simple"},"_links":{"self":[{"href":"https:\/\/galaxybicycle.com\/hu\/wp-json\/wp\/v2\/product\/3236","targetHints":{"allow":["GET"]}}],"collection":[{"href":"https:\/\/galaxybicycle.com\/hu\/wp-json\/wp\/v2\/product"}],"about":[{"href":"https:\/\/galaxybicycle.com\/hu\/wp-json\/wp\/v2\/types\/product"}],"replies":[{"embeddable":true,"href":"https:\/\/galaxybicycle.com\/hu\/wp-json\/wp\/v2\/comments?post=3236"}],"wp:featuredmedia":[{"embeddable":true,"href":"https:\/\/galaxybicycle.com\/hu\/wp-json\/wp\/v2\/media\/4107"}],"wp:attachment":[{"href":"https:\/\/galaxybicycle.com\/hu\/wp-json\/wp\/v2\/media?parent=3236"}],"wp:term":[{"taxonomy":"product_brand","embeddable":true,"href":"https:\/\/galaxybicycle.com\/hu\/wp-json\/wp\/v2\/product_brand?post=3236"},{"taxonomy":"product_cat","embeddable":true,"href":"https:\/\/galaxybicycle.com\/hu\/wp-json\/wp\/v2\/product_cat?post=3236"},{"taxonomy":"product_tag","embeddable":true,"href":"https:\/\/galaxybicycle.com\/hu\/wp-json\/wp\/v2\/product_tag?post=3236"}],"curies":[{"name":"wp","href":"https:\/\/api.w.org\/{rel}","templated":true}]}}