{"id":3233,"date":"2025-09-02T05:55:34","date_gmt":"2025-09-02T05:55:34","guid":{"rendered":"https:\/\/galaxybicycle.com\/?post_type=product&#038;p=3233"},"modified":"2025-09-04T14:36:13","modified_gmt":"2025-09-04T14:36:13","slug":"galaxy-f750e-ebike","status":"publish","type":"product","link":"https:\/\/galaxybicycle.com\/hu\/product\/galaxy-f750e-ebike\/","title":{"rendered":"Velopro F750E elektromos ker\u00e9kp\u00e1r | 500W Mid-Drive motor, kett\u0151s akkumul\u00e1tor, 20\u2033 Fat Tire \u00f6sszecsukhat\u00f3 elektromos ker\u00e9kp\u00e1r"},"content":{"rendered":"<p><strong>Velopro F750E<\/strong> olyan motorosok sz\u00e1m\u00e1ra k\u00e9sz\u00fclt, akik olyan e-bike-ot szeretn\u00e9nek, amely egyszerre praktikus \u00e9s izgalmas. Er\u0151s <strong>6061 \u00f6tv\u00f6z\u00f6tt v\u00e1z<\/strong> \u00e9s egy <strong>teljes \u00f6tv\u00f6zetb\u0151l k\u00e9sz\u00fclt rug\u00f3s villa<\/strong>, k\u00e9szen \u00e1ll a sima v\u00e1rosi utak \u00e9s a r\u00e1z\u00f3s utak kezel\u00e9s\u00e9re egyar\u00e1nt. A <strong>Shimano 7 sebess\u00e9ges v\u00e1lt\u00f3rendszer<\/strong> megk\u00f6nny\u00edti a hegym\u00e1sz\u00e1st, m\u00edg a <strong>Zoom hidraulikus t\u00e1rcsaf\u00e9kek<\/strong> magabiztos f\u00e9kez\u0151er\u0151t biztos\u00edt b\u00e1rmilyen id\u0151j\u00e1r\u00e1si k\u00f6r\u00fclm\u00e9nyek k\u00f6z\u00f6tt.<\/p>\n<p>Ez a k\u00f6v\u00e9r gumiabroncsos e-ker\u00e9kp\u00e1r a k\u00f6vetkez\u0151kkel rendelkezik <strong>20\u2033x4.0\u2033 CST gumiabroncsok<\/strong> amelyek tapadnak az \u00fatra, \u00e9s minden utaz\u00e1st tomp\u00edtanak. A <strong>LCD kijelz\u0151<\/strong> mindig l\u00e1that\u00f3ak a menetadatok, mik\u00f6zben a <strong>dupla 48V 10.4Ah akkumul\u00e1torok<\/strong> megn\u00f6velt hat\u00f3t\u00e1vols\u00e1got biztos\u00edt, \u00edgy gond n\u00e9lk\u00fcl tov\u00e1bb mehet. \u00d6sszecsukhat\u00f3 m\u00e9ret\u00e9nek k\u00f6sz\u00f6nhet\u0151en az F750E praktikusan t\u00e1rolhat\u00f3 \u00e9s k\u00f6nnyen sz\u00e1ll\u00edthat\u00f3.<\/p>\n<p>Ak\u00e1r munk\u00e1ba ing\u00e1zik, ak\u00e1r \u00faj \u00fatvonalakat fedez fel, vagy csak h\u00e9tv\u00e9gi t\u00far\u00e1kra indul, a <strong>Velopro F750E<\/strong> a sz\u00f3rakoz\u00e1st, a megb\u00edzhat\u00f3s\u00e1got \u00e9s a modern e-bike technol\u00f3gi\u00e1t egy eleg\u00e1ns csomagban egyes\u00edti.<\/p>\n<h2>Mi\u00e9rt v\u00e1lassza az Velopro F750E-t?<\/h2>\n<ul>\n<li><strong>Er\u0151teljes 500W-os k\u00f6z\u00e9phajt\u00e1s\u00fa motor<\/strong> az egyenletes gyorsul\u00e1shoz \u00e9s hegym\u00e1sz\u00e1shoz.<\/li>\n<li><strong>Kett\u0151s 48V-os akkumul\u00e1torok<\/strong> a hosszabb utaz\u00e1sokhoz a hat\u00f3t\u00e1vols\u00e1gt\u00f3l val\u00f3 f\u00e9lelem n\u00e9lk\u00fcl.<\/li>\n<li><strong>20 colos CST zs\u00edrgumik<\/strong> stabilit\u00e1st \u00e9s k\u00e9nyelmet biztos\u00edt minden terepen.<\/li>\n<li><strong>Zoom hidraulikus t\u00e1rcsaf\u00e9kek<\/strong> magabiztos f\u00e9kez\u0151er\u0151 biztos\u00edt\u00e1sa.<\/li>\n<li><strong>Shimano 7 sebess\u00e9ges rendszer<\/strong> a sokoldal\u00fa lovagl\u00e1shoz s\u00edkon \u00e9s dombon egyar\u00e1nt.<\/li>\n<li><strong>LCD kijelz\u0151<\/strong> a sebess\u00e9g, a t\u00e1vols\u00e1g \u00e9s az akkumul\u00e1tor \u00e9lettartam\u00e1nak figyel\u00e9s\u00e9re.<\/li>\n<li><strong>\u00d6sszecsukhat\u00f3 m\u00e9ret<\/strong> a k\u00f6nny\u0171 sz\u00e1ll\u00edt\u00e1s \u00e9s t\u00e1rol\u00e1s \u00e9rdek\u00e9ben.<\/li>\n<\/ul>\n<h2>M\u0171szaki adatok<\/h2>\n<table border=\"1\" cellspacing=\"0\" cellpadding=\"8\">\n<tbody>\n<tr>\n<th>Jellemz\u0151<\/th>\n<th>R\u00e9szletek<\/th>\n<\/tr>\n<tr>\n<td>Keret<\/td>\n<td>20\u2033 \u00f6tv\u00f6zet, 6061#<\/td>\n<\/tr>\n<tr>\n<td>Vill\u00e1k<\/td>\n<td>20\u2033 teljes \u00f6tv\u00f6zetb\u0151l k\u00e9sz\u00fclt felf\u00fcggeszt\u00e9si villa<\/td>\n<\/tr>\n<tr>\n<td>Derailleur<\/td>\n<td>Shimano 7 sebess\u00e9ges<\/td>\n<\/tr>\n<tr>\n<td>F\u00e9kek<\/td>\n<td>Zoom hidraulikus t\u00e1rcsaf\u00e9kek<\/td>\n<\/tr>\n<tr>\n<td>Gumiabroncsok<\/td>\n<td>CST 20\u2033 x 4.0\u2033 k\u00f6v\u00e9r gumiabroncsok<\/td>\n<\/tr>\n<tr>\n<td>Megjelen\u00edt\u00e9s<\/td>\n<td>LCD kijelz\u0151<\/td>\n<\/tr>\n<tr>\n<td>Motor<\/td>\n<td>48V 500W Mid-Drive motor<\/td>\n<\/tr>\n<tr>\n<td>Akkumul\u00e1tor<\/td>\n<td>Dupla 48V 10.4Ah l\u00edtium akkumul\u00e1torok<\/td>\n<\/tr>\n<tr>\n<td>Nett\u00f3 s\u00faly<\/td>\n<td>31 kg<\/td>\n<\/tr>\n<tr>\n<td>Brutt\u00f3 t\u00f6meg<\/td>\n<td>40,8 kg<\/td>\n<\/tr>\n<tr>\n<td>Doboz m\u00e9rete<\/td>\n<td>106 \u00d7 49 \u00d7 82 cm<\/td>\n<\/tr>\n<tr>\n<td>40HQ Bet\u00f6lt\u00e9s<\/td>\n<td>180 db<\/td>\n<\/tr>\n<\/tbody>\n<\/table>","protected":false},"excerpt":{"rendered":"<p>Fedezze fel az Velopro F750E-t - egy nagy teljes\u00edtm\u00e9ny\u0171, kompakt \u00e9s sz\u00f3rakoztat\u00f3, kalandoz\u00e1sra \u00e9s v\u00e1rosi utaz\u00e1sra tervezett, k\u00f6v\u00e9r gumiabroncsos e-bike-ot. Az 500 W-os k\u00f6z\u00e9phajt\u00e1s\u00fa motorral, a k\u00e9t 48 V-os akkumul\u00e1torral \u00e9s a 20 h\u00fcvelykes CST fat gumikkal ez az \u00f6sszecsukhat\u00f3 e-bike sima utaz\u00e1st, megb\u00edzhat\u00f3 f\u00e9ker\u0151t \u00e9s verhetetlen teljes\u00edtm\u00e9nyt biztos\u00edt. T\u00f6k\u00e9letes a k\u00e9nyelemre, st\u00edlusra \u00e9s komoly hat\u00f3t\u00e1vols\u00e1gra v\u00e1gy\u00f3 motorosok sz\u00e1m\u00e1ra.<\/p>","protected":false},"featured_media":3234,"comment_status":"open","ping_status":"closed","template":"","meta":[],"product_brand":[],"product_cat":[38],"product_tag":[],"class_list":{"0":"post-3233","1":"product","2":"type-product","3":"status-publish","4":"has-post-thumbnail","6":"product_cat-velopro-electric-bikes","8":"first","9":"instock","10":"shipping-taxable","11":"purchasable","12":"product-type-simple"},"_links":{"self":[{"href":"https:\/\/galaxybicycle.com\/hu\/wp-json\/wp\/v2\/product\/3233","targetHints":{"allow":["GET"]}}],"collection":[{"href":"https:\/\/galaxybicycle.com\/hu\/wp-json\/wp\/v2\/product"}],"about":[{"href":"https:\/\/galaxybicycle.com\/hu\/wp-json\/wp\/v2\/types\/product"}],"replies":[{"embeddable":true,"href":"https:\/\/galaxybicycle.com\/hu\/wp-json\/wp\/v2\/comments?post=3233"}],"wp:featuredmedia":[{"embeddable":true,"href":"https:\/\/galaxybicycle.com\/hu\/wp-json\/wp\/v2\/media\/3234"}],"wp:attachment":[{"href":"https:\/\/galaxybicycle.com\/hu\/wp-json\/wp\/v2\/media?parent=3233"}],"wp:term":[{"taxonomy":"product_brand","embeddable":true,"href":"https:\/\/galaxybicycle.com\/hu\/wp-json\/wp\/v2\/product_brand?post=3233"},{"taxonomy":"product_cat","embeddable":true,"href":"https:\/\/galaxybicycle.com\/hu\/wp-json\/wp\/v2\/product_cat?post=3233"},{"taxonomy":"product_tag","embeddable":true,"href":"https:\/\/galaxybicycle.com\/hu\/wp-json\/wp\/v2\/product_tag?post=3233"}],"curies":[{"name":"wp","href":"https:\/\/api.w.org\/{rel}","templated":true}]}}