{"id":3230,"date":"2025-09-02T05:53:52","date_gmt":"2025-09-02T05:53:52","guid":{"rendered":"https:\/\/galaxybicycle.com\/?post_type=product&#038;p=3230"},"modified":"2025-11-12T05:14:30","modified_gmt":"2025-11-12T05:14:30","slug":"galayx-f800e-ebike","status":"publish","type":"product","link":"https:\/\/galaxybicycle.com\/hu\/product\/galayx-f800e-ebike\/","title":{"rendered":"Velopro F800E elektromos ker\u00e9kp\u00e1r | 750W-os k\u00f6v\u00e9r gumiabroncs \u00f6sszecsukhat\u00f3 eBike 20\u2033 kerekekkel"},"content":{"rendered":"<p>Ismerje meg a <strong>Velopro F800E eBike<\/strong> - egy modern elektromos ker\u00e9kp\u00e1r, amelyet \u00fagy terveztek, hogy nagyobb teljes\u00edtm\u00e9nyt, nagyobb hat\u00f3t\u00e1vols\u00e1got \u00e9s t\u00f6bb sz\u00f3rakoz\u00e1st ny\u00fajtson. Tart\u00f3s 20\u2033-es \u00f6tv\u00f6z\u00f6tt v\u00e1z\u00e1val \u00e9s k\u00f6v\u00e9r 4,0 h\u00fcvelykes gumiabroncsaival ez az e-bike arra k\u00e9sz\u00fclt, hogy k\u00f6nnyed\u00e9n megh\u00f3d\u00edtsa a v\u00e1rosi utc\u00e1kat, a hegyi \u00f6sv\u00e9nyeket, a homokos strandokat vagy a havas utakat.<\/p>\n<p>Egy <strong>48V 750W-os h\u00e1ts\u00f3 ker\u00e9kagymotor<\/strong>, az F800E biztos\u00edtja azt a lend\u00fcletet, amire sz\u00fcks\u00e9ged van ahhoz, hogy megm\u00e1sszd a dombokat \u00e9s tov\u00e1bb tekerj, an\u00e9lk\u00fcl, hogy megizzadn\u00e1l. A <strong>48V 15Ah akkumul\u00e1tor<\/strong> egyetlen felt\u00f6lt\u00e9ssel hosszabb utaz\u00e1si t\u00e1vols\u00e1got biztos\u00edt, \u00edgy ide\u00e1lis a napi ing\u00e1z\u00e1shoz \u00e9s a h\u00e9tv\u00e9gi kalandokhoz egyar\u00e1nt.<\/p>\n<p>A tervez\u00e9s k\u00f6z\u00e9ppontj\u00e1ban a biztons\u00e1g \u00e9s az ellen\u0151rz\u00e9s \u00e1ll. A <strong>Zoom hidraulikus t\u00e1rcsaf\u00e9kek<\/strong> megb\u00edzhat\u00f3 f\u00e9kez\u0151er\u0151t biztos\u00edt, m\u00edg a <strong>Shimano 7 sebess\u00e9ges v\u00e1lt\u00f3rendszer<\/strong> biztos\u00edtja a sima \u00e9s rugalmas v\u00e1lt\u00e1st. A <strong>\u00f6tv\u00f6z\u00f6tt koron\u00e1s felf\u00fcggeszt\u00e9s\u0171 villa HLO (hidraulikus blokkol\u00e1s)<\/strong> az \u00fct\u0151d\u00e9sek \u00e9s a r\u00e1zk\u00f3d\u00e1sok elnyel\u00e9s\u00e9vel tov\u00e1bbi k\u00e9nyelmet biztos\u00edt, \u00e9s \u00edgy sim\u00e1bb utaz\u00e1st tesz lehet\u0151v\u00e9.<\/p>\n<p>A <strong>LCD kijelz\u0151<\/strong>, k\u00f6nnyen nyomon k\u00f6vetheti a sebess\u00e9get, az akkumul\u00e1tor t\u00f6lt\u00f6tts\u00e9gi szintj\u00e9t \u00e9s a lovagl\u00e1si m\u00f3dot. Ak\u00e1r megb\u00edzhat\u00f3 ing\u00e1z\u00f3 ker\u00e9kp\u00e1rt, ak\u00e1r h\u00e9tv\u00e9gi terepj\u00e1r\u00f3 felfedez\u0151t, ak\u00e1r sokoldal\u00fa, minden terepre alkalmas e-bike-ot keres, az Velopro F800E t\u00f6k\u00e9letes v\u00e1laszt\u00e1s.<\/p>\n<h3>Mi\u00e9rt v\u00e1lassza az Velopro F800E-t?<\/h3>\n<ul>\n<li><strong>Er\u0151teljes motor:<\/strong> A 48 V-os 750 W-os h\u00e1ts\u00f3 motor er\u0151s gyorsul\u00e1st \u00e9s m\u00e1sz\u00f3k\u00e9pess\u00e9get biztos\u00edt.<\/li>\n<li><strong>Hossz\u00fa akkumul\u00e1tor-\u00e9lettartam:<\/strong> A 48V-os 15Ah akkumul\u00e1tor biztos\u00edtja a nagyobb hat\u00f3t\u00e1vols\u00e1got t\u00f6lt\u00e9senk\u00e9nt.<\/li>\n<li><strong>Kiv\u00e1l\u00f3 f\u00e9kez\u00e9s:<\/strong> A zoom hidraulikus t\u00e1rcsaf\u00e9kek prec\u00edz \u00e9s biztons\u00e1gos f\u00e9ker\u0151t biztos\u00edtanak.<\/li>\n<li><strong>Minden terepre felk\u00e9sz\u00fclt:<\/strong> A 20\u2033 x 4,0\u2033 m\u00e9ret\u0171, vastag gumiabroncsok k\u00f6nnyed\u00e9n kezelik a havat, a homokot, a sarat \u00e9s a v\u00e1rosi utakat.<\/li>\n<li><strong>Komfortos utaz\u00e1s:<\/strong> \u00d6tv\u00f6z\u00f6tt rug\u00f3s villa lockouttal a sima \u00e9s rugalmas vezet\u00e9s\u00e9rt.<\/li>\n<li><strong>Shimano 7-sebess\u00e9ges:<\/strong> A sebess\u00e9gv\u00e1lt\u00f3 rendszer lehet\u0151v\u00e9 teszi a k\u00f6nny\u0171 be\u00e1ll\u00edt\u00e1st a k\u00fcl\u00f6nb\u00f6z\u0151 vezet\u00e9si k\u00f6r\u00fclm\u00e9nyekhez.<\/li>\n<li><strong>Intelligens kijelz\u0151:<\/strong> Az LCD-k\u00e9perny\u0151 val\u00f3s id\u0151ben mutatja a sebess\u00e9get, a t\u00e1vols\u00e1got \u00e9s az akkumul\u00e1tor \u00e1llapot\u00e1t.<\/li>\n<\/ul>\n<h3>M\u0171szaki adatok<\/h3>\n<table border=\"1\" cellspacing=\"0\" cellpadding=\"8\">\n<tbody>\n<tr>\n<th>Komponens<\/th>\n<th>R\u00e9szletek<\/th>\n<\/tr>\n<tr>\n<td>Keret<\/td>\n<td>20\u2033 \u00f6tv\u00f6zet, 6061#<\/td>\n<\/tr>\n<tr>\n<td>Vill\u00e1k<\/td>\n<td>20\u2033 \u00f6tv\u00f6z\u00f6tt koron\u00e1s felf\u00fcggeszt\u00e9si villa HLO-val<\/td>\n<\/tr>\n<tr>\n<td>Derailleur<\/td>\n<td>Shimano 7 sebess\u00e9ges<\/td>\n<\/tr>\n<tr>\n<td>F\u00e9k<\/td>\n<td>Zoom hidraulikus t\u00e1rcsaf\u00e9k<\/td>\n<\/tr>\n<tr>\n<td>Gumiabroncs<\/td>\n<td>H-5176 20\u2033 x 4.0\u2033 k\u00f6v\u00e9r gumiabroncs<\/td>\n<\/tr>\n<tr>\n<td>Megjelen\u00edt\u00e9s<\/td>\n<td>LCD kijelz\u0151<\/td>\n<\/tr>\n<tr>\n<td>Motor<\/td>\n<td>H\u00e1ts\u00f3 ker\u00e9kagymotor, 48V 750W<\/td>\n<\/tr>\n<tr>\n<td>Akkumul\u00e1tor<\/td>\n<td>48V 15Ah akkumul\u00e1tor<\/td>\n<\/tr>\n<\/tbody>\n<\/table>","protected":false},"excerpt":{"rendered":"<p>Az Velopro F800E egy er\u0151s \u00e9s sokoldal\u00fa 20 h\u00fcvelykes, k\u00f6v\u00e9r gumiabroncsos elektromos ker\u00e9kp\u00e1r, amelyet kalandoz\u00e1sra \u00e9s v\u00e1rosi t\u00far\u00e1kra egyar\u00e1nt \u00e9p\u00edtettek. A 750 W-os motorral, hossz\u00fa \u00e9lettartam\u00fa 48 V-os 15 Ah-s akkumul\u00e1torral, 7 sebess\u00e9ges Shimano v\u00e1lt\u00f3val \u00e9s megb\u00edzhat\u00f3 Zoom hidraulikus f\u00e9kekkel felszerelt ker\u00e9kp\u00e1r t\u00f6k\u00e9letes partner a sima, er\u0151s \u00e9s biztons\u00e1gos ker\u00e9kp\u00e1roz\u00e1shoz b\u00e1rmilyen terepen.<\/p>","protected":false},"featured_media":4124,"comment_status":"open","ping_status":"closed","template":"","meta":[],"product_brand":[],"product_cat":[38],"product_tag":[],"class_list":{"0":"post-3230","1":"product","2":"type-product","3":"status-publish","4":"has-post-thumbnail","6":"product_cat-velopro-electric-bikes","8":"first","9":"instock","10":"shipping-taxable","11":"purchasable","12":"product-type-simple"},"_links":{"self":[{"href":"https:\/\/galaxybicycle.com\/hu\/wp-json\/wp\/v2\/product\/3230","targetHints":{"allow":["GET"]}}],"collection":[{"href":"https:\/\/galaxybicycle.com\/hu\/wp-json\/wp\/v2\/product"}],"about":[{"href":"https:\/\/galaxybicycle.com\/hu\/wp-json\/wp\/v2\/types\/product"}],"replies":[{"embeddable":true,"href":"https:\/\/galaxybicycle.com\/hu\/wp-json\/wp\/v2\/comments?post=3230"}],"wp:featuredmedia":[{"embeddable":true,"href":"https:\/\/galaxybicycle.com\/hu\/wp-json\/wp\/v2\/media\/4124"}],"wp:attachment":[{"href":"https:\/\/galaxybicycle.com\/hu\/wp-json\/wp\/v2\/media?parent=3230"}],"wp:term":[{"taxonomy":"product_brand","embeddable":true,"href":"https:\/\/galaxybicycle.com\/hu\/wp-json\/wp\/v2\/product_brand?post=3230"},{"taxonomy":"product_cat","embeddable":true,"href":"https:\/\/galaxybicycle.com\/hu\/wp-json\/wp\/v2\/product_cat?post=3230"},{"taxonomy":"product_tag","embeddable":true,"href":"https:\/\/galaxybicycle.com\/hu\/wp-json\/wp\/v2\/product_tag?post=3230"}],"curies":[{"name":"wp","href":"https:\/\/api.w.org\/{rel}","templated":true}]}}