{"id":3226,"date":"2025-09-02T05:50:26","date_gmt":"2025-09-02T05:50:26","guid":{"rendered":"https:\/\/galaxybicycle.com\/?post_type=product&#038;p=3226"},"modified":"2025-11-12T05:18:45","modified_gmt":"2025-11-12T05:18:45","slug":"galaxy-m850e-ebike","status":"publish","type":"product","link":"https:\/\/galaxybicycle.com\/hu\/product\/galaxy-m850e-ebike\/","title":{"rendered":"Velopro M850E elektromos ker\u00e9kp\u00e1r | 36V 250W Mid-Drive | Hossz\u00fa t\u00e1v\u00fa ing\u00e1z\u00f3 elektromos ker\u00e9kp\u00e1r"},"content":{"rendered":"<p>Tapasztalja meg a z\u00f6kken\u0151mentes \u00e9s k\u00f6rnyezetbar\u00e1t ker\u00e9kp\u00e1roz\u00e1st a <strong>Velopro M850E elektromos ker\u00e9kp\u00e1r<\/strong>. K\u00f6nny\u0171 alum\u00ednium\u00f6tv\u00f6zetb\u0151l k\u00e9sz\u00fclt v\u00e1zzal, hidraulikus t\u00e1rcsaf\u00e9kekkel \u00e9s Shimano 9 sebess\u00e9ges v\u00e1lt\u00f3rendszerrel tervezt\u00e9k, \u00edgy teljes kontrollt \u00e9s stabilit\u00e1st biztos\u00edt v\u00e1rosi utakon \u00e9s vid\u00e9ki \u00f6sv\u00e9nyeken egyar\u00e1nt.<\/p>\n<p>A 36V*16Ah akkumul\u00e1tor \u00e9s a k\u00f6z\u00e9phajt\u00e1s\u00fa ANANDA 250W-os motor egyenletes teljes\u00edtm\u00e9nyt biztos\u00edt ak\u00e1r a k\u00f6vetkez\u0151kig <strong>60-80KM<\/strong> egyetlen t\u00f6lt\u00e9ssel, mik\u00f6zben az LCD kijelz\u0151 t\u00e1j\u00e9koztatja \u00d6nt a sebess\u00e9gr\u0151l, a t\u00e1vols\u00e1gr\u00f3l \u00e9s az akkumul\u00e1tor t\u00f6lt\u00f6tts\u00e9gi szintj\u00e9r\u0151l. Az 5 ped\u00e1lseg\u00edt\u0151 \u00fczemm\u00f3ddal, az els\u0151 felf\u00fcggeszt\u00e9ssel \u00e9s a k\u00e9nyelmes CST abroncsokkal ez az e-bike z\u00f6kken\u0151mentes vezet\u00e9si \u00e9lm\u00e9nyt k\u00edn\u00e1l az ing\u00e1z\u00f3knak \u00e9s a szabadid\u0151s ker\u00e9kp\u00e1rosoknak egyar\u00e1nt.<\/p>\n<p>Az Velopro M850E els\u0151 \u00e9s h\u00e1ts\u00f3 l\u00e1mp\u00e1kkal, s\u00e1rv\u00e9d\u0151kkel \u00e9s h\u00e1ts\u00f3 csomagtart\u00f3val is fel van szerelve, \u00edgy minden id\u0151j\u00e1r\u00e1si k\u00f6r\u00fclm\u00e9nyek k\u00f6z\u00f6tt praktikusan haszn\u00e1lhat\u00f3. \u00dagy tervezt\u00e9k, hogy t\u00e1mogassa a motorosokat a <strong>155cm \u00e9s 190cm k\u00f6z\u00f6tt<\/strong> magass\u00e1ga miatt megb\u00edzhat\u00f3 v\u00e1laszt\u00e1s a k\u00f6rnyezettudatos v\u00e1rosi ing\u00e1z\u00f3k \u00e9s a szabadt\u00e9ri sportok szerelmesei sz\u00e1m\u00e1ra.<\/p>\n<h2>M\u0171szaki adatok<\/h2>\n<table border=\"1\" cellspacing=\"0\" cellpadding=\"6\">\n<tbody>\n<tr>\n<th>Kateg\u00f3ria<\/th>\n<th>Specifik\u00e1ci\u00f3<\/th>\n<th>R\u00e9szletek<\/th>\n<\/tr>\n<tr>\n<td>Akkumul\u00e1tor<\/td>\n<td>36V*16AH<\/td>\n<td>Hossz\u00fa \u00e9lettartam\u00fa, elt\u00e1vol\u00edthat\u00f3 kialak\u00edt\u00e1s<\/td>\n<\/tr>\n<tr>\n<td>Motor<\/td>\n<td>K\u00f6z\u00e9phajt\u00e1s ANANDA 36V*250W<\/td>\n<td>Er\u0151teljes, hat\u00e9kony k\u00f6z\u00e9phajt\u00e1s<\/td>\n<\/tr>\n<tr>\n<td>Legnagyobb sebess\u00e9g<\/td>\n<td>25KM\/H<\/td>\n<td>Az EU-nak megfelel\u0151 sebess\u00e9gkorl\u00e1toz\u00e1s<\/td>\n<\/tr>\n<tr>\n<td>Tartom\u00e1ny<\/td>\n<td>60-80KM<\/td>\n<td>Ide\u00e1lis ing\u00e1z\u00e1shoz \u00e9s szabadid\u0151s utaz\u00e1sokhoz<\/td>\n<\/tr>\n<tr>\n<td>Lovagl\u00e1si m\u00f3dok<\/td>\n<td>5 PAS \u00fczemm\u00f3d<\/td>\n<td>\u00c1ll\u00edthat\u00f3 ped\u00e1lseg\u00edts\u00e9g<\/td>\n<\/tr>\n<tr>\n<td>T\u00f6lt\u00e9s<\/td>\n<td>42V 2A | 8H<\/td>\n<td>Hat\u00e9kony t\u00f6lt\u0151rendszer<\/td>\n<\/tr>\n<tr>\n<td>F\u00e9kek<\/td>\n<td>TEKTRO hidraulikus t\u00e1rcsa<\/td>\n<td>Er\u0151s f\u00e9kez\u0151er\u0151<\/td>\n<\/tr>\n<tr>\n<td>Shifter<\/td>\n<td>Shimano 9 sebess\u00e9ges<\/td>\n<td>Z\u00f6kken\u0151mentes sebess\u00e9gv\u00e1lt\u00e1sok<\/td>\n<\/tr>\n<tr>\n<td>Kerekek<\/td>\n<td>27.5\u2033 x 2.25\u2033 CST abroncsok<\/td>\n<td>Tart\u00f3s \u00e9s k\u00e9nyelmes utaz\u00e1s<\/td>\n<\/tr>\n<tr>\n<td>Keret<\/td>\n<td>Alum\u00ednium \u00f6tv\u00f6zet 6061<\/td>\n<td>K\u00f6nny\u0171 \u00e9s tart\u00f3s<\/td>\n<\/tr>\n<tr>\n<td>S\u00faly<\/td>\n<td>Nett\u00f3: 28 kg | Brutt\u00f3: 35KG<\/td>\n<td>Er\u0151s, m\u00e9gis kezelhet\u0151 fel\u00e9p\u00edt\u00e9s<\/td>\n<\/tr>\n<tr>\n<td>Teherb\u00edr\u00f3 kapacit\u00e1s<\/td>\n<td>150KG<\/td>\n<td>Nagyobb terhel\u00e9st is elb\u00edr<\/td>\n<\/tr>\n<tr>\n<td>Tov\u00e1bbi jellemz\u0151k<\/td>\n<td>H\u00e1ts\u00f3 csomagtart\u00f3, s\u00e1rv\u00e9d\u0151k, harang<\/td>\n<td>K\u00e9szen \u00e1ll az ing\u00e1z\u00e1sra \u00e9s a megb\u00edz\u00e1sok teljes\u00edt\u00e9s\u00e9re<\/td>\n<\/tr>\n<tr>\n<td>V\u00edz\u00e1ll\u00f3 szint<\/td>\n<td>IP54<\/td>\n<td>Ellen\u00e1ll a fr\u00f6ccsen\u00e9snek \u00e9s a k\u00f6nny\u0171 es\u0151nek<\/td>\n<\/tr>\n<\/tbody>\n<\/table>\n<h2>Mi\u00e9rt v\u00e1lassza az Velopro M850E-t?<\/h2>\n<ul>\n<li>Er\u0151teljes \u00e9s hat\u00e9kony <strong>ANANDA k\u00f6z\u00e9phajt\u00e1s\u00fa motor<\/strong> a sima utaz\u00e1sok\u00e9rt<\/li>\n<li>Tart\u00f3s <strong>36V 16Ah akkumul\u00e1tor<\/strong> ak\u00e1r 80KM hat\u00f3t\u00e1vols\u00e1ggal<\/li>\n<li><strong>TEKTRO hidraulikus t\u00e1rcsaf\u00e9kek<\/strong> a biztons\u00e1gos, pontos meg\u00e1ll\u00e1shoz<\/li>\n<li><strong>Shimano 9 sebess\u00e9ges<\/strong> fogasker\u00e9krendszer a sokoldal\u00fas\u00e1g\u00e9rt<\/li>\n<li>Felszerelve <strong>LCD kijelz\u0151, els\u0151 \u00e9s h\u00e1ts\u00f3 l\u00e1mp\u00e1k, h\u00e1ts\u00f3 csomagtart\u00f3<\/strong><\/li>\n<li>K\u00e9nyelmes <strong>27.5\" CST gumiabroncsok<\/strong> el\u00fcls\u0151 felf\u00fcggeszt\u00e9ssel v\u00e1rosi \u00e9s t\u00fara\u00fatvonalakon val\u00f3 haszn\u00e1latra<\/li>\n<li>Tart\u00f3s alum\u00ednium \u00f6tv\u00f6zetb\u0151l k\u00e9sz\u00fclt keret 150 kg teherb\u00edr\u00e1ssal<\/li>\n<li>Testreszabhat\u00f3 sz\u00ednek a szem\u00e9lyes st\u00edlus\u00e1hoz igazodva<\/li>\n<\/ul>\n<p><em>Az Velopro M850E olyan ker\u00e9kp\u00e1rosok sz\u00e1m\u00e1ra k\u00e9sz\u00fclt, akik megb\u00edzhat\u00f3, k\u00f6rnyezetbar\u00e1t \u00e9s st\u00edlusos elektromos ker\u00e9kp\u00e1rt szeretn\u00e9nek a mindennapi ing\u00e1z\u00e1shoz \u00e9s a h\u00e9tv\u00e9gi felfedez\u00e9sekhez.<\/em><\/p>","protected":false},"excerpt":{"rendered":"<p>Az Velopro M850E egy st\u00edlusos \u00e9s er\u0151teljes ing\u00e1z\u00f3 e-bike, amelyet a k\u00e9nyelmet, teljes\u00edtm\u00e9nyt \u00e9s megb\u00edzhat\u00f3s\u00e1got ig\u00e9nyl\u0151 motorosok sz\u00e1m\u00e1ra \u00e9p\u00edtettek. A k\u00f6z\u00e9phajt\u00e1s\u00fa ANANDA 250W-os motorral, 36V 16Ah akkumul\u00e1torral \u00e9s ak\u00e1r 80KM hat\u00f3t\u00e1vols\u00e1ggal ez az elektromos ker\u00e9kp\u00e1r t\u00f6k\u00e9letes a napi ing\u00e1z\u00e1shoz, h\u00e9tv\u00e9gi t\u00far\u00e1khoz \u00e9s hossz\u00fa t\u00e1v\u00fa kalandokhoz.<\/p>","protected":false},"featured_media":4126,"comment_status":"open","ping_status":"closed","template":"","meta":[],"product_brand":[],"product_cat":[15,38],"product_tag":[],"class_list":{"0":"post-3226","1":"product","2":"type-product","3":"status-publish","4":"has-post-thumbnail","6":"product_cat-galaxybicycle","7":"product_cat-velopro-electric-bikes","9":"first","10":"instock","11":"shipping-taxable","12":"purchasable","13":"product-type-simple"},"_links":{"self":[{"href":"https:\/\/galaxybicycle.com\/hu\/wp-json\/wp\/v2\/product\/3226","targetHints":{"allow":["GET"]}}],"collection":[{"href":"https:\/\/galaxybicycle.com\/hu\/wp-json\/wp\/v2\/product"}],"about":[{"href":"https:\/\/galaxybicycle.com\/hu\/wp-json\/wp\/v2\/types\/product"}],"replies":[{"embeddable":true,"href":"https:\/\/galaxybicycle.com\/hu\/wp-json\/wp\/v2\/comments?post=3226"}],"wp:featuredmedia":[{"embeddable":true,"href":"https:\/\/galaxybicycle.com\/hu\/wp-json\/wp\/v2\/media\/4126"}],"wp:attachment":[{"href":"https:\/\/galaxybicycle.com\/hu\/wp-json\/wp\/v2\/media?parent=3226"}],"wp:term":[{"taxonomy":"product_brand","embeddable":true,"href":"https:\/\/galaxybicycle.com\/hu\/wp-json\/wp\/v2\/product_brand?post=3226"},{"taxonomy":"product_cat","embeddable":true,"href":"https:\/\/galaxybicycle.com\/hu\/wp-json\/wp\/v2\/product_cat?post=3226"},{"taxonomy":"product_tag","embeddable":true,"href":"https:\/\/galaxybicycle.com\/hu\/wp-json\/wp\/v2\/product_tag?post=3226"}],"curies":[{"name":"wp","href":"https:\/\/api.w.org\/{rel}","templated":true}]}}