{"id":3222,"date":"2025-09-02T05:48:42","date_gmt":"2025-09-02T05:48:42","guid":{"rendered":"https:\/\/galaxybicycle.com\/?post_type=product&#038;p=3222"},"modified":"2025-09-03T09:20:53","modified_gmt":"2025-09-03T09:20:53","slug":"galayx-c030e-ebike","status":"publish","type":"product","link":"https:\/\/galaxybicycle.com\/hu\/product\/galayx-c030e-ebike\/","title":{"rendered":"Velopro C030E elektromos ker\u00e9kp\u00e1r | 36V 350W v\u00e1rosi \u00e9s ing\u00e1z\u00f3 elektromos ker\u00e9kp\u00e1r Shimano 7 sebess\u00e9ges sebess\u00e9ggel"},"content":{"rendered":"<p><strong>Velopro C030E elektromos ker\u00e9kp\u00e1r<\/strong> t\u00f6k\u00e9letes a k\u00e9nyelmet, teljes\u00edtm\u00e9nyt \u00e9s k\u00f6rnyezetbar\u00e1t utaz\u00e1st keres\u0151 lovasok sz\u00e1m\u00e1ra. Ak\u00e1r munk\u00e1ba ing\u00e1zik, ak\u00e1r a v\u00e1rosban teker, ak\u00e1r fest\u0151i \u00fatvonalakat fedez fel, ez az e-bike mindenre fel van szerelve. A 36 V-os nagysebess\u00e9g\u0171 motorja egyenletes gyorsul\u00e1st biztos\u00edt, m\u00edg a 36 V-os 10,4AH DMEGC akkumul\u00e1tor ak\u00e1r 40-50 km hat\u00f3t\u00e1vols\u00e1got biztos\u00edt egyetlen felt\u00f6lt\u00e9ssel.<\/p>\n<p>A  c\u00edmen <strong>Shimano 7 sebess\u00e9ges v\u00e1lt\u00f3<\/strong>, az els\u0151 felf\u00fcggeszt\u00e9s \u00e9s a mechanikus t\u00e1rcsaf\u00e9kek r\u00e9v\u00e9n az Velopro C030E megb\u00edzhat\u00f3 ir\u00e1ny\u00edt\u00e1st \u00e9s biztons\u00e1gos vezet\u00e9si \u00e9lm\u00e9nyt biztos\u00edt. Az LCD kijelz\u0151 t\u00e1j\u00e9koztatja \u00d6nt a sebess\u00e9gr\u0151l, az akkumul\u00e1tor t\u00f6lt\u00f6tts\u00e9gi szintj\u00e9r\u0151l \u00e9s a vezet\u00e9si m\u00f3dr\u00f3l, m\u00edg a be\u00e9p\u00edtett els\u0151 \u00e9s h\u00e1ts\u00f3 l\u00e1mp\u00e1k jav\u00edtj\u00e1k a l\u00e1that\u00f3s\u00e1got az \u00e9jszakai t\u00far\u00e1k sor\u00e1n. Az er\u0151s, 6061-es alum\u00ednium\u00f6tv\u00f6zetb\u0151l k\u00e9sz\u00fclt v\u00e1zzal tervezett ker\u00e9kp\u00e1r ak\u00e1r 150 kg teherb\u00edr\u00e1s\u00fa, \u00edgy tart\u00f3s, hossz\u00fa t\u00e1v\u00fa haszn\u00e1latra is alkalmas.<\/p>\n<p>Ak\u00e1r napi ing\u00e1z\u00f3, ak\u00e1r szabadid\u0151s motoros, az Velopro C030E a k\u00f6vetkez\u0151ket \u00f6tv\u00f6zi <em>praktikus kialak\u00edt\u00e1s, modern technol\u00f3gia \u00e9s k\u00e9nyelem<\/em>-mindez egyetlen eleg\u00e1ns csomagban.<\/p>\n<h3>Mi\u00e9rt v\u00e1lassza az Velopro C030E-t?<\/h3>\n<ul>\n<li>K\u00f6rnyezetbar\u00e1t sz\u00e1ll\u00edt\u00e1s ak\u00e1r <strong>50 km hat\u00f3t\u00e1vols\u00e1g<\/strong> d\u00edjank\u00e9nt<\/li>\n<li>Er\u0151teljes <strong>350W-os motor<\/strong> a sima \u00e9s egyenletes utaz\u00e1shoz<\/li>\n<li><strong>Shimano 7 sebess\u00e9ges v\u00e1lt\u00f3rendszer<\/strong> a k\u00fcl\u00f6nb\u00f6z\u0151 terepeken val\u00f3 rugalmass\u00e1g \u00e9rdek\u00e9ben<\/li>\n<li>Els\u0151 felf\u00fcggeszt\u00e9s \u00e9s <strong>mechanikus t\u00e1rcsaf\u00e9kek<\/strong> biztons\u00e1g \u00e9s k\u00e9nyelem<\/li>\n<li>LCD kijelz\u0151 val\u00f3s idej\u0171 menetadatokkal<\/li>\n<li>Tart\u00f3s <strong>6061 alum\u00ednium \u00f6tv\u00f6zetb\u0151l k\u00e9sz\u00fclt keret<\/strong> 150 kg teherb\u00edr\u00e1ssal<\/li>\n<li>Felszerelve <strong>els\u0151 \u00e9s h\u00e1ts\u00f3 l\u00e1mp\u00e1k, s\u00e1rv\u00e9d\u0151k \u00e9s h\u00e1ts\u00f3 csomagtart\u00f3<\/strong><\/li>\n<li>Alkalmas a k\u00f6vetkez\u0151 magass\u00e1g\u00fa lovasok sz\u00e1m\u00e1ra <strong>125-195 cm<\/strong><\/li>\n<\/ul>\n<h3>M\u0171szaki adatok<\/h3>\n<table border=\"1\" cellspacing=\"0\" cellpadding=\"6\">\n<tbody>\n<tr>\n<th>Kateg\u00f3ria<\/th>\n<th>M\u0171szaki adatok<\/th>\n<\/tr>\n<tr>\n<td>Akkumul\u00e1tor<\/td>\n<td>36V 10.4AH (DMEGC cell\u00e1k)<\/td>\n<\/tr>\n<tr>\n<td>Motor<\/td>\n<td>36V 350W-os nagy sebess\u00e9g\u0171 motor<\/td>\n<\/tr>\n<tr>\n<td>Legnagyobb sebess\u00e9g<\/td>\n<td>25 KM\/H<\/td>\n<\/tr>\n<tr>\n<td>Tartom\u00e1ny<\/td>\n<td>40-50 KM<\/td>\n<\/tr>\n<tr>\n<td>PAS<\/td>\n<td>3 lovagl\u00e1si m\u00f3d<\/td>\n<\/tr>\n<tr>\n<td>T\u00f6lt\u0151<\/td>\n<td>42V 2A<\/td>\n<\/tr>\n<tr>\n<td>T\u00f6lt\u00e9si id\u0151<\/td>\n<td>5.2 \u00f3ra<\/td>\n<\/tr>\n<tr>\n<td>Megjelen\u00edt\u00e9s<\/td>\n<td>LCD kijelz\u0151<\/td>\n<\/tr>\n<tr>\n<td>F\u00e9nyek<\/td>\n<td>Els\u0151 \u00e9s h\u00e1ts\u00f3 l\u00e1mp\u00e1k<\/td>\n<\/tr>\n<tr>\n<td>Keret<\/td>\n<td>Alum\u00ednium \u00f6tv\u00f6zet 6061<\/td>\n<\/tr>\n<tr>\n<td>Ker\u00e9km\u00e9ret<\/td>\n<td>26\u2033 x 1.75\u2033<\/td>\n<\/tr>\n<tr>\n<td>Gumiabroncs m\u00e1rka<\/td>\n<td>CST<\/td>\n<\/tr>\n<tr>\n<td>Nett\u00f3\/brutt\u00f3 s\u00faly<\/td>\n<td>27 KG \/ 33 KG<\/td>\n<\/tr>\n<tr>\n<td>Teherb\u00edr\u00f3 kapacit\u00e1s<\/td>\n<td>150 KG<\/td>\n<\/tr>\n<tr>\n<td>M\u00e1sz\u00e1s Kapacit\u00e1s<\/td>\n<td>15\u00b0<\/td>\n<\/tr>\n<tr>\n<td>Fogasker\u00e9k rendszer<\/td>\n<td>Shimano 7-sebess\u00e9ges (14-28T lendker\u00e9k)<\/td>\n<\/tr>\n<tr>\n<td>L\u00e1nc<\/td>\n<td>1\/2\u2033 x 3\/8\u2033 x 116L<\/td>\n<\/tr>\n<tr>\n<td>Fogasker\u00e9k<\/td>\n<td>38T x 170L<\/td>\n<\/tr>\n<tr>\n<td>F\u00e9kek<\/td>\n<td>Mechanikus t\u00e1rcsaf\u00e9kek (el\u00f6l \u00e9s h\u00e1tul)<\/td>\n<\/tr>\n<tr>\n<td>Els\u0151 villa<\/td>\n<td>Felf\u00fcggeszt\u00e9si villa<\/td>\n<\/tr>\n<tr>\n<td>Ped\u00e1lok<\/td>\n<td>M\u0171anyag ped\u00e1lok<\/td>\n<\/tr>\n<tr>\n<td>Sz\u00e1rnyv\u00e9d\u0151k<\/td>\n<td>El\u00f6l \u00e9s h\u00e1tul<\/td>\n<\/tr>\n<tr>\n<td>Bell\/Horn<\/td>\n<td>Mechanikus harang<\/td>\n<\/tr>\n<tr>\n<td>H\u00e1ts\u00f3 csomagtart\u00f3<\/td>\n<td>Igen<\/td>\n<\/tr>\n<tr>\n<td>V\u00edz\u00e1ll\u00f3 szint<\/td>\n<td>IP54<\/td>\n<\/tr>\n<tr>\n<td>\u00dczemi h\u0151m\u00e9rs\u00e9klet<\/td>\n<td>-10\u00b0C ~ 45\u00b0C<\/td>\n<\/tr>\n<tr>\n<td>Lovas magass\u00e1ga<\/td>\n<td>125-195 cm<\/td>\n<\/tr>\n<tr>\n<td>Csomagol\u00e1si m\u00e9ret<\/td>\n<td>146 x 21 x 77 cm<\/td>\n<\/tr>\n<tr>\n<td>Kont\u00e9ner kapacit\u00e1sa<\/td>\n<td>240 sorozat \/ 40'HQ, 96 sorozat \/ 20'FT<\/td>\n<\/tr>\n<\/tbody>\n<\/table>","protected":false},"excerpt":{"rendered":"<p>Az Velopro C030E egy megb\u00edzhat\u00f3, st\u00edlusos \u00e9s kezd\u0151bar\u00e1t elektromos ker\u00e9kp\u00e1r, amelyet mindennapi v\u00e1rosi ing\u00e1z\u00e1sra \u00e9s h\u00e9tv\u00e9gi t\u00far\u00e1kra terveztek. A 36V350W-os motorral, a hossz\u00fa \u00e9lettartam\u00fa 36V10,4AH DMEGC akkumul\u00e1torral, a Shimano 7 sebess\u00e9ges v\u00e1lt\u00f3rendszerrel \u00e9s a tart\u00f3s alum\u00ednium\u00f6tv\u00f6zet v\u00e1zzal ez az e-bike \u00fagy k\u00e9sz\u00fclt, hogy sim\u00e1bb\u00e1, gyorsabb\u00e1 \u00e9s sz\u00f3rakoztat\u00f3bb\u00e1 tegye a teker\u00e9st.<\/p>","protected":false},"featured_media":3223,"comment_status":"open","ping_status":"closed","template":"","meta":[],"product_brand":[],"product_cat":[15],"product_tag":[],"class_list":{"0":"post-3222","1":"product","2":"type-product","3":"status-publish","4":"has-post-thumbnail","6":"product_cat-galaxybicycle","8":"first","9":"instock","10":"shipping-taxable","11":"product-type-simple"},"_links":{"self":[{"href":"https:\/\/galaxybicycle.com\/hu\/wp-json\/wp\/v2\/product\/3222","targetHints":{"allow":["GET"]}}],"collection":[{"href":"https:\/\/galaxybicycle.com\/hu\/wp-json\/wp\/v2\/product"}],"about":[{"href":"https:\/\/galaxybicycle.com\/hu\/wp-json\/wp\/v2\/types\/product"}],"replies":[{"embeddable":true,"href":"https:\/\/galaxybicycle.com\/hu\/wp-json\/wp\/v2\/comments?post=3222"}],"wp:featuredmedia":[{"embeddable":true,"href":"https:\/\/galaxybicycle.com\/hu\/wp-json\/wp\/v2\/media\/3223"}],"wp:attachment":[{"href":"https:\/\/galaxybicycle.com\/hu\/wp-json\/wp\/v2\/media?parent=3222"}],"wp:term":[{"taxonomy":"product_brand","embeddable":true,"href":"https:\/\/galaxybicycle.com\/hu\/wp-json\/wp\/v2\/product_brand?post=3222"},{"taxonomy":"product_cat","embeddable":true,"href":"https:\/\/galaxybicycle.com\/hu\/wp-json\/wp\/v2\/product_cat?post=3222"},{"taxonomy":"product_tag","embeddable":true,"href":"https:\/\/galaxybicycle.com\/hu\/wp-json\/wp\/v2\/product_tag?post=3222"}],"curies":[{"name":"wp","href":"https:\/\/api.w.org\/{rel}","templated":true}]}}