{"id":3218,"date":"2025-09-02T05:40:07","date_gmt":"2025-09-02T05:40:07","guid":{"rendered":"https:\/\/galaxybicycle.com\/?post_type=product&#038;p=3218"},"modified":"2025-11-12T05:10:03","modified_gmt":"2025-11-12T05:10:03","slug":"r700e-2","status":"publish","type":"product","link":"https:\/\/galaxybicycle.com\/hu\/product\/r700e-2\/","title":{"rendered":"Velopro R700E elektromos ker\u00e9kp\u00e1r | 36V 250W k\u00f6nny\u0171 v\u00e1rosi elektromos ker\u00e9kp\u00e1r LCD kijelz\u0151vel"},"content":{"rendered":"<p><strong>Velopro R700E elektromos ker\u00e9kp\u00e1r<\/strong> a modern diz\u00e1jnt, a megb\u00edzhat\u00f3 teljes\u00edtm\u00e9nyt \u00e9s a felhaszn\u00e1l\u00f3bar\u00e1t funkci\u00f3kat \u00f6tv\u00f6zi, hogy a v\u00e1rosi ing\u00e1z\u00e1s \u00e9s a szabadid\u0151s motoroz\u00e1s k\u00f6nnyed\u00e9n menjen. A k\u00f6nny\u0171, 6061-es alum\u00ednium\u00f6tv\u00f6zetb\u0151l k\u00e9sz\u00fclt v\u00e1zzal \u00e9p\u00edtett e-bike er\u0151s, m\u00e9gis k\u00f6nnyen kezelhet\u0151. A 36 V-os 250 W-os h\u00e1ts\u00f3 ker\u00e9kagymotorja egyenletes teljes\u00edtm\u00e9nyt biztos\u00edt, m\u00edg a 36 V-os 10,4 Ah-s \u00fcl\u00e9scs\u0151 akkumul\u00e1tor ak\u00e1r 40-50 km-es hat\u00f3t\u00e1vols\u00e1got is biztos\u00edt egyetlen felt\u00f6lt\u00e9ssel.<\/p>\n<p>Felszerelve <strong>Shimano 7 sebess\u00e9ges v\u00e1lt\u00f3k<\/strong>, a motorosok z\u00f6kken\u0151mentesen v\u00e1lthatnak a sebess\u00e9gfokozatok k\u00f6z\u00f6tt emelked\u0151k\u00f6n vagy s\u00edk \u00faton val\u00f3 utaz\u00e1shoz. A <strong>ZOOM hidraulikus t\u00e1rcsaf\u00e9kek<\/strong> kiv\u00e1l\u00f3 f\u00e9kez\u0151er\u0151t biztos\u00edtanak, \u00edgy minden k\u00f6r\u00fclm\u00e9nyek k\u00f6z\u00f6tt biztons\u00e1gban van. A ker\u00e9kp\u00e1r els\u0151 \u00e9s h\u00e1ts\u00f3 l\u00e1mp\u00e1kat, LCD kijelz\u0151t \u00e9s mechanikus cseng\u0151t is tartalmaz a tov\u00e1bbi biztons\u00e1g \u00e9s k\u00e9nyelem \u00e9rdek\u00e9ben. A szersz\u00e1mmentes \u00f6sszeszerel\u00e9ssel \u00e9s a 155-190 cm k\u00f6z\u00f6tti ker\u00e9kp\u00e1rosok sz\u00e1m\u00e1ra val\u00f3 kompatibilit\u00e1ssal az R700E-t a hozz\u00e1f\u00e9rhet\u0151s\u00e9g \u00e9s a praktikum jegy\u00e9ben tervezt\u00e9k.<\/p>\n<p>Ak\u00e1r munk\u00e1ba ing\u00e1zik, ak\u00e1r fitneszb\u0151l lovagol, vagy h\u00e9tv\u00e9gi v\u00e1rosn\u00e9z\u0151 t\u00far\u00e1kat tesz, a <strong>Velopro R700E<\/strong> a hat\u00e9konys\u00e1g, a k\u00e9nyelem \u00e9s a st\u00edlus t\u00f6k\u00e9letes kever\u00e9ke. Ergonomikus kialak\u00edt\u00e1sa, testreszabhat\u00f3 sz\u00ednv\u00e1laszt\u00e9kai \u00e9s tart\u00f3s Chaoyang gumiabroncsai megb\u00edzhat\u00f3 v\u00e1laszt\u00e1ss\u00e1 teszik minden szint\u0171 motoros sz\u00e1m\u00e1ra.<\/p>\n<h2>Specifik\u00e1ci\u00f3k:<\/h2>\n<table border=\"1\" cellspacing=\"0\" cellpadding=\"6\">\n<tbody>\n<tr>\n<th>Oszt\u00e1lyoz\u00e1s<\/th>\n<th>M\u0171szaki adatok<\/th>\n<th>Param\u00e9terek<\/th>\n<\/tr>\n<tr>\n<td rowspan=\"10\">Elektronika<\/td>\n<td>Akkumul\u00e1tor<\/td>\n<td>36V 10.4Ah \u00dcl\u0151cs\u0151 akkumul\u00e1tor<\/td>\n<\/tr>\n<tr>\n<td>Motor<\/td>\n<td>36V 250W nagy sebess\u00e9g\u0171 h\u00e1ts\u00f3 motor<\/td>\n<\/tr>\n<tr>\n<td>Legnagyobb sebess\u00e9g<\/td>\n<td>25KM\/H<\/td>\n<\/tr>\n<tr>\n<td>Tartom\u00e1ny<\/td>\n<td>40-50KM<\/td>\n<\/tr>\n<tr>\n<td>PAS<\/td>\n<td>5 lovagl\u00e1si m\u00f3d<\/td>\n<\/tr>\n<tr>\n<td>T\u00f6lt\u0151<\/td>\n<td>42V 2A<\/td>\n<\/tr>\n<tr>\n<td>T\u00f6lt\u00e9si id\u0151<\/td>\n<td>5.2 \u00f3ra<\/td>\n<\/tr>\n<tr>\n<td>G\u00e1zkar<\/td>\n<td>Nincs g\u00e1zped\u00e1l<\/td>\n<\/tr>\n<tr>\n<td>Megjelen\u00edt\u00e9s<\/td>\n<td>LCD kijelz\u0151<\/td>\n<\/tr>\n<tr>\n<td>F\u00e9nyek<\/td>\n<td>Els\u0151 \u00e9s h\u00e1ts\u00f3 l\u00e1mp\u00e1k<\/td>\n<\/tr>\n<tr>\n<td rowspan=\"14\">Szabv\u00e1nyok<\/td>\n<td>Keret Anyag<\/td>\n<td>Alum\u00ednium \u00f6tv\u00f6zet 6061<\/td>\n<\/tr>\n<tr>\n<td>Ker\u00e9km\u00e9ret<\/td>\n<td>700*40C<\/td>\n<\/tr>\n<tr>\n<td>Gumiabroncs m\u00e1rka<\/td>\n<td>Chaoyang<\/td>\n<\/tr>\n<tr>\n<td>Nett\u00f3 s\u00faly<\/td>\n<td>20KGS<\/td>\n<\/tr>\n<tr>\n<td>Brutt\u00f3 t\u00f6meg<\/td>\n<td>27KGS<\/td>\n<\/tr>\n<tr>\n<td>Teherb\u00edr\u00f3 kapacit\u00e1s<\/td>\n<td>150KGS<\/td>\n<\/tr>\n<tr>\n<td>M\u00e1sz\u00e1s Kapacit\u00e1s<\/td>\n<td>15\u00b0<\/td>\n<\/tr>\n<tr>\n<td>\u00d6sszeszerel\u00e9s<\/td>\n<td>Szersz\u00e1mmentes, szersz\u00e1mok mell\u00e9kelve<\/td>\n<\/tr>\n<tr>\n<td>F\u00e9kek<\/td>\n<td>ZOOM hidraulikus t\u00e1rcsaf\u00e9k<\/td>\n<\/tr>\n<tr>\n<td>Els\u0151 villa<\/td>\n<td>Nem felf\u00fcggeszt\u00e9si villa<\/td>\n<\/tr>\n<tr>\n<td>Shifter<\/td>\n<td>Shimano 7 sebess\u00e9ges<\/td>\n<\/tr>\n<tr>\n<td>V\u00edz\u00e1ll\u00f3 szint<\/td>\n<td>IP54<\/td>\n<\/tr>\n<tr>\n<td>H\u0151m\u00e9rs\u00e9klet<\/td>\n<td>-10 \u2103 \u00e9s 45 \u2103 k\u00f6z\u00f6tt<\/td>\n<\/tr>\n<tr>\n<td>Bell<\/td>\n<td>Mechanikus harang<\/td>\n<\/tr>\n<\/tbody>\n<\/table>\n<p><strong>Az Velopro R700E t\u00f6k\u00e9letes a napi ing\u00e1z\u00e1shoz \u00e9s a szabadid\u0151s utaz\u00e1sokhoz, megb\u00edzhat\u00f3 t\u00e1rsad a v\u00e1rosi kalandokhoz.<\/strong><\/p>","protected":false},"excerpt":{"rendered":"<p>Az Velopro R700E egy karcs\u00fa \u00e9s hat\u00e9kony v\u00e1rosi e-bike, amelyet a mindennapi motorosok sz\u00e1m\u00e1ra terveztek. A 36V-os 250W-os nagysebess\u00e9g\u0171 h\u00e1ts\u00f3 motorral \u00e9s 36V-os 10,4Ah-s nyeregcs\u0151 akkumul\u00e1torral hajtott ker\u00e9kp\u00e1r ak\u00e1r 50 km hat\u00f3t\u00e1vols\u00e1got, Shimano 7 sebess\u00e9ges v\u00e1lt\u00f3t, hidraulikus t\u00e1rcsaf\u00e9ket \u00e9s LCD kijelz\u0151t k\u00edn\u00e1l a z\u00f6kken\u0151mentes \u00e9s biztons\u00e1gos v\u00e1rosi motoroz\u00e1s \u00e9lm\u00e9nye \u00e9rdek\u00e9ben.<\/p>","protected":false},"featured_media":4121,"comment_status":"open","ping_status":"closed","template":"","meta":[],"product_brand":[],"product_cat":[15],"product_tag":[],"class_list":{"0":"post-3218","1":"product","2":"type-product","3":"status-publish","4":"has-post-thumbnail","6":"product_cat-galaxybicycle","8":"first","9":"instock","10":"shipping-taxable","11":"product-type-simple"},"_links":{"self":[{"href":"https:\/\/galaxybicycle.com\/hu\/wp-json\/wp\/v2\/product\/3218","targetHints":{"allow":["GET"]}}],"collection":[{"href":"https:\/\/galaxybicycle.com\/hu\/wp-json\/wp\/v2\/product"}],"about":[{"href":"https:\/\/galaxybicycle.com\/hu\/wp-json\/wp\/v2\/types\/product"}],"replies":[{"embeddable":true,"href":"https:\/\/galaxybicycle.com\/hu\/wp-json\/wp\/v2\/comments?post=3218"}],"wp:featuredmedia":[{"embeddable":true,"href":"https:\/\/galaxybicycle.com\/hu\/wp-json\/wp\/v2\/media\/4121"}],"wp:attachment":[{"href":"https:\/\/galaxybicycle.com\/hu\/wp-json\/wp\/v2\/media?parent=3218"}],"wp:term":[{"taxonomy":"product_brand","embeddable":true,"href":"https:\/\/galaxybicycle.com\/hu\/wp-json\/wp\/v2\/product_brand?post=3218"},{"taxonomy":"product_cat","embeddable":true,"href":"https:\/\/galaxybicycle.com\/hu\/wp-json\/wp\/v2\/product_cat?post=3218"},{"taxonomy":"product_tag","embeddable":true,"href":"https:\/\/galaxybicycle.com\/hu\/wp-json\/wp\/v2\/product_tag?post=3218"}],"curies":[{"name":"wp","href":"https:\/\/api.w.org\/{rel}","templated":true}]}}