{"id":3216,"date":"2025-09-02T05:38:56","date_gmt":"2025-09-02T05:38:56","guid":{"rendered":"https:\/\/galaxybicycle.com\/?post_type=product&#038;p=3216"},"modified":"2025-11-12T05:06:10","modified_gmt":"2025-11-12T05:06:10","slug":"cg200e-ebike","status":"publish","type":"product","link":"https:\/\/galaxybicycle.com\/hu\/product\/cg200e-ebike\/","title":{"rendered":"Velopro CG200E elektromos ker\u00e9kp\u00e1r | 500W nagy hat\u00f3t\u00e1vols\u00e1g\u00fa \u00f6sszecsukhat\u00f3 elektromos ker\u00e9kp\u00e1r 100 km-es hat\u00f3t\u00e1vols\u00e1ggal"},"content":{"rendered":"<p><strong>Velopro CG200E elektromos ker\u00e9kp\u00e1r<\/strong> az ide\u00e1lis t\u00e1rs a hossz\u00fa t\u00far\u00e1khoz, a napi ing\u00e1z\u00e1shoz \u00e9s a h\u00e9tv\u00e9gi kalandokhoz. Hajtja egy <strong>48V 500W-os nagysebess\u00e9g\u0171 motor<\/strong> \u00e9s egy er\u0151s <strong>20.8Ah EVE akkumul\u00e1tor<\/strong>, ez az e-bike leny\u0171g\u00f6z\u0151 <strong>80-100KM hat\u00f3t\u00e1vols\u00e1g<\/strong> egyetlen t\u00f6lt\u00e9ssel. Az intelligens <strong>LCD kijelz\u0151<\/strong> val\u00f3s idej\u0171 menetadatokkal t\u00e1j\u00e9koztatja \u00d6nt, m\u00edg a <strong>5 ped\u00e1lseg\u00e9d \u00fczemm\u00f3d<\/strong> teljes ir\u00e1ny\u00edt\u00e1st biztos\u00edt a vezet\u00e9s felett.<\/p>\n<p>Er\u0151s <strong>Alum\u00ednium \u00f6tv\u00f6zet 6061 v\u00e1z<\/strong> \u00e9s felszerelve <strong>20\u00d73'' CST gumiabroncsok<\/strong>, az Velopro CG200E stabilit\u00e1st, tart\u00f3ss\u00e1got \u00e9s k\u00e9nyelmet biztos\u00edt a k\u00fcl\u00f6nb\u00f6z\u0151 terepeken. A biztons\u00e1got garant\u00e1lja <strong>els\u0151 \u00e9s h\u00e1ts\u00f3 mechanikus t\u00e1rcsaf\u00e9kek<\/strong>, f\u00e9nyes <strong>LED f\u00e9nyek<\/strong>, \u00e9s egy megb\u00edzhat\u00f3 <strong>elektronikus k\u00fcrt<\/strong>. Plusz, a <strong>Shimano 7 sebess\u00e9ges v\u00e1lt\u00f3<\/strong> lehet\u0151v\u00e9 teszi a z\u00f6kken\u0151mentes sebess\u00e9gv\u00e1lt\u00e1st emelked\u0151k\u00f6n \u00e9s s\u00edk \u00faton val\u00f3 utaz\u00e1shoz.<\/p>\n<p>A maxim\u00e1lis hasznos teher <strong>150KG<\/strong>, egy er\u0151s h\u00e1ts\u00f3 csomagtart\u00f3val \u00e9s st\u00edlusos, testre szabhat\u00f3 sz\u00ednekkel ez az e-bike \u00fagy \u00e9p\u00fclt, hogy megfeleljen mind a gyakorlati ig\u00e9nyeknek, mind a szem\u00e9lyes st\u00edlusnak. Ak\u00e1r ing\u00e1zik, ak\u00e1r sportol vagy felfedez\u0151\u00fatra indul, az Velopro CG200E t\u00f6k\u00e9letes k\u00f6rnyezetbar\u00e1t ker\u00e9kp\u00e1r, amely az er\u0151t, a kitart\u00e1st \u00e9s a k\u00e9nyelmet egyetlen eleg\u00e1ns csomagban egyes\u00edti.<\/p>\n<h2>Kulcsfontoss\u00e1g\u00fa jellemz\u0151k:<\/h2>\n<ul>\n<li><strong>Er\u0151teljes motor:<\/strong> 48V 500W-os nagysebess\u00e9g\u0171 motor a sima gyorsul\u00e1s\u00e9rt.<\/li>\n<li><strong>Nagy hat\u00f3t\u00e1vols\u00e1g\u00fa akkumul\u00e1tor:<\/strong> Ak\u00e1r 100KM hat\u00f3t\u00e1vols\u00e1g 20,8Ah EVE akkumul\u00e1torcell\u00e1kkal.<\/li>\n<li><strong>Intelligens LCD kijelz\u0151:<\/strong> K\u00f6vesse nyomon a sebess\u00e9get, a t\u00e1vols\u00e1got \u00e9s az akkumul\u00e1tor \u00e9lettartam\u00e1t egy pillant\u00e1ssal.<\/li>\n<li><strong>5 lovagl\u00e1si m\u00f3d:<\/strong> Rugalmas ped\u00e1lseg\u00e9d minden helyzethez.<\/li>\n<li><strong>Els\u0151 a biztons\u00e1g:<\/strong> Mechanikus t\u00e1rcsaf\u00e9kek, els\u0151 \u00e9s h\u00e1ts\u00f3 LED-es l\u00e1mp\u00e1k, elektronikus k\u00fcrt.<\/li>\n<li><strong>Tart\u00f3s fel\u00e9p\u00edt\u00e9s:<\/strong> Alum\u00ednium \u00f6tv\u00f6zet 6061 v\u00e1z CST 20\u00d73'' gumiabroncsokkal.<\/li>\n<li><strong>K\u00e9nyelmes utaz\u00e1s:<\/strong> Shimano 7 sebess\u00e9ges v\u00e1lt\u00f3 \u00e9s ergonomikus kialak\u00edt\u00e1s.<\/li>\n<li><strong>Gyakorlati tervez\u00e9s:<\/strong> H\u00e1ts\u00f3 \u00e1llv\u00e1ny, teljes s\u00e1rv\u00e9d\u0151k \u00e9s 150 kg teherb\u00edr\u00e1s.<\/li>\n<\/ul>\n<h2>M\u0171szaki adatok<\/h2>\n<table border=\"1\" cellspacing=\"0\" cellpadding=\"6\">\n<tbody>\n<tr>\n<th>Oszt\u00e1lyoz\u00e1s<\/th>\n<th>M\u0171szaki adatok<\/th>\n<th>Param\u00e9terek<\/th>\n<\/tr>\n<tr>\n<td>Akkumul\u00e1tor<\/td>\n<td>48V 20.8Ah (104 cella, EVE)<\/td>\n<td>Hat\u00f3t\u00e1vols\u00e1g 80-100KM<\/td>\n<\/tr>\n<tr>\n<td>Motor<\/td>\n<td>48V 500W nagy sebess\u00e9g\u0171<\/td>\n<td>V\u00e9gsebess\u00e9g 32KM\/H (\u00e1ll\u00edthat\u00f3 45KM\/H)<\/td>\n<\/tr>\n<tr>\n<td>T\u00f6lt\u0151<\/td>\n<td>54,6V 2A<\/td>\n<td>T\u00f6lt\u00e9si id\u0151: 10.4H<\/td>\n<\/tr>\n<tr>\n<td>G\u00e1zkar<\/td>\n<td>Twist Throttle<\/td>\n<td>LCD kijelz\u0151<\/td>\n<\/tr>\n<tr>\n<td>Fogaskerekek<\/td>\n<td>Shimano 7 sebess\u00e9ges<\/td>\n<td>Sebess\u00e9g\u00e9rz\u00e9kel\u0151 12 fogasker\u00e9k<\/td>\n<\/tr>\n<tr>\n<td>F\u00e9nyek<\/td>\n<td>El\u00f6l \u00e9s h\u00e1tul<\/td>\n<td>Elektronikus k\u00fcrt<\/td>\n<\/tr>\n<tr>\n<td>Keret<\/td>\n<td>Alum\u00ednium \u00f6tv\u00f6zet 6061<\/td>\n<td>Kihajtogatott m\u00e9ret: 186*65*132cm<\/td>\n<\/tr>\n<tr>\n<td>Kerekek<\/td>\n<td>20\u00d73\" CST abroncsok<\/td>\n<td>Nem felf\u00fcggeszt\u00e9si villa<\/td>\n<\/tr>\n<tr>\n<td>F\u00e9kek<\/td>\n<td>Mechanikus t\u00e1rcsa (el\u00f6l \u00e9s h\u00e1tul)<\/td>\n<td>Hasznos teher: 150KG<\/td>\n<\/tr>\n<tr>\n<td>S\u00faly<\/td>\n<td>31.5KG (10.4Ah) \/ 34.5KG (20.8Ah)<\/td>\n<td>Brutt\u00f3: 40-43KG<\/td>\n<\/tr>\n<tr>\n<td>Rack &amp; s\u00e1rv\u00e9d\u0151k<\/td>\n<td>H\u00e1ts\u00f3 csomagtart\u00f3val<\/td>\n<td>Els\u0151 \u00e9s h\u00e1ts\u00f3 s\u00e1rv\u00e9d\u0151k<\/td>\n<\/tr>\n<tr>\n<td>Egy\u00e9b<\/td>\n<td>V\u00edz\u00e1ll\u00f3s\u00e1gi szint IP54<\/td>\n<td>\u00dczemi h\u0151m\u00e9rs\u00e9klet: -10 ~ 45 \u2103<\/td>\n<\/tr>\n<tr>\n<td>Kont\u00e9ner rakom\u00e1ny<\/td>\n<td>1*40HQ<\/td>\n<td>129db<\/td>\n<\/tr>\n<\/tbody>\n<\/table>","protected":false},"excerpt":{"rendered":"<p>Az Velopro CG200E egy nagy teljes\u00edtm\u00e9ny\u0171 500W-os elektromos ker\u00e9kp\u00e1r, amely egy hatalmas 48V-os 20,8Ah akkumul\u00e1torral rendelkezik, \u00e9s ak\u00e1r 100KM hat\u00f3t\u00e1vols\u00e1got k\u00edn\u00e1l egyetlen felt\u00f6lt\u00e9ssel. Az 5 vezet\u00e9si m\u00f3ddal, Shimano 7 sebess\u00e9ges v\u00e1lt\u00f3val, valamint els\u0151 \u00e9s h\u00e1ts\u00f3 l\u00e1mp\u00e1kkal rendelkez\u0151 ker\u00e9kp\u00e1r v\u00e1rosi ing\u00e1z\u00f3knak \u00e9s kalandmotorosoknak egyar\u00e1nt k\u00e9sz\u00fclt. Tart\u00f3s, st\u00edlusos \u00e9s kezd\u0151bar\u00e1t, ez az e-bike k\u00e9szen \u00e1ll arra, hogy b\u00e1rhov\u00e1 elvigye \u00d6nt.<\/p>","protected":false},"featured_media":4119,"comment_status":"open","ping_status":"closed","template":"","meta":[],"product_brand":[],"product_cat":[38],"product_tag":[],"class_list":{"0":"post-3216","1":"product","2":"type-product","3":"status-publish","4":"has-post-thumbnail","6":"product_cat-velopro-electric-bikes","8":"first","9":"instock","10":"shipping-taxable","11":"product-type-simple"},"_links":{"self":[{"href":"https:\/\/galaxybicycle.com\/hu\/wp-json\/wp\/v2\/product\/3216","targetHints":{"allow":["GET"]}}],"collection":[{"href":"https:\/\/galaxybicycle.com\/hu\/wp-json\/wp\/v2\/product"}],"about":[{"href":"https:\/\/galaxybicycle.com\/hu\/wp-json\/wp\/v2\/types\/product"}],"replies":[{"embeddable":true,"href":"https:\/\/galaxybicycle.com\/hu\/wp-json\/wp\/v2\/comments?post=3216"}],"wp:featuredmedia":[{"embeddable":true,"href":"https:\/\/galaxybicycle.com\/hu\/wp-json\/wp\/v2\/media\/4119"}],"wp:attachment":[{"href":"https:\/\/galaxybicycle.com\/hu\/wp-json\/wp\/v2\/media?parent=3216"}],"wp:term":[{"taxonomy":"product_brand","embeddable":true,"href":"https:\/\/galaxybicycle.com\/hu\/wp-json\/wp\/v2\/product_brand?post=3216"},{"taxonomy":"product_cat","embeddable":true,"href":"https:\/\/galaxybicycle.com\/hu\/wp-json\/wp\/v2\/product_cat?post=3216"},{"taxonomy":"product_tag","embeddable":true,"href":"https:\/\/galaxybicycle.com\/hu\/wp-json\/wp\/v2\/product_tag?post=3216"}],"curies":[{"name":"wp","href":"https:\/\/api.w.org\/{rel}","templated":true}]}}