{"id":3214,"date":"2025-09-02T05:35:47","date_gmt":"2025-09-02T05:35:47","guid":{"rendered":"https:\/\/galaxybicycle.com\/?post_type=product&#038;p=3214"},"modified":"2025-11-12T05:08:29","modified_gmt":"2025-11-12T05:08:29","slug":"tr300","status":"publish","type":"product","link":"https:\/\/galaxybicycle.com\/hu\/product\/tr300\/","title":{"rendered":"Velopro TR300 \u00f6sszecsukhat\u00f3 elektromos ker\u00e9kp\u00e1r 48V 24Ah kett\u0151s akkumul\u00e1tor | 500W k\u00f6z\u00e9phajt\u00e1s\u00fa, nagy hat\u00f3t\u00e1vols\u00e1g\u00fa elektromos ker\u00e9kp\u00e1r"},"content":{"rendered":"<p>Ismerje meg a <strong>Velopro TR300 \u00f6sszecsukhat\u00f3 elektromos ker\u00e9kp\u00e1r<\/strong>, egy sokoldal\u00fa \u00e9s megb\u00edzhat\u00f3 e-bike, amelyet olyan motorosok sz\u00e1m\u00e1ra terveztek, akik egyszerre ig\u00e9nylik a praktikumot \u00e9s a teljes\u00edtm\u00e9nyt. A <strong>kett\u0151s 48V 24Ah akkumul\u00e1torok<\/strong> \u00e9s <strong>ANANDA 500W-os k\u00f6z\u00e9phajt\u00e1s\u00fa motor<\/strong>, ez az elektromos ker\u00e9kp\u00e1r egyenletes teljes\u00edtm\u00e9nyt \u00e9s hossz\u00fa t\u00e1v\u00fa k\u00e9pess\u00e9geket biztos\u00edt, el\u00e9rve ak\u00e1r a <strong>120KM t\u00f6lt\u00e9senk\u00e9nt<\/strong>.<\/p>\n<p>\u00c9p\u00fclt egy <strong>er\u0151s alum\u00ednium \u00f6tv\u00f6zetb\u0151l k\u00e9sz\u00fclt 6061-es v\u00e1z<\/strong> \u00e9s <strong>20\u2033x3.0\u2033 CST gumiabroncsok<\/strong>, a TR300 k\u00f6nnyed\u00e9n kezeli a v\u00e1rosi utc\u00e1kat, a dombokat \u00e9s a k\u00f6nny\u0171 terepet. A <strong>Zoom hidraulikus t\u00e1rcsaf\u00e9kek<\/strong> \u00e9s <strong>rug\u00f3s villa<\/strong> maxim\u00e1lis ellen\u0151rz\u00e9st \u00e9s biztons\u00e1got ny\u00fajt, m\u00edg a <strong>Shimano 7 sebess\u00e9ges v\u00e1lt\u00f3rendszer<\/strong> biztos\u00edtja a rugalmass\u00e1got b\u00e1rmilyen \u00fatra.<\/p>\n<p>A TR300 k\u00f6z\u00e9ppontj\u00e1ban a k\u00e9nyelem \u00e1ll. A <strong>\u00f6sszecsukhat\u00f3 kialak\u00edt\u00e1s<\/strong> megk\u00f6nny\u00edti a t\u00e1rol\u00e1st \u00e9s sz\u00e1ll\u00edt\u00e1st, m\u00edg a praktikus funkci\u00f3k, mint p\u00e9ld\u00e1ul a <strong>h\u00e1ts\u00f3 kos\u00e1r<\/strong>, <strong>els\u0151 \u00e9s h\u00e1ts\u00f3 l\u00e1mp\u00e1k<\/strong>, <strong>mechanikus harang<\/strong>, \u00e9s <strong>v\u00edz\u00e1ll\u00f3 IP54 v\u00e9delem<\/strong> t\u00f6k\u00e9letess\u00e9 teszi a mindennapi ing\u00e1z\u00e1shoz, bev\u00e1s\u00e1rl\u00e1shoz vagy h\u00e9tv\u00e9gi kalandokhoz.<\/p>\n<p>Ak\u00e1r meredek utc\u00e1kon m\u00e1szik, ak\u00e1r hossz\u00fa t\u00e1v\u00fa t\u00far\u00e1kon vesz r\u00e9szt, vagy egyszer\u0171en csak \u00f6sszecsukja a kompakt t\u00e1rol\u00e1s \u00e9rdek\u00e9ben, az Velopro TR300 alkalmazkodik az \u00e9letst\u00edlus\u00e1hoz. Lovasok sz\u00e1m\u00e1ra tervezt\u00e9k <strong>155-190cm magass\u00e1g<\/strong> \u00e9s ak\u00e1r <strong>150KG<\/strong>, a teljes\u00edtm\u00e9ny, a k\u00e9nyelem \u00e9s a komfort igazi \u00f6tv\u00f6zete.<\/p>\n<h3>M\u0171szaki adatok<\/h3>\n<table border=\"1\" cellspacing=\"0\" cellpadding=\"6\">\n<tbody>\n<tr>\n<th>Oszt\u00e1lyoz\u00e1s<\/th>\n<th>M\u0171szaki adatok<\/th>\n<th>Param\u00e9terek<\/th>\n<\/tr>\n<tr>\n<td>Akkumul\u00e1tor<\/td>\n<td>48V 24Ah (dupla akkumul\u00e1torok)<\/td>\n<td>EVE sejtek<\/td>\n<\/tr>\n<tr>\n<td>Motor<\/td>\n<td>ANANDA k\u00f6z\u00e9phajt\u00e1s\u00fa motor<\/td>\n<td>48V 500W<\/td>\n<\/tr>\n<tr>\n<td>Legnagyobb sebess\u00e9g<\/td>\n<td>32KM\/H<\/td>\n<td>\u00c1ll\u00edthat\u00f3<\/td>\n<\/tr>\n<tr>\n<td>Tartom\u00e1ny<\/td>\n<td colspan=\"2\">90-120KM<\/td>\n<\/tr>\n<tr>\n<td>PAS<\/td>\n<td colspan=\"2\">5 lovagl\u00e1si m\u00f3d<\/td>\n<\/tr>\n<tr>\n<td>T\u00f6lt\u0151<\/td>\n<td>54,6V 2A<\/td>\n<td>T\u00f6lt\u00e9si id\u0151: 12H<\/td>\n<\/tr>\n<tr>\n<td>G\u00e1zkar<\/td>\n<td colspan=\"2\">Twist Throttle<\/td>\n<\/tr>\n<tr>\n<td>Megjelen\u00edt\u00e9s<\/td>\n<td colspan=\"2\">LCD kijelz\u0151<\/td>\n<\/tr>\n<tr>\n<td>F\u00e9kek<\/td>\n<td colspan=\"2\">ZOOM hidraulikus t\u00e1rcsaf\u00e9k<\/td>\n<\/tr>\n<tr>\n<td>\u00c1tvitel<\/td>\n<td colspan=\"2\">Shimano 7 sebess\u00e9ges v\u00e1lt\u00f3<\/td>\n<\/tr>\n<tr>\n<td>Keret<\/td>\n<td colspan=\"2\">Alum\u00ednium \u00f6tv\u00f6zet 6061<\/td>\n<\/tr>\n<tr>\n<td>Kerekek \u00e9s gumiabroncsok<\/td>\n<td colspan=\"2\">20\u2033x3.0\u2033 CST gumiabroncsok<\/td>\n<\/tr>\n<tr>\n<td>Felf\u00fcggeszt\u00e9s<\/td>\n<td colspan=\"2\">Els\u0151 felf\u00fcggeszt\u00e9s villa<\/td>\n<\/tr>\n<tr>\n<td>S\u00faly<\/td>\n<td>Net: 47KG<\/td>\n<td>Brutt\u00f3: 55KG<\/td>\n<\/tr>\n<tr>\n<td>Hasznos teher<\/td>\n<td colspan=\"2\">150KG<\/td>\n<\/tr>\n<tr>\n<td>M\u00e1sz\u00e1s Kapacit\u00e1s<\/td>\n<td colspan=\"2\">15\u00b0<\/td>\n<\/tr>\n<tr>\n<td>Egy\u00e9b jellemz\u0151k<\/td>\n<td colspan=\"2\">\u00d6sszecsukhat\u00f3, h\u00e1ts\u00f3 kos\u00e1r, harang, els\u0151 \u00e9s h\u00e1ts\u00f3 s\u00e1rv\u00e9d\u0151k, alum\u00ednium ped\u00e1lok<\/td>\n<\/tr>\n<tr>\n<td>V\u00edz\u00e1ll\u00f3<\/td>\n<td colspan=\"2\">IP54<\/td>\n<\/tr>\n<tr>\n<td>Lovas magass\u00e1ga<\/td>\n<td colspan=\"2\">155-190cm<\/td>\n<\/tr>\n<\/tbody>\n<\/table>","protected":false},"excerpt":{"rendered":"<p>Az Velopro TR300 egy nagy teljes\u00edtm\u00e9ny\u0171 \u00f6sszecsukhat\u00f3 e-bike, amelyet v\u00e1rosi \u00e9s kalandmotorosoknak egyar\u00e1nt \u00e9p\u00edtettek. Kett\u0151s 48V 24Ah akkumul\u00e1torral, 500W-os ANANDA k\u00f6z\u00e9phajt\u00e1s\u00fa motorral, hidraulikus t\u00e1rcsaf\u00e9kkel \u00e9s ak\u00e1r 120KM hat\u00f3t\u00e1vols\u00e1ggal ez az \u00f6sszecsukhat\u00f3 elektromos ker\u00e9kp\u00e1r er\u0151t, st\u00edlust \u00e9s tart\u00f3s teljes\u00edtm\u00e9nyt ny\u00fajt.<\/p>","protected":false},"featured_media":4120,"comment_status":"open","ping_status":"closed","template":"","meta":[],"product_brand":[],"product_cat":[38,29],"product_tag":[],"class_list":{"0":"post-3214","1":"product","2":"type-product","3":"status-publish","4":"has-post-thumbnail","6":"product_cat-velopro-electric-bikes","7":"product_cat-electric-tribike","9":"first","10":"instock","11":"shipping-taxable","12":"product-type-simple"},"_links":{"self":[{"href":"https:\/\/galaxybicycle.com\/hu\/wp-json\/wp\/v2\/product\/3214","targetHints":{"allow":["GET"]}}],"collection":[{"href":"https:\/\/galaxybicycle.com\/hu\/wp-json\/wp\/v2\/product"}],"about":[{"href":"https:\/\/galaxybicycle.com\/hu\/wp-json\/wp\/v2\/types\/product"}],"replies":[{"embeddable":true,"href":"https:\/\/galaxybicycle.com\/hu\/wp-json\/wp\/v2\/comments?post=3214"}],"wp:featuredmedia":[{"embeddable":true,"href":"https:\/\/galaxybicycle.com\/hu\/wp-json\/wp\/v2\/media\/4120"}],"wp:attachment":[{"href":"https:\/\/galaxybicycle.com\/hu\/wp-json\/wp\/v2\/media?parent=3214"}],"wp:term":[{"taxonomy":"product_brand","embeddable":true,"href":"https:\/\/galaxybicycle.com\/hu\/wp-json\/wp\/v2\/product_brand?post=3214"},{"taxonomy":"product_cat","embeddable":true,"href":"https:\/\/galaxybicycle.com\/hu\/wp-json\/wp\/v2\/product_cat?post=3214"},{"taxonomy":"product_tag","embeddable":true,"href":"https:\/\/galaxybicycle.com\/hu\/wp-json\/wp\/v2\/product_tag?post=3214"}],"curies":[{"name":"wp","href":"https:\/\/api.w.org\/{rel}","templated":true}]}}