{"id":2687,"date":"2025-08-18T03:49:39","date_gmt":"2025-08-18T03:49:39","guid":{"rendered":"http:\/\/galaxybicycle.com\/?post_type=product&#038;p=2687"},"modified":"2025-09-02T09:55:42","modified_gmt":"2025-09-02T09:55:42","slug":"tl620","status":"publish","type":"product","link":"https:\/\/galaxybicycle.com\/hu\/product\/tl620\/","title":{"rendered":"Galaxy TL620 Feln\u0151tt ker\u00e9kp\u00e1r | 24 sebess\u00e9ges \u00f6tv\u00f6z\u00f6tt hegyiker\u00e9kp\u00e1r Shimano v\u00e1lt\u00f3val"},"content":{"rendered":"<p>Ismerje meg a <strong>Galaxy TL620 feln\u0151tt ker\u00e9kp\u00e1r<\/strong>, a teljes\u00edtm\u00e9ny \u00e9s a megb\u00edzhat\u00f3s\u00e1g t\u00f6k\u00e9letes kever\u00e9ke azon ker\u00e9kp\u00e1rosok sz\u00e1m\u00e1ra, akik z\u00f6kken\u0151mentes \u00e9s \u00e9lvezetes ker\u00e9kp\u00e1roz\u00e1st szeretn\u00e9nek.<br \/>\nFelszerelve egy <strong>26\u2033x17\u2033 \u00f6tv\u00f6z\u00f6tt v\u00e1z<\/strong>, ez a ker\u00e9kp\u00e1r egyszerre er\u0151s \u00e9s k\u00f6nny\u0171, \u00edgy ide\u00e1lis az ing\u00e1z\u00e1shoz, a fitneszhez \u00e9s a terepj\u00e1r\u00f3 utakhoz. A <strong>24 sebess\u00e9ges Shimano v\u00e1lt\u00f3rendszer<\/strong> gyors \u00e9s prec\u00edz v\u00e1lt\u00e1st biztos\u00edt, \u00edgy az emelked\u0151k\u00f6n, s\u00edkon \u00e9s lejt\u0151k\u00f6n is k\u00f6nnyed\u00e9n megbirk\u00f3zhatsz az er\u0151vel.<\/p>\n<p>A <strong>\u00f6tv\u00f6z\u00f6tt koron\u00e1s felf\u00fcggeszt\u0151 villa MLO-val<\/strong> elnyeli a durva terepviszonyok okozta \u00fct\u00e9seket, m\u00edg a <strong>mechanikus t\u00e1rcsaf\u00e9kek<\/strong> k\u00f6vetkezetes f\u00e9kez\u0151er\u0151t biztos\u00edtanak minden id\u0151j\u00e1r\u00e1si k\u00f6r\u00fclm\u00e9nyek k\u00f6z\u00f6tt. A  weboldalon <strong>Kenda K935 gumiabroncsok<\/strong> a kiv\u00e1l\u00f3 tapad\u00e1s\u00e9rt \u00e9s <strong>Prowheel \u00f6tv\u00f6zetb\u0151l k\u00e9sz\u00fclt leng\u0151kar<\/strong> a tov\u00e1bbi hat\u00e9konys\u00e1g \u00e9rdek\u00e9ben a Galaxy TL620 \u00fagy k\u00e9sz\u00fclt, hogy minden alkalommal \u00e9lvezetes utaz\u00e1st biztos\u00edtson.<\/p>\n<p>Ak\u00e1r a v\u00e1rosban motorozik, ak\u00e1r a vid\u00e9ki utakat fedezi fel, vagy h\u00e9tv\u00e9gi kalandot \u00e9lvezi, a Galaxy TL620 megb\u00edzhat\u00f3 partner. A modern diz\u00e1jnt, a k\u00e9nyelmet \u00e9s a praktikus funkci\u00f3kat \u00f6tv\u00f6zi a sz\u00f3rakoztat\u00f3 \u00e9s magabiztos vezet\u00e9si \u00e9lm\u00e9ny \u00e9rdek\u00e9ben.<\/p>\n<h3>M\u0171szaki adatok<\/h3>\n<table border=\"1\" cellspacing=\"0\" cellpadding=\"6\">\n<tbody>\n<tr>\n<th>Jellemz\u0151<\/th>\n<th>R\u00e9szletek<\/th>\n<\/tr>\n<tr>\n<td>Keret<\/td>\n<td>26\u2033x17\u2033 \u00f6tv\u00f6z\u00f6tt v\u00e1z<\/td>\n<\/tr>\n<tr>\n<td>Sebess\u00e9g<\/td>\n<td>24 sebess\u00e9g<\/td>\n<\/tr>\n<tr>\n<td>Vill\u00e1k<\/td>\n<td>Alloy Crown felf\u00fcggeszt\u00e9si villa MLO-val<\/td>\n<\/tr>\n<tr>\n<td>Fogasker\u00e9k rendszer<\/td>\n<td>Shimano STEF500 v\u00e1lt\u00f3 \/ FDTY500 els\u0151 v\u00e1lt\u00f3 \/ RDTY300 h\u00e1ts\u00f3 v\u00e1lt\u00f3<\/td>\n<\/tr>\n<tr>\n<td>F\u00e9kek<\/td>\n<td>Mechanikus t\u00e1rcsaf\u00e9k<\/td>\n<\/tr>\n<tr>\n<td>Gumiabroncsok<\/td>\n<td>Kenda K935 26\u2033x1.5\u2033 gumiabroncsok<\/td>\n<\/tr>\n<tr>\n<td>Hubs<\/td>\n<td>Ac\u00e9l csap\u00e1gyazott hub<\/td>\n<\/tr>\n<tr>\n<td>L\u00e1ncker\u00e9k<\/td>\n<td>Prowheel 24\/34\/42T \u00f6tv\u00f6z\u00f6tt forgatty\u00fashajt\u00e1s<\/td>\n<\/tr>\n<tr>\n<td>B.B. K\u00e9szlet<\/td>\n<td>Csap\u00e1gy B.B. k\u00e9szlet<\/td>\n<\/tr>\n<\/tbody>\n<\/table>","protected":false},"excerpt":{"rendered":"<p>A Galaxy TL620 egy sokoldal\u00fa, 24 sebess\u00e9ges feln\u0151tt mountain bike, amelyet k\u00f6nny\u0171 \u00f6tv\u00f6z\u00f6tt v\u00e1zzal, Shimano v\u00e1lt\u00f3rendszerrel \u00e9s \u00e9rz\u00e9keny rug\u00f3s vill\u00e1val terveztek. A mindennapi motorosok \u00e9s kalandv\u00e1gy\u00f3k sz\u00e1m\u00e1ra k\u00e9sz\u00fclt, k\u00e9nyelmet, tart\u00f3ss\u00e1got \u00e9s sima kezelhet\u0151s\u00e9get biztos\u00edt minden terepen.<\/p>","protected":false},"featured_media":2688,"comment_status":"open","ping_status":"closed","template":"","meta":[],"product_brand":[34],"product_cat":[15],"product_tag":[],"class_list":{"0":"post-2687","1":"product","2":"type-product","3":"status-publish","4":"has-post-thumbnail","6":"product_brand-galaxy","7":"product_cat-galaxybicycle","9":"first","10":"instock","11":"shipping-taxable","12":"product-type-simple"},"_links":{"self":[{"href":"https:\/\/galaxybicycle.com\/hu\/wp-json\/wp\/v2\/product\/2687","targetHints":{"allow":["GET"]}}],"collection":[{"href":"https:\/\/galaxybicycle.com\/hu\/wp-json\/wp\/v2\/product"}],"about":[{"href":"https:\/\/galaxybicycle.com\/hu\/wp-json\/wp\/v2\/types\/product"}],"replies":[{"embeddable":true,"href":"https:\/\/galaxybicycle.com\/hu\/wp-json\/wp\/v2\/comments?post=2687"}],"wp:featuredmedia":[{"embeddable":true,"href":"https:\/\/galaxybicycle.com\/hu\/wp-json\/wp\/v2\/media\/2688"}],"wp:attachment":[{"href":"https:\/\/galaxybicycle.com\/hu\/wp-json\/wp\/v2\/media?parent=2687"}],"wp:term":[{"taxonomy":"product_brand","embeddable":true,"href":"https:\/\/galaxybicycle.com\/hu\/wp-json\/wp\/v2\/product_brand?post=2687"},{"taxonomy":"product_cat","embeddable":true,"href":"https:\/\/galaxybicycle.com\/hu\/wp-json\/wp\/v2\/product_cat?post=2687"},{"taxonomy":"product_tag","embeddable":true,"href":"https:\/\/galaxybicycle.com\/hu\/wp-json\/wp\/v2\/product_tag?post=2687"}],"curies":[{"name":"wp","href":"https:\/\/api.w.org\/{rel}","templated":true}]}}