{"id":2683,"date":"2025-08-18T03:48:59","date_gmt":"2025-08-18T03:48:59","guid":{"rendered":"http:\/\/galaxybicycle.com\/?post_type=product&#038;p=2683"},"modified":"2025-09-02T09:56:22","modified_gmt":"2025-09-02T09:56:22","slug":"mt16","status":"publish","type":"product","link":"https:\/\/galaxybicycle.com\/hu\/product\/mt16\/","title":{"rendered":"Galaxy MT16 Feln\u0151tt Mountain Bike | 21-sebess\u00e9ges Shimano ac\u00e9l v\u00e1zas ker\u00e9kp\u00e1r"},"content":{"rendered":"<p><strong>Galaxy MT16 feln\u0151tt hegyiker\u00e9kp\u00e1r<\/strong> a t\u00f6k\u00e9letes v\u00e1laszt\u00e1s azoknak a motorosoknak, akik egy strapab\u00edr\u00f3, megb\u00edzhat\u00f3 \u00e9s sz\u00f3rakoztat\u00f3 ker\u00e9kp\u00e1rt szeretn\u00e9nek a szabadt\u00e9ri kalandokhoz. A t\u00f6bb m\u00e9retben (26 \"x17\", 26 \"x15\" \u00e9s 24 \"x13\") kaphat\u00f3 er\u0151s ac\u00e9lv\u00e1znak k\u00f6sz\u00f6nhet\u0151en ez a hegyi ker\u00e9kp\u00e1r \u00fagy \u00e9p\u00fclt, hogy tart\u00f3s legyen, \u00e9s megfeleljen a k\u00fcl\u00f6nb\u00f6z\u0151 ker\u00e9kp\u00e1rosoknak. A <strong>21 sebess\u00e9ges Shimano v\u00e1lt\u00f3rendszer<\/strong> z\u00f6kken\u0151mentes v\u00e1lt\u00e1st biztos\u00edt, ak\u00e1r hegyet m\u00e1szol, ak\u00e1r s\u00edk utakon vagy terepen lovagolsz.<\/p>\n<p>Felszerelve egy <strong>ac\u00e9l koron\u00e1s felf\u00fcggeszt\u00e9s\u0171 villa<\/strong>, a Galaxy MT16 elnyeli az \u00fct\u0151d\u00e9seket \u00e9s a durva utakat, \u00edgy k\u00e9nyelmesebb\u00e9 t\u00e9ve az utaz\u00e1st. A <strong>mechanikus t\u00e1rcsaf\u00e9kek<\/strong> megb\u00edzhat\u00f3 f\u00e9kez\u0151er\u0151t biztos\u00edt minden k\u00f6r\u00fclm\u00e9nyek k\u00f6z\u00f6tt, m\u00edg a <strong>Chaoyang gumiabroncsok<\/strong> nagyszer\u0171 tapad\u00e1st \u00e9s stabilit\u00e1st biztos\u00edt. Ak\u00e1r ing\u00e1zik, ak\u00e1r edz, ak\u00e1r a term\u00e9szetet fedezi fel, ezt a ker\u00e9kp\u00e1rt \u00fagy tervezt\u00e9k, hogy mindezt magabiztosan \u00e9s st\u00edlusosan tudja kezelni.<\/p>\n<h3>F\u0151 jellemz\u0151k<\/h3>\n<ul>\n<li>Tart\u00f3s ac\u00e9lkeret t\u00f6bbf\u00e9le m\u00e9retben, hogy illeszkedjen a k\u00fcl\u00f6nb\u00f6z\u0151 lovasokhoz<\/li>\n<li>Shimano 21 sebess\u00e9ges v\u00e1lt\u00f3rendszer a sima \u00e9s hat\u00e9kony v\u00e1lt\u00e1s \u00e9rdek\u00e9ben<\/li>\n<li>Ac\u00e9l koron\u00e1s felf\u00fcggeszt\u00e9s\u0171 villa a k\u00e9nyelmesebb vezet\u00e9s\u00e9rt<\/li>\n<li>Mechanikus t\u00e1rcsaf\u00e9kek az er\u0151s \u00e9s megb\u00edzhat\u00f3 f\u00e9ker\u0151\u00e9rt<\/li>\n<li>Chaoyang gumiabroncsok a kiv\u00e1l\u00f3 tapad\u00e1s\u00e9rt k\u00fcl\u00f6nb\u00f6z\u0151 terepeken<\/li>\n<li>Er\u0151s ac\u00e9l hajt\u00f3kar \u00e9s tengelycsapok a hossz\u00fa \u00e9lettartam \u00e9rdek\u00e9ben<\/li>\n<\/ul>\n<h3>M\u0171szaki adatok<\/h3>\n<table border=\"1\" cellspacing=\"0\" cellpadding=\"6\">\n<tbody>\n<tr>\n<th>Jellemz\u0151<\/th>\n<th>R\u00e9szletek<\/th>\n<\/tr>\n<tr>\n<td>Sebess\u00e9g<\/td>\n<td>21 sebess\u00e9ges<\/td>\n<\/tr>\n<tr>\n<td>Keret<\/td>\n<td>26\u2033x17\u2033 \/ 26\u2033x15\u2033 \/ 24\u2033x13\u2033 ac\u00e9lkeret<\/td>\n<\/tr>\n<tr>\n<td>Vill\u00e1k<\/td>\n<td>Ac\u00e9l korona felf\u00fcggeszt\u00e9s villa<\/td>\n<\/tr>\n<tr>\n<td>Fogasker\u00e9k rendszer<\/td>\n<td>Shimano STEF41 v\u00e1lt\u00f3 \/ RDTZ500 h\u00e1ts\u00f3 v\u00e1lt\u00f3 \/ K\u00ednai els\u0151 v\u00e1lt\u00f3<\/td>\n<\/tr>\n<tr>\n<td>F\u00e9krendszer<\/td>\n<td>Mechanikus t\u00e1rcsaf\u00e9k<\/td>\n<\/tr>\n<tr>\n<td>Gumiabroncsok<\/td>\n<td>Chaoyang 26\u2033 \/ 24\u2033 x 1.95\u2033<\/td>\n<\/tr>\n<tr>\n<td>Hubs<\/td>\n<td>Ac\u00e9l t\u00e1rcs\u00e1s ker\u00e9kagy<\/td>\n<\/tr>\n<tr>\n<td>L\u00e1ncker\u00e9k<\/td>\n<td>24\/34\/42T ac\u00e9l forgatty\u00fa<\/td>\n<\/tr>\n<tr>\n<td>Als\u00f3 fogasl\u00e9c<\/td>\n<td>Csap\u00e1gy B.B k\u00e9szlet<\/td>\n<\/tr>\n<\/tbody>\n<\/table>\n<p>A <strong>Galaxy MT16<\/strong> t\u00f6bb mint egy ker\u00e9kp\u00e1r - ez a t\u00e1rsad a fitneszhez, az ing\u00e1z\u00e1shoz \u00e9s a term\u00e9szet felfedez\u00e9s\u00e9hez. Ak\u00e1r kezd\u0151, ak\u00e1r alkalmi ker\u00e9kp\u00e1ros vagy, ez a hegyiker\u00e9kp\u00e1r izgalmass\u00e1, k\u00e9nyelmess\u00e9 \u00e9s megb\u00edzhat\u00f3v\u00e1 teszi a ker\u00e9kp\u00e1roz\u00e1st.<\/p>","protected":false},"excerpt":{"rendered":"<p>A Galaxy MT16 egy tart\u00f3s feln\u0151tt mountain bike, amely massz\u00edv ac\u00e9lv\u00e1zzal \u00e9s megb\u00edzhat\u00f3, 21 sebess\u00e9ges Shimano v\u00e1lt\u00f3rendszerrel k\u00e9sz\u00fclt. A kalandv\u00e1gy\u00f3knak tervezett ker\u00e9kp\u00e1r sima v\u00e1lt\u00e1st, megb\u00edzhat\u00f3 t\u00e1rcsaf\u00e9keket \u00e9s strapab\u00edr\u00f3 Chaoyang abroncsokat k\u00edn\u00e1l mind az orsz\u00e1g\u00fati, mind a terepen val\u00f3 teker\u00e9shez.<\/p>","protected":false},"featured_media":2684,"comment_status":"open","ping_status":"closed","template":"","meta":[],"product_brand":[34],"product_cat":[15],"product_tag":[],"class_list":{"0":"post-2683","1":"product","2":"type-product","3":"status-publish","4":"has-post-thumbnail","6":"product_brand-galaxy","7":"product_cat-galaxybicycle","9":"first","10":"instock","11":"shipping-taxable","12":"product-type-simple"},"_links":{"self":[{"href":"https:\/\/galaxybicycle.com\/hu\/wp-json\/wp\/v2\/product\/2683","targetHints":{"allow":["GET"]}}],"collection":[{"href":"https:\/\/galaxybicycle.com\/hu\/wp-json\/wp\/v2\/product"}],"about":[{"href":"https:\/\/galaxybicycle.com\/hu\/wp-json\/wp\/v2\/types\/product"}],"replies":[{"embeddable":true,"href":"https:\/\/galaxybicycle.com\/hu\/wp-json\/wp\/v2\/comments?post=2683"}],"wp:featuredmedia":[{"embeddable":true,"href":"https:\/\/galaxybicycle.com\/hu\/wp-json\/wp\/v2\/media\/2684"}],"wp:attachment":[{"href":"https:\/\/galaxybicycle.com\/hu\/wp-json\/wp\/v2\/media?parent=2683"}],"wp:term":[{"taxonomy":"product_brand","embeddable":true,"href":"https:\/\/galaxybicycle.com\/hu\/wp-json\/wp\/v2\/product_brand?post=2683"},{"taxonomy":"product_cat","embeddable":true,"href":"https:\/\/galaxybicycle.com\/hu\/wp-json\/wp\/v2\/product_cat?post=2683"},{"taxonomy":"product_tag","embeddable":true,"href":"https:\/\/galaxybicycle.com\/hu\/wp-json\/wp\/v2\/product_tag?post=2683"}],"curies":[{"name":"wp","href":"https:\/\/api.w.org\/{rel}","templated":true}]}}