{"id":2657,"date":"2025-08-18T03:45:04","date_gmt":"2025-08-18T03:45:04","guid":{"rendered":"http:\/\/galaxybicycle.com\/?post_type=product&#038;p=2657"},"modified":"2025-09-02T10:03:13","modified_gmt":"2025-09-02T10:03:13","slug":"ms3","status":"publish","type":"product","link":"https:\/\/galaxybicycle.com\/hu\/product\/ms3\/","title":{"rendered":"Galaxy MS3 feln\u0151tt mountain bike | 27 sebess\u00e9ges Shimano hidraulikus t\u00e1rcsaf\u00e9kkel | 27 sebess\u00e9ges Shimano hidraulikus t\u00e1rcsaf\u00e9kkel"},"content":{"rendered":"<p>A <strong>Galaxy MS3 feln\u0151tt ker\u00e9kp\u00e1r<\/strong> a t\u00f6k\u00e9letes v\u00e1laszt\u00e1s azoknak a motorosoknak, akik k\u00f6nnyed\u00e9n megh\u00f3d\u00edtj\u00e1k az \u00f6sv\u00e9nyeket \u00e9s a v\u00e1rosi utakat egyar\u00e1nt. A k\u00f6nny\u0171, m\u00e9gis er\u0151s \u00f6tv\u00f6zetb\u0151l k\u00e9sz\u00fclt v\u00e1zzal ez a hegyiker\u00e9kp\u00e1r tart\u00f3ss\u00e1got biztos\u00edt an\u00e9lk\u00fcl, hogy megterheln\u00e9 \u00d6nt. Fejlett <strong>Shimano 27 sebess\u00e9ges v\u00e1lt\u00f3rendszer<\/strong> lehet\u0151v\u00e9 teszi, hogy a legk\u00fcl\u00f6nb\u00f6z\u0151bb terepviszonyok k\u00f6z\u00f6tt sim\u00e1n v\u00e1ltson, ak\u00e1r meredek hegyeket m\u00e1szik meg, ak\u00e1r s\u00edk utakon sz\u00e1guldozik.<\/p>\n<p>Felszerelve egy <strong>felf\u00fcggesztett villa HLO (hidraulikus reteszel\u00e9ssel)<\/strong>, az MS3 kiv\u00e1l\u00f3 leng\u00e9scsillap\u00edt\u00e1st biztos\u00edt a durva utakon, mik\u00f6zben lehet\u0151s\u00e9get ad a z\u00e1r\u00e1sra a sim\u00e1bb utakra. A biztons\u00e1g \u00e9s a pontoss\u00e1g garant\u00e1lt a <strong>Shimano MT200 hidraulikus t\u00e1rcsaf\u00e9kek<\/strong>, megb\u00edzhat\u00f3 f\u00e9ker\u0151t biztos\u00edt minden id\u0151j\u00e1r\u00e1si k\u00f6r\u00fclm\u00e9nyek k\u00f6z\u00f6tt. A <strong>CST C-1747 26\u2033\u00d72.10\u2033 gumiabroncsok<\/strong> kiv\u00e1l\u00f3 tapad\u00e1st \u00e9s stabilit\u00e1st biztos\u00edtanak, m\u00edg a Joytech \u00f6tv\u00f6z\u00f6tt t\u00e1rcs\u00e1s ker\u00e9kt\u00e1rcs\u00e1k jav\u00edtj\u00e1k az \u00e1ltal\u00e1nos vezet\u00e9si teljes\u00edtm\u00e9nyt.<\/p>\n<p>A st\u00edlusos, k\u00e9nyelmes \u00e9s teljes\u00edtm\u00e9nyre tervezett Galaxy MS3 ide\u00e1lis a feln\u0151ttek sz\u00e1m\u00e1ra, akik szeretik a szabadt\u00e9ri kalandokat, a napi ing\u00e1z\u00e1st vagy a h\u00e9tv\u00e9gi t\u00far\u00e1kat. A professzion\u00e1lis min\u0151s\u00e9g\u0171 alkatr\u00e9szekkel \u00e9s eleg\u00e1ns kialak\u00edt\u00e1ssal ez a ker\u00e9kp\u00e1r a megb\u00edzhat\u00f3s\u00e1g \u00e9s a sz\u00f3rakoz\u00e1s t\u00f6k\u00e9letes egyens\u00faly\u00e1t k\u00edn\u00e1lja.<\/p>\n<h3>Specifik\u00e1ci\u00f3k:<\/h3>\n<table border=\"1\" cellspacing=\"0\" cellpadding=\"8\">\n<tbody>\n<tr>\n<th>Jellemz\u0151<\/th>\n<th>R\u00e9szletek<\/th>\n<\/tr>\n<tr>\n<td>Sebess\u00e9gek<\/td>\n<td>27 sebess\u00e9g<\/td>\n<\/tr>\n<tr>\n<td>Keret<\/td>\n<td>26\u2033\u00d717\u2033 \u00f6tv\u00f6z\u00f6tt v\u00e1z<\/td>\n<\/tr>\n<tr>\n<td>Vill\u00e1k<\/td>\n<td>Alloy Crown felf\u00fcggeszt\u00e9s villa HLO-val<\/td>\n<\/tr>\n<tr>\n<td>Fogasker\u00e9k rendszer<\/td>\n<td>Shimano SLM2000 v\u00e1lt\u00f3 \/ FDTY500 els\u0151 v\u00e1lt\u00f3 \/ RDM370 h\u00e1ts\u00f3 v\u00e1lt\u00f3<\/td>\n<\/tr>\n<tr>\n<td>F\u00e9krendszer<\/td>\n<td>Shimano MT200 hidraulikus t\u00e1rcsaf\u00e9kek<\/td>\n<\/tr>\n<tr>\n<td>Gumiabroncsok<\/td>\n<td>CST C-1747 26\u2033\u00d72.10\u2033 gumiabroncsok<\/td>\n<\/tr>\n<tr>\n<td>Hubs<\/td>\n<td>Joytech \u00f6tv\u00f6z\u00f6tt t\u00e1rcs\u00e1s ker\u00e9kagy<\/td>\n<\/tr>\n<tr>\n<td>L\u00e1ncker\u00e9k<\/td>\n<td>Shimano 24\/34\/42T \u00f6tv\u00f6zetb\u0151l k\u00e9sz\u00fclt forgatty\u00fa<\/td>\n<\/tr>\n<tr>\n<td>B.B K\u00e9szlet<\/td>\n<td>Csap\u00e1gy B.B k\u00e9szlet<\/td>\n<\/tr>\n<\/tbody>\n<\/table>","protected":false},"excerpt":{"rendered":"<p>Vigy\u00fck a k\u00f6vetkez\u0151 szintre az utaz\u00e1sokat a <em>Galaxy MS3 feln\u0151tt mountain bike<\/em>. A tart\u00f3s 26\u2033\u00d717\u2033-es \u00f6tv\u00f6z\u00f6tt v\u00e1zzal, sima 27 sebess\u00e9ges Shimano v\u00e1lt\u00f3rendszerrel \u00e9s er\u0151teljes hidraulikus t\u00e1rcsaf\u00e9kekkel \u00e9p\u00edtett ker\u00e9kp\u00e1rt olyan kalandv\u00e1gy\u00f3knak tervezt\u00e9k, akiknek k\u00e9nyelem, ir\u00e1ny\u00edthat\u00f3s\u00e1g \u00e9s teljes\u00edtm\u00e9ny kell.<\/p>","protected":false},"featured_media":2658,"comment_status":"open","ping_status":"closed","template":"","meta":[],"product_brand":[34],"product_cat":[15],"product_tag":[],"class_list":{"0":"post-2657","1":"product","2":"type-product","3":"status-publish","4":"has-post-thumbnail","6":"product_brand-galaxy","7":"product_cat-galaxybicycle","9":"first","10":"instock","11":"shipping-taxable","12":"product-type-simple"},"_links":{"self":[{"href":"https:\/\/galaxybicycle.com\/hu\/wp-json\/wp\/v2\/product\/2657","targetHints":{"allow":["GET"]}}],"collection":[{"href":"https:\/\/galaxybicycle.com\/hu\/wp-json\/wp\/v2\/product"}],"about":[{"href":"https:\/\/galaxybicycle.com\/hu\/wp-json\/wp\/v2\/types\/product"}],"replies":[{"embeddable":true,"href":"https:\/\/galaxybicycle.com\/hu\/wp-json\/wp\/v2\/comments?post=2657"}],"wp:featuredmedia":[{"embeddable":true,"href":"https:\/\/galaxybicycle.com\/hu\/wp-json\/wp\/v2\/media\/2658"}],"wp:attachment":[{"href":"https:\/\/galaxybicycle.com\/hu\/wp-json\/wp\/v2\/media?parent=2657"}],"wp:term":[{"taxonomy":"product_brand","embeddable":true,"href":"https:\/\/galaxybicycle.com\/hu\/wp-json\/wp\/v2\/product_brand?post=2657"},{"taxonomy":"product_cat","embeddable":true,"href":"https:\/\/galaxybicycle.com\/hu\/wp-json\/wp\/v2\/product_cat?post=2657"},{"taxonomy":"product_tag","embeddable":true,"href":"https:\/\/galaxybicycle.com\/hu\/wp-json\/wp\/v2\/product_tag?post=2657"}],"curies":[{"name":"wp","href":"https:\/\/api.w.org\/{rel}","templated":true}]}}