{"id":2655,"date":"2025-08-18T03:44:44","date_gmt":"2025-08-18T03:44:44","guid":{"rendered":"http:\/\/galaxybicycle.com\/?post_type=product&#038;p=2655"},"modified":"2025-09-02T10:03:33","modified_gmt":"2025-09-02T10:03:33","slug":"x22","status":"publish","type":"product","link":"https:\/\/galaxybicycle.com\/hu\/product\/x22\/","title":{"rendered":"Galaxy X22 feln\u0151tt mountain bike | 22 sebess\u00e9ges Shimano hidraulikus t\u00e1rcsaf\u00e9kekkel"},"content":{"rendered":"<p>Fedezze fel az er\u0151, a precizit\u00e1s \u00e9s a k\u00e9nyelem t\u00f6k\u00e9letes kever\u00e9k\u00e9t a <strong>Galaxy X22 feln\u0151tt hegyiker\u00e9kp\u00e1r<\/strong>. A teljes\u00edtm\u00e9nyre \u00e9s megb\u00edzhat\u00f3s\u00e1gra egyar\u00e1nt v\u00e1gy\u00f3 motorosok sz\u00e1m\u00e1ra tervezett X22-es egy <strong>26\u2033 x 17\u2033 \u00f6tv\u00f6z\u00f6tt keret<\/strong> amely egyens\u00falyt teremt a tart\u00f3ss\u00e1g \u00e9s a k\u00f6nny\u0171 s\u00faly k\u00f6z\u00f6tt. A <strong>\u00f6tv\u00f6z\u00f6tt koron\u00e1s magn\u00e9zium rug\u00f3villa RL felf\u00fcggeszt\u00e9ssel<\/strong> biztos\u00edtja a leng\u00e9scsillap\u00edt\u00e1st, \u00edgy m\u00e9g a szikl\u00e1s utakon is egyenletesen haladhatsz.<\/p>\n<p>Egy <strong>22 sebess\u00e9ges Shimano v\u00e1lt\u00f3rendszer<\/strong>, a Galaxy X22 lehet\u0151v\u00e9 teszi, hogy k\u00f6nnyed\u00e9n megbirk\u00f3zzon emelked\u0151kkel, lejt\u0151kkel \u00e9s s\u00edk utakkal. A Shimano MT200 hidraulikus t\u00e1rcsaf\u00e9kek er\u0151teljes f\u00e9ker\u0151t biztos\u00edtanak, \u00edgy minden id\u0151j\u00e1r\u00e1si k\u00f6r\u00fclm\u00e9nyek k\u00f6z\u00f6tt biztons\u00e1got \u00e9s magabiztoss\u00e1got ny\u00fajtanak. Pr\u00e9mium <strong>Maxxis 26\u2033 x 2.10\u2033 gumiabroncsok<\/strong> kiv\u00e1l\u00f3 tapad\u00e1st biztos\u00edtanak, m\u00edg a Joytech \u00f6tv\u00f6z\u00f6tt csap\u00e1gyaz\u00e1s\u00fa t\u00e1rcs\u00e1s ker\u00e9kt\u00e1rcs\u00e1k stabilit\u00e1st \u00e9s teljes\u00edtm\u00e9nyt biztos\u00edtanak. Ak\u00e1r kalandv\u00e1gy\u00f3 kezd\u0151, ak\u00e1r tapasztalt motoros vagy, a Galaxy X22 a t\u00f6k\u00e9letes t\u00e1rsad a hegyiker\u00e9kp\u00e1ros izgalmakhoz.<\/p>\n<h3>Kulcsfontoss\u00e1g\u00fa jellemz\u0151k:<\/h3>\n<ul>\n<li>K\u00f6nny\u0171 26\u2033 x 17\u2033 \u00f6tv\u00f6z\u00f6tt v\u00e1z az er\u0151 \u00e9s tart\u00f3ss\u00e1g \u00e9rdek\u00e9ben<\/li>\n<li>22 sebess\u00e9ges Shimano v\u00e1lt\u00f3rendszer a sokoldal\u00fa teljes\u00edtm\u00e9ny\u00e9rt<\/li>\n<li>Shimano MT200 hidraulikus t\u00e1rcsaf\u00e9kek a kiv\u00e1l\u00f3 f\u00e9ker\u0151 \u00e9rdek\u00e9ben<\/li>\n<li>Alum\u00ednium koron\u00e1s magn\u00e9zium rug\u00f3villa RL-rel a sima utaz\u00e1shoz<\/li>\n<li>Maxxis 26\u2033 x 2.10\u2033 gumiabroncsok a megb\u00edzhat\u00f3 tapad\u00e1s \u00e9rdek\u00e9ben<\/li>\n<li>Joytech \u00f6tv\u00f6z\u00f6tt csap\u00e1gyaz\u00e1s\u00fa t\u00e1rcs\u00e1s ker\u00e9kt\u00e1rcs\u00e1k a hossz\u00fa t\u00e1v\u00fa stabilit\u00e1s \u00e9rdek\u00e9ben<\/li>\n<li>Prowheel Claw-551-TT 2-r\u00e9szes \u00f6tv\u00f6zetb\u0151l k\u00e9sz\u00fclt forgatty\u00fa a hat\u00e9kony er\u0151\u00e1tvitel \u00e9rdek\u00e9ben<\/li>\n<\/ul>\n<h3>Specifik\u00e1ci\u00f3k:<\/h3>\n<table border=\"1\" cellspacing=\"0\" cellpadding=\"6\">\n<tbody>\n<tr>\n<th>Jellemz\u0151<\/th>\n<th>R\u00e9szletek<\/th>\n<\/tr>\n<tr>\n<td>Sebess\u00e9gek<\/td>\n<td>22 sebess\u00e9g<\/td>\n<\/tr>\n<tr>\n<td>Keret<\/td>\n<td>26\u2033 x 17\u2033 \u00f6tv\u00f6z\u00f6tt v\u00e1z<\/td>\n<\/tr>\n<tr>\n<td>Vill\u00e1k<\/td>\n<td>Alloy Crown magn\u00e9zium felf\u00fcggeszt\u00e9s villa RL-vel<\/td>\n<\/tr>\n<tr>\n<td>Fogasker\u00e9k rendszer<\/td>\n<td>Shimano SLM7000 v\u00e1lt\u00f3 \/ FDM7025 els\u0151 v\u00e1lt\u00f3 \/ RDM7000 h\u00e1ts\u00f3 v\u00e1lt\u00f3<\/td>\n<\/tr>\n<tr>\n<td>F\u00e9krendszer<\/td>\n<td>Shimano MT200 hidraulikus t\u00e1rcsaf\u00e9k<\/td>\n<\/tr>\n<tr>\n<td>Gumiabroncsok<\/td>\n<td>Maxxis 26\u2033 x 2.10\u2033<\/td>\n<\/tr>\n<tr>\n<td>Hubs<\/td>\n<td>Joytech \u00f6tv\u00f6z\u00f6tt csap\u00e1gyas t\u00e1rcs\u00e1s ker\u00e9kagy<\/td>\n<\/tr>\n<tr>\n<td>L\u00e1ncker\u00e9k<\/td>\n<td>Prowheel Claw-551-TT 2PCS \u00f6tv\u00f6zetb\u0151l k\u00e9sz\u00fclt forgatty\u00fas forgatty\u00fa<\/td>\n<\/tr>\n<tr>\n<td>B.B K\u00e9szlet<\/td>\n<td>Match with Crank<\/td>\n<\/tr>\n<\/tbody>\n<\/table>","protected":false},"excerpt":{"rendered":"<p>A Galaxy X22 egy nagy teljes\u00edtm\u00e9ny\u0171, 22 sebess\u00e9ges hegyiker\u00e9kp\u00e1r, amelyet kalandv\u00e1gy\u00f3knak \u00e9p\u00edtettek. K\u00f6nny\u0171, \u00f6tv\u00f6z\u00f6tt v\u00e1zzal, Shimano v\u00e1lt\u00f3rendszerrel \u00e9s Shimano MT200 hidraulikus t\u00e1rcsaf\u00e9kkel rendelkezik, \u00edgy sima v\u00e1lt\u00e1st, er\u0151teljes f\u00e9kez\u00e9st \u00e9s t\u00f6k\u00e9letes ir\u00e1ny\u00edthat\u00f3s\u00e1got biztos\u00edt a zord terepen.<\/p>","protected":false},"featured_media":2656,"comment_status":"open","ping_status":"closed","template":"","meta":[],"product_brand":[34],"product_cat":[15],"product_tag":[],"class_list":{"0":"post-2655","1":"product","2":"type-product","3":"status-publish","4":"has-post-thumbnail","6":"product_brand-galaxy","7":"product_cat-galaxybicycle","9":"first","10":"instock","11":"shipping-taxable","12":"product-type-simple"},"_links":{"self":[{"href":"https:\/\/galaxybicycle.com\/hu\/wp-json\/wp\/v2\/product\/2655","targetHints":{"allow":["GET"]}}],"collection":[{"href":"https:\/\/galaxybicycle.com\/hu\/wp-json\/wp\/v2\/product"}],"about":[{"href":"https:\/\/galaxybicycle.com\/hu\/wp-json\/wp\/v2\/types\/product"}],"replies":[{"embeddable":true,"href":"https:\/\/galaxybicycle.com\/hu\/wp-json\/wp\/v2\/comments?post=2655"}],"wp:featuredmedia":[{"embeddable":true,"href":"https:\/\/galaxybicycle.com\/hu\/wp-json\/wp\/v2\/media\/2656"}],"wp:attachment":[{"href":"https:\/\/galaxybicycle.com\/hu\/wp-json\/wp\/v2\/media?parent=2655"}],"wp:term":[{"taxonomy":"product_brand","embeddable":true,"href":"https:\/\/galaxybicycle.com\/hu\/wp-json\/wp\/v2\/product_brand?post=2655"},{"taxonomy":"product_cat","embeddable":true,"href":"https:\/\/galaxybicycle.com\/hu\/wp-json\/wp\/v2\/product_cat?post=2655"},{"taxonomy":"product_tag","embeddable":true,"href":"https:\/\/galaxybicycle.com\/hu\/wp-json\/wp\/v2\/product_tag?post=2655"}],"curies":[{"name":"wp","href":"https:\/\/api.w.org\/{rel}","templated":true}]}}