{"id":2649,"date":"2025-08-18T03:43:43","date_gmt":"2025-08-18T03:43:43","guid":{"rendered":"http:\/\/galaxybicycle.com\/?post_type=product&#038;p=2649"},"modified":"2025-09-02T10:05:06","modified_gmt":"2025-09-02T10:05:06","slug":"x12","status":"publish","type":"product","link":"https:\/\/galaxybicycle.com\/hu\/product\/x12\/","title":{"rendered":"Galaxy X12 feln\u0151tt mountain bike | 27.5\u2033 \u00f6tv\u00f6z\u00f6tt v\u00e1z | 12 sebess\u00e9ges Shimano | hidraulikus t\u00e1rcsaf\u00e9k"},"content":{"rendered":"<p>Emelje a terepker\u00e9kp\u00e1roz\u00e1s \u00e9lm\u00e9ny\u00e9t a k\u00f6vetkez\u0151 szintre a <strong>Galaxy X12 feln\u0151tt hegyiker\u00e9kp\u00e1r<\/strong>. Az er\u0151re, sebess\u00e9gre \u00e9s sima kezelhet\u0151s\u00e9gre v\u00e1gy\u00f3 motorosok sz\u00e1m\u00e1ra tervezett X12 a legmodernebb technol\u00f3gi\u00e1t \u00e9s a massz\u00edv kialak\u00edt\u00e1st \u00f6tv\u00f6zi. A 27,5\u2033x17\u2033-es \u00f6tv\u00f6z\u00f6tt v\u00e1z t\u00f6k\u00e9letes egyens\u00falyt biztos\u00edt a stabilit\u00e1s \u00e9s a mozg\u00e9konys\u00e1g k\u00f6z\u00f6tt, m\u00edg a magn\u00e9ziumb\u00f3l k\u00e9sz\u00fclt rug\u00f3s villa k\u00e9nyelmet \u00e9s ir\u00e1ny\u00edthat\u00f3s\u00e1got biztos\u00edt a r\u00e1z\u00f3s utakon.<\/p>\n<p>A fejlett <strong>SRAM NX Eagle 12 sebess\u00e9ges v\u00e1lt\u00f3rendszer<\/strong> \u00e9les \u00e9s megb\u00edzhat\u00f3 v\u00e1lt\u00e1st k\u00edn\u00e1l, \u00edgy k\u00f6nnyed\u00e9n megk\u00fczdhetsz a meredek emelked\u0151kkel \u00e9s a gyors lejt\u0151kkel. Felszerelve <strong>Shimano MT200 hidraulikus t\u00e1rcsaf\u00e9kek<\/strong>, a Galaxy X12 garant\u00e1lja a biztons\u00e1gos \u00e9s \u00e9rz\u00e9keny f\u00e9ker\u0151t m\u00e9g kih\u00edv\u00e1st jelent\u0151 id\u0151j\u00e1r\u00e1si vagy terepviszonyok k\u00f6z\u00f6tt is.<\/p>\n<p>A min\u0151s\u00e9gi alkatr\u00e9szekkel, p\u00e9ld\u00e1ul Kenda K1153 gumikkal, Joytech \u00f6tv\u00f6z\u00f6tt t\u00e1rcs\u00e1s ker\u00e9kt\u00e1rcs\u00e1kkal \u00e9s SRAM NX Eagle l\u00e1ncker\u00e9kkel \u00e9p\u00edtett hegyiker\u00e9kp\u00e1r a teljes\u00edtm\u00e9nyt \u00e9s tart\u00f3ss\u00e1got ig\u00e9nyl\u0151 versenyz\u0151k sz\u00e1m\u00e1ra k\u00e9sz\u00fclt. Ak\u00e1r az \u00f6sv\u00e9nyek felfedez\u00e9s\u00e9re, ak\u00e1r ing\u00e1z\u00e1sra, ak\u00e1r a hegyi \u00f6sv\u00e9nyeken a hat\u00e1raidat feszegeted, a Galaxy X12 k\u00e9szen \u00e1ll az utaz\u00e1sra.<\/p>\n<h3>M\u0171szaki adatok<\/h3>\n<table border=\"1\" cellspacing=\"0\" cellpadding=\"6\">\n<tbody>\n<tr>\n<th>Jellemz\u0151<\/th>\n<th>R\u00e9szletek<\/th>\n<\/tr>\n<tr>\n<td>Sebess\u00e9gek<\/td>\n<td>12 sebess\u00e9g<\/td>\n<\/tr>\n<tr>\n<td>Keret<\/td>\n<td>27.5\u2033X17\u2033 \u00f6tv\u00f6zetb\u0151l k\u00e9sz\u00fclt keret<\/td>\n<\/tr>\n<tr>\n<td>Vill\u00e1k<\/td>\n<td>Alloy Crown magn\u00e9zium felf\u00fcggeszt\u00e9s villa RL-vel<\/td>\n<\/tr>\n<tr>\n<td>Fogasker\u00e9k rendszer<\/td>\n<td>SRAM NX Eagle h\u00e1ts\u00f3 v\u00e1lt\u00f3 \/ NX Eagle Trigger Shift<\/td>\n<\/tr>\n<tr>\n<td>F\u00e9krendszer<\/td>\n<td>Shimano MT200 hidraulikus t\u00e1rcsaf\u00e9k<\/td>\n<\/tr>\n<tr>\n<td>Gumiabroncsok<\/td>\n<td>Kenda K1153 27.5\u2033X2.10\u2033 Kenda K1153 27.5\u2033X2.10\u2033<\/td>\n<\/tr>\n<tr>\n<td>Hubs<\/td>\n<td>Joytech \u00f6tv\u00f6z\u00f6tt csap\u00e1gyas t\u00e1rcs\u00e1s ker\u00e9kagy<\/td>\n<\/tr>\n<tr>\n<td>L\u00e1ncker\u00e9k<\/td>\n<td>SRAM NX Eagle BLK 34<\/td>\n<\/tr>\n<tr>\n<td>B.B K\u00e9szlet<\/td>\n<td>BB DUB BSA MTB73<\/td>\n<\/tr>\n<\/tbody>\n<\/table>","protected":false},"excerpt":{"rendered":"<p>A Galaxy X12 egy er\u0151teljes 27,5\u2033-es hegyiker\u00e9kp\u00e1r, amelyet kalandoz\u00e1sra \u00e9p\u00edtettek. K\u00f6nny\u0171, \u00f6tv\u00f6z\u00f6tt v\u00e1zzal, 12 sebess\u00e9ges SRAM NX Eagle hajt\u00e1sl\u00e1nccal \u00e9s Shimano hidraulikus t\u00e1rcsaf\u00e9kekkel rendelkezik, \u00edgy minden egyes \u00fat sor\u00e1n kontrollt, tart\u00f3ss\u00e1got \u00e9s izgalmat biztos\u00edt.<\/p>","protected":false},"featured_media":2650,"comment_status":"open","ping_status":"closed","template":"","meta":[],"product_brand":[34],"product_cat":[15],"product_tag":[],"class_list":{"0":"post-2649","1":"product","2":"type-product","3":"status-publish","4":"has-post-thumbnail","6":"product_brand-galaxy","7":"product_cat-galaxybicycle","9":"first","10":"instock","11":"shipping-taxable","12":"product-type-simple"},"_links":{"self":[{"href":"https:\/\/galaxybicycle.com\/hu\/wp-json\/wp\/v2\/product\/2649","targetHints":{"allow":["GET"]}}],"collection":[{"href":"https:\/\/galaxybicycle.com\/hu\/wp-json\/wp\/v2\/product"}],"about":[{"href":"https:\/\/galaxybicycle.com\/hu\/wp-json\/wp\/v2\/types\/product"}],"replies":[{"embeddable":true,"href":"https:\/\/galaxybicycle.com\/hu\/wp-json\/wp\/v2\/comments?post=2649"}],"wp:featuredmedia":[{"embeddable":true,"href":"https:\/\/galaxybicycle.com\/hu\/wp-json\/wp\/v2\/media\/2650"}],"wp:attachment":[{"href":"https:\/\/galaxybicycle.com\/hu\/wp-json\/wp\/v2\/media?parent=2649"}],"wp:term":[{"taxonomy":"product_brand","embeddable":true,"href":"https:\/\/galaxybicycle.com\/hu\/wp-json\/wp\/v2\/product_brand?post=2649"},{"taxonomy":"product_cat","embeddable":true,"href":"https:\/\/galaxybicycle.com\/hu\/wp-json\/wp\/v2\/product_cat?post=2649"},{"taxonomy":"product_tag","embeddable":true,"href":"https:\/\/galaxybicycle.com\/hu\/wp-json\/wp\/v2\/product_tag?post=2649"}],"curies":[{"name":"wp","href":"https:\/\/api.w.org\/{rel}","templated":true}]}}