{"id":2643,"date":"2025-08-18T03:42:37","date_gmt":"2025-08-18T03:42:37","guid":{"rendered":"http:\/\/galaxybicycle.com\/?post_type=product&#038;p=2643"},"modified":"2025-09-02T10:11:08","modified_gmt":"2025-09-02T10:11:08","slug":"xc60","status":"publish","type":"product","link":"https:\/\/galaxybicycle.com\/hu\/product\/xc60\/","title":{"rendered":"Galaxy XC60 Feln\u0151tt Mountain Bike | 30 sebess\u00e9ges Shimano hidraulikus t\u00e1rcsaf\u00e9kekkel"},"content":{"rendered":"<p>Emelje a hegyi ker\u00e9kp\u00e1roz\u00e1st a k\u00f6vetkez\u0151 szintre a <strong>Galaxy XC60 Feln\u0151tt Mountain Bike<\/strong>. Az er\u0151, a mozg\u00e9konys\u00e1g \u00e9s a pontoss\u00e1g \u00e9rdek\u00e9ben tervezett ker\u00e9kp\u00e1r t\u00f6k\u00e9letes a szabadt\u00e9ri sportok szerelmeseinek, akik megb\u00edzhat\u00f3 teljes\u00edtm\u00e9nyre v\u00e1gynak a r\u00f6g\u00f6s \u00f6sv\u00e9nyeken, meredek emelked\u0151k\u00f6n \u00e9s gyors lejt\u0151k\u00f6n.<br \/>\nA <strong>k\u00f6nny\u0171f\u00e9m v\u00e1z<\/strong> massz\u00edv, m\u00e9gis k\u00f6nnyen kezelhet\u0151, m\u00edg a <strong>30 sebess\u00e9ges Shimano v\u00e1lt\u00f3rendszer<\/strong> z\u00f6kken\u0151mentes v\u00e1lt\u00e1st \u00e9s sokoldal\u00fas\u00e1got biztos\u00edt minden vezet\u00e9si k\u00f6r\u00fclm\u00e9nyhez. Felszerelve <strong>Shimano MT200 hidraulikus t\u00e1rcsaf\u00e9kek<\/strong>, az XC60 er\u0151teljes \u00e9s egyenletes f\u00e9ker\u0151t biztos\u00edt m\u00e9g nedves vagy s\u00e1ros k\u00f6r\u00fclm\u00e9nyek k\u00f6z\u00f6tt is.<br \/>\nA <strong>\u00f6tv\u00f6z\u00f6tt koron\u00e1s magn\u00e9zium rug\u00f3villa RL felf\u00fcggeszt\u00e9ssel<\/strong> kiv\u00e1l\u00f3 \u00fct\u00e9scsillap\u00edt\u00e1st biztos\u00edt, lehet\u0151v\u00e9 t\u00e9ve, hogy hosszabb ideig \u00e9s k\u00e9nyelmesebben lovagolhasson. A k\u00f6vetkez\u0151vel p\u00e1ros\u00edtva <strong>Maxxis 26\u2033x2.10\u2033 gumik<\/strong> \u00e9s <strong>Joytech \u00f6tv\u00f6z\u00f6tt csap\u00e1gyaz\u00e1s\u00fa t\u00e1rcs\u00e1s ker\u00e9kt\u00e1rcs\u00e1k<\/strong>, kiv\u00e1l\u00f3 tapad\u00e1st, stabilit\u00e1st \u00e9s tart\u00f3ss\u00e1got biztos\u00edt. Ak\u00e1r erdei \u00f6sv\u00e9nyeken, ak\u00e1r szikl\u00e1s hegyi \u00f6sv\u00e9nyeken j\u00e1rsz, a Galaxy XC60 megb\u00edzhat\u00f3 t\u00e1rsad a kalandokban.<\/p>\n<h2>F\u0151 jellemz\u0151k<\/h2>\n<ul>\n<li><strong>Tart\u00f3s \u00f6tv\u00f6zetb\u0151l k\u00e9sz\u00fclt keret:<\/strong> Er\u0151s, m\u00e9gis k\u00f6nny\u0171 26\u2033x17\u2033 kialak\u00edt\u00e1s a stabilit\u00e1s \u00e9s a mozg\u00e9konys\u00e1g \u00e9rdek\u00e9ben.<\/li>\n<li><strong>30-sebess\u00e9ges Shimano v\u00e1lt\u00f3:<\/strong> Sima \u00e9s pontos v\u00e1lt\u00e1s minden terept\u00edpuson.<\/li>\n<li><strong>Hidraulikus t\u00e1rcsaf\u00e9kek:<\/strong> A Shimano MT200 rendszer megb\u00edzhat\u00f3 f\u00e9ker\u0151t biztos\u00edt.<\/li>\n<li><strong>Halad\u00f3 felf\u00fcggeszt\u00e9s:<\/strong> Az \u00f6tv\u00f6z\u00f6tt koron\u00e1j\u00fa magn\u00e9zium villa RL biztos\u00edtja a k\u00e9nyelmet \u00e9s az ir\u00e1ny\u00edthat\u00f3s\u00e1got.<\/li>\n<li><strong>Pr\u00e9mium gumiabroncsok \u00e9s ker\u00e9kagyak:<\/strong> A Maxxis gumiabroncsok Joytech ker\u00e9kagyakkal tapad\u00e1st \u00e9s tart\u00f3s teljes\u00edtm\u00e9nyt biztos\u00edtanak.<\/li>\n<li><strong>Min\u0151s\u00e9gi forgatty\u00fashajt\u00e1s:<\/strong> Prowheel TEN-601-TT 24\/32\/42T \u00f6tv\u00f6zetb\u0151l k\u00e9sz\u00fclt forgatty\u00fastag megb\u00edzhat\u00f3 B.B szettel.<\/li>\n<\/ul>\n<h2>M\u0171szaki adatok<\/h2>\n<table border=\"1\" cellspacing=\"0\" cellpadding=\"8\">\n<tbody>\n<tr>\n<th>Jellemz\u0151<\/th>\n<th>R\u00e9szletek<\/th>\n<\/tr>\n<tr>\n<td>Sebess\u00e9gek<\/td>\n<td>30 sebess\u00e9g<\/td>\n<\/tr>\n<tr>\n<td>Keret<\/td>\n<td>26\u2033x17\u2033 \u00f6tv\u00f6z\u00f6tt v\u00e1z<\/td>\n<\/tr>\n<tr>\n<td>Vill\u00e1k<\/td>\n<td>Alloy Crown magn\u00e9zium felf\u00fcggeszt\u00e9s villa RL-vel<\/td>\n<\/tr>\n<tr>\n<td>Fogasker\u00e9k rendszer<\/td>\n<td>Shimano SLM610 v\u00e1lt\u00f3 \/ FDM610 els\u0151 v\u00e1lt\u00f3 \/ RDM610 h\u00e1ts\u00f3 v\u00e1lt\u00f3<\/td>\n<\/tr>\n<tr>\n<td>F\u00e9krendszer<\/td>\n<td>Shimano MT200 hidraulikus t\u00e1rcsaf\u00e9k<\/td>\n<\/tr>\n<tr>\n<td>Gumiabroncsok<\/td>\n<td>Maxxis 26\u2033x2.10\u2033 gumiabroncs<\/td>\n<\/tr>\n<tr>\n<td>Hubs<\/td>\n<td>Joytech \u00f6tv\u00f6z\u00f6tt csap\u00e1gyas t\u00e1rcs\u00e1s ker\u00e9kagy<\/td>\n<\/tr>\n<tr>\n<td>L\u00e1ncker\u00e9k<\/td>\n<td>Prow<\/td>\n<\/tr>\n<\/tbody>\n<\/table>","protected":false},"excerpt":{"rendered":"<p>A Galaxy XC60 egy nagy teljes\u00edtm\u00e9ny\u0171 feln\u0151tt hegyiker\u00e9kp\u00e1r, amelyet a kalandot kedvel\u0151 versenyz\u0151knek \u00e9p\u00edtettek. Tart\u00f3s 26\u2033x17\u2033-es \u00f6tv\u00f6z\u00f6tt v\u00e1zzal, 30 sebess\u00e9ges Shimano v\u00e1lt\u00f3rendszerrel, hidraulikus t\u00e1rcsaf\u00e9kkel \u00e9s \u00e9rz\u00e9keny felf\u00fcggeszt\u00e9ssel b\u00e1rmilyen terepen biztos\u00edtja a sebess\u00e9get, az ir\u00e1ny\u00edt\u00e1st \u00e9s a k\u00e9nyelmet.<\/p>","protected":false},"featured_media":2644,"comment_status":"open","ping_status":"closed","template":"","meta":[],"product_brand":[34],"product_cat":[15],"product_tag":[],"class_list":{"0":"post-2643","1":"product","2":"type-product","3":"status-publish","4":"has-post-thumbnail","6":"product_brand-galaxy","7":"product_cat-galaxybicycle","9":"first","10":"instock","11":"shipping-taxable","12":"product-type-simple"},"_links":{"self":[{"href":"https:\/\/galaxybicycle.com\/hu\/wp-json\/wp\/v2\/product\/2643","targetHints":{"allow":["GET"]}}],"collection":[{"href":"https:\/\/galaxybicycle.com\/hu\/wp-json\/wp\/v2\/product"}],"about":[{"href":"https:\/\/galaxybicycle.com\/hu\/wp-json\/wp\/v2\/types\/product"}],"replies":[{"embeddable":true,"href":"https:\/\/galaxybicycle.com\/hu\/wp-json\/wp\/v2\/comments?post=2643"}],"wp:featuredmedia":[{"embeddable":true,"href":"https:\/\/galaxybicycle.com\/hu\/wp-json\/wp\/v2\/media\/2644"}],"wp:attachment":[{"href":"https:\/\/galaxybicycle.com\/hu\/wp-json\/wp\/v2\/media?parent=2643"}],"wp:term":[{"taxonomy":"product_brand","embeddable":true,"href":"https:\/\/galaxybicycle.com\/hu\/wp-json\/wp\/v2\/product_brand?post=2643"},{"taxonomy":"product_cat","embeddable":true,"href":"https:\/\/galaxybicycle.com\/hu\/wp-json\/wp\/v2\/product_cat?post=2643"},{"taxonomy":"product_tag","embeddable":true,"href":"https:\/\/galaxybicycle.com\/hu\/wp-json\/wp\/v2\/product_tag?post=2643"}],"curies":[{"name":"wp","href":"https:\/\/api.w.org\/{rel}","templated":true}]}}