{"id":2634,"date":"2025-08-18T03:41:01","date_gmt":"2025-08-18T03:41:01","guid":{"rendered":"http:\/\/galaxybicycle.com\/?post_type=product&#038;p=2634"},"modified":"2025-09-02T10:08:49","modified_gmt":"2025-09-02T10:08:49","slug":"tl860","status":"publish","type":"product","link":"https:\/\/galaxybicycle.com\/hu\/product\/tl860\/","title":{"rendered":"Galaxy TL860 feln\u0151tt t\u00faraker\u00e9kp\u00e1r | 27-sebess\u00e9ges Shimano \u00f6tv\u00f6z\u00f6tt v\u00e1zas ker\u00e9kp\u00e1r"},"content":{"rendered":"<p><strong>Galaxy TL860 feln\u0151tt t\u00faraker\u00e9kp\u00e1r<\/strong> a t\u00f6k\u00e9letes v\u00e1laszt\u00e1s azoknak a ker\u00e9kp\u00e1rosoknak, akik szeretik felfedezni a ny\u00edlt utakat \u00e9s \u00faj ker\u00e9kp\u00e1ros kalandokba bocs\u00e1tkozni. Er\u0151s, m\u00e9gis k\u00f6nny\u0171 <em>700C x 17\" \u00f6tv\u00f6z\u00f6tt v\u00e1z<\/em>, ez a ker\u00e9kp\u00e1r egyes\u00edti a sebess\u00e9get, a tart\u00f3ss\u00e1got \u00e9s a k\u00e9nyelmet egyetlen eleg\u00e1ns kialak\u00edt\u00e1sban.<\/p>\n<p>Felszerelve egy <strong>27 sebess\u00e9ges Shimano v\u00e1lt\u00f3rendszer<\/strong>, a TL860 lehet\u0151v\u00e9 teszi, hogy z\u00f6kken\u0151mentesen v\u00e1ltson a sebess\u00e9gfokozatok k\u00f6z\u00f6tt, hogy k\u00f6nnyed\u00e9n kezelje a s\u00edk aut\u00f3p\u00e1ly\u00e1kat, az emelked\u0151ket vagy a lejt\u0151s utakat. A <strong>Zoom teljes \u00f6tv\u00f6zetb\u0151l k\u00e9sz\u00fclt rug\u00f3s villa MLO-val<\/strong> fokozza a leng\u00e9scsillap\u00edt\u00e1st, \u00edgy egyenletesebb \u00e9s ellen\u0151rz\u00f6ttebb vezet\u00e9st biztos\u00edt, m\u00e9g egyenetlen fel\u00fcleten is.<\/p>\n<p>A biztons\u00e1g \u00e9s az ellen\u0151rz\u00e9s a legfontosabb, ez\u00e9rt a TL860 a k\u00f6vetkez\u0151kkel van felszerelve <strong>Shimano MT200 hidraulikus t\u00e1rcsaf\u00e9kek<\/strong> amelyek er\u0151teljes f\u00e9kez\u00e9si teljes\u00edtm\u00e9nyt ny\u00fajtanak minden id\u0151j\u00e1r\u00e1si k\u00f6r\u00fclm\u00e9nyek k\u00f6z\u00f6tt. A <strong>CST C-1446 700C x 40C gumiabroncsok<\/strong> kiv\u00e1l\u00f3 tapad\u00e1st \u00e9s stabilit\u00e1st biztos\u00edtanak, m\u00edg a Joytech t\u00e1rcs\u00e1s ker\u00e9kt\u00e1rcs\u00e1k egyenletes ker\u00e9kforg\u00e1st biztos\u00edtanak a hossz\u00fa t\u00e1v\u00fa kitart\u00e1s \u00e9rdek\u00e9ben.<\/p>\n<p>Ak\u00e1r tapasztalt t\u00far\u00e1z\u00f3, ak\u00e1r megb\u00edzhat\u00f3s\u00e1gra v\u00e1gy\u00f3 alkalmi motoros, a <strong>Galaxy TL860<\/strong> \u00fagy tervezt\u00e9k, hogy kiemelked\u0151 teljes\u00edtm\u00e9nyt, k\u00e9nyelmet \u00e9s sokoldal\u00fas\u00e1got biztos\u00edtson. A v\u00e1rosi ing\u00e1z\u00e1st\u00f3l a terepj\u00e1r\u00f3 kalandokig, ez a ker\u00e9kp\u00e1r k\u00e9szen \u00e1ll arra, hogy b\u00e1rhov\u00e1 elvigye, ahov\u00e1 az \u00fat vezet.<\/p>\n<h3>M\u0171szaki adatok<\/h3>\n<table border=\"1\" cellspacing=\"0\" cellpadding=\"8\">\n<tbody>\n<tr>\n<th>Jellemz\u0151<\/th>\n<th>R\u00e9szletek<\/th>\n<\/tr>\n<tr>\n<td>Sebess\u00e9gek<\/td>\n<td>27 sebess\u00e9g<\/td>\n<\/tr>\n<tr>\n<td>Keret<\/td>\n<td>700C x 17\u2033 \u00f6tv\u00f6z\u00f6tt v\u00e1z<\/td>\n<\/tr>\n<tr>\n<td>Vill\u00e1k<\/td>\n<td>Zoom teljes \u00f6tv\u00f6zetb\u0151l k\u00e9sz\u00fclt felf\u00fcggeszt\u00e9si villa MLO-val<\/td>\n<\/tr>\n<tr>\n<td>Fogasker\u00e9k rendszer<\/td>\n<td>Shimano FDTY500 els\u0151 v\u00e1lt\u00f3 \/ RDM370 h\u00e1ts\u00f3 v\u00e1lt\u00f3 \/ SLM2000 v\u00e1lt\u00f3 \/ CSHG2009 szabadonfut\u00f3<\/td>\n<\/tr>\n<tr>\n<td>F\u00e9krendszer<\/td>\n<td>Shimano MT200 hidraulikus t\u00e1rcsaf\u00e9k<\/td>\n<\/tr>\n<tr>\n<td>Gumiabroncsok<\/td>\n<td>CST C-1446 700C x 40C<\/td>\n<\/tr>\n<tr>\n<td>Hubs<\/td>\n<td>Joytech t\u00e1rcs\u00e1s ker\u00e9kagy<\/td>\n<\/tr>\n<tr>\n<td>L\u00e1ncker\u00e9k<\/td>\n<td>Shimano 24\/34\/42T \u00f6tv\u00f6zetb\u0151l k\u00e9sz\u00fclt forgatty\u00fa<\/td>\n<\/tr>\n<tr>\n<td>B.B. K\u00e9szlet<\/td>\n<td>Csap\u00e1gy B.B. k\u00e9szlet<\/td>\n<\/tr>\n<\/tbody>\n<\/table>","protected":false},"excerpt":{"rendered":"<p>A Galaxy TL860 egy nagy teljes\u00edtm\u00e9ny\u0171 feln\u0151tt t\u00faraker\u00e9kp\u00e1r, amelyet hossz\u00fa t\u00e1v\u00fa k\u00e9nyelemre \u00e9s kalandra terveztek. A k\u00f6nny\u0171 700C \u00f6tv\u00f6zetb\u0151l k\u00e9sz\u00fclt v\u00e1zzal, a 27 sebess\u00e9ges Shimano hajt\u00e1sl\u00e1nccal \u00e9s a hidraulikus t\u00e1rcsaf\u00e9kekkel ez a ker\u00e9kp\u00e1r sima utakra \u00e9s kih\u00edv\u00e1st jelent\u0151 terepekre egyar\u00e1nt alkalmas.<\/p>","protected":false},"featured_media":2635,"comment_status":"open","ping_status":"closed","template":"","meta":[],"product_brand":[34],"product_cat":[15],"product_tag":[],"class_list":{"0":"post-2634","1":"product","2":"type-product","3":"status-publish","4":"has-post-thumbnail","6":"product_brand-galaxy","7":"product_cat-galaxybicycle","9":"first","10":"instock","11":"shipping-taxable","12":"product-type-simple"},"_links":{"self":[{"href":"https:\/\/galaxybicycle.com\/hu\/wp-json\/wp\/v2\/product\/2634","targetHints":{"allow":["GET"]}}],"collection":[{"href":"https:\/\/galaxybicycle.com\/hu\/wp-json\/wp\/v2\/product"}],"about":[{"href":"https:\/\/galaxybicycle.com\/hu\/wp-json\/wp\/v2\/types\/product"}],"replies":[{"embeddable":true,"href":"https:\/\/galaxybicycle.com\/hu\/wp-json\/wp\/v2\/comments?post=2634"}],"wp:featuredmedia":[{"embeddable":true,"href":"https:\/\/galaxybicycle.com\/hu\/wp-json\/wp\/v2\/media\/2635"}],"wp:attachment":[{"href":"https:\/\/galaxybicycle.com\/hu\/wp-json\/wp\/v2\/media?parent=2634"}],"wp:term":[{"taxonomy":"product_brand","embeddable":true,"href":"https:\/\/galaxybicycle.com\/hu\/wp-json\/wp\/v2\/product_brand?post=2634"},{"taxonomy":"product_cat","embeddable":true,"href":"https:\/\/galaxybicycle.com\/hu\/wp-json\/wp\/v2\/product_cat?post=2634"},{"taxonomy":"product_tag","embeddable":true,"href":"https:\/\/galaxybicycle.com\/hu\/wp-json\/wp\/v2\/product_tag?post=2634"}],"curies":[{"name":"wp","href":"https:\/\/api.w.org\/{rel}","templated":true}]}}