{"id":2630,"date":"2025-08-18T03:40:22","date_gmt":"2025-08-18T03:40:22","guid":{"rendered":"http:\/\/galaxybicycle.com\/?post_type=product&#038;p=2630"},"modified":"2025-09-02T08:33:16","modified_gmt":"2025-09-02T08:33:16","slug":"m300e","status":"publish","type":"product","link":"https:\/\/galaxybicycle.com\/hu\/product\/m300e\/","title":{"rendered":"Velopro M300E Hossz\u00fa t\u00e1v\u00fa ing\u00e1z\u00f3, nagy l\u00e9pcs\u0151fokozat\u00fa eBike | 27,5 \"Shimano 21-sebess\u00e9ges elektromos ker\u00e9kp\u00e1r"},"content":{"rendered":"<p>Ismerje meg a <strong>Velopro M300E nagy hat\u00f3t\u00e1vols\u00e1g\u00fa ing\u00e1z\u00f3 eBike<\/strong>, az ide\u00e1lis partner a napi ing\u00e1z\u00e1shoz \u00e9s a h\u00e9tv\u00e9gi kalandokhoz. Er\u0151s 6061-es alum\u00ednium v\u00e1zzal \u00e9s \u00e9rz\u00e9keny Zoom \u00f6tv\u00f6zetb\u0151l k\u00e9sz\u00fclt rug\u00f3s vill\u00e1val tervezt\u00e9k, amely stabilit\u00e1st \u00e9s k\u00e9nyelmet biztos\u00edt a v\u00e1rosi utc\u00e1kon \u00e9s a k\u00f6nny\u0171 utakon egyar\u00e1nt.<\/p>\n<p>Felszerelve egy <strong>Bafang 36V 250W h\u00e1ts\u00f3 motor<\/strong> \u00e9s egy <strong>36V 10.4Ah akkumul\u00e1tor<\/strong>, ez az elektromos ker\u00e9kp\u00e1r egyenletes teljes\u00edtm\u00e9nyt ny\u00fajt a hosszabb utaz\u00e1sokhoz, seg\u00edt lek\u00fczdeni a dombokat \u00e9s \u00e9lvezni a hosszabb utakat an\u00e9lk\u00fcl, hogy megizzadna. A <strong>Shimano 21 sebess\u00e9ges v\u00e1lt\u00f3<\/strong> sokoldal\u00fa ir\u00e1ny\u00edt\u00e1st biztos\u00edt, ak\u00e1r egyenletes utaz\u00f3sebess\u00e9gre, ak\u00e1r extra emelked\u0151 teljes\u00edtm\u00e9nyre van sz\u00fcks\u00e9ge.<\/p>\n<p>A biztons\u00e1got a k\u00f6vetkez\u0151kkel helyezz\u00fck el\u0151t\u00e9rbe <strong>Logan mechanikus t\u00e1rcsaf\u00e9kek<\/strong> megb\u00edzhat\u00f3 f\u00e9kez\u0151er\u0151 minden k\u00f6r\u00fclm\u00e9nyek k\u00f6z\u00f6tt, m\u00edg a <strong>CST 27.5\" x 1.95 gumik<\/strong> kiv\u00e1l\u00f3 tapad\u00e1st \u00e9s k\u00e9nyelmet biztos\u00edt. A k\u00f6nnyen leolvashat\u00f3 LCD kijelz\u0151n egy pillant\u00e1ssal nyomon k\u00f6vetheti a sebess\u00e9get, az akkumul\u00e1tor \u00e9lettartam\u00e1t \u00e9s a seg\u00e9dszinteket.<\/p>\n<p>Ha keres egy <strong>megb\u00edzhat\u00f3, st\u00edlusos \u00e9s nagy hat\u00f3t\u00e1vols\u00e1g\u00fa ing\u00e1z\u00f3 eBike<\/strong> a megfizethet\u0151s\u00e9g \u00e9s a teljes\u00edtm\u00e9ny egyens\u00faly\u00e1t, az Velopro M300E az \u00d6n v\u00e1laszt\u00e1sa. Utazzon messzebbre, motorozzon okosabban, \u00e9s tegyen minden utaz\u00e1st \u00e9lvezetess\u00e9.<\/p>\n<h2>M\u0171szaki adatok<\/h2>\n<table border=\"1\" cellspacing=\"0\" cellpadding=\"6\">\n<tbody>\n<tr>\n<th>Komponens<\/th>\n<th>R\u00e9szletek<\/th>\n<\/tr>\n<tr>\n<td>Keret<\/td>\n<td>Alum\u00ednium 6061#, 27,5 x 470mm High-Step<\/td>\n<\/tr>\n<tr>\n<td>Vill\u00e1k<\/td>\n<td>Zoom 27.5\u2033 \u00f6tv\u00f6z\u00f6tt koron\u00e1s felf\u00fcggeszt\u00e9si villa HLO-val<\/td>\n<\/tr>\n<tr>\n<td>Derailleur<\/td>\n<td>Shimano 21 sebess\u00e9ges<\/td>\n<\/tr>\n<tr>\n<td>F\u00e9k<\/td>\n<td>Logan mechanikus t\u00e1rcsaf\u00e9k<\/td>\n<\/tr>\n<tr>\n<td>Gumiabroncs<\/td>\n<td>CST 27.5\u2033 (650B) x 1.95<\/td>\n<\/tr>\n<tr>\n<td>Megjelen\u00edt\u00e9s<\/td>\n<td>LCD<\/td>\n<\/tr>\n<tr>\n<td>Motor<\/td>\n<td>Bafang h\u00e1ts\u00f3 motor 36V x 250W<\/td>\n<\/tr>\n<tr>\n<td>Akkumul\u00e1tor<\/td>\n<td>36V 10.4Ah (k\u00ednai akkumul\u00e1tor)<\/td>\n<\/tr>\n<\/tbody>\n<\/table>","protected":false},"excerpt":{"rendered":"<p>Az Velopro M300E olyan motorosok sz\u00e1m\u00e1ra k\u00e9sz\u00fclt, akik megb\u00edzhat\u00f3 teljes\u00edtm\u00e9nyt, k\u00e9nyelmet \u00e9s hat\u00f3t\u00e1vols\u00e1got szeretn\u00e9nek. A magas l\u00e9pcs\u0151s 27,5\"-os v\u00e1zzal, a Shimano 21 sebess\u00e9ges v\u00e1lt\u00f3val \u00e9s az er\u0151teljes Bafang h\u00e1ts\u00f3 motorral ez az ing\u00e1z\u00f3 eBike z\u00f6kken\u0151mentess\u00e9, hat\u00e9konny\u00e1 \u00e9s \u00e9lvezetess\u00e9 teszi a v\u00e1rosi utaz\u00e1sokat \u00e9s a hossz\u00fa utakat.<\/p>","protected":false},"featured_media":2631,"comment_status":"open","ping_status":"closed","template":"","meta":[],"product_brand":[35],"product_cat":[31,27,38],"product_tag":[],"class_list":{"0":"post-2630","1":"product","2":"type-product","3":"status-publish","4":"has-post-thumbnail","6":"product_brand-velopro","7":"product_cat-mountain-ebike","8":"product_cat-city-ebike","9":"product_cat-velopro-electric-bikes","11":"first","12":"instock","13":"shipping-taxable","14":"product-type-simple"},"_links":{"self":[{"href":"https:\/\/galaxybicycle.com\/hu\/wp-json\/wp\/v2\/product\/2630","targetHints":{"allow":["GET"]}}],"collection":[{"href":"https:\/\/galaxybicycle.com\/hu\/wp-json\/wp\/v2\/product"}],"about":[{"href":"https:\/\/galaxybicycle.com\/hu\/wp-json\/wp\/v2\/types\/product"}],"replies":[{"embeddable":true,"href":"https:\/\/galaxybicycle.com\/hu\/wp-json\/wp\/v2\/comments?post=2630"}],"wp:featuredmedia":[{"embeddable":true,"href":"https:\/\/galaxybicycle.com\/hu\/wp-json\/wp\/v2\/media\/2631"}],"wp:attachment":[{"href":"https:\/\/galaxybicycle.com\/hu\/wp-json\/wp\/v2\/media?parent=2630"}],"wp:term":[{"taxonomy":"product_brand","embeddable":true,"href":"https:\/\/galaxybicycle.com\/hu\/wp-json\/wp\/v2\/product_brand?post=2630"},{"taxonomy":"product_cat","embeddable":true,"href":"https:\/\/galaxybicycle.com\/hu\/wp-json\/wp\/v2\/product_cat?post=2630"},{"taxonomy":"product_tag","embeddable":true,"href":"https:\/\/galaxybicycle.com\/hu\/wp-json\/wp\/v2\/product_tag?post=2630"}],"curies":[{"name":"wp","href":"https:\/\/api.w.org\/{rel}","templated":true}]}}