{"id":2626,"date":"2025-08-18T03:39:37","date_gmt":"2025-08-18T03:39:37","guid":{"rendered":"http:\/\/galaxybicycle.com\/?post_type=product&#038;p=2626"},"modified":"2025-09-02T09:05:13","modified_gmt":"2025-09-02T09:05:13","slug":"m700e","status":"publish","type":"product","link":"https:\/\/galaxybicycle.com\/hu\/product\/m700e\/","title":{"rendered":"Velopro M700E Hossz\u00fa t\u00e1v\u00fa ing\u00e1z\u00f3, nagy l\u00e9pcs\u0151fokozat\u00fa eBike | 27,5 \"Shimano 8-sebess\u00e9ges elektromos ker\u00e9kp\u00e1r"},"content":{"rendered":"<p><strong>Velopro M700E Nagy hat\u00f3t\u00e1vols\u00e1g\u00fa ing\u00e1z\u00f3, magas l\u00e9pcs\u0151s eBike<\/strong> a teljes\u00edtm\u00e9nyt, k\u00e9nyelmet \u00e9s st\u00edlust \u00e9rt\u00e9kel\u0151 lovasok sz\u00e1m\u00e1ra k\u00e9sz\u00fclt. Ak\u00e1r munk\u00e1ba ing\u00e1zik, ak\u00e1r \u00fcgyeket int\u00e9z, vagy h\u00e9tv\u00e9gi kir\u00e1ndul\u00e1sokat tesz, ez az elektromos ker\u00e9kp\u00e1r a modern technol\u00f3gi\u00e1t massz\u00edv konstrukci\u00f3val \u00f6tv\u00f6zi, hogy minden utaz\u00e1s \u00e9lvezetes \u00e9s stresszmentes legyen.<\/p>\n<p>K\u00f6nny\u0171 s\u00falya <strong>6061 alum\u00ednium \u00f6tv\u00f6zetb\u0151l k\u00e9sz\u00fclt keret<\/strong> biztos\u00edtja a tart\u00f3ss\u00e1got, mik\u00f6zben az utaz\u00e1s k\u00f6nnyen kezelhet\u0151 marad. A <strong>ZOOM \u00f6tv\u00f6z\u00f6tt koron\u00e1s felf\u00fcggeszt\u0151 villa<\/strong> elnyeli az \u00fct\u0151d\u00e9seket \u00e9s az egyenetlen utakat, \u00edgy sima utaz\u00e1st biztos\u00edt. Felszerelve <strong>Shimano 8 sebess\u00e9ges v\u00e1lt\u00f3<\/strong>, az M700E lehet\u0151v\u00e9 teszi, hogy gyorsan alkalmazkodjon a v\u00e1ltoz\u00f3 terepviszonyokhoz - legyen az egy s\u00edk v\u00e1rosi utca vagy egy dombos \u00fat.<\/p>\n<p>A biztons\u00e1gos \u00e9s \u00e9rz\u00e9keny f\u00e9ker\u0151 \u00e9rdek\u00e9ben a ker\u00e9kp\u00e1r a k\u00f6vetkez\u0151 jellemz\u0151kkel rendelkezik <strong>ZOOM mechanikus t\u00e1rcsaf\u00e9kek<\/strong>, \u00edgy minden id\u0151j\u00e1r\u00e1si k\u00f6r\u00fclm\u00e9nyek k\u00f6z\u00f6tt magabiztos lehet. A <strong>CST 27.5\" x 2.35 gumik<\/strong> kiv\u00e1l\u00f3 tapad\u00e1st \u00e9s stabilit\u00e1st biztos\u00edt, t\u00f6k\u00e9letes aszfaltozott utakra \u00e9s k\u00f6nny\u0171 \u00f6sv\u00e9nyekre egyar\u00e1nt. A <strong>h\u00e1ts\u00f3 ker\u00e9kagymotor (36V 250W)<\/strong> extra l\u00f6k\u00e9st ad, ha sz\u00fcks\u00e9ges, a motorja egy <strong>36V 10.4Ah akkumul\u00e1tor<\/strong> amely t\u00e1mogatja a hossz\u00fa t\u00e1v\u00fa utaz\u00e1sokat.<\/p>\n<p>A <strong>LCD kijelz\u0151<\/strong> val\u00f3s idej\u0171 friss\u00edt\u00e9sekkel t\u00e1j\u00e9koztatja \u00d6nt a sebess\u00e9gr\u0151l, az akkumul\u00e1tor t\u00f6lt\u00f6tts\u00e9gi idej\u00e9r\u0151l \u00e9s a vezet\u00e9si m\u00f3dr\u00f3l, \u00edgy biztos\u00edtva, hogy az eg\u00e9sz utaz\u00e1s alatt \u00d6nn\u00e9l maradjon az ir\u00e1ny\u00edt\u00e1s. Az Velopro M700E magas l\u00e9pcs\u0151s ing\u00e1z\u00f3 kialak\u00edt\u00e1s\u00e1val az er\u0151, a kitart\u00e1s \u00e9s a mindennapi praktikum ide\u00e1lis kever\u00e9ke.<\/p>\n<h3>M\u0171szaki adatok<\/h3>\n<table border=\"1\" cellspacing=\"0\" cellpadding=\"6\">\n<tbody>\n<tr>\n<th>Jellemz\u0151<\/th>\n<th>R\u00e9szletek<\/th>\n<\/tr>\n<tr>\n<td>Keret<\/td>\n<td>Alum\u00ednium \u00f6tv\u00f6zet 6061#, 27.5 x 18\u2033<\/td>\n<\/tr>\n<tr>\n<td>Vill\u00e1k<\/td>\n<td>ZOOM 27.5\u2033 \u00f6tv\u00f6z\u00f6tt koron\u00e1s felf\u00fcggeszt\u00e9si villa HLO-val<\/td>\n<\/tr>\n<tr>\n<td>Derailleur<\/td>\n<td>Shimano 8 sebess\u00e9ges<\/td>\n<\/tr>\n<tr>\n<td>F\u00e9kek<\/td>\n<td>ZOOM mechanikus t\u00e1rcsaf\u00e9k<\/td>\n<\/tr>\n<tr>\n<td>Gumiabroncsok<\/td>\n<td>CST 27.5\u2033 x 2.35<\/td>\n<\/tr>\n<tr>\n<td>Megjelen\u00edt\u00e9s<\/td>\n<td>LCD k\u00e9perny\u0151<\/td>\n<\/tr>\n<tr>\n<td>Motor<\/td>\n<td>H\u00e1ts\u00f3 ker\u00e9kagy motor 36V 250W<\/td>\n<\/tr>\n<tr>\n<td>Akkumul\u00e1tor<\/td>\n<td>36V 10.4Ah (k\u00ednai akkumul\u00e1tor)<\/td>\n<\/tr>\n<\/tbody>\n<\/table>","protected":false},"excerpt":{"rendered":"<p>Az Velopro M700E egy megb\u00edzhat\u00f3, nagy hat\u00f3t\u00e1vols\u00e1g\u00fa ing\u00e1z\u00f3 eBike, amelyet a v\u00e1rosi utc\u00e1kon \u00e9s azon k\u00edv\u00fcl is z\u00f6kken\u0151mentes utaz\u00e1sra terveztek. Magas l\u00e9pcs\u0151s alum\u00ednium v\u00e1z\u00e1val, 8 sebess\u00e9ges Shimano v\u00e1lt\u00f3ival, rug\u00f3s vill\u00e1j\u00e1val \u00e9s er\u0151teljes 36V-os motorj\u00e1val k\u00e9nyelemre, ir\u00e1ny\u00edthat\u00f3s\u00e1gra \u00e9s mindennapi kalandokra \u00e9p\u00fclt.<\/p>","protected":false},"featured_media":2627,"comment_status":"open","ping_status":"closed","template":"","meta":[],"product_brand":[35],"product_cat":[27,31,38],"product_tag":[],"class_list":{"0":"post-2626","1":"product","2":"type-product","3":"status-publish","4":"has-post-thumbnail","6":"product_brand-velopro","7":"product_cat-city-ebike","8":"product_cat-mountain-ebike","9":"product_cat-velopro-electric-bikes","11":"first","12":"instock","13":"shipping-taxable","14":"product-type-simple"},"_links":{"self":[{"href":"https:\/\/galaxybicycle.com\/hu\/wp-json\/wp\/v2\/product\/2626","targetHints":{"allow":["GET"]}}],"collection":[{"href":"https:\/\/galaxybicycle.com\/hu\/wp-json\/wp\/v2\/product"}],"about":[{"href":"https:\/\/galaxybicycle.com\/hu\/wp-json\/wp\/v2\/types\/product"}],"replies":[{"embeddable":true,"href":"https:\/\/galaxybicycle.com\/hu\/wp-json\/wp\/v2\/comments?post=2626"}],"wp:featuredmedia":[{"embeddable":true,"href":"https:\/\/galaxybicycle.com\/hu\/wp-json\/wp\/v2\/media\/2627"}],"wp:attachment":[{"href":"https:\/\/galaxybicycle.com\/hu\/wp-json\/wp\/v2\/media?parent=2626"}],"wp:term":[{"taxonomy":"product_brand","embeddable":true,"href":"https:\/\/galaxybicycle.com\/hu\/wp-json\/wp\/v2\/product_brand?post=2626"},{"taxonomy":"product_cat","embeddable":true,"href":"https:\/\/galaxybicycle.com\/hu\/wp-json\/wp\/v2\/product_cat?post=2626"},{"taxonomy":"product_tag","embeddable":true,"href":"https:\/\/galaxybicycle.com\/hu\/wp-json\/wp\/v2\/product_tag?post=2626"}],"curies":[{"name":"wp","href":"https:\/\/api.w.org\/{rel}","templated":true}]}}