{"id":2624,"date":"2025-08-18T03:39:16","date_gmt":"2025-08-18T03:39:16","guid":{"rendered":"http:\/\/galaxybicycle.com\/?post_type=product&#038;p=2624"},"modified":"2025-09-02T09:04:15","modified_gmt":"2025-09-02T09:04:15","slug":"m800e","status":"publish","type":"product","link":"https:\/\/galaxybicycle.com\/hu\/product\/m800e\/","title":{"rendered":"Velopro M800E All-Terrain Fat Tire elektromos ker\u00e9kp\u00e1r | 26 \"x 4.0\" kaland eBike"},"content":{"rendered":"<p><strong>Velopro M800E Terepj\u00e1r\u00f3 kaland e-ker\u00e9kp\u00e1r<\/strong> \u00fagy tervezt\u00e9k, hogy t\u00fall\u00e9pje a h\u00e9tk\u00f6znapi ker\u00e9kp\u00e1roz\u00e1s hat\u00e1rait. Ak\u00e1r r\u00f6g\u00f6s \u00f6sv\u00e9nyeket, homokos strandokat vagy havas \u00f6sv\u00e9nyeket fedezel fel, ez a k\u00f6v\u00e9r gumiabroncsos e-bike minden teker\u00e9s sor\u00e1n stabilit\u00e1st, tapad\u00e1st \u00e9s er\u0151t k\u00edn\u00e1l. Felszerelve egy megb\u00edzhat\u00f3 <strong>Bafang 36V 250W h\u00e1ts\u00f3 motor<\/strong> \u00e9s egy <strong>36V 10.4Ah akkumul\u00e1tor<\/strong>, a teljes\u00edtm\u00e9ny \u00e9s a hat\u00e9konys\u00e1g t\u00f6k\u00e9letes egyens\u00faly\u00e1t biztos\u00edtja a napi ing\u00e1z\u00e1shoz \u00e9s a h\u00e9tv\u00e9gi kalandokhoz.<\/p>\n<p>Az er\u0151s <strong>6061 alum\u00ednium \u00f6tv\u00f6zetb\u0151l k\u00e9sz\u00fclt keret<\/strong> tart\u00f3s ac\u00e9lvill\u00e1val p\u00e1rosul, amely magabiztoss\u00e1got ad az egyenetlen terepen. Sz\u00e9les <strong>Chaoyang 26\u00d74.0\" k\u00f6v\u00e9r gumiabroncsok<\/strong> fokozza a tapad\u00e1st \u00e9s elnyeli a r\u00e1zk\u00f3d\u00e1sokat, \u00edgy biztos\u00edtva a k\u00e9nyelmet b\u00e1rmilyen fel\u00fcleten. A <strong>Shimano 8 sebess\u00e9ges v\u00e1lt\u00f3<\/strong>, a lovasok k\u00f6nnyen alkalmazkodhatnak a s\u00edk v\u00e1rosi utakhoz vagy a meredek terep emelked\u0151kh\u00f6z. A f\u00e9kez\u0151er\u0151r\u0151l a <strong>Zoom mechanikus t\u00e1rcsaf\u00e9kek<\/strong>, k\u00f6vetkezetes ir\u00e1ny\u00edt\u00e1st biztos\u00edt minden id\u0151j\u00e1r\u00e1si k\u00f6r\u00fclm\u00e9nyek k\u00f6z\u00f6tt.<\/p>\n<p>A tov\u00e1bbi k\u00e9nyelem \u00e9rdek\u00e9ben a <strong>LCD kijelz\u0151<\/strong> naprak\u00e9szen t\u00e1j\u00e9koztat a sebess\u00e9gr\u0151l, a t\u00e1vols\u00e1gr\u00f3l \u00e9s az akkumul\u00e1tor \u00e9lettartam\u00e1r\u00f3l, megk\u00f6nny\u00edtve ezzel a t\u00far\u00e1k megtervez\u00e9s\u00e9t. Ak\u00e1r ing\u00e1z\u00f3, felfedez\u0151 vagy h\u00e9tv\u00e9gi harcos vagy, az Velopro M800E megb\u00edzhat\u00f3 partnered a terepj\u00e1r\u00f3s kalandokban.<\/p>\n<h3>M\u0171szaki adatok<\/h3>\n<table border=\"1\" cellspacing=\"0\" cellpadding=\"6\">\n<tbody>\n<tr>\n<th>Jellemz\u0151<\/th>\n<th>R\u00e9szletek<\/th>\n<\/tr>\n<tr>\n<td>Keret<\/td>\n<td>6061 alum\u00ednium \u00f6tv\u00f6zet, 26 x 457mm<\/td>\n<\/tr>\n<tr>\n<td>Vill\u00e1k<\/td>\n<td>26\" ac\u00e9lvilla<\/td>\n<\/tr>\n<tr>\n<td>Derailleur<\/td>\n<td>Shimano 8 sebess\u00e9ges<\/td>\n<\/tr>\n<tr>\n<td>F\u00e9kek<\/td>\n<td>Zoom mechanikus t\u00e1rcsaf\u00e9kek<\/td>\n<\/tr>\n<tr>\n<td>Gumiabroncsok<\/td>\n<td>Chaoyang 26\" x 4.0\" k\u00f6v\u00e9r gumiabroncsok<\/td>\n<\/tr>\n<tr>\n<td>Megjelen\u00edt\u00e9s<\/td>\n<td>LCD kijelz\u0151<\/td>\n<\/tr>\n<tr>\n<td>Motor<\/td>\n<td>36V 250W h\u00e1ts\u00f3 ker\u00e9kagymotor<\/td>\n<\/tr>\n<tr>\n<td>Akkumul\u00e1tor<\/td>\n<td>36V 10.4Ah l\u00edtium akkumul\u00e1tor<\/td>\n<\/tr>\n<\/tbody>\n<\/table>","protected":false},"excerpt":{"rendered":"<p>H\u00f3d\u00edtson meg minden utat az Velopro M800E All-Terrain eBike ker\u00e9kp\u00e1rral. Ez a k\u00f6nny\u0171 alum\u00ednium v\u00e1zzal, 26 \"x4.0\" m\u00e9ret\u0171, k\u00f6v\u00e9r gumiabroncsokkal \u00e9s 8 sebess\u00e9ges Shimano v\u00e1lt\u00f3val \u00e9p\u00edtett, strapab\u00edr\u00f3, er\u0151teljes ing\u00e1z\u00f3 \u00e9s kalandoz\u00e1sra k\u00e9sz e-bike egyes\u00edti a k\u00e9nyelmet, az ir\u00e1ny\u00edt\u00e1st \u00e9s a kitart\u00e1st a term\u00e9szetet kedvel\u0151 ker\u00e9kp\u00e1rosok sz\u00e1m\u00e1ra.<\/p>","protected":false},"featured_media":2625,"comment_status":"open","ping_status":"closed","template":"","meta":[],"product_brand":[35],"product_cat":[28,31,38],"product_tag":[],"class_list":{"0":"post-2624","1":"product","2":"type-product","3":"status-publish","4":"has-post-thumbnail","6":"product_brand-velopro","7":"product_cat-fat-tire-ebike","8":"product_cat-mountain-ebike","9":"product_cat-velopro-electric-bikes","11":"first","12":"instock","13":"shipping-taxable","14":"product-type-simple"},"_links":{"self":[{"href":"https:\/\/galaxybicycle.com\/hu\/wp-json\/wp\/v2\/product\/2624","targetHints":{"allow":["GET"]}}],"collection":[{"href":"https:\/\/galaxybicycle.com\/hu\/wp-json\/wp\/v2\/product"}],"about":[{"href":"https:\/\/galaxybicycle.com\/hu\/wp-json\/wp\/v2\/types\/product"}],"replies":[{"embeddable":true,"href":"https:\/\/galaxybicycle.com\/hu\/wp-json\/wp\/v2\/comments?post=2624"}],"wp:featuredmedia":[{"embeddable":true,"href":"https:\/\/galaxybicycle.com\/hu\/wp-json\/wp\/v2\/media\/2625"}],"wp:attachment":[{"href":"https:\/\/galaxybicycle.com\/hu\/wp-json\/wp\/v2\/media?parent=2624"}],"wp:term":[{"taxonomy":"product_brand","embeddable":true,"href":"https:\/\/galaxybicycle.com\/hu\/wp-json\/wp\/v2\/product_brand?post=2624"},{"taxonomy":"product_cat","embeddable":true,"href":"https:\/\/galaxybicycle.com\/hu\/wp-json\/wp\/v2\/product_cat?post=2624"},{"taxonomy":"product_tag","embeddable":true,"href":"https:\/\/galaxybicycle.com\/hu\/wp-json\/wp\/v2\/product_tag?post=2624"}],"curies":[{"name":"wp","href":"https:\/\/api.w.org\/{rel}","templated":true}]}}