{"id":2622,"date":"2025-08-18T03:38:58","date_gmt":"2025-08-18T03:38:58","guid":{"rendered":"http:\/\/galaxybicycle.com\/?post_type=product&#038;p=2622"},"modified":"2025-09-02T09:03:30","modified_gmt":"2025-09-02T09:03:30","slug":"m900e","status":"publish","type":"product","link":"https:\/\/galaxybicycle.com\/hu\/product\/m900e\/","title":{"rendered":"Velopro M900E Hossz\u00fa t\u00e1v\u00fa ing\u00e1z\u00f3, magas l\u00e9pcs\u0151s eBike | 27,5\u2033 kerekek, 10 sebess\u00e9ges Shimano, hidraulikus t\u00e1rcsaf\u00e9kek"},"content":{"rendered":"<p><strong>Velopro M900E Nagy hat\u00f3t\u00e1vols\u00e1g\u00fa ing\u00e1z\u00f3, magas l\u00e9pcs\u0151s eBike<\/strong> \u00fagy tervezt\u00e9k, hogy a teljes\u00edtm\u00e9ny, a k\u00e9nyelem \u00e9s az ir\u00e1ny\u00edt\u00e1s t\u00f6k\u00e9letes kever\u00e9ke legyen. A 27,5 h\u00fcvelykes kerekek CST abroncsokkal kiv\u00e1l\u00f3 stabilit\u00e1st biztos\u00edtanak, m\u00edg a Suntour \u00f6tv\u00f6z\u00f6tt koron\u00e1s felf\u00fcggeszt\u00e9s\u0171 villa kisim\u00edtja a r\u00f6g\u00f6s utakat. Felszerelve egy <strong>BAFANG 36V 250W h\u00e1ts\u00f3 motor<\/strong>, megb\u00edzhat\u00f3 seg\u00edts\u00e9get ny\u00fajt, hogy a hegym\u00e1sz\u00e1s \u00e9s a hossz\u00fa t\u00far\u00e1k k\u00f6nnyed\u00e9n menjenek.<\/p>\n<p>Ezt az eBike-ot egy <strong>36V 10.4Ah l\u00edtium akkumul\u00e1tor<\/strong> amely hossz\u00fa utakon is kitart, cs\u00f6kkentve a gyakori t\u00f6lt\u00e9s sz\u00fcks\u00e9gess\u00e9g\u00e9t. A <strong>Shimano 10 sebess\u00e9ges v\u00e1lt\u00f3<\/strong>, z\u00f6kken\u0151mentesen alkalmazkodhat a k\u00fcl\u00f6nb\u00f6z\u0151 terepviszonyokhoz, ak\u00e1r v\u00e1rosi utc\u00e1kon cirk\u00e1l, ak\u00e1r dombos \u00fatvonalakon v\u00e1g neki. A <strong>Zoom hidraulikus t\u00e1rcsaf\u00e9kek<\/strong> biztons\u00e1gos \u00e9s \u00e9rz\u00e9keny f\u00e9ker\u0151 biztos\u00edt\u00e1sa minden k\u00f6r\u00fclm\u00e9nyek k\u00f6z\u00f6tt.<\/p>\n<p>Ak\u00e1r munk\u00e1ba ing\u00e1zik, ak\u00e1r \u00fcgyeket int\u00e9z, vagy \u00faj utakat fedez fel, az Velopro M900E \u00fagy k\u00e9sz\u00fclt, hogy minden \u00fatra elk\u00eds\u00e9rje \u00d6nt k\u00e9nyelemmel, teljes\u00edtm\u00e9nnyel \u00e9s megb\u00edzhat\u00f3s\u00e1ggal.<\/p>\n<h3>M\u0171szaki adatok<\/h3>\n<table border=\"1\" cellspacing=\"0\" cellpadding=\"6\">\n<tbody>\n<tr>\n<th>Jellemz\u0151<\/th>\n<th>Specifik\u00e1ci\u00f3<\/th>\n<\/tr>\n<tr>\n<td>Keret<\/td>\n<td>AL, 6061#, 27.5*500MM, AL, 6061#, 27.5*500MM<\/td>\n<\/tr>\n<tr>\n<td>Vill\u00e1k<\/td>\n<td>Suntour 27.5\u2033 Alloy Crown felf\u00fcggeszt\u00e9si villa HLO-val<\/td>\n<\/tr>\n<tr>\n<td>Derailleur<\/td>\n<td>Shimano 10 sebess\u00e9ges<\/td>\n<\/tr>\n<tr>\n<td>F\u00e9kek<\/td>\n<td>Zoom hidraulikus t\u00e1rcsaf\u00e9kek<\/td>\n<\/tr>\n<tr>\n<td>Gumiabroncsok<\/td>\n<td>CST 27.5\u2033 x 2.35<\/td>\n<\/tr>\n<tr>\n<td>Megjelen\u00edt\u00e9s<\/td>\n<td>LCD<\/td>\n<\/tr>\n<tr>\n<td>Motor<\/td>\n<td>Bafang h\u00e1ts\u00f3 motor 36V*250W<\/td>\n<\/tr>\n<tr>\n<td>Akkumul\u00e1tor<\/td>\n<td>36V * 10.4Ah l\u00edtium akkumul\u00e1tor<\/td>\n<\/tr>\n<\/tbody>\n<\/table>","protected":false},"excerpt":{"rendered":"<p>Az Velopro M900E olyan motorosok sz\u00e1m\u00e1ra k\u00e9sz\u00fclt, akik minden nap sima, er\u0151teljes \u00e9s hat\u00e9kony utaz\u00e1st szeretn\u00e9nek. Bafang h\u00e1ts\u00f3 motorral, hossz\u00fa \u00e9lettartam\u00fa akkumul\u00e1torral, Shimano 10 sebess\u00e9ges v\u00e1lt\u00f3val \u00e9s hidraulikus t\u00e1rcsaf\u00e9kkel ez a nagy l\u00e9pcs\u0151fokozat\u00fa ing\u00e1z\u00f3 eBike t\u00f6k\u00e9letes a hossz\u00fa t\u00e1v\u00fa utaz\u00e1sokhoz \u00e9s a napi ing\u00e1z\u00e1shoz.<\/p>","protected":false},"featured_media":2623,"comment_status":"open","ping_status":"closed","template":"","meta":[],"product_brand":[35],"product_cat":[27,31,38],"product_tag":[],"class_list":{"0":"post-2622","1":"product","2":"type-product","3":"status-publish","4":"has-post-thumbnail","6":"product_brand-velopro","7":"product_cat-city-ebike","8":"product_cat-mountain-ebike","9":"product_cat-velopro-electric-bikes","11":"first","12":"instock","13":"shipping-taxable","14":"product-type-simple"},"_links":{"self":[{"href":"https:\/\/galaxybicycle.com\/hu\/wp-json\/wp\/v2\/product\/2622","targetHints":{"allow":["GET"]}}],"collection":[{"href":"https:\/\/galaxybicycle.com\/hu\/wp-json\/wp\/v2\/product"}],"about":[{"href":"https:\/\/galaxybicycle.com\/hu\/wp-json\/wp\/v2\/types\/product"}],"replies":[{"embeddable":true,"href":"https:\/\/galaxybicycle.com\/hu\/wp-json\/wp\/v2\/comments?post=2622"}],"wp:featuredmedia":[{"embeddable":true,"href":"https:\/\/galaxybicycle.com\/hu\/wp-json\/wp\/v2\/media\/2623"}],"wp:attachment":[{"href":"https:\/\/galaxybicycle.com\/hu\/wp-json\/wp\/v2\/media?parent=2622"}],"wp:term":[{"taxonomy":"product_brand","embeddable":true,"href":"https:\/\/galaxybicycle.com\/hu\/wp-json\/wp\/v2\/product_brand?post=2622"},{"taxonomy":"product_cat","embeddable":true,"href":"https:\/\/galaxybicycle.com\/hu\/wp-json\/wp\/v2\/product_cat?post=2622"},{"taxonomy":"product_tag","embeddable":true,"href":"https:\/\/galaxybicycle.com\/hu\/wp-json\/wp\/v2\/product_tag?post=2622"}],"curies":[{"name":"wp","href":"https:\/\/api.w.org\/{rel}","templated":true}]}}