{"id":2620,"date":"2025-08-18T03:38:39","date_gmt":"2025-08-18T03:38:39","guid":{"rendered":"http:\/\/galaxybicycle.com\/?post_type=product&#038;p=2620"},"modified":"2025-09-03T09:30:25","modified_gmt":"2025-09-03T09:30:25","slug":"f030e","status":"publish","type":"product","link":"https:\/\/galaxybicycle.com\/hu\/product\/f030e\/","title":{"rendered":"Velopro F030E \u00d6sszecsukhat\u00f3 elektromos ker\u00e9kp\u00e1r | Kompakt, k\u00f6nny\u0171 \u00e9s v\u00e1rosbar\u00e1t elektromos ker\u00e9kp\u00e1r"},"content":{"rendered":"<p><strong>Velopro F030E \u00f6sszecsukhat\u00f3 elektromos ker\u00e9kp\u00e1r<\/strong> az \u00d6n intelligens t\u00e1rsa a modern v\u00e1rosi \u00e9letben. Az er\u0151s ac\u00e9lv\u00e1zzal \u00e9p\u00edtett \u00e9s 36 V-os, 250 W-os nagysebess\u00e9g\u0171 motorral hajtott e-bike egyszerre megb\u00edzhat\u00f3 \u00e9s st\u00edlusos. \u00d6sszecsukhat\u00f3 kialak\u00edt\u00e1s\u00e1nak k\u00f6sz\u00f6nhet\u0151en k\u00f6nnyen t\u00e1rolhat\u00f3 otthon, az irod\u00e1ban vagy ak\u00e1r az aut\u00f3 csomagtart\u00f3j\u00e1ban - ide\u00e1lis ing\u00e1z\u00f3knak \u00e9s utaz\u00f3knak egyar\u00e1nt.<\/p>\n<p>Egy <strong>36V 7.8Ah akkumul\u00e1tor<\/strong> a kiv\u00e1l\u00f3 min\u0151s\u00e9g\u0171 DMEGC sejtek haszn\u00e1lat\u00e1val \u00e9lvezheti a lovagl\u00e1s tartom\u00e1ny\u00e1t <strong>30-40KM<\/strong> egyetlen t\u00f6lt\u00e9ssel. A hat\u00e9kony t\u00f6lt\u0151rendszer mind\u00f6ssze 4 \u00f3r\u00e1t vesz ig\u00e9nybe, \u00edgy pillanatok alatt k\u00e9szen \u00e1ll a haszn\u00e1latra. A <strong>Shimano 7 sebess\u00e9ges v\u00e1lt\u00f3<\/strong> rugalmass\u00e1got biztos\u00edt a k\u00fcl\u00f6nb\u00f6z\u0151 terepviszonyokhoz, m\u00edg a <strong>mechanikus t\u00e1rcsaf\u00e9kek<\/strong> mindk\u00e9t ker\u00e9ken biztons\u00e1gos \u00e9s \u00e9rz\u00e9keny f\u00e9ker\u0151t biztos\u00edt.<\/p>\n<p>Ak\u00e1r munk\u00e1ba megy, ak\u00e1r \u00fcgyeket int\u00e9z, vagy \u00faj helyeket fedez fel, az Velopro F030E-t \u00fagy tervezt\u00e9k, hogy k\u00e9nyelmet, st\u00edlust \u00e9s praktikumot biztos\u00edtson \u00d6nnek. Fel van szerelve <strong>els\u0151 \u00e9s h\u00e1ts\u00f3 l\u00e1mp\u00e1k<\/strong>, s\u00e1rv\u00e9d\u0151kkel, h\u00e1ts\u00f3 csomagtart\u00f3val \u00e9s cseng\u0151vel, \u00edgy egy teljesen felszerelt e-bike mindennapi haszn\u00e1latra. A <strong>IP54 v\u00edz\u00e1ll\u00f3 besorol\u00e1s<\/strong> \u00e9s az \u00f6sszecsukhat\u00f3 f\u00e9lig alum\u00ednium ped\u00e1loknak k\u00f6sz\u00f6nhet\u0151en tart\u00f3s \u00e9s felhaszn\u00e1l\u00f3bar\u00e1t minden id\u0151j\u00e1r\u00e1si k\u00f6r\u00fclm\u00e9nyek k\u00f6z\u00f6tt.<\/p>\n<h3>M\u0171szaki adatok<\/h3>\n<table border=\"1\" cellspacing=\"0\" cellpadding=\"6\">\n<tbody>\n<tr>\n<th>Oszt\u00e1lyoz\u00e1s<\/th>\n<th>M\u0171szaki adatok<\/th>\n<th>Param\u00e9terek<\/th>\n<\/tr>\n<tr>\n<td>Akkumul\u00e1tor<\/td>\n<td>36V7.8AH (DMEGC 30Cells)<\/td>\n<td>Ak\u00e1r 30-40KM hat\u00f3t\u00e1vols\u00e1g<\/td>\n<\/tr>\n<tr>\n<td>Motor<\/td>\n<td>36V 250W nagy sebess\u00e9g\u0171<\/td>\n<td>V\u00e9gsebess\u00e9g 25KM\/H<\/td>\n<\/tr>\n<tr>\n<td>Lovagl\u00e1si m\u00f3dok<\/td>\n<td>PAS 3 \u00fczemm\u00f3dok<\/td>\n<td>Nincs g\u00e1zped\u00e1l<\/td>\n<\/tr>\n<tr>\n<td>T\u00f6lt\u0151<\/td>\n<td>42V2A<\/td>\n<td>T\u00f6lt\u00e9si id\u0151 4H<\/td>\n<\/tr>\n<tr>\n<td>Megjelen\u00edt\u00e9s<\/td>\n<td>LCD kijelz\u0151<\/td>\n<td>Sebess\u00e9g\u00e9rz\u00e9kel\u0151 12 fogasker\u00e9k<\/td>\n<\/tr>\n<tr>\n<td>F\u00e9nyek<\/td>\n<td>Els\u0151 \u00e9s h\u00e1ts\u00f3 l\u00e1mp\u00e1k<\/td>\n<td>Igen<\/td>\n<\/tr>\n<tr>\n<td>Keret<\/td>\n<td>Kiv\u00e1l\u00f3 min\u0151s\u00e9g\u0171 ac\u00e9l<\/td>\n<td>\u00d6sszecsukhat\u00f3 keret<\/td>\n<\/tr>\n<tr>\n<td>Ker\u00e9km\u00e9ret<\/td>\n<td>20*1.95''<\/td>\n<td>Kenda gumiabroncsok<\/td>\n<\/tr>\n<tr>\n<td>S\u00faly<\/td>\n<td>Nett\u00f3: 22KGS<\/td>\n<td>Brutt\u00f3: 29KGS<\/td>\n<\/tr>\n<tr>\n<td>Hasznos teher<\/td>\n<td>Maxim\u00e1lis kapacit\u00e1s<\/td>\n<td>150KGS<\/td>\n<\/tr>\n<tr>\n<td>M\u00e1sz\u00e1s Kapacit\u00e1s<\/td>\n<td>Gradiens<\/td>\n<td>15\u00b0<\/td>\n<\/tr>\n<tr>\n<td>\u00c1tvitel<\/td>\n<td>Shimano 7 sebess\u00e9ges<\/td>\n<td>L\u00e1nc 1\/2\u2033 * 3\/32\u2033 * 108L<\/td>\n<\/tr>\n<tr>\n<td>F\u00e9kek<\/td>\n<td>Mechanikus t\u00e1rcsaf\u00e9kek<\/td>\n<td>El\u00f6l \u00e9s h\u00e1tul<\/td>\n<\/tr>\n<tr>\n<td>Egy\u00e9b jellemz\u0151k<\/td>\n<td>Harang, s\u00e1rv\u00e9d\u0151k, h\u00e1ts\u00f3 csomagtart\u00f3<\/td>\n<td>IP54 v\u00edz\u00e1ll\u00f3<\/td>\n<\/tr>\n<tr>\n<td>Csomagol\u00e1s<\/td>\n<td>95*41*69cm<\/td>\n<td>240 k\u00e9szlet\/40HQ<\/td>\n<\/tr>\n<\/tbody>\n<\/table>\n<p><strong>Mi\u00e9rt v\u00e1lassza az Velopro F030E-t?<\/strong><\/p>\n<ul>\n<li>K\u00f6nny\u0171 \u00e9s \u00f6sszecsukhat\u00f3 kialak\u00edt\u00e1s a k\u00f6nny\u0171 sz\u00e1ll\u00edt\u00e1s \u00e9s t\u00e1rol\u00e1s \u00e9rdek\u00e9ben.<\/li>\n<li>Megb\u00edzhat\u00f3 36V-os akkumul\u00e1tor 30-40KM hat\u00f3t\u00e1vols\u00e1ggal a mindennapi utaz\u00e1sokhoz.<\/li>\n<li>Biztons\u00e1gos \u00e9s er\u0151s els\u0151 \u00e9s h\u00e1ts\u00f3 mechanikus t\u00e1rcsaf\u00e9kekkel.<\/li>\n<li>Teljesen felszerelt l\u00e1mp\u00e1kkal, cseng\u0151vel, h\u00e1ts\u00f3 csomagtart\u00f3val \u00e9s s\u00e1rv\u00e9d\u0151kkel.<\/li>\n<li>Shimano 7 sebess\u00e9ges v\u00e1lt\u00f3rendszer a sima v\u00e1lt\u00e1s\u00e9rt minden terepen.<\/li>\n<\/ul>\n<p>Emelje a v\u00e1rosi motoroz\u00e1s \u00e9lm\u00e9ny\u00e9t a k\u00f6vetkez\u0151 szintre a <strong>Velopro F030E \u00f6sszecsukhat\u00f3 elektromos ker\u00e9kp\u00e1r<\/strong>-a teljes\u00edtm\u00e9ny, a k\u00e9nyelem \u00e9s a st\u00edlus t\u00f6k\u00e9letes kever\u00e9ke.<\/p>","protected":false},"excerpt":{"rendered":"<p>Az Velopro F030E egy kompakt, \u00f6sszecsukhat\u00f3 elektromos ker\u00e9kp\u00e1r, amelyet a k\u00e9nyelmet, hordozhat\u00f3s\u00e1got \u00e9s teljes\u00edtm\u00e9nyt keres\u0151 v\u00e1rosi ker\u00e9kp\u00e1rosok sz\u00e1m\u00e1ra terveztek. A 36V250W-os motorral, 3 vezet\u00e9si m\u00f3ddal \u00e9s massz\u00edv ac\u00e9lv\u00e1zzal t\u00f6k\u00e9letes v\u00e1laszt\u00e1s ing\u00e1z\u00e1shoz, szabadid\u0151s t\u00far\u00e1khoz vagy h\u00e9tv\u00e9gi kalandokhoz.<\/p>","protected":false},"featured_media":2621,"comment_status":"open","ping_status":"closed","template":"","meta":[],"product_brand":[35],"product_cat":[27,32,38],"product_tag":[],"class_list":{"0":"post-2620","1":"product","2":"type-product","3":"status-publish","4":"has-post-thumbnail","6":"product_brand-velopro","7":"product_cat-city-ebike","8":"product_cat-foldable-ebike","9":"product_cat-velopro-electric-bikes","11":"first","12":"instock","13":"shipping-taxable","14":"product-type-simple"},"_links":{"self":[{"href":"https:\/\/galaxybicycle.com\/hu\/wp-json\/wp\/v2\/product\/2620","targetHints":{"allow":["GET"]}}],"collection":[{"href":"https:\/\/galaxybicycle.com\/hu\/wp-json\/wp\/v2\/product"}],"about":[{"href":"https:\/\/galaxybicycle.com\/hu\/wp-json\/wp\/v2\/types\/product"}],"replies":[{"embeddable":true,"href":"https:\/\/galaxybicycle.com\/hu\/wp-json\/wp\/v2\/comments?post=2620"}],"wp:featuredmedia":[{"embeddable":true,"href":"https:\/\/galaxybicycle.com\/hu\/wp-json\/wp\/v2\/media\/2621"}],"wp:attachment":[{"href":"https:\/\/galaxybicycle.com\/hu\/wp-json\/wp\/v2\/media?parent=2620"}],"wp:term":[{"taxonomy":"product_brand","embeddable":true,"href":"https:\/\/galaxybicycle.com\/hu\/wp-json\/wp\/v2\/product_brand?post=2620"},{"taxonomy":"product_cat","embeddable":true,"href":"https:\/\/galaxybicycle.com\/hu\/wp-json\/wp\/v2\/product_cat?post=2620"},{"taxonomy":"product_tag","embeddable":true,"href":"https:\/\/galaxybicycle.com\/hu\/wp-json\/wp\/v2\/product_tag?post=2620"}],"curies":[{"name":"wp","href":"https:\/\/api.w.org\/{rel}","templated":true}]}}