{"id":2616,"date":"2025-08-18T03:37:55","date_gmt":"2025-08-18T03:37:55","guid":{"rendered":"http:\/\/galaxybicycle.com\/?post_type=product&#038;p=2616"},"modified":"2025-09-02T09:01:52","modified_gmt":"2025-09-02T09:01:52","slug":"f600e","status":"publish","type":"product","link":"https:\/\/galaxybicycle.com\/hu\/product\/f600e\/","title":{"rendered":"Velopro F600E \u00d6sszecsukhat\u00f3 k\u00f6v\u00e9r gumiabroncsos elektromos ker\u00e9kp\u00e1r | 20\u2033x4\u2033 All-Terrain eBike"},"content":{"rendered":"<p><strong>Velopro F600E Friss\u00edtett k\u00f6v\u00e9r gumiabroncs \u00f6sszecsukhat\u00f3 eBike<\/strong> olyan motorosok sz\u00e1m\u00e1ra k\u00e9sz\u00fclt, akik sokoldal\u00fas\u00e1gra, teljes\u00edtm\u00e9nyre \u00e9s k\u00e9nyelemre v\u00e1gynak. A <em>20\u2033 x 4\u2033 Chaoyang zs\u00edrgumik<\/em> stabilit\u00e1st \u00e9s tapad\u00e1st biztos\u00edt homokon, havon, kavicson \u00e9s v\u00e1rosi utc\u00e1kon. A k\u00f6nny\u0171 <strong>6061 alum\u00ednium \u00f6tv\u00f6zetb\u0151l k\u00e9sz\u00fclt keret<\/strong> k\u00f6nnyen \u00f6sszecsukhat\u00f3, \u00edgy t\u00f6k\u00e9letes utaz\u00e1shoz, lak\u00e1sban val\u00f3 t\u00e1rol\u00e1shoz vagy az aut\u00f3 csomagtart\u00f3j\u00e1ba val\u00f3 elhelyez\u00e9shez.<\/p>\n<p>Megb\u00edzhat\u00f3 <strong>36V 350W-os h\u00e1ts\u00f3 ker\u00e9kagymotor<\/strong> \u00e9s <strong>36V 10Ah akkumul\u00e1tor<\/strong>, \u00e9lvezni fogja a k\u00f6nnyed utaz\u00e1st ped\u00e1lseg\u00edts\u00e9ggel vagy g\u00e1zad\u00e1ssal. A <strong>Shimano 7 sebess\u00e9ges hajt\u00e1sl\u00e1nc<\/strong> lehet\u0151v\u00e9 teszi a dombok \u00e9s egyenes utak z\u00f6kken\u0151mentes lek\u00fczd\u00e9s\u00e9t, m\u00edg a <strong>ZOOM mechanikus t\u00e1rcsaf\u00e9kek<\/strong> magabiztos f\u00e9khat\u00e1s b\u00e1rmilyen id\u0151j\u00e1r\u00e1si k\u00f6r\u00fclm\u00e9nyek k\u00f6z\u00f6tt.<\/p>\n<p>Ak\u00e1r munk\u00e1ba ing\u00e1zol, ak\u00e1r p\u00e1ly\u00e1kat fedezel fel, vagy csak sz\u00f3rakoz\u00e1sb\u00f3l motorozol, az Velopro F600E a k\u00e9nyelem, az ir\u00e1ny\u00edthat\u00f3s\u00e1g \u00e9s a kaland t\u00f6k\u00e9letes kever\u00e9k\u00e9t k\u00edn\u00e1lja.<\/p>\n<h2>Mi\u00e9rt v\u00e1lassza az Velopro F600E-t?<\/h2>\n<ul>\n<li><strong>\u00d6sszecsukhat\u00f3 kialak\u00edt\u00e1s:<\/strong> K\u00f6nnyen t\u00e1rolhat\u00f3, sz\u00e1ll\u00edthat\u00f3 \u00e9s hordozhat\u00f3 \u00fatk\u00f6zben.<\/li>\n<li><strong>K\u00f6v\u00e9r gumiabroncsok (20\u2033 x 4\u2033):<\/strong> Magabiztos motoroz\u00e1s havon, homokon vagy r\u00f6g\u00f6s utakon.<\/li>\n<li><strong>Megb\u00edzhat\u00f3 teljes\u00edtm\u00e9ny:<\/strong> A 36 V-os 350 W-os h\u00e1ts\u00f3 motor egyenletes \u00e9s egyenletes gyorsul\u00e1st biztos\u00edt.<\/li>\n<li><strong>Shimano 7-sebess\u00e9ges sebess\u00e9gv\u00e1lt\u00f3:<\/strong> K\u00f6nnyed\u00e9n alkalmazkodik az emelked\u0151kh\u00f6z vagy a s\u00edk utakhoz.<\/li>\n<li><strong>Tart\u00f3s fel\u00e9p\u00edt\u00e9s:<\/strong> 6061 alum\u00ednium\u00f6tv\u00f6zetb\u0151l k\u00e9sz\u00fclt v\u00e1z, amely az er\u0151ss\u00e9g \u00e9s a hossz\u00fa \u00e9lettartam \u00e9rdek\u00e9ben k\u00e9sz\u00fclt.<\/li>\n<li><strong>Els\u0151 a biztons\u00e1g:<\/strong> A ZOOM t\u00e1rcsaf\u00e9kek egyenletes f\u00e9ker\u0151t biztos\u00edtanak.<\/li>\n<li><strong>Kompakt LCD kijelz\u0151:<\/strong> A sebess\u00e9g, az akkumul\u00e1tor t\u00f6lt\u00f6tts\u00e9gi szintje \u00e9s a lovagl\u00e1si m\u00f3d egy pillant\u00e1ssal nyomon k\u00f6vethet\u0151.<\/li>\n<\/ul>\n<h2>M\u0171szaki adatok<\/h2>\n<table border=\"1\" cellspacing=\"0\" cellpadding=\"6\">\n<tbody>\n<tr>\n<th>Komponens<\/th>\n<th>R\u00e9szletek<\/th>\n<\/tr>\n<tr>\n<td>Keret<\/td>\n<td>6061 alum\u00ednium \u00f6tv\u00f6zet, 20\u2033<\/td>\n<\/tr>\n<tr>\n<td>Vill\u00e1k<\/td>\n<td>20\u2033 \u00f6tv\u00f6z\u00f6tt villa<\/td>\n<\/tr>\n<tr>\n<td>Derailleur<\/td>\n<td>Shimano 7 sebess\u00e9ges<\/td>\n<\/tr>\n<tr>\n<td>F\u00e9kek<\/td>\n<td>ZOOM mechanikus t\u00e1rcsaf\u00e9kek<\/td>\n<\/tr>\n<tr>\n<td>Gumiabroncsok<\/td>\n<td>Chaoyang 20\u2033 x 4.0 k\u00f6v\u00e9r gumiabroncsok<\/td>\n<\/tr>\n<tr>\n<td>Megjelen\u00edt\u00e9s<\/td>\n<td>LCD k\u00e9perny\u0151<\/td>\n<\/tr>\n<tr>\n<td>Motor<\/td>\n<td>H\u00e1ts\u00f3 ker\u00e9kagymotor 36V 350W<\/td>\n<\/tr>\n<tr>\n<td>Akkumul\u00e1tor<\/td>\n<td>36V 10Ah l\u00edtium akkumul\u00e1tor<\/td>\n<\/tr>\n<\/tbody>\n<\/table>\n<p><em>Tapasztalja meg a szabads\u00e1got \u00e9s az er\u0151t az Velopro F600E-vel - a kompakt, \u00f6sszecsukhat\u00f3, k\u00f6v\u00e9r gumiabroncsos eBike, amelyet minden kalandhoz terveztek.<\/em><\/p>","protected":false},"excerpt":{"rendered":"<p>Az Velopro F600E egy tov\u00e1bbfejlesztett, \u00f6sszecsukhat\u00f3 elektromos ker\u00e9kp\u00e1r 20\u2033 x 4\u2033 m\u00e9ret\u0171 k\u00f6v\u00e9r gumikkal, nagy teljes\u00edtm\u00e9ny\u0171 36V-os 350W-os motorral \u00e9s Shimano 7 sebess\u00e9ges v\u00e1lt\u00f3val. T\u00f6k\u00e9letes v\u00e1rosi ing\u00e1z\u00e1shoz \u00e9s terepj\u00e1r\u00f3 kalandokhoz, a kompakt hordozhat\u00f3s\u00e1got robusztus teljes\u00edtm\u00e9nnyel \u00f6tv\u00f6zi.<\/p>","protected":false},"featured_media":2617,"comment_status":"open","ping_status":"closed","template":"","meta":[],"product_brand":[35],"product_cat":[27,28,32,38],"product_tag":[],"class_list":{"0":"post-2616","1":"product","2":"type-product","3":"status-publish","4":"has-post-thumbnail","6":"product_brand-velopro","7":"product_cat-city-ebike","8":"product_cat-fat-tire-ebike","9":"product_cat-foldable-ebike","10":"product_cat-velopro-electric-bikes","12":"first","13":"instock","14":"shipping-taxable","15":"product-type-simple"},"_links":{"self":[{"href":"https:\/\/galaxybicycle.com\/hu\/wp-json\/wp\/v2\/product\/2616","targetHints":{"allow":["GET"]}}],"collection":[{"href":"https:\/\/galaxybicycle.com\/hu\/wp-json\/wp\/v2\/product"}],"about":[{"href":"https:\/\/galaxybicycle.com\/hu\/wp-json\/wp\/v2\/types\/product"}],"replies":[{"embeddable":true,"href":"https:\/\/galaxybicycle.com\/hu\/wp-json\/wp\/v2\/comments?post=2616"}],"wp:featuredmedia":[{"embeddable":true,"href":"https:\/\/galaxybicycle.com\/hu\/wp-json\/wp\/v2\/media\/2617"}],"wp:attachment":[{"href":"https:\/\/galaxybicycle.com\/hu\/wp-json\/wp\/v2\/media?parent=2616"}],"wp:term":[{"taxonomy":"product_brand","embeddable":true,"href":"https:\/\/galaxybicycle.com\/hu\/wp-json\/wp\/v2\/product_brand?post=2616"},{"taxonomy":"product_cat","embeddable":true,"href":"https:\/\/galaxybicycle.com\/hu\/wp-json\/wp\/v2\/product_cat?post=2616"},{"taxonomy":"product_tag","embeddable":true,"href":"https:\/\/galaxybicycle.com\/hu\/wp-json\/wp\/v2\/product_tag?post=2616"}],"curies":[{"name":"wp","href":"https:\/\/api.w.org\/{rel}","templated":true}]}}