{"id":2614,"date":"2025-08-18T03:37:36","date_gmt":"2025-08-18T03:37:36","guid":{"rendered":"http:\/\/galaxybicycle.com\/?post_type=product&#038;p=2614"},"modified":"2025-09-02T09:01:22","modified_gmt":"2025-09-02T09:01:22","slug":"f300e","status":"publish","type":"product","link":"https:\/\/galaxybicycle.com\/hu\/product\/f300e\/","title":{"rendered":"Velopro F300E Nagy teljes\u00edtm\u00e9ny\u0171 \u00f6sszecsukhat\u00f3 elektromos ker\u00e9kp\u00e1r | Hordozhat\u00f3 \u00e9s k\u00f6nnyen vezethet\u0151 ing\u00e1z\u00f3 ker\u00e9kp\u00e1r"},"content":{"rendered":"<p><strong>Velopro F300E Nagy teljes\u00edtm\u00e9ny\u0171 \u00f6sszecsukhat\u00f3 eBike<\/strong> olyan motorosok sz\u00e1m\u00e1ra k\u00e9sz\u00fclt, akik k\u00e9nyelmet, st\u00edlust \u00e9s teljes\u00edtm\u00e9nyt szeretn\u00e9nek egy kompakt csomagban. \u00d6sszecsukhat\u00f3 \u00f6tv\u00f6z\u00f6tt v\u00e1z\u00e1nak k\u00f6sz\u00f6nhet\u0151en a t\u00e1rol\u00e1s \u00e9s a sz\u00e1ll\u00edt\u00e1s k\u00f6nnyed\u00e9n megoldhat\u00f3 - t\u00f6k\u00e9letes lak\u00e1sokba, irod\u00e1kba, vagy az aut\u00f3 csomagtart\u00f3j\u00e1ban val\u00f3 sz\u00e1ll\u00edt\u00e1shoz. Ak\u00e1r munk\u00e1ba ing\u00e1zol, ak\u00e1r egy laza teker\u00e9st \u00e9lvezel, az F300E \u00f6tv\u00f6zi a k\u00f6vetkez\u0151ket <strong>hordozhat\u00f3s\u00e1g<\/strong> egy <strong>sima vezet\u00e9si \u00e9lm\u00e9ny<\/strong>.<\/p>\n<p>Felszerelve egy <strong>36V 250W h\u00e1ts\u00f3 motor<\/strong> \u00e9s egy megb\u00edzhat\u00f3 <strong>36V 10.4Ah akkumul\u00e1tor<\/strong>, hossz\u00fa, gondtalan utaz\u00e1sokat \u00e9lvezhet, \u00e9s b\u0151s\u00e9ges teljes\u00edtm\u00e9nyt kap a v\u00e1rosi utc\u00e1kon \u00e9s a k\u00f6nny\u0171 utakon. A <strong>Shimano 7 sebess\u00e9ges hajt\u00e1sl\u00e1nc<\/strong> biztos\u00edtja a sokoldal\u00fa felszerel\u00e9si lehet\u0151s\u00e9geket, m\u00edg a <strong>LOGAN mechanikus t\u00e1rcsaf\u00e9kek<\/strong> magabiztos f\u00e9kez\u0151er\u0151t biztos\u00edt. P\u00e1ros\u00edtva a <strong>26\"-os rug\u00f3s villa<\/strong> \u00e9s a CST gumiabroncsoknak k\u00f6sz\u00f6nhet\u0151en az F300E stabil \u00e9s \u00e9lvezetes utaz\u00e1st biztos\u00edt, b\u00e1rhov\u00e1 is vezessen az \u00fatja.<\/p>\n<h3>Mi\u00e9rt v\u00e1lassza az Velopro F300E-t?<\/h3>\n<ul>\n<li><strong>\u00d6sszecsukhat\u00f3 \u00e9s hordozhat\u00f3:<\/strong> K\u00f6nnyen t\u00e1rolhat\u00f3, hordozhat\u00f3 vagy sz\u00e1ll\u00edthat\u00f3.<\/li>\n<li><strong>Megb\u00edzhat\u00f3 motor \u00e9s akkumul\u00e1tor:<\/strong> 36V 250W-os h\u00e1ts\u00f3 ker\u00e9kagymotor 36V 10,4Ah akkumul\u00e1torral a hossz\u00fa t\u00far\u00e1khoz.<\/li>\n<li><strong>K\u00e9nyelmes utaz\u00e1s:<\/strong> Az \u00f6tv\u00f6z\u00f6tt koron\u00e1s felf\u00fcggeszt\u00e9s\u0171 villa elnyeli az \u00fct\u00e9seket \u00e9s kisim\u00edtja az egyenetlen utakat.<\/li>\n<li><strong>Shimano 7-sebess\u00e9ges sebess\u00e9gv\u00e1lt\u00f3:<\/strong> Rugalmas v\u00e1lt\u00e1s a k\u00fcl\u00f6nb\u00f6z\u0151 terepviszonyokhoz \u00e9s vezet\u00e9si st\u00edlusokhoz.<\/li>\n<li><strong>Er\u0151s f\u00e9kez\u00e9s:<\/strong> A LOGAN mechanikus t\u00e1rcsaf\u00e9kek minden k\u00f6r\u00fclm\u00e9nyek k\u00f6z\u00f6tt megb\u00edzhat\u00f3 ir\u00e1ny\u00edt\u00e1st biztos\u00edtanak.<\/li>\n<li><strong>LCD kijelz\u0151:<\/strong> K\u00f6nnyed\u00e9n nyomon k\u00f6vetheti a sebess\u00e9get, az akkumul\u00e1tort \u00e9s az alapvet\u0151 menetadatokat.<\/li>\n<\/ul>\n<h3>M\u0171szaki adatok<\/h3>\n<table border=\"1\" cellspacing=\"0\" cellpadding=\"6\">\n<tbody>\n<tr>\n<th>Komponens<\/th>\n<th>R\u00e9szletek<\/th>\n<\/tr>\n<tr>\n<td>Keret<\/td>\n<td>26\u2033 \u00f6tv\u00f6zet, 6061# \u00f6sszecsukhat\u00f3 keret<\/td>\n<\/tr>\n<tr>\n<td>Vill\u00e1k<\/td>\n<td>26\u2033 \u00f6tv\u00f6z\u00f6tt koron\u00e1s felf\u00fcggeszt\u0151 villa HLO-val<\/td>\n<\/tr>\n<tr>\n<td>Derailleur<\/td>\n<td>Shimano 7 sebess\u00e9ges<\/td>\n<\/tr>\n<tr>\n<td>F\u00e9kek<\/td>\n<td>LOGAN mechanikus t\u00e1rcsaf\u00e9k<\/td>\n<\/tr>\n<tr>\n<td>Gumiabroncsok<\/td>\n<td>CST 26\u2033 \u00d7 2.10<\/td>\n<\/tr>\n<tr>\n<td>Megjelen\u00edt\u00e9s<\/td>\n<td>LCD<\/td>\n<\/tr>\n<tr>\n<td>Motor<\/td>\n<td>36V 250W h\u00e1ts\u00f3 ker\u00e9kagymotor<\/td>\n<\/tr>\n<tr>\n<td>Akkumul\u00e1tor<\/td>\n<td>36V 10.4Ah l\u00edtium akkumul\u00e1tor<\/td>\n<\/tr>\n<\/tbody>\n<\/table>","protected":false},"excerpt":{"rendered":"<p>Az Velopro F300E egy \u00f6sszecsukhat\u00f3, nagy teljes\u00edtm\u00e9ny\u0171 \u00e9s kezd\u0151bar\u00e1t elektromos ker\u00e9kp\u00e1r, amelyet v\u00e1rosi ing\u00e1z\u00e1sra \u00e9s h\u00e9tv\u00e9gi kalandokra terveztek. K\u00f6nny\u0171, \u00f6tv\u00f6z\u00f6tt v\u00e1zzal, sima felf\u00fcggeszt\u00e9ssel \u00e9s megb\u00edzhat\u00f3 Shimano sebess\u00e9gv\u00e1lt\u00f3kkal ez a hordozhat\u00f3 eBike minden utaz\u00e1st k\u00e9nyelmess\u00e9 \u00e9s sz\u00f3rakoztat\u00f3v\u00e1 tesz.<\/p>","protected":false},"featured_media":2615,"comment_status":"open","ping_status":"closed","template":"","meta":[],"product_brand":[35],"product_cat":[27,28,32,38],"product_tag":[],"class_list":{"0":"post-2614","1":"product","2":"type-product","3":"status-publish","4":"has-post-thumbnail","6":"product_brand-velopro","7":"product_cat-city-ebike","8":"product_cat-fat-tire-ebike","9":"product_cat-foldable-ebike","10":"product_cat-velopro-electric-bikes","12":"first","13":"instock","14":"shipping-taxable","15":"product-type-simple"},"_links":{"self":[{"href":"https:\/\/galaxybicycle.com\/hu\/wp-json\/wp\/v2\/product\/2614","targetHints":{"allow":["GET"]}}],"collection":[{"href":"https:\/\/galaxybicycle.com\/hu\/wp-json\/wp\/v2\/product"}],"about":[{"href":"https:\/\/galaxybicycle.com\/hu\/wp-json\/wp\/v2\/types\/product"}],"replies":[{"embeddable":true,"href":"https:\/\/galaxybicycle.com\/hu\/wp-json\/wp\/v2\/comments?post=2614"}],"wp:featuredmedia":[{"embeddable":true,"href":"https:\/\/galaxybicycle.com\/hu\/wp-json\/wp\/v2\/media\/2615"}],"wp:attachment":[{"href":"https:\/\/galaxybicycle.com\/hu\/wp-json\/wp\/v2\/media?parent=2614"}],"wp:term":[{"taxonomy":"product_brand","embeddable":true,"href":"https:\/\/galaxybicycle.com\/hu\/wp-json\/wp\/v2\/product_brand?post=2614"},{"taxonomy":"product_cat","embeddable":true,"href":"https:\/\/galaxybicycle.com\/hu\/wp-json\/wp\/v2\/product_cat?post=2614"},{"taxonomy":"product_tag","embeddable":true,"href":"https:\/\/galaxybicycle.com\/hu\/wp-json\/wp\/v2\/product_tag?post=2614"}],"curies":[{"name":"wp","href":"https:\/\/api.w.org\/{rel}","templated":true}]}}