{"id":2606,"date":"2025-08-18T03:36:07","date_gmt":"2025-08-18T03:36:07","guid":{"rendered":"http:\/\/galaxybicycle.com\/?post_type=product&#038;p=2606"},"modified":"2025-09-02T09:09:26","modified_gmt":"2025-09-02T09:09:26","slug":"c200e","status":"publish","type":"product","link":"https:\/\/galaxybicycle.com\/hu\/product\/c200e\/","title":{"rendered":"Velopro C200E Hossz\u00fa t\u00e1v\u00fa ing\u00e1z\u00f3 Step-Thru eBike | K\u00e9nyelmes \u00e9s megb\u00edzhat\u00f3 elektromos ker\u00e9kp\u00e1r"},"content":{"rendered":"<p>Fedezze fel az okosabb ing\u00e1z\u00e1st a <strong>Velopro C200E Hossz\u00fa hat\u00f3t\u00e1vols\u00e1g\u00fa Step-Thru eBike<\/strong>. A k\u00e9nyelmet \u00e9s komfortot \u00e9rt\u00e9kel\u0151 ker\u00e9kp\u00e1rosok sz\u00e1m\u00e1ra t\u00f6k\u00e9letesen meg\u00e9p\u00edtett elektromos ker\u00e9kp\u00e1r a mindennapi utaz\u00e1st sim\u00e1bb\u00e1 \u00e9s \u00e9lvezetesebb\u00e9 teszi. A <em>step-thru v\u00e1zszerkezet<\/em> lehet\u0151v\u00e9 teszi a k\u00f6nny\u0171 fel- \u00e9s leszerel\u00e9st, \u00edgy ide\u00e1lis az ing\u00e1z\u00f3k, az alkalmi ker\u00e9kp\u00e1rosok \u00e9s azok sz\u00e1m\u00e1ra, akik stresszmentes ker\u00e9kp\u00e1roz\u00e1st szeretn\u00e9nek.<\/p>\n<p>Felszerelve egy <strong>BAFANG 36V 250W-os els\u0151 motor<\/strong> \u00e9s egy megb\u00edzhat\u00f3 <strong>36V 10.4Ah akkumul\u00e1tor<\/strong>, a C200E egyenletes teljes\u00edtm\u00e9nyt k\u00edn\u00e1l a hossz\u00fa t\u00e1v\u00fa ing\u00e1z\u00e1shoz, mik\u00f6zben a vezet\u00e9s hat\u00e9kony \u00e9s k\u00f6rnyezetbar\u00e1t marad. A <strong>Shimano 7 sebess\u00e9ges v\u00e1lt\u00f3rendszer<\/strong> biztos\u00edtja a sima v\u00e1lt\u00e1st a v\u00e1ltozatos terepviszonyok k\u00f6z\u00f6tt, m\u00edg a <strong>Zoom \u00f6tv\u00f6zetb\u0151l k\u00e9sz\u00fclt rug\u00f3s villa MLO-val<\/strong> jobb ir\u00e1ny\u00edthat\u00f3s\u00e1got \u00e9s k\u00e9nyelmet biztos\u00edt a bukkan\u00f3kon.<\/p>\n<p>A mindennapi v\u00e1rosi haszn\u00e1latra a <strong>Tektro V-f\u00e9kek<\/strong> megb\u00edzhat\u00f3 f\u00e9kez\u0151er\u0151t ny\u00fajtanak, \u00e9s a <strong>CST 700x40C gumiabroncsok<\/strong> kiv\u00e1l\u00f3 tapad\u00e1st \u00e9s stabilit\u00e1st biztos\u00edt mind aszfaltozott, mind enyh\u00e9n egyenetlen fel\u00fcleteken. Az intuit\u00edv <strong>LCD kijelz\u0151<\/strong> folyamatosan t\u00e1j\u00e9koztatja \u00d6nt a sebess\u00e9gr\u0151l, az akkumul\u00e1tor t\u00f6lt\u00f6tts\u00e9gi szintj\u00e9r\u0151l \u00e9s a t\u00e1vols\u00e1gr\u00f3l, \u00edgy mindig k\u00e9zben tarthatja az ir\u00e1ny\u00edt\u00e1st.<\/p>\n<p>Ak\u00e1r munk\u00e1ba megy, ak\u00e1r \u00fcgyeket int\u00e9z, vagy h\u00e9tv\u00e9gi kir\u00e1ndul\u00e1sokat tesz, az Velopro C200E Step-Thru Commuter eBike egyes\u00edti a k\u00f6vetkez\u0151 tulajdons\u00e1gokat <em>praktikum, teljes\u00edtm\u00e9ny \u00e9s k\u00e9nyelem<\/em>, \u00edgy t\u00f6k\u00e9letes mindennapi \u00fatit\u00e1rss\u00e1 v\u00e1lik.<\/p>\n<h3>Mi\u00e9rt v\u00e1lassza az Velopro C200E-t?<\/h3>\n<ul>\n<li><strong>Step-Thru keret:<\/strong> K\u00f6nny\u0171 fel- \u00e9s leszerel\u00e9s minden lovas sz\u00e1m\u00e1ra.<\/li>\n<li><strong>Er\u0151teljes BAFANG motor:<\/strong> Sima \u00e9s megb\u00edzhat\u00f3 250 W-os els\u0151 motor a v\u00e1rosi ing\u00e1z\u00e1shoz.<\/li>\n<li><strong>Nagy hat\u00f3t\u00e1vols\u00e1g\u00fa akkumul\u00e1tor:<\/strong> A 36 V-os 10,4 Ah-s akkumul\u00e1tor hosszabb utakat tesz lehet\u0151v\u00e9 kevesebb t\u00f6lt\u00e9ssel.<\/li>\n<li><strong>K\u00e9nyelem \u00e9s vez\u00e9rl\u00e9s:<\/strong> A Zoom \u00f6tv\u00f6zetb\u0151l k\u00e9sz\u00fclt rug\u00f3s villa elnyeli az \u00fct\u00e9seket a sim\u00e1bb utaz\u00e1s \u00e9rdek\u00e9ben.<\/li>\n<li><strong>Megb\u00edzhat\u00f3 \u00f6sszetev\u0151k:<\/strong> Shimano 7 sebess\u00e9ges v\u00e1lt\u00f3k \u00e9s Tektro V-f\u00e9kek a biztons\u00e1gos, hat\u00e9kony teljes\u00edtm\u00e9ny \u00e9rdek\u00e9ben.<\/li>\n<li><strong>Felhaszn\u00e1l\u00f3bar\u00e1t kijelz\u0151:<\/strong> Az LCD-panel mutatja a sebess\u00e9get, a t\u00e1vols\u00e1got \u00e9s az akkumul\u00e1tor \u00e1llapot\u00e1t.<\/li>\n<\/ul>\n<h3>M\u0171szaki adatok<\/h3>\n<table border=\"1\" cellspacing=\"0\" cellpadding=\"6\">\n<tbody>\n<tr>\n<th>Komponens<\/th>\n<th>R\u00e9szletek<\/th>\n<\/tr>\n<tr>\n<td>Keret<\/td>\n<td>AL 6061#, 700C x 480MM Step-Thru, 700C x 480MM<\/td>\n<\/tr>\n<tr>\n<td>Vill\u00e1k<\/td>\n<td>Zoom 700C \u00f6tv\u00f6z\u00f6tt koron\u00e1s felf\u00fcggeszt\u00e9si villa MLO-val<\/td>\n<\/tr>\n<tr>\n<td>Derailleur<\/td>\n<td>Shimano 7 sebess\u00e9ges<\/td>\n<\/tr>\n<tr>\n<td>F\u00e9kek<\/td>\n<td>Tektro V f\u00e9k<\/td>\n<\/tr>\n<tr>\n<td>Gumiabroncsok<\/td>\n<td>CST 700\u2033 x 40C<\/td>\n<\/tr>\n<tr>\n<td>Megjelen\u00edt\u00e9s<\/td>\n<td>LCD k\u00e9perny\u0151<\/td>\n<\/tr>\n<tr>\n<td>Motor<\/td>\n<td>BAFANG el\u00fcls\u0151 motor 36V 250W<\/td>\n<\/tr>\n<tr>\n<td>Akkumul\u00e1tor<\/td>\n<td>36V 10.4Ah (k\u00ednai akkumul\u00e1tor)<\/td>\n<\/tr>\n<\/tbody>\n<\/table>","protected":false},"excerpt":{"rendered":"<p>Fedezze fel az ing\u00e1z\u00e1s okosabb m\u00f3dj\u00e1t az Velopro C200E hossz\u00fa t\u00e1v\u00fa Step-Thru eBike ker\u00e9kp\u00e1rral. Ez az elektromos ker\u00e9kp\u00e1r t\u00f6k\u00e9letesen a k\u00e9nyelmet \u00e9s komfortot \u00e9rt\u00e9kel\u0151 ker\u00e9kp\u00e1rosok sz\u00e1m\u00e1ra k\u00e9sz\u00fclt, \u00edgy a mindennapi utaz\u00e1sok sim\u00e1bb\u00e1 \u00e9s \u00e9lvezetesebb\u00e9 v\u00e1lnak. Step-thru v\u00e1zszerkezete lehet\u0151v\u00e9 teszi a k\u00f6nny\u0171 fel- \u00e9s lesz\u00e1ll\u00e1st, \u00edgy ide\u00e1lis az ing\u00e1z\u00f3k, az alkalmi ker\u00e9kp\u00e1rosok \u00e9s azok sz\u00e1m\u00e1ra, akik stresszmentes ker\u00e9kp\u00e1roz\u00e1st szeretn\u00e9nek.<\/p>","protected":false},"featured_media":2607,"comment_status":"open","ping_status":"closed","template":"","meta":[],"product_brand":[35],"product_cat":[27,38],"product_tag":[],"class_list":{"0":"post-2606","1":"product","2":"type-product","3":"status-publish","4":"has-post-thumbnail","6":"product_brand-velopro","7":"product_cat-city-ebike","8":"product_cat-velopro-electric-bikes","10":"first","11":"instock","12":"shipping-taxable","13":"product-type-simple"},"_links":{"self":[{"href":"https:\/\/galaxybicycle.com\/hu\/wp-json\/wp\/v2\/product\/2606","targetHints":{"allow":["GET"]}}],"collection":[{"href":"https:\/\/galaxybicycle.com\/hu\/wp-json\/wp\/v2\/product"}],"about":[{"href":"https:\/\/galaxybicycle.com\/hu\/wp-json\/wp\/v2\/types\/product"}],"replies":[{"embeddable":true,"href":"https:\/\/galaxybicycle.com\/hu\/wp-json\/wp\/v2\/comments?post=2606"}],"wp:featuredmedia":[{"embeddable":true,"href":"https:\/\/galaxybicycle.com\/hu\/wp-json\/wp\/v2\/media\/2607"}],"wp:attachment":[{"href":"https:\/\/galaxybicycle.com\/hu\/wp-json\/wp\/v2\/media?parent=2606"}],"wp:term":[{"taxonomy":"product_brand","embeddable":true,"href":"https:\/\/galaxybicycle.com\/hu\/wp-json\/wp\/v2\/product_brand?post=2606"},{"taxonomy":"product_cat","embeddable":true,"href":"https:\/\/galaxybicycle.com\/hu\/wp-json\/wp\/v2\/product_cat?post=2606"},{"taxonomy":"product_tag","embeddable":true,"href":"https:\/\/galaxybicycle.com\/hu\/wp-json\/wp\/v2\/product_tag?post=2606"}],"curies":[{"name":"wp","href":"https:\/\/api.w.org\/{rel}","templated":true}]}}