{"id":2604,"date":"2025-08-18T03:35:47","date_gmt":"2025-08-18T03:35:47","guid":{"rendered":"http:\/\/galaxybicycle.com\/?post_type=product&#038;p=2604"},"modified":"2025-09-03T09:25:12","modified_gmt":"2025-09-03T09:25:12","slug":"c300e","status":"publish","type":"product","link":"https:\/\/galaxybicycle.com\/hu\/product\/c300e\/","title":{"rendered":"Velopro C300E elektromos ker\u00e9kp\u00e1r | 26\" v\u00e1rosi \u00e9s hegyi hibrid elektromos ker\u00e9kp\u00e1r 36V 250W-os motorral"},"content":{"rendered":"<p><strong>Velopro C300E elektromos ker\u00e9kp\u00e1r<\/strong> olyan motorosok sz\u00e1m\u00e1ra k\u00e9sz\u00fclt, akik megb\u00edzhat\u00f3, k\u00f6rnyezetbar\u00e1t \u00e9s sokoldal\u00fa j\u00e1rm\u0171vet szeretn\u00e9nek. Ak\u00e1r a v\u00e1rosi utc\u00e1kon cirk\u00e1lsz, ak\u00e1r az els\u0151 kos\u00e1rral int\u00e9zed a dolgaidat, ak\u00e1r parki \u00f6sv\u00e9nyeket fedezel fel, ez az e-bike mindenre felk\u00e9sz\u00edtett. Felszerelve egy <strong>36V 250W-os nagysebess\u00e9g\u0171 motor<\/strong>ak\u00e1r 32 km\/h sebess\u00e9get is el\u00e9rhet, mik\u00f6zben egyenletes ped\u00e1lseg\u00edts\u00e9get k\u00edn\u00e1l a <strong>5 lovagl\u00e1si m\u00f3d<\/strong>. A <strong>36V 10.4Ah EVE m\u00e1rk\u00e1j\u00fa akkumul\u00e1tor<\/strong> 35-45 km-es hat\u00f3t\u00e1vols\u00e1got biztos\u00edt egyetlen felt\u00f6lt\u00e9ssel, \u00edgy ide\u00e1lis a napi ing\u00e1z\u00e1shoz vagy h\u00e9tv\u00e9gi kir\u00e1ndul\u00e1sokhoz.<\/p>\n<p>A C300E a teljes\u00edtm\u00e9nyt \u00e9s a k\u00e9nyelmet olyan funkci\u00f3kkal \u00f6tv\u00f6zi, mint a <strong>rug\u00f3s villa<\/strong>, <strong>Shimano 7 sebess\u00e9ges v\u00e1lt\u00f3<\/strong>, \u00e9s <strong>mechanikus t\u00e1rcsaf\u00e9kek<\/strong> a megb\u00edzhat\u00f3 meg\u00e1ll\u00edt\u00f3er\u0151 \u00e9rdek\u00e9ben. Praktikus r\u00e9szletek, mint p\u00e9ld\u00e1ul a <strong>h\u00e1ts\u00f3 csomagtart\u00f3<\/strong>, <strong>els\u0151 kos\u00e1r<\/strong>, \u00e9s <strong>els\u0151 \u00e9s h\u00e1ts\u00f3 l\u00e1mp\u00e1k<\/strong> a dobozb\u00f3l kiv\u00e9ve azonnal ing\u00e1z\u00f3v\u00e1 teszi. A <strong>alum\u00ednium \u00f6tv\u00f6zetb\u0151l k\u00e9sz\u00fclt keret<\/strong> \u00e9s a tart\u00f3s CST 26\u00d72,1\"-os gumiknak k\u00f6sz\u00f6nhet\u0151en az Velopro C300E tart\u00f3snak k\u00e9sz\u00fclt, mik\u00f6zben biztons\u00e1gos \u00e9s \u00e9lvezetes utaz\u00e1st tesz lehet\u0151v\u00e9.<\/p>\n<h3>Kulcsfontoss\u00e1g\u00fa jellemz\u0151k:<\/h3>\n<ul>\n<li>Er\u0151teljes 36V 250W-os nagysebess\u00e9g\u0171 motor 32 km\/h v\u00e9gsebess\u00e9ggel<\/li>\n<li>36V 10.4Ah EVE akkumul\u00e1tor 35-45 km hat\u00f3t\u00e1vols\u00e1ggal<\/li>\n<li>5 ped\u00e1lseg\u00e9d \u00fczemm\u00f3d a k\u00fcl\u00f6nb\u00f6z\u0151 vezet\u00e9si st\u00edlusokhoz<\/li>\n<li>Shimano 7 sebess\u00e9ges v\u00e1lt\u00f3 a sokoldal\u00fa sebess\u00e9gv\u00e1lt\u00e1shoz<\/li>\n<li>LCD kijelz\u0151 USB-porttal az eszk\u00f6z\u00f6k t\u00f6lt\u00e9s\u00e9hez<\/li>\n<li>Els\u0151 rug\u00f3s villa az egyenetlen utakon val\u00f3 sima vezet\u00e9shez<\/li>\n<li>Mechanikus t\u00e1rcsaf\u00e9kek (el\u00f6l \u00e9s h\u00e1tul) a biztons\u00e1gos meg\u00e1ll\u00e1shoz<\/li>\n<li>H\u00e1ts\u00f3 csomagtart\u00f3val, els\u0151 kos\u00e1rral, l\u00e1mp\u00e1kkal, s\u00e1rv\u00e9d\u0151kkel \u00e9s cseng\u0151vel.<\/li>\n<li>150 kg-os s\u00falyig t\u00e1mogatja a lovas s\u00faly\u00e1t, 155-190 cm-es testmagass\u00e1gra alkalmas.<\/li>\n<\/ul>\n<h3>M\u0171szaki adatok<\/h3>\n<table border=\"1\" cellspacing=\"0\" cellpadding=\"6\">\n<tbody>\n<tr>\n<th>Kateg\u00f3ria<\/th>\n<th>Specifik\u00e1ci\u00f3<\/th>\n<\/tr>\n<tr>\n<td>Akkumul\u00e1tor<\/td>\n<td>36V 10.4Ah (40 cella, EVE m\u00e1rka)<\/td>\n<\/tr>\n<tr>\n<td>Motor<\/td>\n<td>36V 250W-os nagy sebess\u00e9g\u0171 motor<\/td>\n<\/tr>\n<tr>\n<td>Legnagyobb sebess\u00e9g<\/td>\n<td>32 km\/h<\/td>\n<\/tr>\n<tr>\n<td>Tartom\u00e1ny<\/td>\n<td>35-45 km<\/td>\n<\/tr>\n<tr>\n<td>PAS<\/td>\n<td>5 lovagl\u00e1si m\u00f3d<\/td>\n<\/tr>\n<tr>\n<td>T\u00f6lt\u0151<\/td>\n<td>42V 2A, t\u00f6lt\u00e9si id\u0151 5.2H<\/td>\n<\/tr>\n<tr>\n<td>G\u00e1zkar<\/td>\n<td>Thumb Throttle<\/td>\n<\/tr>\n<tr>\n<td>Megjelen\u00edt\u00e9s<\/td>\n<td>LCD kijelz\u0151 USB porttal<\/td>\n<\/tr>\n<tr>\n<td>F\u00e9nyek<\/td>\n<td>Els\u0151 \u00e9s h\u00e1ts\u00f3 l\u00e1mp\u00e1k<\/td>\n<\/tr>\n<tr>\n<td>Keret<\/td>\n<td>Alum\u00ednium \u00f6tv\u00f6zet 6061<\/td>\n<\/tr>\n<tr>\n<td>Ker\u00e9km\u00e9ret<\/td>\n<td>26 x 2.1\" CST abroncsok<\/td>\n<\/tr>\n<tr>\n<td>F\u00e9kek<\/td>\n<td>Mechanikus t\u00e1rcsaf\u00e9kek (el\u00f6l \u00e9s h\u00e1tul)<\/td>\n<\/tr>\n<tr>\n<td>Felf\u00fcggeszt\u00e9s<\/td>\n<td>Els\u0151 felf\u00fcggeszt\u00e9s villa<\/td>\n<\/tr>\n<tr>\n<td>Shifter<\/td>\n<td>Shimano 7 sebess\u00e9ges<\/td>\n<\/tr>\n<tr>\n<td>Tartoz\u00e9kok<\/td>\n<td>H\u00e1ts\u00f3 csomagtart\u00f3, els\u0151 kos\u00e1r, s\u00e1rv\u00e9d\u0151k, mechanikus csengetty\u0171<\/td>\n<\/tr>\n<tr>\n<td>S\u00faly<\/td>\n<td>Nett\u00f3 28 kg \/ Brutt\u00f3 35 kg<\/td>\n<\/tr>\n<tr>\n<td>Teherb\u00edr\u00f3 kapacit\u00e1s<\/td>\n<td>150 kg<\/td>\n<\/tr>\n<tr>\n<td>M\u00e1sz\u00e1s Kapacit\u00e1s<\/td>\n<td>15\u00b0<\/td>\n<\/tr>\n<tr>\n<td>Lovas magass\u00e1ga<\/td>\n<td>155-190 cm<\/td>\n<\/tr>\n<tr>\n<td>V\u00edz\u00e1ll\u00f3 szint<\/td>\n<td>IP54<\/td>\n<\/tr>\n<\/tbody>\n<\/table>\n<p>A teljes\u00edtm\u00e9ny, a k\u00e9nyelem \u00e9s a praktikus jellemz\u0151k egyens\u00faly\u00e1val a <strong>Velopro C300E<\/strong> a t\u00f6k\u00e9letes elektromos ker\u00e9kp\u00e1r az ing\u00e1z\u00f3k, di\u00e1kok \u00e9s szabadid\u0151s ker\u00e9kp\u00e1rosok sz\u00e1m\u00e1ra, akik \u00e9lvezetes \u00e9s hat\u00e9kony k\u00f6zleked\u00e9si m\u00f3dot keresnek.<\/p>","protected":false},"excerpt":{"rendered":"<p>Az Velopro C300E egy st\u00edlusos \u00e9s praktikus elektromos ker\u00e9kp\u00e1r, amelyet v\u00e1rosi ing\u00e1z\u00e1shoz \u00e9s k\u00f6nny\u0171 terepj\u00e1r\u00f3 kalandokhoz \u00e9p\u00edtettek. Nagy teljes\u00edtm\u00e9ny\u0171, 36 V-os, 250 W-os motorral, 5 vezet\u00e9si m\u00f3ddal, Shimano 7 sebess\u00e9ges v\u00e1lt\u00f3val \u00e9s els\u0151 felf\u00fcggeszt\u00e9ssel k\u00e9nyelmet, sokoldal\u00fas\u00e1got \u00e9s sz\u00f3rakoz\u00e1st ny\u00fajt minden \u00fat sor\u00e1n. T\u00f6k\u00e9letes a 155-190 cm magas motorosok sz\u00e1m\u00e1ra.<\/p>","protected":false},"featured_media":2605,"comment_status":"open","ping_status":"closed","template":"","meta":[],"product_brand":[35],"product_cat":[27,38],"product_tag":[],"class_list":{"0":"post-2604","1":"product","2":"type-product","3":"status-publish","4":"has-post-thumbnail","6":"product_brand-velopro","7":"product_cat-city-ebike","8":"product_cat-velopro-electric-bikes","10":"first","11":"instock","12":"shipping-taxable","13":"product-type-simple"},"_links":{"self":[{"href":"https:\/\/galaxybicycle.com\/hu\/wp-json\/wp\/v2\/product\/2604","targetHints":{"allow":["GET"]}}],"collection":[{"href":"https:\/\/galaxybicycle.com\/hu\/wp-json\/wp\/v2\/product"}],"about":[{"href":"https:\/\/galaxybicycle.com\/hu\/wp-json\/wp\/v2\/types\/product"}],"replies":[{"embeddable":true,"href":"https:\/\/galaxybicycle.com\/hu\/wp-json\/wp\/v2\/comments?post=2604"}],"wp:featuredmedia":[{"embeddable":true,"href":"https:\/\/galaxybicycle.com\/hu\/wp-json\/wp\/v2\/media\/2605"}],"wp:attachment":[{"href":"https:\/\/galaxybicycle.com\/hu\/wp-json\/wp\/v2\/media?parent=2604"}],"wp:term":[{"taxonomy":"product_brand","embeddable":true,"href":"https:\/\/galaxybicycle.com\/hu\/wp-json\/wp\/v2\/product_brand?post=2604"},{"taxonomy":"product_cat","embeddable":true,"href":"https:\/\/galaxybicycle.com\/hu\/wp-json\/wp\/v2\/product_cat?post=2604"},{"taxonomy":"product_tag","embeddable":true,"href":"https:\/\/galaxybicycle.com\/hu\/wp-json\/wp\/v2\/product_tag?post=2604"}],"curies":[{"name":"wp","href":"https:\/\/api.w.org\/{rel}","templated":true}]}}