{"id":2602,"date":"2025-08-18T03:35:26","date_gmt":"2025-08-18T03:35:26","guid":{"rendered":"http:\/\/galaxybicycle.com\/?post_type=product&#038;p=2602"},"modified":"2025-09-03T09:19:29","modified_gmt":"2025-09-03T09:19:29","slug":"c500e","status":"publish","type":"product","link":"https:\/\/galaxybicycle.com\/hu\/product\/c500e\/","title":{"rendered":"Velopro C500E elektromos ker\u00e9kp\u00e1r 350W | 48V 10.4Ah akkumul\u00e1tor, 40KM hat\u00f3t\u00e1vols\u00e1g, Shimano 7-sebess\u00e9ges sebess\u00e9ggel"},"content":{"rendered":"<p><strong>Velopro C500E<\/strong> egy sokoldal\u00fa \u00e9s tart\u00f3s elektromos ker\u00e9kp\u00e1r, amelyet a k\u00e9nyelmet \u00e9s a teljes\u00edtm\u00e9nyt \u00e9rt\u00e9kel\u0151 modern ker\u00e9kp\u00e1rosok sz\u00e1m\u00e1ra \u00e9p\u00edtettek. A 350 W-os motorral \u00e9s 48 V-os, 10,4 Ah-s DMEGC cell\u00e1s akkumul\u00e1torral felszerelt ker\u00e9kp\u00e1r megb\u00edzhat\u00f3, 35-40 km-es hat\u00f3t\u00e1vols\u00e1got biztos\u00edt egy felt\u00f6lt\u00e9ssel, \u00edgy alkalmas a napi ing\u00e1z\u00e1sra \u00e9s a h\u00e9tv\u00e9gi utaz\u00e1sokra.<\/p>\n<p>A <strong>Shimano 7 sebess\u00e9ges sebess\u00e9gv\u00e1lt\u00f3<\/strong>, a mechanikus t\u00e1rcsaf\u00e9kek \u00e9s az els\u0151 rug\u00f3s villa biztos\u00edtja a sima \u00e9s biztons\u00e1gos kezelhet\u0151s\u00e9get a v\u00e1rosi utc\u00e1kon vagy az egyenetlen utakon. Az Velopro C500E ak\u00e1r 150 kg hasznos teherb\u00edr\u00e1ssal, integr\u00e1lt els\u0151 \u00e9s h\u00e1ts\u00f3 l\u00e1mp\u00e1kkal, h\u00e1ts\u00f3 csomagtart\u00f3val \u00e9s s\u00e1rv\u00e9d\u0151kkel az \u00d6n mindennapi ig\u00e9nyeinek megfelel\u0151en k\u00e9sz\u00fclt.<\/p>\n<p>\u00c9p\u00edtett <strong>Alum\u00ednium \u00f6tv\u00f6zet 6061<\/strong> \u00e9s tart\u00f3s Kenda abroncsokkal szerelve ez a ker\u00e9kp\u00e1r egyes\u00edti mag\u00e1ban az er\u0151t, a st\u00edlust \u00e9s a praktikumot. Ak\u00e1r munk\u00e1ba megy, ak\u00e1r a k\u00f6rny\u00e9k\u00e9t fedezi fel, vagy a szabadban \u00e9lvezkedik, az Velopro C500E minden teker\u00e9st k\u00e9nyelmess\u00e9 \u00e9s \u00e9lvezetess\u00e9 tesz.<\/p>\n<h3>F\u0151 jellemz\u0151k<\/h3>\n<ul>\n<li><strong>48V 350W-os nagy sebess\u00e9g\u0171 motor<\/strong> - Sima gyorsul\u00e1st \u00e9s egyenletes teljes\u00edtm\u00e9nyt biztos\u00edt.<\/li>\n<li><strong>48V 10.4Ah DMEGC akkumul\u00e1tor<\/strong> - Megb\u00edzhat\u00f3, tart\u00f3s teljes\u00edtm\u00e9ny 35-40 km-es hat\u00f3t\u00e1vols\u00e1ggal.<\/li>\n<li><strong>Shimano 7 sebess\u00e9ges v\u00e1lt\u00f3<\/strong> - K\u00f6nnyed\u00e9n alkalmazkodik a k\u00fcl\u00f6nb\u00f6z\u0151 vezet\u00e9si k\u00f6r\u00fclm\u00e9nyekhez.<\/li>\n<li><strong>Felf\u00fcggesztett villa \u00e9s mechanikus t\u00e1rcsaf\u00e9kek<\/strong> - K\u00e9nyelem \u00e9s biztons\u00e1g v\u00e1ltozatos terepviszonyok k\u00f6z\u00f6tt.<\/li>\n<li><strong>Teherb\u00edr\u00e1s 150 kg<\/strong> - Stabil v\u00e1z a lovasok \u00e9s a rakom\u00e1ny sz\u00e1m\u00e1ra.<\/li>\n<li><strong>Integr\u00e1lt l\u00e1mp\u00e1k, h\u00e1ts\u00f3 csomagtart\u00f3 \u00e9s s\u00e1rv\u00e9d\u0151k<\/strong> - K\u00e9nyelem a napi ing\u00e1z\u00e1shoz.<\/li>\n<li><strong>LCD kijelz\u0151 \u00e9s PAS 5 \u00fczemm\u00f3d<\/strong> - K\u00f6nny\u0171 fel\u00fcgyelet t\u00f6bbf\u00e9le lovagl\u00e1si lehet\u0151s\u00e9ggel.<\/li>\n<\/ul>\n<h3>M\u0171szaki adatok<\/h3>\n<table border=\"1\" cellspacing=\"0\" cellpadding=\"6\">\n<tbody>\n<tr>\n<th>Kateg\u00f3ria<\/th>\n<th>M\u0171szaki adatok<\/th>\n<th>Param\u00e9terek<\/th>\n<\/tr>\n<tr>\n<td>Akkumul\u00e1tor<\/td>\n<td>48V 10.4Ah (52 cella, DMEGC m\u00e1rka)<\/td>\n<td>Hat\u00f3t\u00e1vols\u00e1g 35-40 km<\/td>\n<\/tr>\n<tr>\n<td>Motor<\/td>\n<td>48V 350W-os nagy sebess\u00e9g\u0171 motor<\/td>\n<td>V\u00e9gsebess\u00e9g 32 km\/h<\/td>\n<\/tr>\n<tr>\n<td>Lovagl\u00e1si m\u00f3dok<\/td>\n<td>PAS 5 szint, csavart g\u00e1zkarral<\/td>\n<td>LCD kijelz\u0151 \u00e9s sebess\u00e9g\u00e9rz\u00e9kel\u0151<\/td>\n<\/tr>\n<tr>\n<td>Keret<\/td>\n<td>Alum\u00ednium \u00f6tv\u00f6zet 6061<\/td>\n<td>Ker\u00e9km\u00e9ret 26\u2033x2.35\u2033 Kenda gumik<\/td>\n<\/tr>\n<tr>\n<td>F\u00e9kek<\/td>\n<td>Mechanikus t\u00e1rcsaf\u00e9kek el\u00f6l \u00e9s h\u00e1tul<\/td>\n<td>Felf\u00fcggeszt\u00e9si villa<\/td>\n<\/tr>\n<tr>\n<td>Shifter<\/td>\n<td>Shimano 7-sebess\u00e9ges<\/td>\n<td>L\u00e1nc 1\/2*3\/32 \"x110L<\/td>\n<\/tr>\n<tr>\n<td>S\u00faly<\/td>\n<td>Nett\u00f3 27 kg \/ Brutt\u00f3 33 kg<\/td>\n<td>Teherb\u00edr\u00e1s 150 kg<\/td>\n<\/tr>\n<tr>\n<td>Tov\u00e1bbi jellemz\u0151k<\/td>\n<td>H\u00e1ts\u00f3 csomagtart\u00f3, cseng\u0151, els\u0151 \u00e9s h\u00e1ts\u00f3 l\u00e1mp\u00e1k, s\u00e1rv\u00e9d\u0151k<\/td>\n<td>IP54 v\u00edz\u00e1ll\u00f3, -10 ~ 45 \u2103 \u00fczemi h\u0151m\u00e9rs\u00e9klet<\/td>\n<\/tr>\n<tr>\n<td>Csomagol\u00e1s<\/td>\n<td>141*23*81 cm<\/td>\n<td>240 k\u00e9szlet \/ 40'HQ<\/td>\n<\/tr>\n<\/tbody>\n<\/table>\n<p><strong>Velopro C500E - Megb\u00edzhat\u00f3, k\u00e9nyelmes \u00e9s funkci\u00f3gazdag elektromos ker\u00e9kp\u00e1r a modern v\u00e1rosi motorosok sz\u00e1m\u00e1ra.<\/strong><\/p>","protected":false},"excerpt":{"rendered":"<p>A <strong>Velopro C500E elektromos ker\u00e9kp\u00e1r<\/strong> olyan motorosok sz\u00e1m\u00e1ra k\u00e9sz\u00fclt, akik teljes\u00edtm\u00e9nyt, k\u00e9nyelmet \u00e9s megb\u00edzhat\u00f3s\u00e1got keresnek. A 350 W-os nagysebess\u00e9g\u0171 motorral, a 48 V-os 10,4 Ah-s DMEGC akkumul\u00e1torral \u00e9s a Shimano 7 sebess\u00e9ges v\u00e1lt\u00f3rendszerrel ez az e-bike sima utaz\u00e1st, tart\u00f3s teljes\u00edtm\u00e9nyt \u00e9s st\u00edlusos alum\u00ednium\u00f6tv\u00f6zetb\u0151l k\u00e9sz\u00fclt v\u00e1zat k\u00edn\u00e1l. T\u00f6k\u00e9letes ing\u00e1z\u00e1shoz, szabadid\u0151s t\u00far\u00e1khoz \u00e9s k\u00f6nny\u0171 kalandokhoz.<\/p>","protected":false},"featured_media":2603,"comment_status":"open","ping_status":"closed","template":"","meta":[],"product_brand":[35],"product_cat":[27,38],"product_tag":[],"class_list":{"0":"post-2602","1":"product","2":"type-product","3":"status-publish","4":"has-post-thumbnail","6":"product_brand-velopro","7":"product_cat-city-ebike","8":"product_cat-velopro-electric-bikes","10":"first","11":"instock","12":"shipping-taxable","13":"purchasable","14":"product-type-simple"},"_links":{"self":[{"href":"https:\/\/galaxybicycle.com\/hu\/wp-json\/wp\/v2\/product\/2602","targetHints":{"allow":["GET"]}}],"collection":[{"href":"https:\/\/galaxybicycle.com\/hu\/wp-json\/wp\/v2\/product"}],"about":[{"href":"https:\/\/galaxybicycle.com\/hu\/wp-json\/wp\/v2\/types\/product"}],"replies":[{"embeddable":true,"href":"https:\/\/galaxybicycle.com\/hu\/wp-json\/wp\/v2\/comments?post=2602"}],"wp:featuredmedia":[{"embeddable":true,"href":"https:\/\/galaxybicycle.com\/hu\/wp-json\/wp\/v2\/media\/2603"}],"wp:attachment":[{"href":"https:\/\/galaxybicycle.com\/hu\/wp-json\/wp\/v2\/media?parent=2602"}],"wp:term":[{"taxonomy":"product_brand","embeddable":true,"href":"https:\/\/galaxybicycle.com\/hu\/wp-json\/wp\/v2\/product_brand?post=2602"},{"taxonomy":"product_cat","embeddable":true,"href":"https:\/\/galaxybicycle.com\/hu\/wp-json\/wp\/v2\/product_cat?post=2602"},{"taxonomy":"product_tag","embeddable":true,"href":"https:\/\/galaxybicycle.com\/hu\/wp-json\/wp\/v2\/product_tag?post=2602"}],"curies":[{"name":"wp","href":"https:\/\/api.w.org\/{rel}","templated":true}]}}