{"id":2598,"date":"2025-08-18T03:34:46","date_gmt":"2025-08-18T03:34:46","guid":{"rendered":"http:\/\/galaxybicycle.com\/?post_type=product&#038;p=2598"},"modified":"2025-09-03T09:22:28","modified_gmt":"2025-09-03T09:22:28","slug":"b080e","status":"publish","type":"product","link":"https:\/\/galaxybicycle.com\/hu\/product\/b080e\/","title":{"rendered":"Velopro C080E Elektromos ker\u00e9kp\u00e1r | 500W-os nagy sebess\u00e9g\u0171 motor, 20\" vastag gumiabroncsok, h\u00e1ts\u00f3 csomagtart\u00f3 \u00e9s kos\u00e1r"},"content":{"rendered":"<p><strong>Velopro C080E elektromos ker\u00e9kp\u00e1r<\/strong> \u00fagy \u00e9p\u00fclt, hogy a mindennapi utaz\u00e1s z\u00f6kken\u0151mentes, megb\u00edzhat\u00f3 \u00e9s sz\u00f3rakoztat\u00f3 legyen. Ak\u00e1r a v\u00e1rosban ing\u00e1zol, ak\u00e1r \u00fcgyeket int\u00e9zel, ak\u00e1r h\u00e9tv\u00e9gi kalandot \u00e9lsz \u00e1t, ezt az e-bike-ot \u00fagy tervezt\u00fck, hogy mindezzel megbirk\u00f3zzon. A <strong>48V 10.4AH akkumul\u00e1tor<\/strong> (EVE m\u00e1rk\u00e1j\u00fa cell\u00e1k) \u00e9s egy <strong>500W-os nagysebess\u00e9g\u0171 motor<\/strong>, gyorsas\u00e1got \u00e9s \u00e1ll\u00f3k\u00e9pess\u00e9get is ad - ak\u00e1r a <strong>32KM\/H (35KM\/H-ig \u00e1ll\u00edthat\u00f3)<\/strong> \u00e9s sz\u00e1mos <strong>40-50KM t\u00f6lt\u00e9senk\u00e9nt<\/strong>.<\/p>\n<p>K\u00e9nyelmes \u00e9s magabiztos utaz\u00e1s a <strong>20\u00d73\" Chaoyang gumiabroncsok<\/strong>, <strong>mechanikus t\u00e1rcsaf\u00e9kek<\/strong> az er\u0151s f\u00e9kez\u0151er\u0151\u00e9rt, \u00e9s egy <strong>LCD kijelz\u0151<\/strong> hogy nyomon k\u00f6vethesse a sebess\u00e9get, az akkumul\u00e1tort \u00e9s a vezet\u00e9si m\u00f3dot. Praktikus funkci\u00f3k, mint p\u00e9ld\u00e1ul a <strong>h\u00e1ts\u00f3 csomagtart\u00f3<\/strong>, <strong>els\u0151 kos\u00e1r<\/strong>, \u00e9s <strong>els\u0151 \u00e9s h\u00e1ts\u00f3 l\u00e1mp\u00e1k<\/strong> ide\u00e1lis v\u00e1rosi ing\u00e1z\u00e1shoz \u00e9s mindennapi haszn\u00e1latra egyar\u00e1nt.<\/p>\n<p>A  c\u00edmen <strong>5 ped\u00e1lseg\u00e9d \u00fczemm\u00f3d<\/strong>, a <strong>h\u00fcvelykujjas g\u00e1zkar<\/strong>, \u00e9s <strong>Shimano 7 sebess\u00e9ges v\u00e1lt\u00f3<\/strong>, mindig megfelel\u0151 t\u00e1maszt\u00e9kkal rendelkezik majd b\u00e1rmilyen terepen. Er\u0151s <strong>ac\u00e9lkeret<\/strong>, ak\u00e1r <strong>150 kg hasznos teherb\u00edr\u00e1s<\/strong> a stabilit\u00e1s \u00e9s a st\u00edlus fenntart\u00e1sa mellett. Az Velopro C080E megb\u00edzhat\u00f3 partner a munk\u00e1ban, a sz\u00f3rakoz\u00e1sban \u00e9s minden m\u00e1sban.<\/p>\n<h3>Mi\u00e9rt v\u00e1lassza az Velopro C080E-t?<\/h3>\n<ul>\n<li><strong>Er\u0151teljes 500W-os motor<\/strong> - Sim\u00e1n cirk\u00e1lhat, \u00e9s ak\u00e1r 15\u00b0-os emelked\u0151kkel is megbirk\u00f3zhat.<\/li>\n<li><strong>Nagy hat\u00f3t\u00e1vols\u00e1g<\/strong> - 40-50 km megt\u00e9tele t\u00f6lt\u00e9senk\u00e9nt egy kiv\u00e1l\u00f3 min\u0151s\u00e9g\u0171 48 V-os akkumul\u00e1torral.<\/li>\n<li><strong>K\u00e9nyelmes utaz\u00e1s<\/strong> - A sz\u00e9les 20\u00d73\"-os gumiabroncsok elnyelik az \u00fct\u00e9seket \u00e9s kiv\u00e1l\u00f3 tapad\u00e1st biztos\u00edtanak.<\/li>\n<li><strong>Teljesen felszerelt<\/strong> - H\u00e1ts\u00f3 csomagtart\u00f3, els\u0151 kos\u00e1r, s\u00e1rv\u00e9d\u0151k, l\u00e1mp\u00e1k \u00e9s elektronikus k\u00fcrt tartoz\u00e9k.<\/li>\n<li><strong>Biztons\u00e1gos \u00e9s megb\u00edzhat\u00f3<\/strong> - Mechanikus t\u00e1rcsaf\u00e9kek \u00e9s IP54-es v\u00edz\u00e1ll\u00f3 kivitel.<\/li>\n<li><strong>Praktikus napi haszn\u00e1latra<\/strong> - Ide\u00e1lis ing\u00e1z\u00e1shoz, v\u00e1s\u00e1rl\u00e1shoz vagy szabadid\u0151s utaz\u00e1shoz.<\/li>\n<\/ul>\n<h3>M\u0171szaki adatok<\/h3>\n<table border=\"1\" cellspacing=\"0\" cellpadding=\"6\">\n<tbody>\n<tr>\n<th colspan=\"2\">Elektronika<\/th>\n<\/tr>\n<tr>\n<td>Akkumul\u00e1tor<\/td>\n<td>48V 10.4AH (40 cella, EVE m\u00e1rka)<\/td>\n<\/tr>\n<tr>\n<td>Motor<\/td>\n<td>48V 500W-os nagy sebess\u00e9g\u0171 motor<\/td>\n<\/tr>\n<tr>\n<td>Legnagyobb sebess\u00e9g<\/td>\n<td>32KM\/H (35KM\/H-ig \u00e1ll\u00edthat\u00f3)<\/td>\n<\/tr>\n<tr>\n<td>Tartom\u00e1ny<\/td>\n<td>40-50KM<\/td>\n<\/tr>\n<tr>\n<td>PAS<\/td>\n<td>5 lovagl\u00e1si m\u00f3d<\/td>\n<\/tr>\n<tr>\n<td>G\u00e1zkar<\/td>\n<td>Thumb Throttle<\/td>\n<\/tr>\n<tr>\n<td>Megjelen\u00edt\u00e9s<\/td>\n<td>LCD kijelz\u0151<\/td>\n<\/tr>\n<tr>\n<td>T\u00f6lt\u00e9si id\u0151<\/td>\n<td>5.2 \u00f3ra<\/td>\n<\/tr>\n<tr>\n<td>F\u00e9nyek<\/td>\n<td>Els\u0151 \u00e9s h\u00e1ts\u00f3 l\u00e1mp\u00e1k<\/td>\n<\/tr>\n<tr>\n<th colspan=\"2\">Szabv\u00e1nyok<\/th>\n<\/tr>\n<tr>\n<td>Keret Anyag<\/td>\n<td>Kiv\u00e1l\u00f3 min\u0151s\u00e9g\u0171 ac\u00e9l<\/td>\n<\/tr>\n<tr>\n<td>Ker\u00e9km\u00e9ret<\/td>\n<td>20\u00d73\"<\/td>\n<\/tr>\n<tr>\n<td>Gumiabroncs m\u00e1rka<\/td>\n<td>Chaoyang<\/td>\n<\/tr>\n<tr>\n<td>S\u00faly<\/td>\n<td>Net: Nett\u00f3: 30 kg \/ Brutt\u00f3: 30 kg: 35KG<\/td>\n<\/tr>\n<tr>\n<td>Teherb\u00edr\u00f3 kapacit\u00e1s<\/td>\n<td>150KG<\/td>\n<\/tr>\n<tr>\n<td>M\u00e1sz\u00e1s Kapacit\u00e1s<\/td>\n<td>15\u00b0<\/td>\n<\/tr>\n<tr>\n<td>F\u00e9kek<\/td>\n<td>Mechanikus t\u00e1rcsaf\u00e9kek (el\u00f6l \u00e9s h\u00e1tul)<\/td>\n<\/tr>\n<tr>\n<td>Fogaskerekek<\/td>\n<td>Shimano 7 sebess\u00e9ges<\/td>\n<\/tr>\n<tr>\n<td>Vill\u00e1k<\/td>\n<td>Nem felf\u00fcggeszt\u00e9si villa<\/td>\n<\/tr>\n<tr>\n<td>L\u00e1nc<\/td>\n<td>1\/2*3\/32\" x118L<\/td>\n<\/tr>\n<tr>\n<td>Fogasker\u00e9k<\/td>\n<td>52T*170L<\/td>\n<\/tr>\n<tr>\n<td>Ped\u00e1lok<\/td>\n<td>Alum\u00ednium \u00f6tv\u00f6zet<\/td>\n<\/tr>\n<tr>\n<td>Extr\u00e1k<\/td>\n<td>H\u00e1ts\u00f3 csomagtart\u00f3, els\u0151 kos\u00e1r, s\u00e1rv\u00e9d\u0151k, elektronikus k\u00fcrt<\/td>\n<\/tr>\n<tr>\n<td>V\u00edz\u00e1ll\u00f3<\/td>\n<td>IP54<\/td>\n<\/tr>\n<tr>\n<td>H\u0151m\u00e9rs\u00e9klet tartom\u00e1ny<\/td>\n<td>-10~45\u2103<\/td>\n<\/tr>\n<tr>\n<td>\u00d6sszecsukhat\u00f3<\/td>\n<td>Nem<\/td>\n<\/tr>\n<tr>\n<td>Sz\u00ednes<\/td>\n<td>Testreszabhat\u00f3<\/td>\n<\/tr>\n<tr>\n<th colspan=\"2\">M\u00e9ret<\/th>\n<\/tr>\n<tr>\n<td>\u00d6sszehajtogatott m\u00e9ret<\/td>\n<td>162*66*104 cm<\/td>\n<\/tr>\n<tr>\n<td>\u00d6sszehajtott m\u00e9ret<\/td>\n<td>Kihajthatatlan<\/td>\n<\/tr>\n<tr>\n<td>Lovas magass\u00e1ga<\/td>\n<td>155-190 cm<\/td>\n<\/tr>\n<tr>\n<td>Csomagol\u00e1si m\u00e9ret<\/td>\n<td>135*24*70 cm<\/td>\n<\/tr>\n<tr>\n<td>Mennyis\u00e9g 40HQ kont\u00e9nerben<\/td>\n<td>283 db<\/td>\n<\/tr>\n<\/tbody>\n<\/table>","protected":false},"excerpt":{"rendered":"<p>Fedezze fel a <strong>Velopro C080E<\/strong> - st\u00edlusos \u00e9s er\u0151s e-bike 48V-os 500W-os motorral, 20\"-os Chaoyang zs\u00edrgumikkal \u00e9s ak\u00e1r 50 km-es hat\u00f3t\u00e1vols\u00e1ggal. T\u00f6k\u00e9letes a napi ing\u00e1z\u00e1shoz, h\u00e9tv\u00e9gi t\u00far\u00e1khoz, vagy a h\u00e1ts\u00f3 csomagtart\u00f3 \u00e9s az els\u0151 kos\u00e1r seg\u00edts\u00e9g\u00e9vel bev\u00e1s\u00e1rl\u00e1sok sz\u00e1ll\u00edt\u00e1s\u00e1ra.<\/p>","protected":false},"featured_media":2599,"comment_status":"open","ping_status":"closed","template":"","meta":[],"product_brand":[35],"product_cat":[27,28,38],"product_tag":[],"class_list":{"0":"post-2598","1":"product","2":"type-product","3":"status-publish","4":"has-post-thumbnail","6":"product_brand-velopro","7":"product_cat-city-ebike","8":"product_cat-fat-tire-ebike","9":"product_cat-velopro-electric-bikes","11":"first","12":"instock","13":"shipping-taxable","14":"product-type-simple"},"_links":{"self":[{"href":"https:\/\/galaxybicycle.com\/hu\/wp-json\/wp\/v2\/product\/2598","targetHints":{"allow":["GET"]}}],"collection":[{"href":"https:\/\/galaxybicycle.com\/hu\/wp-json\/wp\/v2\/product"}],"about":[{"href":"https:\/\/galaxybicycle.com\/hu\/wp-json\/wp\/v2\/types\/product"}],"replies":[{"embeddable":true,"href":"https:\/\/galaxybicycle.com\/hu\/wp-json\/wp\/v2\/comments?post=2598"}],"wp:featuredmedia":[{"embeddable":true,"href":"https:\/\/galaxybicycle.com\/hu\/wp-json\/wp\/v2\/media\/2599"}],"wp:attachment":[{"href":"https:\/\/galaxybicycle.com\/hu\/wp-json\/wp\/v2\/media?parent=2598"}],"wp:term":[{"taxonomy":"product_brand","embeddable":true,"href":"https:\/\/galaxybicycle.com\/hu\/wp-json\/wp\/v2\/product_brand?post=2598"},{"taxonomy":"product_cat","embeddable":true,"href":"https:\/\/galaxybicycle.com\/hu\/wp-json\/wp\/v2\/product_cat?post=2598"},{"taxonomy":"product_tag","embeddable":true,"href":"https:\/\/galaxybicycle.com\/hu\/wp-json\/wp\/v2\/product_tag?post=2598"}],"curies":[{"name":"wp","href":"https:\/\/api.w.org\/{rel}","templated":true}]}}