{"id":2564,"date":"2025-08-18T03:22:58","date_gmt":"2025-08-18T03:22:58","guid":{"rendered":"http:\/\/galaxybicycle.com\/?post_type=product&#038;p=2564"},"modified":"2025-09-03T09:32:17","modified_gmt":"2025-09-03T09:32:17","slug":"cg400e","status":"publish","type":"product","link":"https:\/\/galaxybicycle.com\/hu\/product\/cg400e\/","title":{"rendered":"Velopro CG400E elektromos ker\u00e9kp\u00e1r | 500W motor, 48V 25.4Ah akkumul\u00e1tor, 120KM hat\u00f3t\u00e1vols\u00e1g"},"content":{"rendered":"<p><strong>Velopro CG400E elektromos ker\u00e9kp\u00e1r<\/strong> olyan versenyz\u0151k sz\u00e1m\u00e1ra k\u00e9sz\u00fclt, akik nagyobb teljes\u00edtm\u00e9nyt, k\u00e9nyelmet \u00e9s t\u00e1vols\u00e1got ig\u00e9nyelnek. Robusztus <strong>48V 500W-os nagysebess\u00e9g\u0171 motor<\/strong> \u00e9s egy <strong>48V 25.4Ah kett\u0151s akkumul\u00e1tor (EVE m\u00e1rka)<\/strong>, ez az e-bike leny\u0171g\u00f6z\u0151 gyorsul\u00e1st biztos\u00edt, \u00e9s a hat\u00f3t\u00e1vols\u00e1g a <strong>90-120KM t\u00f6lt\u00e9senk\u00e9nt<\/strong>.<\/p>\n<p>Tart\u00f3s, tart\u00f3s <strong>Alum\u00ednium \u00f6tv\u00f6zet 6061 v\u00e1z<\/strong> \u00e9s <strong>20\u00d73\" Chaoyang gumiabroncsok<\/strong>, stabilit\u00e1st \u00e9s sima kezelhet\u0151s\u00e9get k\u00edn\u00e1l a k\u00fcl\u00f6nb\u00f6z\u0151 terepeken. A <strong>els\u0151 felf\u00fcggeszt\u00e9s vill\u00e1ja<\/strong> elnyeli az \u00fct\u0151d\u00e9seket, m\u00edg <strong>mechanikus t\u00e1rcsaf\u00e9kek<\/strong> megb\u00edzhat\u00f3 f\u00e9kez\u0151er\u0151t biztos\u00edt minden id\u0151j\u00e1r\u00e1si k\u00f6r\u00fclm\u00e9nyek k\u00f6z\u00f6tt. A  c\u00edmen <strong>Shimano 7 sebess\u00e9ges v\u00e1lt\u00f3<\/strong>, a ker\u00e9kp\u00e1rosok k\u00f6nnyed\u00e9n v\u00e1lthatnak a k\u00f6nnyed ped\u00e1loz\u00e1s \u00e9s az er\u0151teljes elektromos asszisztens k\u00f6z\u00f6tt.<\/p>\n<p>A CG400E a k\u00f6vetkez\u0151kkel van felszerelve <strong>els\u0151 \u00e9s h\u00e1ts\u00f3 l\u00e1mp\u00e1k<\/strong>, egy gyakorlatias <strong>h\u00e1ts\u00f3 csomagtart\u00f3<\/strong>, \u00e9s <strong>s\u00e1rv\u00e9d\u0151k<\/strong> a tov\u00e1bbi k\u00e9nyelem \u00e9rdek\u00e9ben. Ak\u00e1r a k\u00f6vetkez\u0151 hasznos terhel\u00e9st is t\u00e1mogatja <strong>150KG<\/strong> \u00e9s alkalmas a k\u00f6vetkez\u0151 magass\u00e1g\u00fa lovasok sz\u00e1m\u00e1ra <strong>155-190cm<\/strong>. A <strong>LCD kijelz\u0151, csavart g\u00e1zkar \u00e9s 5 PAS vezet\u00e9si m\u00f3d<\/strong>, ez az e-bike teljes ir\u00e1ny\u00edt\u00e1st \u00e9s modern vezet\u00e9si \u00e9lm\u00e9nyt ny\u00fajt.<\/p>\n<p>Ak\u00e1r munk\u00e1ba ing\u00e1zik, ak\u00e1r a term\u00e9szetet fedezi fel, vagy hossz\u00fa h\u00e9tv\u00e9gi t\u00far\u00e1kat tesz, a <strong>Velopro CG400E<\/strong> \u00fagy \u00e9p\u00fclt, hogy er\u0151t, k\u00e9nyelmet \u00e9s st\u00edlust ny\u00fajtva k\u00eds\u00e9rje \u00d6nt minden utaz\u00e1son.<\/p>\n<h2>M\u0171szaki adatok<\/h2>\n<table border=\"1\" cellspacing=\"0\" cellpadding=\"6\">\n<tbody>\n<tr>\n<th>Oszt\u00e1lyoz\u00e1s<\/th>\n<th>M\u0171szaki adatok<\/th>\n<th>Param\u00e9terek<\/th>\n<\/tr>\n<tr>\n<td>Akkumul\u00e1tor<\/td>\n<td>48V 25.4Ah (10.4Ah + 15Ah, EVE m\u00e1rka)<\/td>\n<td>Kett\u0151s akkumul\u00e1tor rendszer<\/td>\n<\/tr>\n<tr>\n<td>Motor<\/td>\n<td>48V 500W<\/td>\n<td>Nagy sebess\u00e9g\u0171 motor<\/td>\n<\/tr>\n<tr>\n<td>Legnagyobb sebess\u00e9g<\/td>\n<td>32KM\/H<\/td>\n<td>45KM\/H-ig \u00e1ll\u00edthat\u00f3<\/td>\n<\/tr>\n<tr>\n<td>Tartom\u00e1ny<\/td>\n<td>90-120KM<\/td>\n<td>T\u00f6lt\u00e9senk\u00e9nt<\/td>\n<\/tr>\n<tr>\n<td>PAS<\/td>\n<td>5 lovagl\u00e1si m\u00f3d<\/td>\n<td>Ped\u00e1l asszisztens rendszer<\/td>\n<\/tr>\n<tr>\n<td>T\u00f6lt\u0151<\/td>\n<td>54,6V 2A<\/td>\n<td>T\u00f6lt\u00e9si id\u0151: 12H<\/td>\n<\/tr>\n<tr>\n<td>G\u00e1zkar<\/td>\n<td>Twist Throttle<\/td>\n<td>K\u00f6nny\u0171 gyors\u00edt\u00e1s<\/td>\n<\/tr>\n<tr>\n<td>Megjelen\u00edt\u00e9s<\/td>\n<td>LCD kijelz\u0151<\/td>\n<td>Sebess\u00e9g, akkumul\u00e1tor, \u00fczemm\u00f3d<\/td>\n<\/tr>\n<tr>\n<td>Keret<\/td>\n<td>Alum\u00ednium \u00f6tv\u00f6zet 6061<\/td>\n<td>Tart\u00f3s fel\u00e9p\u00edt\u00e9s<\/td>\n<\/tr>\n<tr>\n<td>Ker\u00e9km\u00e9ret<\/td>\n<td>20\u00d73\"<\/td>\n<td>Chaoyang gumiabroncsok<\/td>\n<\/tr>\n<tr>\n<td>F\u00e9kek<\/td>\n<td>Mechanikus t\u00e1rcsaf\u00e9kek<\/td>\n<td>El\u00f6l \u00e9s h\u00e1tul<\/td>\n<\/tr>\n<tr>\n<td>Els\u0151 villa<\/td>\n<td>Felf\u00fcggeszt\u00e9si villa<\/td>\n<td>Sokk-elnyel\u00e9s<\/td>\n<\/tr>\n<tr>\n<td>Shifter<\/td>\n<td>Shimano 7 sebess\u00e9ges<\/td>\n<td>Z\u00f6kken\u0151mentes sebess\u00e9gv\u00e1lt\u00e1s<\/td>\n<\/tr>\n<tr>\n<td>S\u00faly<\/td>\n<td>Net: 35KG \/ Brutt\u00f3: Nett\u00f3: 35KG \/ Brutt\u00f3: 35KG: 43KG<\/td>\n<td>Hasznos teher: 150KG<\/td>\n<\/tr>\n<tr>\n<td>Extr\u00e1k<\/td>\n<td>s\u00e1rv\u00e9d\u0151k, h\u00e1ts\u00f3 csomagtart\u00f3, harang<\/td>\n<td>K\u00e9nyelem \u00e9s biztons\u00e1g<\/td>\n<\/tr>\n<tr>\n<td>V\u00edz\u00e1ll\u00f3<\/td>\n<td>IP54<\/td>\n<td>Id\u0151j\u00e1r\u00e1s\u00e1ll\u00f3<\/td>\n<\/tr>\n<tr>\n<td>M\u00e1sz\u00e1s Kapacit\u00e1s<\/td>\n<td>15\u00b0<\/td>\n<td>Hill Friendly<\/td>\n<\/tr>\n<tr>\n<td>Lovas magass\u00e1ga<\/td>\n<td>155-190cm<\/td>\n<td>Univerz\u00e1lis illeszked\u00e9s<\/td>\n<\/tr>\n<tr>\n<td>Csomagol\u00e1si m\u00e9ret<\/td>\n<td>152*30*80cm<\/td>\n<td>129 k\u00e9szlet \/ 40'HQ<\/td>\n<\/tr>\n<\/tbody>\n<\/table>","protected":false},"excerpt":{"rendered":"<p>Az Velopro CG400E egy nagy teljes\u00edtm\u00e9ny\u0171, nagy hat\u00f3t\u00e1vols\u00e1g\u00fa elektromos ker\u00e9kp\u00e1r, amely 500 W-os nagysebess\u00e9g\u0171 motorral, nagy 48 V-os 25,4 Ah-s kett\u0151s akkumul\u00e1torral \u00e9s Shimano 7 sebess\u00e9ges v\u00e1lt\u00f3val rendelkezik. T\u00f6k\u00e9letes v\u00e1rosi ing\u00e1z\u00e1shoz, h\u00e9tv\u00e9gi t\u00far\u00e1khoz \u00e9s hossz\u00fa kalandokhoz, ak\u00e1r 120 km-es hat\u00f3t\u00e1vols\u00e1ggal.<\/p>","protected":false},"featured_media":2565,"comment_status":"open","ping_status":"closed","template":"","meta":[],"product_brand":[35],"product_cat":[29,38],"product_tag":[],"class_list":{"0":"post-2564","1":"product","2":"type-product","3":"status-publish","4":"has-post-thumbnail","6":"product_brand-velopro","7":"product_cat-electric-tribike","8":"product_cat-velopro-electric-bikes","10":"first","11":"instock","12":"shipping-taxable","13":"purchasable","14":"product-type-simple"},"_links":{"self":[{"href":"https:\/\/galaxybicycle.com\/hu\/wp-json\/wp\/v2\/product\/2564","targetHints":{"allow":["GET"]}}],"collection":[{"href":"https:\/\/galaxybicycle.com\/hu\/wp-json\/wp\/v2\/product"}],"about":[{"href":"https:\/\/galaxybicycle.com\/hu\/wp-json\/wp\/v2\/types\/product"}],"replies":[{"embeddable":true,"href":"https:\/\/galaxybicycle.com\/hu\/wp-json\/wp\/v2\/comments?post=2564"}],"wp:featuredmedia":[{"embeddable":true,"href":"https:\/\/galaxybicycle.com\/hu\/wp-json\/wp\/v2\/media\/2565"}],"wp:attachment":[{"href":"https:\/\/galaxybicycle.com\/hu\/wp-json\/wp\/v2\/media?parent=2564"}],"wp:term":[{"taxonomy":"product_brand","embeddable":true,"href":"https:\/\/galaxybicycle.com\/hu\/wp-json\/wp\/v2\/product_brand?post=2564"},{"taxonomy":"product_cat","embeddable":true,"href":"https:\/\/galaxybicycle.com\/hu\/wp-json\/wp\/v2\/product_cat?post=2564"},{"taxonomy":"product_tag","embeddable":true,"href":"https:\/\/galaxybicycle.com\/hu\/wp-json\/wp\/v2\/product_tag?post=2564"}],"curies":[{"name":"wp","href":"https:\/\/api.w.org\/{rel}","templated":true}]}}