{"id":2561,"date":"2025-08-18T03:22:40","date_gmt":"2025-08-18T03:22:40","guid":{"rendered":"http:\/\/galaxybicycle.com\/?post_type=product&#038;p=2561"},"modified":"2025-09-03T09:44:57","modified_gmt":"2025-09-03T09:44:57","slug":"m950e","status":"publish","type":"product","link":"https:\/\/galaxybicycle.com\/hu\/product\/m950e\/","title":{"rendered":"Velopro M950E elektromos hegyi ker\u00e9kp\u00e1r | 500W Mid-Drive motor, teljes felf\u00fcggeszt\u00e9s, nagy hat\u00f3t\u00e1vols\u00e1g 80KM"},"content":{"rendered":"<p>Bemutatkozik a <strong>Velopro M950E Elektromos hegyi ker\u00e9kp\u00e1r<\/strong> - egy robusztus \u00e9s megb\u00edzhat\u00f3 e-bike, amelyet a sebess\u00e9get \u00e9s az \u00e1ll\u00f3k\u00e9pess\u00e9get egyar\u00e1nt kedvel\u0151 motorosok sz\u00e1m\u00e1ra terveztek. \u00c9p\u00edtett <strong>500W ANANDA k\u00f6z\u00e9phajt\u00e1s\u00fa motor<\/strong> \u00e9s egy <strong>48V15AH EVE akkumul\u00e1tor<\/strong>, ez a ker\u00e9kp\u00e1r egyenletes er\u0151\u00e1tvitelt, hosszabb menetid\u0151t, valamint a teljes\u00edtm\u00e9ny \u00e9s a hat\u00e9konys\u00e1g t\u00f6k\u00e9letes egyens\u00faly\u00e1t k\u00edn\u00e1lja.<\/p>\n<p>Ak\u00e1r meredek \u00f6sv\u00e9nyeken, ak\u00e1r v\u00e1rosi utakon vagy a term\u00e9szet felfedez\u00e9s\u00e9n dolgozik, az M950E biztos\u00edtja a k\u00e9nyelmet \u00e9s a stabilit\u00e1st. <strong>els\u0151 rug\u00f3s villa, h\u00e1ts\u00f3 felf\u00fcggeszt\u00e9s \u00e9s sz\u00e9les 29\u00d72.6\" abroncsok<\/strong>. A Shimano 10 sebess\u00e9ges v\u00e1lt\u00f3rendszer rugalmass\u00e1got biztos\u00edt minden terepviszonyok k\u00f6z\u00f6tt, mik\u00f6zben <strong>Zoom hidraulikus t\u00e1rcsaf\u00e9kek<\/strong> megb\u00edzhat\u00f3 f\u00e9ker\u0151t biztos\u00edtanak m\u00e9g a kih\u00edv\u00e1st jelent\u0151 lejt\u0151k\u00f6n is.<\/p>\n<p>Tervezett egy <strong>6061-es alum\u00ednium \u00f6tv\u00f6zetb\u0151l k\u00e9sz\u00fclt v\u00e1z<\/strong>, LCD kijelz\u0151vel \u00e9s be\u00e9p\u00edtett l\u00e1mp\u00e1kkal ez az e-bike a tart\u00f3ss\u00e1got, a biztons\u00e1got \u00e9s a modern k\u00e9nyelmet \u00f6tv\u00f6zi. A 150 kg teherb\u00edr\u00e1s\u00fa \u00e9s 155-190 cm-es magass\u00e1g\u00fa lovasnak megfelel\u0151 Velopro M950E t\u00f6k\u00e9letes t\u00e1rs a szabadt\u00e9ri rajong\u00f3k \u00e9s a napi ing\u00e1z\u00f3k sz\u00e1m\u00e1ra egyar\u00e1nt.<\/p>\n<h2>M\u0171szaki adatok<\/h2>\n<table border=\"1\" cellspacing=\"0\" cellpadding=\"6\">\n<tbody>\n<tr>\n<th>Oszt\u00e1lyoz\u00e1s<\/th>\n<th>M\u0171szaki adatok<\/th>\n<th>Param\u00e9terek<\/th>\n<\/tr>\n<tr>\n<td rowspan=\"9\"><strong>Elektronika<\/strong><\/td>\n<td>Akkumul\u00e1tor<\/td>\n<td>48V15AH (EVE m\u00e1rka), elt\u00e1vol\u00edthat\u00f3<\/td>\n<\/tr>\n<tr>\n<td>Motor<\/td>\n<td>ANANDA k\u00f6z\u00e9phajt\u00e1s\u00fa motor, 48V500W<\/td>\n<\/tr>\n<tr>\n<td>Legnagyobb sebess\u00e9g<\/td>\n<td>32KM\/H<\/td>\n<\/tr>\n<tr>\n<td>Tartom\u00e1ny<\/td>\n<td>60-80KM<\/td>\n<\/tr>\n<tr>\n<td>PAS<\/td>\n<td>5 lovagl\u00e1si m\u00f3d<\/td>\n<\/tr>\n<tr>\n<td>T\u00f6lt\u0151<\/td>\n<td>54,6V 2A<\/td>\n<\/tr>\n<tr>\n<td>T\u00f6lt\u00e9si id\u0151<\/td>\n<td>7.5H<\/td>\n<\/tr>\n<tr>\n<td>G\u00e1zkar<\/td>\n<td>Twist Throttle<\/td>\n<\/tr>\n<tr>\n<td>Megjelen\u00edt\u00e9s<\/td>\n<td>LCD kijelz\u0151 a lovagl\u00e1si adatokkal<\/td>\n<\/tr>\n<tr>\n<td rowspan=\"12\"><strong>Szabv\u00e1nyok<\/strong><\/td>\n<td>Keret Anyag<\/td>\n<td>Alum\u00ednium \u00f6tv\u00f6zet 6061<\/td>\n<\/tr>\n<tr>\n<td>Ker\u00e9km\u00e9ret<\/td>\n<td>29\u00d72.6\" (Jiantai gumik)<\/td>\n<\/tr>\n<tr>\n<td>Nett\u00f3\/brutt\u00f3 s\u00faly<\/td>\n<td>38KGS \/ 46KGS<\/td>\n<\/tr>\n<tr>\n<td>Teherb\u00edr\u00f3 kapacit\u00e1s<\/td>\n<td>150KGS<\/td>\n<\/tr>\n<tr>\n<td>M\u00e1sz\u00e1s Kapacit\u00e1s<\/td>\n<td>15\u00b0<\/td>\n<\/tr>\n<tr>\n<td>F\u00e9kek<\/td>\n<td>Zoom hidraulikus t\u00e1rcsaf\u00e9kek<\/td>\n<\/tr>\n<tr>\n<td>Felf\u00fcggeszt\u00e9s<\/td>\n<td>Els\u0151 felf\u00fcggeszt\u00e9s villa + h\u00e1ts\u00f3 felf\u00fcggeszt\u00e9s<\/td>\n<\/tr>\n<tr>\n<td>Fogaskerekek<\/td>\n<td>Shimano 10 sebess\u00e9ges<\/td>\n<\/tr>\n<tr>\n<td>V\u00edz\u00e1ll\u00f3 szint<\/td>\n<td>IP54<\/td>\n<\/tr>\n<tr>\n<td>Extr\u00e1k<\/td>\n<td>LCD kijelz\u0151, mechanikus cseng\u0151, els\u0151 \u00e9s h\u00e1ts\u00f3 l\u00e1mp\u00e1k<\/td>\n<\/tr>\n<tr>\n<td>Sz\u00ednes<\/td>\n<td>Testreszabhat\u00f3<\/td>\n<\/tr>\n<tr>\n<td>Csomagol\u00e1si m\u00e9ret<\/td>\n<td>155\u00d733\u00d785cm<\/td>\n<\/tr>\n<\/tbody>\n<\/table>\n<p><strong>Mi\u00e9rt v\u00e1lassza az Velopro M950E-t?<\/strong><\/p>\n<ul>\n<li>Er\u0151s k\u00f6z\u00e9phajt\u00e1s\u00fa motor a jobb m\u00e1sz\u00e1s\u00e9rt \u00e9s egyens\u00faly\u00e9rt.<\/li>\n<li>Hossz\u00fa hat\u00f3t\u00e1vols\u00e1g\u00fa akkumul\u00e1tor a hosszabb utaz\u00e1sokhoz.<\/li>\n<li>Teljes felf\u00fcggeszt\u00e9si rendszer a k\u00e9nyelem\u00e9rt a durva terepen.<\/li>\n<li>Hidraulikus t\u00e1rcsaf\u00e9kek a biztons\u00e1gos \u00e9s megb\u00edzhat\u00f3 f\u00e9ker\u0151\u00e9rt.<\/li>\n<li>Modern kialak\u00edt\u00e1s Shimano sebess\u00e9gv\u00e1lt\u00f3kkal, LCD kijelz\u0151vel \u00e9s be\u00e9p\u00edtett vil\u00e1g\u00edt\u00e1ssal.<\/li>\n<\/ul>","protected":false},"excerpt":{"rendered":"<p>Az Velopro M950E egy nagy teljes\u00edtm\u00e9ny\u0171 elektromos hegyiker\u00e9kp\u00e1r, amely nagy teljes\u00edtm\u00e9ny\u0171 ANANDA 500W-os k\u00f6z\u00e9phajt\u00e1s\u00fa motorral, hossz\u00fa \u00e9lettartam\u00fa 48V15AH akkumul\u00e1torral \u00e9s Shimano 10 sebess\u00e9ges v\u00e1lt\u00f3val van felszerelve. Ak\u00e1r 80 km-es hat\u00f3t\u00e1vols\u00e1ggal, hidraulikus t\u00e1rcsaf\u00e9kekkel \u00e9s teljes felf\u00fcggeszt\u00e9ssel olyan ker\u00e9kp\u00e1rosok sz\u00e1m\u00e1ra k\u00e9sz\u00fclt, akiknek ig\u00e9ny\u00fck van az er\u0151re, a k\u00e9nyelemre \u00e9s a kalandra.<\/p>","protected":false},"featured_media":2562,"comment_status":"open","ping_status":"closed","template":"","meta":[],"product_brand":[35],"product_cat":[31,38],"product_tag":[],"class_list":{"0":"post-2561","1":"product","2":"type-product","3":"status-publish","4":"has-post-thumbnail","6":"product_brand-velopro","7":"product_cat-mountain-ebike","8":"product_cat-velopro-electric-bikes","10":"first","11":"instock","12":"shipping-taxable","13":"purchasable","14":"product-type-simple"},"_links":{"self":[{"href":"https:\/\/galaxybicycle.com\/hu\/wp-json\/wp\/v2\/product\/2561","targetHints":{"allow":["GET"]}}],"collection":[{"href":"https:\/\/galaxybicycle.com\/hu\/wp-json\/wp\/v2\/product"}],"about":[{"href":"https:\/\/galaxybicycle.com\/hu\/wp-json\/wp\/v2\/types\/product"}],"replies":[{"embeddable":true,"href":"https:\/\/galaxybicycle.com\/hu\/wp-json\/wp\/v2\/comments?post=2561"}],"wp:featuredmedia":[{"embeddable":true,"href":"https:\/\/galaxybicycle.com\/hu\/wp-json\/wp\/v2\/media\/2562"}],"wp:attachment":[{"href":"https:\/\/galaxybicycle.com\/hu\/wp-json\/wp\/v2\/media?parent=2561"}],"wp:term":[{"taxonomy":"product_brand","embeddable":true,"href":"https:\/\/galaxybicycle.com\/hu\/wp-json\/wp\/v2\/product_brand?post=2561"},{"taxonomy":"product_cat","embeddable":true,"href":"https:\/\/galaxybicycle.com\/hu\/wp-json\/wp\/v2\/product_cat?post=2561"},{"taxonomy":"product_tag","embeddable":true,"href":"https:\/\/galaxybicycle.com\/hu\/wp-json\/wp\/v2\/product_tag?post=2561"}],"curies":[{"name":"wp","href":"https:\/\/api.w.org\/{rel}","templated":true}]}}