{"id":2555,"date":"2025-08-18T03:21:39","date_gmt":"2025-08-18T03:21:39","guid":{"rendered":"http:\/\/galaxybicycle.com\/?post_type=product&#038;p=2555"},"modified":"2025-09-03T09:15:47","modified_gmt":"2025-09-03T09:15:47","slug":"f120e","status":"publish","type":"product","link":"https:\/\/galaxybicycle.com\/hu\/product\/f120e\/","title":{"rendered":"Velopro F120E \u00d6sszecsukhat\u00f3 elektromos ker\u00e9kp\u00e1r | 20\u2033 kompakt ing\u00e1z\u00f3 elektromos ker\u00e9kp\u00e1r 36V akkumul\u00e1torral \u00e9s Shimano 7 sebess\u00e9ges sebess\u00e9ggel"},"content":{"rendered":"<p>Ismerje meg a <strong>Velopro F120E<\/strong> - egy sokoldal\u00fa, \u00f6sszecsukhat\u00f3 elektromos ker\u00e9kp\u00e1r, amelyet v\u00e1rosi utc\u00e1kra, ing\u00e1z\u00e1sra \u00e9s h\u00e9tv\u00e9gi kalandokra terveztek. A <strong>36V 10.4Ah l\u00edtium akkumul\u00e1tor<\/strong> \u00e9s <strong>250W-os h\u00e1ts\u00f3 motor<\/strong>, ez az e-bike cs\u00facssebess\u00e9ge <strong>32 km\/h<\/strong> \u00e9s a lovagl\u00e1si hat\u00f3t\u00e1vols\u00e1g ak\u00e1r <strong>50 km<\/strong> d\u00edjank\u00e9nt.<\/p>\n<p>Tart\u00f3s, tart\u00f3s <strong>6061 alum\u00ednium \u00f6tv\u00f6zetb\u0151l k\u00e9sz\u00fclt keret<\/strong> \u00e9s kompakt <strong>20 colos CST gumiabroncsok<\/strong>, az Velopro F120E egyes\u00edti az er\u0151t a hordozhat\u00f3s\u00e1ggal. A <strong>\u00f6sszecsukhat\u00f3 kialak\u00edt\u00e1s<\/strong> megk\u00f6nny\u00edti a sz\u0171k helyeken val\u00f3 t\u00e1rol\u00e1st - t\u00f6k\u00e9letes lak\u00e1s, iroda vagy aut\u00f3 csomagtart\u00f3ja sz\u00e1m\u00e1ra. A lovasok \u00e9lvezhetik <strong>\u00f6t ped\u00e1lseg\u00e9d \u00fczemm\u00f3d<\/strong>, a <strong>csavart g\u00e1zkar<\/strong> a k\u00f6nnyed gyorsul\u00e1s\u00e9rt, \u00e9s egy <strong>Shimano 7 sebess\u00e9ges v\u00e1lt\u00f3<\/strong> a k\u00fcl\u00f6nb\u00f6z\u0151 terepek lek\u00fczd\u00e9s\u00e9re.<\/p>\n<p>A biztons\u00e1g szint\u00e9n priorit\u00e1st \u00e9lvez, a k\u00f6vetkez\u0151kkel <strong>els\u0151 \u00e9s h\u00e1ts\u00f3 mechanikus t\u00e1rcsaf\u00e9kek<\/strong>, be\u00e9p\u00edtett f\u00e9nysz\u00f3r\u00f3 \u00e9s IP54-es v\u00edz\u00e1ll\u00f3s\u00e1g a megb\u00edzhat\u00f3 teljes\u00edtm\u00e9ny \u00e9rdek\u00e9ben a k\u00fcl\u00f6nb\u00f6z\u0151 id\u0151j\u00e1r\u00e1si k\u00f6r\u00fclm\u00e9nyek k\u00f6z\u00f6tt. Ak\u00e1r munk\u00e1ba ing\u00e1zik, ak\u00e1r \u00fcgyeket int\u00e9z, vagy \u00faj helyeket fedez fel, az Velopro F120E-t \u00fagy tervezt\u00e9k, hogy minden \u00fat z\u00f6kken\u0151mentes, k\u00f6rnyezetbar\u00e1t \u00e9s \u00e9lvezetes legyen.<\/p>\n<h2>Mi\u00e9rt v\u00e1lassza az Velopro F120E-t?<\/h2>\n<ul>\n<li><strong>K\u00f6rnyezetbar\u00e1t ing\u00e1z\u00e1s<\/strong> - Cs\u00f6kkentse a sz\u00e9n-dioxid-kibocs\u00e1t\u00e1st, \u00e9s \u00e9lvezze a hat\u00e9kony utaz\u00e1st, ak\u00e1r 50 km-t is megt\u00e9ve egy t\u00f6lt\u00e9ssel.<\/li>\n<li><strong>Kompakt \u00e9s \u00f6sszecsukhat\u00f3<\/strong> - K\u00f6nnyen \u00f6sszecsukhat\u00f3 a lak\u00e1sokban, aut\u00f3 csomagtart\u00f3j\u00e1ban vagy t\u00f6megk\u00f6zleked\u00e9si eszk\u00f6z\u00f6k\u00f6n val\u00f3 t\u00e1rol\u00e1shoz.<\/li>\n<li><strong>Megb\u00edzhat\u00f3 teljes\u00edtm\u00e9ny<\/strong> - 250 W-os motorral, 5 lovagl\u00e1si m\u00f3ddal \u00e9s Shimano 7 sebess\u00e9ges v\u00e1lt\u00f3rendszerrel felszerelt.<\/li>\n<li><strong>Tart\u00f3s fel\u00e9p\u00edt\u00e9s<\/strong> - Er\u0151s alum\u00ednium\u00f6tv\u00f6zetb\u0151l k\u00e9sz\u00fclt v\u00e1zzal \u00e9s min\u0151s\u00e9gi CST gumiabroncsokkal.<\/li>\n<li><strong>Minden id\u0151j\u00e1r\u00e1si k\u00f6r\u00fclm\u00e9nyre felk\u00e9sz\u00fclt<\/strong> - IP54 v\u00edz\u00e1ll\u00f3 besorol\u00e1s \u00e9s f\u00e9nysz\u00f3r\u00f3 a biztons\u00e1gos \u00e9jszakai vagy es\u0151s utaz\u00e1sokhoz.<\/li>\n<\/ul>\n<h2>M\u0171szaki adatok<\/h2>\n<table border=\"1\" cellspacing=\"0\" cellpadding=\"6\">\n<tbody>\n<tr>\n<th>Kateg\u00f3ria<\/th>\n<th>Specifik\u00e1ci\u00f3<\/th>\n<\/tr>\n<tr>\n<td><strong>Akkumul\u00e1tor<\/strong><\/td>\n<td>36V 10.4Ah (5000mAh, EVE, 20 cella)<\/td>\n<\/tr>\n<tr>\n<td><strong>Motor<\/strong><\/td>\n<td>250W h\u00e1ts\u00f3 motor<\/td>\n<\/tr>\n<tr>\n<td><strong>Legnagyobb sebess\u00e9g<\/strong><\/td>\n<td>32 km\/h<\/td>\n<\/tr>\n<tr>\n<td><strong>Tartom\u00e1ny<\/strong><\/td>\n<td>40-50 km<\/td>\n<\/tr>\n<tr>\n<td><strong>M\u00f3dok<\/strong><\/td>\n<td>5 ped\u00e1l-asszisztencia \u00fczemm\u00f3d + Twist Throttle g\u00e1zped\u00e1l<\/td>\n<\/tr>\n<tr>\n<td><strong>T\u00f6lt\u00e9si id\u0151<\/strong><\/td>\n<td>Kb. 5,2 \u00f3ra<\/td>\n<\/tr>\n<tr>\n<td><strong>Keret<\/strong><\/td>\n<td>6061 alum\u00ednium \u00f6tv\u00f6zet<\/td>\n<\/tr>\n<tr>\n<td><strong>Ker\u00e9km\u00e9ret<\/strong><\/td>\n<td>20\u2033 x 2.125\u2033 CST abroncsok<\/td>\n<\/tr>\n<tr>\n<td><strong>F\u00e9kek<\/strong><\/td>\n<td>Mechanikus t\u00e1rcsaf\u00e9kek el\u00f6l \u00e9s h\u00e1tul<\/td>\n<\/tr>\n<tr>\n<td><strong>Shifter<\/strong><\/td>\n<td>Shimano 7-sebess\u00e9ges<\/td>\n<\/tr>\n<tr>\n<td><strong>Teherb\u00edr\u00f3 kapacit\u00e1s<\/strong><\/td>\n<td>150 kg<\/td>\n<\/tr>\n<tr>\n<td><strong>M\u00e1sz\u00f3 k\u00e9pess\u00e9g<\/strong><\/td>\n<td>15\u00b0-os lejt\u00e9s<\/td>\n<\/tr>\n<tr>\n<td><strong>V\u00edz\u00e1ll\u00f3 szint<\/strong><\/td>\n<td>IP54<\/td>\n<\/tr>\n<tr>\n<td><strong>\u00d6sszecsukhat\u00f3<\/strong><\/td>\n<td>Igen<\/td>\n<\/tr>\n<tr>\n<td><strong>Lovas magass\u00e1ga<\/strong><\/td>\n<td>155 - 190 cm<\/td>\n<\/tr>\n<tr>\n<td><strong>Tartoz\u00e9kok<\/strong><\/td>\n<td>LCD kijelz\u0151, mechanikus cseng\u0151, f\u00e9nysz\u00f3r\u00f3<\/td>\n<\/tr>\n<tr>\n<td><strong>Csomagol\u00e1si m\u00e9ret<\/strong><\/td>\n<td>137 \u00d7 21 \u00d7 76 cm<\/td>\n<\/tr>\n<\/tbody>\n<\/table>\n<p><strong>Velopro F120E<\/strong> - Kompakt, nagy teljes\u00edtm\u00e9ny\u0171, \u00e9s k\u00e9szen \u00e1ll arra, hogy \u00e1talak\u00edtsa az ing\u00e1z\u00e1st \u00e9s a v\u00e1ros felfedez\u00e9s\u00e9t.<\/p>","protected":false},"excerpt":{"rendered":"<p>Az Velopro F120E egy k\u00f6nny\u0171, \u00f6sszecsukhat\u00f3 elektromos ker\u00e9kp\u00e1r, amelyet v\u00e1rosi ing\u00e1z\u00e1sra \u00e9s kalandoz\u00e1sra \u00e9p\u00edtettek. A 36 V-os 10,4 Ah-s akkumul\u00e1torral, 250 W-os h\u00e1ts\u00f3 motorral, Shimano 7 sebess\u00e9ges v\u00e1lt\u00f3val \u00e9s kompakt 20 h\u00fcvelykes kialak\u00edt\u00e1ssal sima utaz\u00e1st, k\u00f6nny\u0171 t\u00e1rol\u00e1st \u00e9s megb\u00edzhat\u00f3 teljes\u00edtm\u00e9nyt k\u00edn\u00e1l a mindennapi haszn\u00e1lathoz.<\/p>","protected":false},"featured_media":2556,"comment_status":"open","ping_status":"closed","template":"","meta":[],"product_brand":[35],"product_cat":[27,32,38],"product_tag":[],"class_list":{"0":"post-2555","1":"product","2":"type-product","3":"status-publish","4":"has-post-thumbnail","6":"product_brand-velopro","7":"product_cat-city-ebike","8":"product_cat-foldable-ebike","9":"product_cat-velopro-electric-bikes","11":"first","12":"instock","13":"shipping-taxable","14":"purchasable","15":"product-type-simple"},"_links":{"self":[{"href":"https:\/\/galaxybicycle.com\/hu\/wp-json\/wp\/v2\/product\/2555","targetHints":{"allow":["GET"]}}],"collection":[{"href":"https:\/\/galaxybicycle.com\/hu\/wp-json\/wp\/v2\/product"}],"about":[{"href":"https:\/\/galaxybicycle.com\/hu\/wp-json\/wp\/v2\/types\/product"}],"replies":[{"embeddable":true,"href":"https:\/\/galaxybicycle.com\/hu\/wp-json\/wp\/v2\/comments?post=2555"}],"wp:featuredmedia":[{"embeddable":true,"href":"https:\/\/galaxybicycle.com\/hu\/wp-json\/wp\/v2\/media\/2556"}],"wp:attachment":[{"href":"https:\/\/galaxybicycle.com\/hu\/wp-json\/wp\/v2\/media?parent=2555"}],"wp:term":[{"taxonomy":"product_brand","embeddable":true,"href":"https:\/\/galaxybicycle.com\/hu\/wp-json\/wp\/v2\/product_brand?post=2555"},{"taxonomy":"product_cat","embeddable":true,"href":"https:\/\/galaxybicycle.com\/hu\/wp-json\/wp\/v2\/product_cat?post=2555"},{"taxonomy":"product_tag","embeddable":true,"href":"https:\/\/galaxybicycle.com\/hu\/wp-json\/wp\/v2\/product_tag?post=2555"}],"curies":[{"name":"wp","href":"https:\/\/api.w.org\/{rel}","templated":true}]}}