{"id":2545,"date":"2025-08-18T03:19:47","date_gmt":"2025-08-18T03:19:47","guid":{"rendered":"http:\/\/galaxybicycle.com\/?post_type=product&#038;p=2545"},"modified":"2025-09-03T09:17:47","modified_gmt":"2025-09-03T09:17:47","slug":"c250e","status":"publish","type":"product","link":"https:\/\/galaxybicycle.com\/hu\/product\/c250e\/","title":{"rendered":"Velopro C250E Terepj\u00e1r\u00f3 elektromos ker\u00e9kp\u00e1r | 500W teljes\u00edtm\u00e9ny \u00e9s k\u00e9nyelmi utaz\u00e1s"},"content":{"rendered":"<p><strong>Velopro 250E elektromos ker\u00e9kp\u00e1r<\/strong> egyes\u00edti az er\u0151t, a k\u00e9nyelmet \u00e9s a st\u00edlust a megb\u00edzhat\u00f3 \u00e9s sz\u00f3rakoztat\u00f3 ker\u00e9kp\u00e1roz\u00e1s \u00e9lm\u00e9ny\u00e9t keres\u0151 ker\u00e9kp\u00e1rosok sz\u00e1m\u00e1ra. Ak\u00e1r munk\u00e1ba ing\u00e1zol, ak\u00e1r a v\u00e1rosban cirk\u00e1lsz, ak\u00e1r az \u00f6sv\u00e9nyeket fedezed fel, ez az e-bike a teljes\u00edtm\u00e9ny \u00e9s a k\u00e9nyelem t\u00f6k\u00e9letes egyens\u00faly\u00e1t k\u00edn\u00e1lja. Nagy sebess\u00e9g\u0171 500 W-os motorja gyors gyorsul\u00e1st biztos\u00edt, m\u00edg a 48 V-os akkumul\u00e1tor leny\u0171g\u00f6z\u0151, ak\u00e1r 50 km-es hat\u00f3t\u00e1vols\u00e1got biztos\u00edt t\u00f6lt\u00e9senk\u00e9nt.<\/p>\n<p>Az Velopro 250E tart\u00f3s ac\u00e9lv\u00e1zzal, rug\u00f3s vill\u00e1val \u00e9s mechanikus t\u00e1rcsaf\u00e9kkel tervezett ker\u00e9kp\u00e1r biztons\u00e1got \u00e9s k\u00e9nyelmet ny\u00fajt a k\u00fcl\u00f6nb\u00f6z\u0151 terepeken. A Chaoyang 26\u00d73'' m\u00e9ret\u0171 k\u00f6v\u00e9r gumiabroncsok stabilit\u00e1st \u00e9s tapad\u00e1st biztos\u00edtanak, \u00edgy ide\u00e1lis v\u00e1rosi utakra \u00e9s k\u00f6nny\u0171 terepj\u00e1r\u00f3 kalandokra egyar\u00e1nt. Az els\u0151 \u00e9s h\u00e1ts\u00f3 l\u00e1mp\u00e1kkal, s\u00e1rv\u00e9d\u0151kkel \u00e9s h\u00e1ts\u00f3 csomagtart\u00f3val egy\u00fctt ez a ker\u00e9kp\u00e1r k\u00e9szen \u00e1ll a napi ing\u00e1z\u00e1sra \u00e9s a hossz\u00fa t\u00far\u00e1kra. A Shimano 7 sebess\u00e9ges v\u00e1lt\u00f3ja biztos\u00edtja az ir\u00e1ny\u00edt\u00e1st az emelked\u0151k\u00f6n \u00e9s az egyenes utakon, m\u00edg az LCD kijelz\u0151 folyamatosan t\u00e1j\u00e9koztatja \u00d6nt a menetstatisztik\u00e1kr\u00f3l.<\/p>\n<p><strong>Mi\u00e9rt v\u00e1lassza az Velopro 250E-t?<\/strong><\/p>\n<ul>\n<li>\ud83d\udca8 <strong>Er\u0151teljes 500W-os motor<\/strong> - \u00c9lvezze az ak\u00e1r 32KM\/H sebess\u00e9get (45KM\/H-ig \u00e1ll\u00edthat\u00f3).<\/li>\n<li>\ud83d\udd0b <strong>Hossz\u00fa \u00e9lettartam\u00fa akkumul\u00e1tor<\/strong> - A 48V 10,4Ah akkumul\u00e1tor ak\u00e1r 50KM hat\u00f3t\u00e1vols\u00e1got k\u00edn\u00e1l.<\/li>\n<li>\ud83d\udeb4 <strong>K\u00e9nyelem \u00e9s biztons\u00e1g<\/strong> - Felf\u00fcggesztett villa, mechanikus t\u00e1rcsaf\u00e9kek \u00e9s vastag gumiabroncsok a sima \u00e9s biztons\u00e1gos utaz\u00e1s\u00e9rt.<\/li>\n<li>\u2699\ufe0f <strong>Shimano 7-sebess\u00e9ges<\/strong> - K\u00f6nnyen v\u00e1ltson sebess\u00e9get v\u00e1rosi ing\u00e1z\u00e1shoz vagy k\u00f6nny\u0171 t\u00far\u00e1khoz.<\/li>\n<li>\ud83c\udf19 <strong>Teljesen felszerelt<\/strong> - Els\u0151 \u00e9s h\u00e1ts\u00f3 l\u00e1mp\u00e1k, s\u00e1rv\u00e9d\u0151k \u00e9s egy h\u00e1ts\u00f3 csomagtart\u00f3 tartoz\u00e9k.<\/li>\n<li>\ud83c\udf0d <strong>IP54 v\u00edz\u00e1ll\u00f3<\/strong> - Magabiztos motoroz\u00e1s enyhe es\u0151ben \u00e9s fr\u00f6ccsen\u0151 v\u00edzben.<\/li>\n<\/ul>\n<h3>M\u0171szaki adatok<\/h3>\n<table border=\"1\" cellspacing=\"0\" cellpadding=\"6\">\n<tbody>\n<tr>\n<th>Oszt\u00e1lyoz\u00e1s<\/th>\n<th>M\u0171szaki adatok<\/th>\n<th>Param\u00e9terek<\/th>\n<\/tr>\n<tr>\n<td rowspan=\"9\">Elektronika<\/td>\n<td>Akkumul\u00e1tor<\/td>\n<td>48V 10.4AH (DMEGC cell\u00e1k)<\/td>\n<\/tr>\n<tr>\n<td>Motor<\/td>\n<td>48V 500W-os nagy sebess\u00e9g\u0171 motor<\/td>\n<\/tr>\n<tr>\n<td>Legnagyobb sebess\u00e9g<\/td>\n<td>32KM\/H (45KM\/H-ig \u00e1ll\u00edthat\u00f3)<\/td>\n<\/tr>\n<tr>\n<td>Tartom\u00e1ny<\/td>\n<td>40-50KM<\/td>\n<\/tr>\n<tr>\n<td>PAS<\/td>\n<td>5 lovagl\u00e1si m\u00f3d<\/td>\n<\/tr>\n<tr>\n<td>T\u00f6lt\u0151<\/td>\n<td>54,6V 2A<\/td>\n<\/tr>\n<tr>\n<td>T\u00f6lt\u00e9si id\u0151<\/td>\n<td>Kb. 5,2 \u00f3ra<\/td>\n<\/tr>\n<tr>\n<td>G\u00e1zkar<\/td>\n<td>Twist Throttle<\/td>\n<\/tr>\n<tr>\n<td>Megjelen\u00edt\u00e9s<\/td>\n<td>LCD kijelz\u0151<\/td>\n<\/tr>\n<tr>\n<td rowspan=\"11\">Szabv\u00e1nyok<\/td>\n<td>Keret Anyag<\/td>\n<td>Kiv\u00e1l\u00f3 min\u0151s\u00e9g\u0171 ac\u00e9l<\/td>\n<\/tr>\n<tr>\n<td>Ker\u00e9km\u00e9ret<\/td>\n<td>26*3''<\/td>\n<\/tr>\n<tr>\n<td>Gumiabroncs m\u00e1rka<\/td>\n<td>Chaoyang<\/td>\n<\/tr>\n<tr>\n<td>Teherb\u00edr\u00f3 kapacit\u00e1s<\/td>\n<td>150KGS<\/td>\n<\/tr>\n<tr>\n<td>M\u00e1sz\u00e1s Kapacit\u00e1s<\/td>\n<td>15\u00b0<\/td>\n<\/tr>\n<tr>\n<td>L\u00e1nc<\/td>\n<td>1\/2\u2033*3\/32\u2033*118L<\/td>\n<\/tr>\n<tr>\n<td>Fogasker\u00e9k<\/td>\n<td>48T*152L<\/td>\n<\/tr>\n<tr>\n<td>F\u00e9kek<\/td>\n<td>Mechanikus t\u00e1rcsaf\u00e9kek (el\u00f6l \u00e9s h\u00e1tul)<\/td>\n<\/tr>\n<tr>\n<td>Felf\u00fcggeszt\u00e9si villa<\/td>\n<td>Igen<\/td>\n<\/tr>\n<tr>\n<td>Shifter<\/td>\n<td>Shimano 7 sebess\u00e9ges<\/td>\n<\/tr>\n<tr>\n<td>V\u00edz\u00e1ll\u00f3 szint<\/td>\n<td>IP54<\/td>\n<\/tr>\n<tr>\n<td rowspan=\"6\">Extra jellemz\u0151k<\/td>\n<td>Sz\u00e1rnyv\u00e9d\u0151k<\/td>\n<td>El\u00fcls\u0151 \u00e9s h\u00e1ts\u00f3 tartoz\u00e9k<\/td>\n<\/tr>\n<tr>\n<td>F\u00e9nyek<\/td>\n<td>Els\u0151 \u00e9s h\u00e1ts\u00f3 l\u00e1mp\u00e1k<\/td>\n<\/tr>\n<tr>\n<td>H\u00e1ts\u00f3 csomagtart\u00f3<\/td>\n<td>Tartalmazza a<\/td>\n<\/tr>\n<tr>\n<td>Ped\u00e1lok<\/td>\n<td>Alum\u00ednium \u00f6tv\u00f6zet<\/td>\n<\/tr>\n<tr>\n<td>Szersz\u00e1mmentes \u00f6sszeszerel\u00e9s<\/td>\n<td>Tartalmazott eszk\u00f6z\u00f6k<\/td>\n<\/tr>\n<tr>\n<td>Sz\u00ednes<\/td>\n<td>Testreszabott sz\u00edn<\/td>\n<\/tr>\n<\/tbody>\n<\/table>","protected":false},"excerpt":{"rendered":"<p>Az Velopro 250E egy er\u0151teljes \u00e9s st\u00edlusos elektromos ker\u00e9kp\u00e1r, amelyet mindennapi ing\u00e1z\u00e1sra \u00e9s h\u00e9tv\u00e9gi kalandokra \u00e9p\u00edtettek. Az 500W-os nagysebess\u00e9g\u0171 motorral, 48V-os 10,4Ah akkumul\u00e1torral, Shimano 7 sebess\u00e9ges v\u00e1lt\u00f3val \u00e9s 26'' Chaoyang zs\u00edrgumikkal felszerelt ker\u00e9kp\u00e1r ak\u00e1r 50KM-es hat\u00f3t\u00e1vols\u00e1ggal, 45KM\/H-ig \u00e1ll\u00edthat\u00f3 sebess\u00e9ggel sima utaz\u00e1st biztos\u00edt.<\/p>","protected":false},"featured_media":2546,"comment_status":"open","ping_status":"closed","template":"","meta":[],"product_brand":[35],"product_cat":[27,28,38],"product_tag":[],"class_list":{"0":"post-2545","1":"product","2":"type-product","3":"status-publish","4":"has-post-thumbnail","6":"product_brand-velopro","7":"product_cat-city-ebike","8":"product_cat-fat-tire-ebike","9":"product_cat-velopro-electric-bikes","11":"first","12":"instock","13":"shipping-taxable","14":"purchasable","15":"product-type-simple"},"_links":{"self":[{"href":"https:\/\/galaxybicycle.com\/hu\/wp-json\/wp\/v2\/product\/2545","targetHints":{"allow":["GET"]}}],"collection":[{"href":"https:\/\/galaxybicycle.com\/hu\/wp-json\/wp\/v2\/product"}],"about":[{"href":"https:\/\/galaxybicycle.com\/hu\/wp-json\/wp\/v2\/types\/product"}],"replies":[{"embeddable":true,"href":"https:\/\/galaxybicycle.com\/hu\/wp-json\/wp\/v2\/comments?post=2545"}],"wp:featuredmedia":[{"embeddable":true,"href":"https:\/\/galaxybicycle.com\/hu\/wp-json\/wp\/v2\/media\/2546"}],"wp:attachment":[{"href":"https:\/\/galaxybicycle.com\/hu\/wp-json\/wp\/v2\/media?parent=2545"}],"wp:term":[{"taxonomy":"product_brand","embeddable":true,"href":"https:\/\/galaxybicycle.com\/hu\/wp-json\/wp\/v2\/product_brand?post=2545"},{"taxonomy":"product_cat","embeddable":true,"href":"https:\/\/galaxybicycle.com\/hu\/wp-json\/wp\/v2\/product_cat?post=2545"},{"taxonomy":"product_tag","embeddable":true,"href":"https:\/\/galaxybicycle.com\/hu\/wp-json\/wp\/v2\/product_tag?post=2545"}],"curies":[{"name":"wp","href":"https:\/\/api.w.org\/{rel}","templated":true}]}}