{"id":2543,"date":"2025-08-18T03:19:32","date_gmt":"2025-08-18T03:19:32","guid":{"rendered":"http:\/\/galaxybicycle.com\/?post_type=product&#038;p=2543"},"modified":"2025-09-03T09:30:02","modified_gmt":"2025-09-03T09:30:02","slug":"c800e","status":"publish","type":"product","link":"https:\/\/galaxybicycle.com\/hu\/product\/c800e\/","title":{"rendered":"Velopro C800E elektromos ker\u00e9kp\u00e1r | 500W 48V teljes\u00edtm\u00e9ny, 26\u00d73\" k\u00f6v\u00e9r gumiabroncsok, 7 sebess\u00e9ges hegyi elektromos ker\u00e9kp\u00e1r"},"content":{"rendered":"<p><strong>Velopro C800E elektromos ker\u00e9kp\u00e1r<\/strong> olyan motorosok sz\u00e1m\u00e1ra k\u00e9sz\u00fclt, akik egyszerre v\u00e1gynak kalandra \u00e9s megb\u00edzhat\u00f3s\u00e1gra. A 48 V-os 10,4 Ah EVE akkumul\u00e1torral \u00e9s 500 W-os nagy sebess\u00e9g\u0171 motorral hajtott e-bike ak\u00e1r a k\u00f6vetkez\u0151 sebess\u00e9get is el\u00e9ri <strong>32KM\/H (45KM\/H-ig \u00e1ll\u00edthat\u00f3)<\/strong> \u00e9s k\u00edn\u00e1l egy lovagl\u00e1si tartom\u00e1nyt <strong>40-50KM<\/strong>. Ak\u00e1r a v\u00e1rosban ing\u00e1zik, ak\u00e1r k\u00f6nny\u0171 terepj\u00e1r\u00f3 \u00fatvonalakon v\u00e1g neki, a C800E \u00f6tv\u00f6zi a cs\u00facstechnol\u00f3gi\u00e1t a praktikus kialak\u00edt\u00e1ssal.<\/p>\n<p>Felszerelve <strong>5 PAS vezet\u00e9si m\u00f3d<\/strong>, mechanikus t\u00e1rcsaf\u00e9kekkel, els\u0151 rug\u00f3s vill\u00e1val \u00e9s Shimano 7 sebess\u00e9ges v\u00e1lt\u00f3val biztos\u00edtja a sima \u00e9s kontroll\u00e1lt vezet\u00e9si \u00e9lm\u00e9nyt. A massz\u00edv <strong>26\u00d73\" Chaoyang gumiabroncsok<\/strong> stabilit\u00e1st \u00e9s tapad\u00e1st biztos\u00edtanak, m\u00edg az els\u0151 \u00e9s h\u00e1ts\u00f3 l\u00e1mp\u00e1k, a s\u00e1rv\u00e9d\u0151k \u00e9s a h\u00e1ts\u00f3 csomagtart\u00f3 tov\u00e1bbi k\u00e9nyelmet ny\u00fajtanak a mindennapi haszn\u00e1lathoz. Tervezett <strong>6061-es alum\u00ednium \u00f6tv\u00f6zetb\u0151l k\u00e9sz\u00fclt v\u00e1z<\/strong>, k\u00f6nny\u0171, m\u00e9gis el\u00e9g er\u0151s ahhoz, hogy ak\u00e1r 150 kg hasznos terhet is elb\u00edrjon.<\/p>\n<p>Az Velopro C800E nem csak a teljes\u00edtm\u00e9nyr\u0151l sz\u00f3l - a k\u00e9nyelmet \u00e9s a praktikumot szem el\u0151tt tartva k\u00e9sz\u00fclt. Az USB-porttal ell\u00e1tott LCD-kijelz\u0151t\u0151l, a h\u00fcvelykujjg\u00e1zt\u00f3l \u00e9s az ergonomikus ped\u00e1lokt\u00f3l kezdve az IP54-es v\u00edz\u00e1ll\u00f3s\u00e1gi besorol\u00e1sig \u00e9s a mechanikus cseng\u0151ig minden r\u00e9szlet a jobb vezet\u00e9s \u00e9rdek\u00e9ben lett kialak\u00edtva. T\u00f6k\u00e9letes a k\u00f6vetkez\u0151 kateg\u00f3ri\u00e1k k\u00f6z\u00f6tti motorosok sz\u00e1m\u00e1ra <strong>155-190cm<\/strong> magas, ez az e-bike megb\u00edzhat\u00f3 partner az ing\u00e1z\u00e1shoz, a szabadid\u0151 elt\u00f6lt\u00e9s\u00e9hez \u00e9s a kalandoz\u00e1shoz.<\/p>\n<h3>Mi\u00e9rt v\u00e1lassza az Velopro C800E-t?<\/h3>\n<ul>\n<li>Er\u0151teljes <strong>48V 500W-os motor<\/strong> az er\u0151s teljes\u00edtm\u00e9ny\u00e9rt<\/li>\n<li>Tart\u00f3s <strong>48V 10.4Ah akkumul\u00e1tor<\/strong> 40-50KM hat\u00f3t\u00e1vols\u00e1ggal<\/li>\n<li><strong>26\u00d73\" Chaoyang k\u00f6v\u00e9r gumiabroncsok<\/strong> a tapad\u00e1s \u00e9s stabilit\u00e1s \u00e9rdek\u00e9ben<\/li>\n<li><strong>Shimano 7 sebess\u00e9ges v\u00e1lt\u00f3<\/strong> a sokoldal\u00fa lovagl\u00e1shoz<\/li>\n<li><strong>Els\u0151 felf\u00fcggeszt\u00e9s\u0171 villa<\/strong> \u00e9s t\u00e1rcsaf\u00e9kek a biztons\u00e1g \u00e9rdek\u00e9ben<\/li>\n<li>LCD kijelz\u0151 USB t\u00f6lt\u0151porttal<\/li>\n<li>Els\u0151 \u00e9s h\u00e1ts\u00f3 l\u00e1mp\u00e1k, cseng\u0151, s\u00e1rv\u00e9d\u0151k \u00e9s h\u00e1ts\u00f3 csomagtart\u00f3 tartoz\u00e9kk\u00e9nt<\/li>\n<li>Lovasbar\u00e1t m\u00e9ret: alkalmas <strong>155-190cm<\/strong><\/li>\n<\/ul>\n<h3>M\u0171szaki adatok<\/h3>\n<table border=\"1\" cellspacing=\"0\" cellpadding=\"6\">\n<tbody>\n<tr>\n<th>Kateg\u00f3ria<\/th>\n<th>Specifik\u00e1ci\u00f3<\/th>\n<th>R\u00e9szletek<\/th>\n<\/tr>\n<tr>\n<td>Akkumul\u00e1tor<\/td>\n<td>48V 10.4Ah<\/td>\n<td>EVE m\u00e1rka, 40 sejt<\/td>\n<\/tr>\n<tr>\n<td>Motor<\/td>\n<td>500W<\/td>\n<td>48V nagy sebess\u00e9g\u0171 motor<\/td>\n<\/tr>\n<tr>\n<td>Legnagyobb sebess\u00e9g<\/td>\n<td>32KM\/H<\/td>\n<td>45KM\/H-ig \u00e1ll\u00edthat\u00f3<\/td>\n<\/tr>\n<tr>\n<td>Tartom\u00e1ny<\/td>\n<td>40-50KM<\/td>\n<td>T\u00f6lt\u00e9senk\u00e9nt<\/td>\n<\/tr>\n<tr>\n<td>PAS<\/td>\n<td>5 \u00fczemm\u00f3d<\/td>\n<td>Ped\u00e1l asszisztens rendszer<\/td>\n<\/tr>\n<tr>\n<td>T\u00f6lt\u0151<\/td>\n<td>54,6V 2A<\/td>\n<td>T\u00f6lt\u00e9si id\u0151: 5.2H<\/td>\n<\/tr>\n<tr>\n<td>G\u00e1zkar<\/td>\n<td>Thumb Throttle<\/td>\n<td>Igen<\/td>\n<\/tr>\n<tr>\n<td>Megjelen\u00edt\u00e9s<\/td>\n<td>LCD kijelz\u0151<\/td>\n<td>USB-porttal<\/td>\n<\/tr>\n<tr>\n<td>Keret<\/td>\n<td>Alum\u00ednium \u00f6tv\u00f6zet 6061<\/td>\n<td>Tart\u00f3s \u00e9s k\u00f6nny\u0171<\/td>\n<\/tr>\n<tr>\n<td>Ker\u00e9km\u00e9ret<\/td>\n<td>26\u00d73\"<\/td>\n<td>Chaoyang gumiabroncsok<\/td>\n<\/tr>\n<tr>\n<td>Fogaskerekek<\/td>\n<td>7-sebess\u00e9ges<\/td>\n<td>Shimano v\u00e1lt\u00f3<\/td>\n<\/tr>\n<tr>\n<td>F\u00e9kek<\/td>\n<td>T\u00e1rcsaf\u00e9kek<\/td>\n<td>El\u00fcls\u0151 \u00e9s h\u00e1ts\u00f3 mechanikus<\/td>\n<\/tr>\n<tr>\n<td>Felf\u00fcggeszt\u00e9s<\/td>\n<td>Vill\u00e1k<\/td>\n<td>Els\u0151 felf\u00fcggeszt\u00e9ssel<\/td>\n<\/tr>\n<tr>\n<td>Tartoz\u00e9kok<\/td>\n<td>F\u00e9nyek, s\u00e1rv\u00e9d\u0151k, cseng\u0151, h\u00e1ts\u00f3 csomagtart\u00f3<\/td>\n<td>Tartalmazza a<\/td>\n<\/tr>\n<tr>\n<td>V\u00edz\u00e1ll\u00f3<\/td>\n<td>IP54<\/td>\n<td>Es\u0151\u00e1ll\u00f3<\/td>\n<\/tr>\n<tr>\n<td>Hasznos teher<\/td>\n<td>150KG<\/td>\n<td>Maxim\u00e1lis terhelhet\u0151s\u00e9g<\/td>\n<\/tr>\n<tr>\n<td>Lovas magass\u00e1ga<\/td>\n<td>155-190cm<\/td>\n<td>Aj\u00e1nlott<\/td>\n<\/tr>\n<tr>\n<td>Nett\u00f3 s\u00faly<\/td>\n<td>32KG<\/td>\n<td>Brutt\u00f3 s\u00faly: 39KG<\/td>\n<\/tr>\n<\/tbody>\n<\/table>","protected":false},"excerpt":{"rendered":"<p>Fedezze fel a <strong>Velopro C800E<\/strong> - egy er\u0151s \u00e9s sokoldal\u00fa e-bike, amelyet v\u00e1rosi t\u00far\u00e1kra, hegyi utakra \u00e9s minden m\u00e1sra terveztek. Az 500 W-os motorral, 48 V-os akkumul\u00e1torral, Shimano 7 sebess\u00e9ges v\u00e1lt\u00f3val \u00e9s tart\u00f3s 26\u00d73\" m\u00e9ret\u0171 k\u00f6v\u00e9r gumikkal ez az elektromos ker\u00e9kp\u00e1r sebess\u00e9get, er\u0151t \u00e9s k\u00e9nyelmet biztos\u00edt minden szint\u0171 ker\u00e9kp\u00e1ros sz\u00e1m\u00e1ra.<\/p>","protected":false},"featured_media":2544,"comment_status":"open","ping_status":"closed","template":"","meta":[],"product_brand":[35],"product_cat":[27,28,38],"product_tag":[],"class_list":{"0":"post-2543","1":"product","2":"type-product","3":"status-publish","4":"has-post-thumbnail","6":"product_brand-velopro","7":"product_cat-city-ebike","8":"product_cat-fat-tire-ebike","9":"product_cat-velopro-electric-bikes","11":"first","12":"instock","13":"shipping-taxable","14":"product-type-simple"},"_links":{"self":[{"href":"https:\/\/galaxybicycle.com\/hu\/wp-json\/wp\/v2\/product\/2543","targetHints":{"allow":["GET"]}}],"collection":[{"href":"https:\/\/galaxybicycle.com\/hu\/wp-json\/wp\/v2\/product"}],"about":[{"href":"https:\/\/galaxybicycle.com\/hu\/wp-json\/wp\/v2\/types\/product"}],"replies":[{"embeddable":true,"href":"https:\/\/galaxybicycle.com\/hu\/wp-json\/wp\/v2\/comments?post=2543"}],"wp:featuredmedia":[{"embeddable":true,"href":"https:\/\/galaxybicycle.com\/hu\/wp-json\/wp\/v2\/media\/2544"}],"wp:attachment":[{"href":"https:\/\/galaxybicycle.com\/hu\/wp-json\/wp\/v2\/media?parent=2543"}],"wp:term":[{"taxonomy":"product_brand","embeddable":true,"href":"https:\/\/galaxybicycle.com\/hu\/wp-json\/wp\/v2\/product_brand?post=2543"},{"taxonomy":"product_cat","embeddable":true,"href":"https:\/\/galaxybicycle.com\/hu\/wp-json\/wp\/v2\/product_cat?post=2543"},{"taxonomy":"product_tag","embeddable":true,"href":"https:\/\/galaxybicycle.com\/hu\/wp-json\/wp\/v2\/product_tag?post=2543"}],"curies":[{"name":"wp","href":"https:\/\/api.w.org\/{rel}","templated":true}]}}