{"id":2539,"date":"2025-08-18T03:18:01","date_gmt":"2025-08-18T03:18:01","guid":{"rendered":"http:\/\/galaxybicycle.com\/?post_type=product&#038;p=2539"},"modified":"2025-09-03T09:56:27","modified_gmt":"2025-09-03T09:56:27","slug":"x3","status":"publish","type":"product","link":"https:\/\/galaxybicycle.com\/hu\/product\/x3\/","title":{"rendered":"Velopro X3 elektromos ker\u00e9kp\u00e1r | 500W h\u00e1ts\u00f3 motor, 48V akkumul\u00e1tor, 20\u2033x4.0\u2033 k\u00f6v\u00e9r gumiabroncsos elektromos ker\u00e9kp\u00e1r"},"content":{"rendered":"<p>A <strong>Velopro X3 elektromos ker\u00e9kp\u00e1r<\/strong> egyes\u00edti az er\u0151t, a st\u00edlust \u00e9s a teljes\u00edtm\u00e9nyt azon motorosok sz\u00e1m\u00e1ra, akik sokoldal\u00fa \u00e9s megb\u00edzhat\u00f3 e-bike-ot szeretn\u00e9nek. Felszerelve egy <strong>48V 10.4AH l\u00edtium akkumul\u00e1tor<\/strong> \u00e9s egy <strong>500W-os h\u00e1ts\u00f3 motor<\/strong>, sima \u00e9s er\u0151teljes vezet\u00e9si \u00e9lm\u00e9nyt ny\u00fajt, \u00e9s ak\u00e1r a <strong>32KM\/H (45KM\/H-ig \u00e1ll\u00edthat\u00f3)<\/strong>. Egy sor <strong>40-50KM<\/strong>, ez a ker\u00e9kp\u00e1r ide\u00e1lis v\u00e1rosi ing\u00e1z\u00e1shoz, h\u00e9tv\u00e9gi kalandokhoz \u00e9s szabadt\u00e9ri felfedez\u00e9sekhez.<\/p>\n<p>A <strong>20\u2033x4.0\u2033 Chaoyang zs\u00edrgumik<\/strong> kiv\u00e1l\u00f3 tapad\u00e1st \u00e9s stabilit\u00e1st biztos\u00edtanak az utakon, kavicson, homokban vagy h\u00f3ban. A <strong>kett\u0151s v\u00e1llfelf\u00fcggeszt\u00e9s\u0171 villa<\/strong> \u00e9s <strong>Zoom mechanikus t\u00e1rcsaf\u00e9kek<\/strong> k\u00e9nyelmet \u00e9s biztons\u00e1got ny\u00fajtanak m\u00e9g zord terepen is. A lovasok k\u00f6nnyed\u00e9n v\u00e1lthatnak <strong>5 ped\u00e1lseg\u00e9d \u00fczemm\u00f3d<\/strong> \u00e9s haszn\u00e1lja a <strong>csavart g\u00e1zkar<\/strong> extra l\u00f6k\u00e9st ad, ha sz\u00fcks\u00e9ges.<\/p>\n<p>Az Velopro X3 egy er\u0151s, er\u0151s, stabil <strong>6061 alum\u00ednium \u00f6tv\u00f6zetb\u0151l k\u00e9sz\u00fclt keret<\/strong>, Shimano 7 sebess\u00e9ges v\u00e1lt\u00f3rendszer, \u00e9s olyan \u00e1tgondolt r\u00e9szletek, mint az els\u0151 \u00e9s h\u00e1ts\u00f3 l\u00e1mp\u00e1k, s\u00e1rv\u00e9d\u0151k \u00e9s egy mechanikus cseng\u0151. Az IP54-es v\u00edz\u00e1ll\u00f3s\u00e1gi besorol\u00e1snak k\u00f6sz\u00f6nhet\u0151en a k\u00fcl\u00f6nb\u00f6z\u0151 id\u0151j\u00e1r\u00e1si k\u00f6r\u00fclm\u00e9nyek k\u00f6z\u00f6tt is megb\u00edzhat\u00f3, a mell\u00e9kelt szersz\u00e1mok pedig probl\u00e9mamentess\u00e9 teszik az \u00f6sszeszerel\u00e9st.<\/p>\n<p>Ak\u00e1r munk\u00e1ba ing\u00e1zol, ak\u00e1r a v\u00e1rosban k\u00f6zlekedsz, ak\u00e1r a szabadban j\u00e1rsz, az Velopro X3 t\u00f6k\u00e9letes t\u00e1rsad az er\u0151, a tart\u00f3ss\u00e1g \u00e9s a st\u00edlus ter\u00e9n.<\/p>\n<h2>M\u0171szaki adatok<\/h2>\n<table border=\"1\" cellspacing=\"0\" cellpadding=\"5\">\n<tbody>\n<tr>\n<th>Oszt\u00e1lyoz\u00e1s<\/th>\n<th>M\u0171szaki adatok<\/th>\n<th>Param\u00e9terek<\/th>\n<\/tr>\n<tr>\n<td rowspan=\"10\">Elektronika<\/td>\n<td>Akkumul\u00e1tor<\/td>\n<td>48V*10.4AH<\/td>\n<\/tr>\n<tr>\n<td>Motor<\/td>\n<td>H\u00e1ts\u00f3 motor 48V * 500W<\/td>\n<\/tr>\n<tr>\n<td>Legnagyobb sebess\u00e9g<\/td>\n<td>32KM\/H (45KM\/H-ig \u00e1ll\u00edthat\u00f3)<\/td>\n<\/tr>\n<tr>\n<td>Tartom\u00e1ny<\/td>\n<td>40-50KM<\/td>\n<\/tr>\n<tr>\n<td>PAS<\/td>\n<td>5 lovagl\u00e1si m\u00f3d<\/td>\n<\/tr>\n<tr>\n<td>T\u00f6lt\u0151<\/td>\n<td>54,6V 2A<\/td>\n<\/tr>\n<tr>\n<td>T\u00f6lt\u00e9si id\u0151<\/td>\n<td>5.2H<\/td>\n<\/tr>\n<tr>\n<td>G\u00e1zkar<\/td>\n<td>Twist Throttle<\/td>\n<\/tr>\n<tr>\n<td>Megjelen\u00edt\u00e9s<\/td>\n<td>LCD kijelz\u0151<\/td>\n<\/tr>\n<tr>\n<td>\u00c9rz\u00e9kel\u0151<\/td>\n<td>Sebess\u00e9g\u00e9rz\u00e9kel\u0151 12 fogasker\u00e9k<\/td>\n<\/tr>\n<tr>\n<td colspan=\"2\">F\u00e9nyek<\/td>\n<td>Els\u0151 \u00e9s h\u00e1ts\u00f3 l\u00e1mp\u00e1kkal<\/td>\n<\/tr>\n<tr>\n<td rowspan=\"14\">Szabv\u00e1nyok<\/td>\n<td>Keret Anyag<\/td>\n<td>Alum\u00ednium \u00f6tv\u00f6zet 6061<\/td>\n<\/tr>\n<tr>\n<td>Ker\u00e9km\u00e9ret<\/td>\n<td>20\u2033*4,0\u2033<\/td>\n<\/tr>\n<tr>\n<td>Gumiabroncs m\u00e1rka<\/td>\n<td>Chaoyang<\/td>\n<\/tr>\n<tr>\n<td>Nett\u00f3 s\u00faly<\/td>\n<td>48.3KGS<\/td>\n<\/tr>\n<tr>\n<td>Brutt\u00f3 t\u00f6meg<\/td>\n<td>55KGS<\/td>\n<\/tr>\n<tr>\n<td>Teherb\u00edr\u00f3 kapacit\u00e1s<\/td>\n<td>150KGS<\/td>\n<\/tr>\n<tr>\n<td>M\u00e1sz\u00e1s Kapacit\u00e1s<\/td>\n<td>15\u00b0<\/td>\n<\/tr>\n<tr>\n<td>Szersz\u00e1mmentes \u00f6sszeszerel\u00e9s<\/td>\n<td>Az \u00f6sszeszerel\u00e9shez sz\u00fcks\u00e9ges szersz\u00e1mok<\/td>\n<\/tr>\n<tr>\n<td>L\u00e1nc<\/td>\n<td>1\/2*3\/32 \"x118L<\/td>\n<\/tr>\n<tr>\n<td>Fogasker\u00e9k<\/td>\n<td>48T*152L<\/td>\n<\/tr>\n<tr>\n<td>Sz\u00e1rnyv\u00e9d\u0151k<\/td>\n<td>Els\u0151 \u00e9s h\u00e1ts\u00f3 s\u00e1rv\u00e9d\u0151kkel<\/td>\n<\/tr>\n<tr>\n<td>F\u00e9kek<\/td>\n<td>Zoom mechanikus t\u00e1rcsaf\u00e9k<\/td>\n<\/tr>\n<tr>\n<td>Els\u0151 villa<\/td>\n<td>Kett\u0151s v\u00e1llfelf\u00fcggeszt\u00e9s\u0171 villa<\/td>\n<\/tr>\n<tr>\n<td>Shifter<\/td>\n<td>Shimano 7 sebess\u00e9ges<\/td>\n<\/tr>\n<tr>\n<td rowspan=\"7\">Egy\u00e9b<\/td>\n<td>Ped\u00e1lok<\/td>\n<td>Alum\u00ednium \u00f6tv\u00f6zetb\u0151l k\u00e9sz\u00fclt ped\u00e1lok<\/td>\n<\/tr>\n<tr>\n<td>H\u0151m\u00e9rs\u00e9klet<\/td>\n<td>-10~45\u2103<\/td>\n<\/tr>\n<tr>\n<td>V\u00edz\u00e1ll\u00f3 szint<\/td>\n<td>IP54<\/td>\n<\/tr>\n<tr>\n<td>\u00d6sszecsukhat\u00f3<\/td>\n<td>Nem<\/td>\n<\/tr>\n<tr>\n<td>Bell\/Horn<\/td>\n<td>Mechanikus harang<\/td>\n<\/tr>\n<tr>\n<td>H\u00e1ts\u00f3 csomagtart\u00f3<\/td>\n<td>Nincs h\u00e1ts\u00f3 csomagtart\u00f3<\/td>\n<\/tr>\n<tr>\n<td>Sz\u00ednes<\/td>\n<td>Testreszabott sz\u00edn<\/td>\n<\/tr>\n<tr>\n<td rowspan=\"4\">M\u00e9ret<\/td>\n<td>Lovas magass\u00e1ga<\/td>\n<td>155-190cm<\/td>\n<\/tr>\n<tr>\n<td>Csomagol\u00e1si m\u00e9ret<\/td>\n<td>151*27*73cm<\/td>\n<\/tr>\n<tr>\n<td>Ker\u00e9kp\u00e1r \u00d6sszecsukott m\u00e9ret<\/td>\n<td>Kihajthatatlan<\/td>\n<\/tr>\n<tr>\n<td>Mennyis\u00e9g 1*40HQ kont\u00e9nerhez<\/td>\n<td>160 DB<\/td>\n<\/tr>\n<\/tbody>\n<\/table>","protected":false},"excerpt":{"rendered":"<p>Az Velopro X3 egy nagy teljes\u00edtm\u00e9ny\u0171, k\u00f6v\u00e9r gumiabroncsos elektromos ker\u00e9kp\u00e1r, amely mindennapi ing\u00e1z\u00e1sra \u00e9s kalandos t\u00far\u00e1kra egyar\u00e1nt alkalmas. Az 500 W-os h\u00e1ts\u00f3 motorral, 48 V-os akkumul\u00e1torral, Shimano 7 sebess\u00e9ges v\u00e1lt\u00f3val \u00e9s tart\u00f3s 20\u2033x4.0\u2033-es gumikkal ez az e-bike k\u00e9nyelmet, ir\u00e1ny\u00edthat\u00f3s\u00e1got \u00e9s megb\u00edzhat\u00f3s\u00e1got biztos\u00edt b\u00e1rmilyen terepen.<\/p>","protected":false},"featured_media":2540,"comment_status":"open","ping_status":"closed","template":"","meta":[],"product_brand":[35],"product_cat":[27,28,38],"product_tag":[],"class_list":{"0":"post-2539","1":"product","2":"type-product","3":"status-publish","4":"has-post-thumbnail","6":"product_brand-velopro","7":"product_cat-city-ebike","8":"product_cat-fat-tire-ebike","9":"product_cat-velopro-electric-bikes","11":"first","12":"instock","13":"shipping-taxable","14":"purchasable","15":"product-type-simple"},"_links":{"self":[{"href":"https:\/\/galaxybicycle.com\/hu\/wp-json\/wp\/v2\/product\/2539","targetHints":{"allow":["GET"]}}],"collection":[{"href":"https:\/\/galaxybicycle.com\/hu\/wp-json\/wp\/v2\/product"}],"about":[{"href":"https:\/\/galaxybicycle.com\/hu\/wp-json\/wp\/v2\/types\/product"}],"replies":[{"embeddable":true,"href":"https:\/\/galaxybicycle.com\/hu\/wp-json\/wp\/v2\/comments?post=2539"}],"wp:featuredmedia":[{"embeddable":true,"href":"https:\/\/galaxybicycle.com\/hu\/wp-json\/wp\/v2\/media\/2540"}],"wp:attachment":[{"href":"https:\/\/galaxybicycle.com\/hu\/wp-json\/wp\/v2\/media?parent=2539"}],"wp:term":[{"taxonomy":"product_brand","embeddable":true,"href":"https:\/\/galaxybicycle.com\/hu\/wp-json\/wp\/v2\/product_brand?post=2539"},{"taxonomy":"product_cat","embeddable":true,"href":"https:\/\/galaxybicycle.com\/hu\/wp-json\/wp\/v2\/product_cat?post=2539"},{"taxonomy":"product_tag","embeddable":true,"href":"https:\/\/galaxybicycle.com\/hu\/wp-json\/wp\/v2\/product_tag?post=2539"}],"curies":[{"name":"wp","href":"https:\/\/api.w.org\/{rel}","templated":true}]}}