{"id":2537,"date":"2025-08-18T03:17:46","date_gmt":"2025-08-18T03:17:46","guid":{"rendered":"http:\/\/galaxybicycle.com\/?post_type=product&#038;p=2537"},"modified":"2025-09-03T09:54:47","modified_gmt":"2025-09-03T09:54:47","slug":"x5","status":"publish","type":"product","link":"https:\/\/galaxybicycle.com\/hu\/product\/x5\/","title":{"rendered":"Velopro X5 k\u00e9tmotoros, k\u00f6v\u00e9r gumiabroncsos elektromos ker\u00e9kp\u00e1r | 48V 40AH nagy hat\u00f3t\u00e1vols\u00e1g\u00fa elektromos ker\u00e9kp\u00e1r"},"content":{"rendered":"<p><strong>Velopro X5 kett\u0151s motoros, k\u00f6v\u00e9r gumiabroncsos e-bike<\/strong> olyan motorosok sz\u00e1m\u00e1ra k\u00e9sz\u00fclt, akik maxim\u00e1lis teljes\u00edtm\u00e9nyre, k\u00e9nyelemre \u00e9s hossz\u00fa t\u00e1v\u00fa teljes\u00edtm\u00e9nyre v\u00e1gynak. A  weboldalon tal\u00e1lhat\u00f3. <strong>el\u00fcls\u0151 \u00e9s h\u00e1ts\u00f3 500W-os motorok<\/strong>, ez az e-bike er\u0151s gyorsul\u00e1st, jobb egyens\u00falyt \u00e9s k\u00f6nnyed m\u00e1sz\u00e1st biztos\u00edt m\u00e9g meredek emelked\u0151k\u00f6n is. Hatalmas <strong>48V 40AH akkumul\u00e1tor (2 * 20AH EVE cell\u00e1k)<\/strong> kib\u0151v\u00edtett hat\u00f3t\u00e1vols\u00e1got biztos\u00edt <strong>80-110KM<\/strong>, \u00edgy ide\u00e1lis hossz\u00fa t\u00e1v\u00fa ing\u00e1z\u00e1shoz, h\u00e9tv\u00e9gi kalandokhoz \u00e9s szabadt\u00e9ri felfedez\u00e9sekhez.<\/p>\n<p>\u00c9p\u00fclt egy <strong>tart\u00f3s 6061 alum\u00ednium \u00f6tv\u00f6zetb\u0151l k\u00e9sz\u00fclt v\u00e1z<\/strong> a  c\u00edmen <strong>20\u2033 x 4.0\u2033 Chaoyang zs\u00edrgumik<\/strong>, az Velopro X5 b\u00e1rmilyen terepen - h\u00f3ban, homokban, kavicson vagy v\u00e1rosi utakon - stabilan \u00e9s k\u00e9nyelmesen boldogul. A <strong>ZOOM hidraulikus t\u00e1rcsaf\u00e9kek<\/strong> \u00e9s <strong>kett\u0151s v\u00e1llfelf\u00fcggeszt\u00e9s\u0171 villa<\/strong> biztons\u00e1gos \u00e9s z\u00f6kken\u0151mentes ir\u00e1ny\u00edt\u00e1st biztos\u00edt, m\u00edg a <strong>Shimano 7 sebess\u00e9ges v\u00e1lt\u00f3rendszer<\/strong> biztos\u00edtja a k\u00fcl\u00f6nb\u00f6z\u0151 lovagl\u00e1si st\u00edlusokhoz val\u00f3 alkalmazkod\u00f3k\u00e9pess\u00e9get. A be\u00e9p\u00edtett l\u00e1mp\u00e1kkal, h\u00e1ts\u00f3 csomagtart\u00f3val, s\u00e1rv\u00e9d\u0151kkel \u00e9s LCD kijelz\u0151vel teljes csomagot k\u00edn\u00e1l a modern e-bike-ok sz\u00e1m\u00e1ra.<\/p>\n<p>Ak\u00e1r k\u00f6rnyezetbar\u00e1t ing\u00e1z\u00f3 megold\u00e1st, ak\u00e1r nagy teljes\u00edtm\u00e9ny\u0171 kaland e-bike-ot keres, az Velopro X5 \u00fagy k\u00e9sz\u00fclt, hogy megfeleljen az elv\u00e1r\u00e1sainak.<\/p>\n<h2>M\u0171szaki adatok<\/h2>\n<table border=\"1\" cellspacing=\"0\" cellpadding=\"6\">\n<tbody>\n<tr>\n<th>Kateg\u00f3ria<\/th>\n<th>M\u0171szaki adatok<\/th>\n<th>R\u00e9szletek<\/th>\n<\/tr>\n<tr>\n<td>Akkumul\u00e1tor<\/td>\n<td>48V 40AH (2*20AH, EVE cell\u00e1k)<\/td>\n<td>Ultra nagy hat\u00f3t\u00e1vols\u00e1g\u00fa t\u00e1pegys\u00e9g<\/td>\n<\/tr>\n<tr>\n<td>Motorok<\/td>\n<td>El\u00fcls\u0151 \u00e9s h\u00e1ts\u00f3 48V 500W<\/td>\n<td>Kett\u0151s motor a jobb von\u00f3er\u0151 \u00e9s m\u00e1sz\u00e1s \u00e9rdek\u00e9ben<\/td>\n<\/tr>\n<tr>\n<td>Legnagyobb sebess\u00e9g<\/td>\n<td>32KM\/H (45KM\/H-ig \u00e1ll\u00edthat\u00f3)<\/td>\n<td>Sebess\u00e9gszab\u00e1lyoz\u00e1s v\u00e1rosi \u00e9s terepj\u00e1r\u00f3 haszn\u00e1latra<\/td>\n<\/tr>\n<tr>\n<td>Tartom\u00e1ny<\/td>\n<td>80-110KM<\/td>\n<td>Ide\u00e1lis hossz\u00fa t\u00e1v\u00fa utaz\u00e1sokhoz<\/td>\n<\/tr>\n<tr>\n<td>PAS<\/td>\n<td>5 lovagl\u00e1si m\u00f3d<\/td>\n<td>Testreszabhat\u00f3 vezet\u00e9si \u00e9lm\u00e9ny<\/td>\n<\/tr>\n<tr>\n<td>T\u00f6lt\u00e9si id\u0151<\/td>\n<td>13H<\/td>\n<td>54.6V 3A t\u00f6lt\u0151<\/td>\n<\/tr>\n<tr>\n<td>F\u00e9kek<\/td>\n<td>ZOOM hidraulikus t\u00e1rcsaf\u00e9kek<\/td>\n<td>Er\u0151s f\u00e9kez\u0151er\u0151<\/td>\n<\/tr>\n<tr>\n<td>Vill\u00e1k<\/td>\n<td>EASING kett\u0151s v\u00e1llfelf\u00fcggeszt\u00e9s<\/td>\n<td>Jobb k\u00e9nyelem \u00e9s \u00fct\u00e9scsillap\u00edt\u00e1s<\/td>\n<\/tr>\n<tr>\n<td>Kerekek<\/td>\n<td>20\u2033 x 4.0\u2033 k\u00f6v\u00e9r gumiabroncsok<\/td>\n<td>Chaoyang m\u00e1rka, terepj\u00e1r\u00f3 k\u00e9sz<\/td>\n<\/tr>\n<tr>\n<td>Fogaskerekek<\/td>\n<td>Shimano 7-sebess\u00e9ges<\/td>\n<td>Sima v\u00e1lt\u00e1s \u00e9s sokoldal\u00fas\u00e1g<\/td>\n<\/tr>\n<tr>\n<td>Keret<\/td>\n<td>6061 alum\u00ednium \u00f6tv\u00f6zet<\/td>\n<td>Tart\u00f3s \u00e9s k\u00f6nny\u0171<\/td>\n<\/tr>\n<tr>\n<td>S\u00faly<\/td>\n<td>48.3KGS (nett\u00f3) \/ 55KGS (brutt\u00f3)<\/td>\n<td>Nagy teherb\u00edr\u00e1s\u00fa kivitel<\/td>\n<\/tr>\n<tr>\n<td>Teherb\u00edr\u00f3 kapacit\u00e1s<\/td>\n<td>150KGS<\/td>\n<td>Neh\u00e9z terhel\u00e9st t\u00e1mogat<\/td>\n<\/tr>\n<tr>\n<td>Extr\u00e1k<\/td>\n<td>F\u00e9nyek, h\u00e1ts\u00f3 csomagtart\u00f3, s\u00e1rv\u00e9d\u0151k, LCD kijelz\u0151<\/td>\n<td>Teljes felszerel\u00e9s a mindennapi haszn\u00e1lathoz<\/td>\n<\/tr>\n<tr>\n<td>V\u00edz\u00e1ll\u00f3 szint<\/td>\n<td>IP54<\/td>\n<td>Id\u0151j\u00e1r\u00e1s\u00e1ll\u00f3<\/td>\n<\/tr>\n<tr>\n<td>M\u00e1sz\u00e1s Kapacit\u00e1s<\/td>\n<td>15\u00b0<\/td>\n<td>Nagyszer\u0171 a dombok sz\u00e1m\u00e1ra<\/td>\n<\/tr>\n<tr>\n<td>M\u00e9ret \u00e9s illeszked\u00e9s<\/td>\n<td>Lovas magass\u00e1ga: 155-190cm<\/td>\n<td>A lovasok sz\u00e9les sk\u00e1l\u00e1j\u00e1hoz illeszkedik<\/td>\n<\/tr>\n<\/tbody>\n<\/table>","protected":false},"excerpt":{"rendered":"<p>Az Velopro X5 egy er\u0151teljes, k\u00e9tmotoros, k\u00f6v\u00e9r gumiabroncsos elektromos ker\u00e9kp\u00e1r, amelyet er\u0151re, sebess\u00e9gre \u00e9s kitart\u00e1sra \u00e9p\u00edtettek. A massz\u00edv 48V 40AH akkumul\u00e1torral, els\u0151 \u00e9s h\u00e1ts\u00f3 500W-os motorokkal \u00e9s hidraulikus t\u00e1rcsaf\u00e9kekkel ak\u00e1r 110KM hat\u00f3t\u00e1vols\u00e1got, kiv\u00e1l\u00f3 m\u00e1sz\u00f3er\u0151t \u00e9s t\u00f6k\u00e9letes menetstabilit\u00e1st biztos\u00edt. T\u00f6k\u00e9letes a kalandv\u00e1gy\u00f3knak \u00e9s a napi ing\u00e1z\u00f3knak egyar\u00e1nt.<\/p>","protected":false},"featured_media":2538,"comment_status":"open","ping_status":"closed","template":"","meta":[],"product_brand":[35],"product_cat":[27,28,38],"product_tag":[],"class_list":{"0":"post-2537","1":"product","2":"type-product","3":"status-publish","4":"has-post-thumbnail","6":"product_brand-velopro","7":"product_cat-city-ebike","8":"product_cat-fat-tire-ebike","9":"product_cat-velopro-electric-bikes","11":"first","12":"instock","13":"shipping-taxable","14":"purchasable","15":"product-type-simple"},"_links":{"self":[{"href":"https:\/\/galaxybicycle.com\/hu\/wp-json\/wp\/v2\/product\/2537","targetHints":{"allow":["GET"]}}],"collection":[{"href":"https:\/\/galaxybicycle.com\/hu\/wp-json\/wp\/v2\/product"}],"about":[{"href":"https:\/\/galaxybicycle.com\/hu\/wp-json\/wp\/v2\/types\/product"}],"replies":[{"embeddable":true,"href":"https:\/\/galaxybicycle.com\/hu\/wp-json\/wp\/v2\/comments?post=2537"}],"wp:featuredmedia":[{"embeddable":true,"href":"https:\/\/galaxybicycle.com\/hu\/wp-json\/wp\/v2\/media\/2538"}],"wp:attachment":[{"href":"https:\/\/galaxybicycle.com\/hu\/wp-json\/wp\/v2\/media?parent=2537"}],"wp:term":[{"taxonomy":"product_brand","embeddable":true,"href":"https:\/\/galaxybicycle.com\/hu\/wp-json\/wp\/v2\/product_brand?post=2537"},{"taxonomy":"product_cat","embeddable":true,"href":"https:\/\/galaxybicycle.com\/hu\/wp-json\/wp\/v2\/product_cat?post=2537"},{"taxonomy":"product_tag","embeddable":true,"href":"https:\/\/galaxybicycle.com\/hu\/wp-json\/wp\/v2\/product_tag?post=2537"}],"curies":[{"name":"wp","href":"https:\/\/api.w.org\/{rel}","templated":true}]}}