{"id":2527,"date":"2025-08-18T03:15:45","date_gmt":"2025-08-18T03:15:45","guid":{"rendered":"http:\/\/galaxybicycle.com\/?post_type=product&#038;p=2527"},"modified":"2025-09-02T09:38:34","modified_gmt":"2025-09-02T09:38:34","slug":"c200-l","status":"publish","type":"product","link":"https:\/\/galaxybicycle.com\/hu\/product\/c200-l\/","title":{"rendered":"Galaxy C200-L Feln\u0151tt ker\u00e9kp\u00e1r | 26 h\u00fcvelykes k\u00f6nny\u0171 hegyiker\u00e9kp\u00e1r Shimano 21 sebess\u00e9ges sebess\u00e9ggel"},"content":{"rendered":"<p><strong>Galaxy C200-L feln\u0151tt ker\u00e9kp\u00e1r<\/strong> a tart\u00f3ss\u00e1g, a teljes\u00edtm\u00e9ny \u00e9s a st\u00edlus t\u00f6k\u00e9letes egyens\u00falya a mindennapi motorosok sz\u00e1m\u00e1ra. Ak\u00e1r a v\u00e1rosi utc\u00e1kon cirk\u00e1lsz, ak\u00e1r az \u00f6sv\u00e9nyeket fedezed fel, vagy h\u00e9tv\u00e9gi alkalmi t\u00far\u00e1kat teszel, ez a 26 h\u00fcvelykes ker\u00e9kp\u00e1r biztos\u00edtja a sz\u00fcks\u00e9ges stabilit\u00e1st \u00e9s hat\u00e9konys\u00e1got.<\/p>\n<p>A <strong>6061 alum\u00ednium \u00f6tv\u00f6zetb\u0151l k\u00e9sz\u00fclt keret<\/strong> biztos\u00edtja a k\u00f6nny\u0171 s\u00falyt, m\u00edg a <strong>26 colos rug\u00f3s villa MLO-val (Mechanical Lock Out)<\/strong> elnyeli az \u00fct\u00e9seket \u00e9s a r\u00e1zk\u00f3d\u00e1sokat a sim\u00e1bb utaz\u00e1s \u00e9rdek\u00e9ben. Felszerelve egy <strong>Shimano 21 sebess\u00e9ges hajt\u00e1sl\u00e1nc<\/strong>, k\u00f6nnyed\u00e9n v\u00e1lthat sebess\u00e9get, hogy megk\u00fczdj\u00f6n az emelked\u0151kkel, vagy \u00e9lvezze a k\u00f6nnyed, s\u00edk \u00faton val\u00f3 utaz\u00e1st.<\/p>\n<p>A biztons\u00e1g \u00e9s az ellen\u0151rz\u00e9s soha nem s\u00e9r\u00fcl, k\u00f6sz\u00f6nhet\u0151en a <strong>mechanikus t\u00e1rcsaf\u00e9kek<\/strong> amelyek sz\u00e1raz \u00e9s nedves k\u00f6r\u00fclm\u00e9nyek k\u00f6z\u00f6tt is megb\u00edzhat\u00f3 f\u00e9kez\u0151er\u0151t biztos\u00edtanak. P\u00e1ros\u00edtva <strong>CST 26\u00d71.95 gumik<\/strong> \u00e9s az er\u0151s ac\u00e9l l\u00e1ncker\u00e9k \u00e9s ker\u00e9kagy, ez a ker\u00e9kp\u00e1r \u00fagy k\u00e9sz\u00fclt, hogy tart\u00f3s maradjon, mik\u00f6zben \u00e9lvezetes \u00e9s sz\u00f3rakoztat\u00f3 legyen a teker\u00e9s.<\/p>\n<p>Ak\u00e1r kezd\u0151, ak\u00e1r tapasztalt motoros vagy, a Galaxy C200-L megb\u00edzhat\u00f3 t\u00e1rs a napi ing\u00e1z\u00e1shoz, a fitneszrutinhoz vagy a szabadt\u00e9ri felfedez\u00e9sekhez. St\u00edlusos, praktikus \u00e9s teljes\u00edtm\u00e9nyorient\u00e1lt - ez az a ker\u00e9kp\u00e1r, amely megemeli a motoroz\u00e1s \u00e9lm\u00e9ny\u00e9t.<\/p>\n<h2>M\u0171szaki adatok<\/h2>\n<table border=\"1\" cellspacing=\"0\" cellpadding=\"8\">\n<tbody>\n<tr>\n<th>Jellemz\u0151<\/th>\n<th>R\u00e9szletek<\/th>\n<\/tr>\n<tr>\n<td>Keret<\/td>\n<td>6061 alum\u00ednium \u00f6tv\u00f6zet, 26\u2033<\/td>\n<\/tr>\n<tr>\n<td>Vill\u00e1k<\/td>\n<td>26\u2033 felf\u00fcggeszt\u00e9si villa MLO-val<\/td>\n<\/tr>\n<tr>\n<td>Derailleur<\/td>\n<td>Shimano 3\u00d77 sebess\u00e9g (TZ500\/EF500)<\/td>\n<\/tr>\n<tr>\n<td>Szabadonfut\u00f3<\/td>\n<td>T\u00f6bbsz\u00f6r\u00f6s szabadonfut\u00f3 l\u00e1ncker\u00e9k, 7-sebess\u00e9ges<\/td>\n<\/tr>\n<tr>\n<td>F\u00e9k<\/td>\n<td>Mechanikus t\u00e1rcsaf\u00e9k<\/td>\n<\/tr>\n<tr>\n<td>Gumiabroncs<\/td>\n<td>CST 26\u2033x1.95<\/td>\n<\/tr>\n<tr>\n<td>L\u00e1ncker\u00e9k<\/td>\n<td>Ac\u00e9l<\/td>\n<\/tr>\n<tr>\n<td>Hub<\/td>\n<td>Ac\u00e9l csap\u00e1gyas kazetta<\/td>\n<\/tr>\n<tr>\n<td>M\u00e9r\u00e9s<\/td>\n<td>136 x 21 x 76 cm<\/td>\n<\/tr>\n<\/tbody>\n<\/table>","protected":false},"excerpt":{"rendered":"<p>Tekerjen k\u00e9nyelmesen, kontroll\u00e1ltan \u00e9s magabiztosan a Galaxy C200-L feln\u0151tt ker\u00e9kp\u00e1rral. K\u00f6nny\u0171 alum\u00ednium v\u00e1zzal, Shimano 21 sebess\u00e9ges v\u00e1lt\u00f3rendszerrel \u00e9s megb\u00edzhat\u00f3 t\u00e1rcsaf\u00e9kekkel \u00e9p\u00edtett ker\u00e9kp\u00e1r, amelyet z\u00f6kken\u0151mentes ing\u00e1z\u00e1sra, fitnesz t\u00far\u00e1kra \u00e9s h\u00e9tv\u00e9gi kalandokra terveztek.<\/p>","protected":false},"featured_media":2528,"comment_status":"open","ping_status":"closed","template":"","meta":[],"product_brand":[34],"product_cat":[37],"product_tag":[],"class_list":{"0":"post-2527","1":"product","2":"type-product","3":"status-publish","4":"has-post-thumbnail","6":"product_brand-galaxy","7":"product_cat-galaxy-bikes","9":"first","10":"instock","11":"shipping-taxable","12":"product-type-simple"},"_links":{"self":[{"href":"https:\/\/galaxybicycle.com\/hu\/wp-json\/wp\/v2\/product\/2527","targetHints":{"allow":["GET"]}}],"collection":[{"href":"https:\/\/galaxybicycle.com\/hu\/wp-json\/wp\/v2\/product"}],"about":[{"href":"https:\/\/galaxybicycle.com\/hu\/wp-json\/wp\/v2\/types\/product"}],"replies":[{"embeddable":true,"href":"https:\/\/galaxybicycle.com\/hu\/wp-json\/wp\/v2\/comments?post=2527"}],"wp:featuredmedia":[{"embeddable":true,"href":"https:\/\/galaxybicycle.com\/hu\/wp-json\/wp\/v2\/media\/2528"}],"wp:attachment":[{"href":"https:\/\/galaxybicycle.com\/hu\/wp-json\/wp\/v2\/media?parent=2527"}],"wp:term":[{"taxonomy":"product_brand","embeddable":true,"href":"https:\/\/galaxybicycle.com\/hu\/wp-json\/wp\/v2\/product_brand?post=2527"},{"taxonomy":"product_cat","embeddable":true,"href":"https:\/\/galaxybicycle.com\/hu\/wp-json\/wp\/v2\/product_cat?post=2527"},{"taxonomy":"product_tag","embeddable":true,"href":"https:\/\/galaxybicycle.com\/hu\/wp-json\/wp\/v2\/product_tag?post=2527"}],"curies":[{"name":"wp","href":"https:\/\/api.w.org\/{rel}","templated":true}]}}