{"id":2523,"date":"2025-08-18T03:15:06","date_gmt":"2025-08-18T03:15:06","guid":{"rendered":"http:\/\/galaxybicycle.com\/?post_type=product&#038;p=2523"},"modified":"2025-09-02T09:39:25","modified_gmt":"2025-09-02T09:39:25","slug":"p10","status":"publish","type":"product","link":"https:\/\/galaxybicycle.com\/hu\/product\/p10\/","title":{"rendered":"Galaxy P10 27.5\u2033 feln\u0151tt ker\u00e9kp\u00e1r | Shimano 20-sebess\u00e9ges MTB l\u00e9grug\u00f3z\u00e1ssal \u00e9s hidraulikus t\u00e1rcsaf\u00e9kkel"},"content":{"rendered":"<p><strong>Galaxy P10 feln\u0151tt ker\u00e9kp\u00e1r<\/strong> olyan versenyz\u0151k sz\u00e1m\u00e1ra k\u00e9sz\u00fclt, akik a sebess\u00e9g, az er\u0151 \u00e9s a k\u00e9nyelem t\u00f6k\u00e9letes egyens\u00faly\u00e1t keresik. Fejlett <strong>AL6061 alum\u00ednium keret<\/strong> biztos\u00edtja a k\u00f6nny\u0171 kezelhet\u0151s\u00e9get, mik\u00f6zben el\u00e9g tart\u00f3s marad a kem\u00e9ny utakhoz. Felszerelve egy <strong>Shimano CUES 20 sebess\u00e9ges hajt\u00e1sl\u00e1nc<\/strong> (2\u00d710) \u00e9s egy <strong>kazetta 10SP szabadonfut\u00f3<\/strong>, \u00e9lvezheti a sima, prec\u00edz v\u00e1lt\u00e1st a legk\u00fcl\u00f6nb\u00f6z\u0151bb terepeken.<\/p>\n<p>Hogy k\u00e9nyelmesebb\u00e9 tegye az utaz\u00e1sokat, a ker\u00e9kp\u00e1rhoz egy <strong>k\u00f6nny\u0171f\u00e9m l\u00e9grug\u00f3s villa MLO (Mechanical Lockout) mechanikus blokkol\u00e1ssal<\/strong>, rugalmass\u00e1got biztos\u00edt, ak\u00e1r durva hegyi \u00f6sv\u00e9nyeken, ak\u00e1r sima v\u00e1rosi utakon k\u00f6zlekedik. A biztons\u00e1g \u00e9s a f\u00e9ker\u0151 garant\u00e1lt a <strong>Shimano MT200 hidraulikus t\u00e1rcsaf\u00e9kek<\/strong>, biztos\u00edtva a megb\u00edzhat\u00f3 teljes\u00edtm\u00e9nyt minden id\u0151j\u00e1r\u00e1si k\u00f6r\u00fclm\u00e9nyek k\u00f6z\u00f6tt.<\/p>\n<p>A <strong>CST 27.5 x 1.95\" gumiabroncsok<\/strong> stabilit\u00e1st \u00e9s tapad\u00e1st biztos\u00edt, m\u00edg a <strong>Prowheel \u00f6tv\u00f6z\u00f6tt forgatty\u00fa<\/strong> \u00e9s <strong>Solon \u00f6tv\u00f6zetb\u0151l k\u00e9sz\u00fclt dupla csap\u00e1gyaz\u00e1s\u00fa tengelycsap\u00e1gyak<\/strong> fokozza a hat\u00e9konys\u00e1got \u00e9s a tart\u00f3ss\u00e1got. Ak\u00e1r h\u00e9tv\u00e9gi hegyi ker\u00e9kp\u00e1roz\u00e1sr\u00f3l, ak\u00e1r napi ing\u00e1z\u00e1sr\u00f3l vagy fitnesz ker\u00e9kp\u00e1roz\u00e1sr\u00f3l van sz\u00f3, a Galaxy P10-et \u00fagy tervezt\u00e9k, hogy messzebbre, gyorsabban \u00e9s nagyobb kontrollal vigyen.<\/p>\n<h3>M\u0171szaki adatok<\/h3>\n<table border=\"1\" cellspacing=\"0\" cellpadding=\"6\">\n<tbody>\n<tr>\n<th>Komponens<\/th>\n<th>Specifik\u00e1ci\u00f3<\/th>\n<\/tr>\n<tr>\n<td>Keret<\/td>\n<td>AL6061 Alum\u00ednium, 27.5\u2033<\/td>\n<\/tr>\n<tr>\n<td>Vill\u00e1k<\/td>\n<td>\u00d6tv\u00f6z\u00f6tt l\u00e9grug\u00f3s villa MLO-val, \u00f6tv\u00f6z\u00f6tt koron\u00e1val \u00e9s bels\u0151 l\u00e1bsz\u00e1rral<\/td>\n<\/tr>\n<tr>\n<td>Derailleur<\/td>\n<td>Shimano CUES 2\u00d710 sebess\u00e9g (FDU6000\/RDU6020\/SLMU6000)<\/td>\n<\/tr>\n<tr>\n<td>Szabadonfut\u00f3<\/td>\n<td>10 sebess\u00e9ges kazetta<\/td>\n<\/tr>\n<tr>\n<td>F\u00e9k<\/td>\n<td>Shimano MT200 hidraulikus t\u00e1rcsaf\u00e9k<\/td>\n<\/tr>\n<tr>\n<td>Gumiabroncs<\/td>\n<td>CST 27.5 x 1.95\u2033<\/td>\n<\/tr>\n<tr>\n<td>L\u00e1ncker\u00e9k<\/td>\n<td>Prowheel egyr\u00e9szes \u00f6tv\u00f6zetb\u0151l k\u00e9sz\u00fclt forgatty\u00fas forgatty\u00fa<\/td>\n<\/tr>\n<tr>\n<td>Hub<\/td>\n<td>Solon \u00f6tv\u00f6zetb\u0151l k\u00e9sz\u00fclt dupla csap\u00e1gyas, kazetta<\/td>\n<\/tr>\n<tr>\n<td>M\u00e9r\u00e9s<\/td>\n<td>141 x 21 x 74 cm<\/td>\n<\/tr>\n<\/tbody>\n<\/table>","protected":false},"excerpt":{"rendered":"<p>A Galaxy P10 egy nagy teljes\u00edtm\u00e9ny\u0171, 27,5 h\u00fcvelykes hegyi ker\u00e9kp\u00e1r, amelyet kalandv\u00e1gy\u00f3knak \u00e9s h\u00e9tk\u00f6znapi ker\u00e9kp\u00e1rosoknak egyar\u00e1nt \u00e9p\u00edtettek. K\u00f6nny\u0171 AL6061 v\u00e1zzal, 20 sebess\u00e9ges Shimano v\u00e1lt\u00f3rendszerrel, l\u00e9grug\u00f3s vill\u00e1val \u00e9s Shimano MT200 hidraulikus t\u00e1rcsaf\u00e9kkel rendelkezik, \u00edgy sima ir\u00e1ny\u00edthat\u00f3s\u00e1got, tart\u00f3ss\u00e1got \u00e9s minden terepen magabiztoss\u00e1got ny\u00fajt.<\/p>","protected":false},"featured_media":2524,"comment_status":"open","ping_status":"closed","template":"","meta":[],"product_brand":[34],"product_cat":[15,37],"product_tag":[],"class_list":{"0":"post-2523","1":"product","2":"type-product","3":"status-publish","4":"has-post-thumbnail","6":"product_brand-galaxy","7":"product_cat-galaxybicycle","8":"product_cat-galaxy-bikes","10":"first","11":"instock","12":"shipping-taxable","13":"product-type-simple"},"_links":{"self":[{"href":"https:\/\/galaxybicycle.com\/hu\/wp-json\/wp\/v2\/product\/2523","targetHints":{"allow":["GET"]}}],"collection":[{"href":"https:\/\/galaxybicycle.com\/hu\/wp-json\/wp\/v2\/product"}],"about":[{"href":"https:\/\/galaxybicycle.com\/hu\/wp-json\/wp\/v2\/types\/product"}],"replies":[{"embeddable":true,"href":"https:\/\/galaxybicycle.com\/hu\/wp-json\/wp\/v2\/comments?post=2523"}],"wp:featuredmedia":[{"embeddable":true,"href":"https:\/\/galaxybicycle.com\/hu\/wp-json\/wp\/v2\/media\/2524"}],"wp:attachment":[{"href":"https:\/\/galaxybicycle.com\/hu\/wp-json\/wp\/v2\/media?parent=2523"}],"wp:term":[{"taxonomy":"product_brand","embeddable":true,"href":"https:\/\/galaxybicycle.com\/hu\/wp-json\/wp\/v2\/product_brand?post=2523"},{"taxonomy":"product_cat","embeddable":true,"href":"https:\/\/galaxybicycle.com\/hu\/wp-json\/wp\/v2\/product_cat?post=2523"},{"taxonomy":"product_tag","embeddable":true,"href":"https:\/\/galaxybicycle.com\/hu\/wp-json\/wp\/v2\/product_tag?post=2523"}],"curies":[{"name":"wp","href":"https:\/\/api.w.org\/{rel}","templated":true}]}}