{"id":2521,"date":"2025-08-18T03:14:43","date_gmt":"2025-08-18T03:14:43","guid":{"rendered":"http:\/\/galaxybicycle.com\/?post_type=product&#038;p=2521"},"modified":"2025-09-02T09:40:27","modified_gmt":"2025-09-02T09:40:27","slug":"p10pro","status":"publish","type":"product","link":"https:\/\/galaxybicycle.com\/hu\/product\/p10pro\/","title":{"rendered":"Galaxy P10PRO 27.5\u2033 feln\u0151tt mountain bike | Shimano 10-sebess\u00e9ges l\u00e9grug\u00f3s ker\u00e9kp\u00e1r"},"content":{"rendered":"<p><strong>Galaxy P10PRO<\/strong> olyan versenyz\u0151k sz\u00e1m\u00e1ra k\u00e9sz\u00fclt, akik teljes\u00edtm\u00e9nyt \u00e9s tart\u00f3ss\u00e1got szeretn\u00e9nek egy eleg\u00e1ns csomagban. A kiv\u00e1l\u00f3 min\u0151s\u00e9g\u0171 6061-es alum\u00edniumb\u00f3l k\u00e9sz\u00fclt 27,5 h\u00fcvelykes v\u00e1z t\u00f6k\u00e9letes egyens\u00falyt k\u00edn\u00e1l az er\u0151 \u00e9s a k\u00f6nny\u0171 kezelhet\u0151s\u00e9g k\u00f6z\u00f6tt. Felszerelve egy <strong>Shimano 10 sebess\u00e9ges hajt\u00e1sl\u00e1nc<\/strong>, a motorosok magabiztosan vehetik a meredek emelked\u0151ket \u00e9s a gyors lejt\u0151ket.<\/p>\n<p>A Galaxy P10PRO kiemelked\u0151 jellemz\u0151je a Galaxy P10PRO <strong>k\u00f6nny\u0171f\u00e9m l\u00e9grug\u00f3s villa MLO (Mechanical Lockout) mechanikus blokkol\u00e1ssal<\/strong>, ami fokozott k\u00e9nyelmet \u00e9s ir\u00e1ny\u00edthat\u00f3s\u00e1got biztos\u00edt a durva terepen. Ak\u00e1r szikl\u00e1s \u00f6sv\u00e9nyeken navig\u00e1l, ak\u00e1r a v\u00e1rosban cirk\u00e1l, a felf\u00fcggeszt\u00e9s sima, \u00e9lvezetes utaz\u00e1st biztos\u00edt.<\/p>\n<p>A f\u00e9kez\u0151er\u0151 a k\u00f6vetkez\u0151kb\u0151l sz\u00e1rmazik <strong>Shimano MT200 hidraulikus t\u00e1rcsaf\u00e9kek<\/strong>, megb\u00edzhat\u00f3 \u00e9s \u00e9rz\u00e9keny f\u00e9kteljes\u00edtm\u00e9nyt ny\u00fajt minden id\u0151j\u00e1r\u00e1si k\u00f6r\u00fclm\u00e9nyek k\u00f6z\u00f6tt. P\u00e1ros\u00edtva <strong>CST 27.5\u00d72.10 gumik<\/strong>, a ker\u00e9kp\u00e1r nagyszer\u0171 tapad\u00e1st \u00e9s stabilit\u00e1st biztos\u00edt a k\u00fcl\u00f6nb\u00f6z\u0151 fel\u00fcleteken.<\/p>\n<p>Pr\u00e9mium min\u0151s\u00e9g\u0171 alkatr\u00e9szekb\u0151l \u00e9p\u00fcl, mint p\u00e9ld\u00e1ul a <strong>Senicx \u00f6tv\u00f6zetb\u0151l k\u00e9sz\u00fclt leng\u0151kar<\/strong> \u00e9s <strong>Solon \u00f6tv\u00f6zetb\u0151l k\u00e9sz\u00fclt dupla csap\u00e1gyaz\u00e1s\u00fa tengelycsap\u00e1gyak<\/strong>, a P10PRO garant\u00e1lja a hossz\u00fa t\u00e1v\u00fa megb\u00edzhat\u00f3s\u00e1got \u00e9s hat\u00e9konys\u00e1got. T\u00f6k\u00e9letes a kezd\u0151k \u00e9s a tapasztalt ker\u00e9kp\u00e1rosok sz\u00e1m\u00e1ra egyar\u00e1nt, ez a hegyi ker\u00e9kp\u00e1r k\u00e9szen \u00e1ll arra, hogy felemelje a ker\u00e9kp\u00e1roz\u00e1s \u00e9lm\u00e9ny\u00e9t.<\/p>\n<h2>M\u0171szaki adatok<\/h2>\n<table border=\"1\" cellspacing=\"0\" cellpadding=\"8\">\n<tbody>\n<tr>\n<th>Jellemz\u0151<\/th>\n<th>Specifik\u00e1ci\u00f3<\/th>\n<\/tr>\n<tr>\n<td>Keret<\/td>\n<td>6061 Alum\u00ednium \u00f6tv\u00f6zet, 27.5\u2033<\/td>\n<\/tr>\n<tr>\n<td>Vill\u00e1k<\/td>\n<td>Alum\u00ednium l\u00e9grug\u00f3z\u00e1s MLO-val, \u00f6tv\u00f6z\u00f6tt korona \u00e9s bels\u0151 l\u00e1bakkal<\/td>\n<\/tr>\n<tr>\n<td>Derailleur<\/td>\n<td>Shimano 10 sebess\u00e9ges (RDM6000 \/ SLM6000)<\/td>\n<\/tr>\n<tr>\n<td>Szabadonfut\u00f3<\/td>\n<td>Kazetta 10 sebess\u00e9ges<\/td>\n<\/tr>\n<tr>\n<td>F\u00e9k<\/td>\n<td>Shimano MT200 hidraulikus t\u00e1rcsaf\u00e9kek<\/td>\n<\/tr>\n<tr>\n<td>Gumiabroncs<\/td>\n<td>CST 27.5\u2033 \u00d7 2.10\u2033<\/td>\n<\/tr>\n<tr>\n<td>L\u00e1ncker\u00e9k<\/td>\n<td>Senicx One-Piece \u00f6tv\u00f6zetb\u0151l k\u00e9sz\u00fclt forgatty\u00faval<\/td>\n<\/tr>\n<tr>\n<td>Hub<\/td>\n<td>Solon \u00f6tv\u00f6zetb\u0151l k\u00e9sz\u00fclt dupla csap\u00e1gyas, kazetta<\/td>\n<\/tr>\n<tr>\n<td>M\u00e9r\u00e9s<\/td>\n<td>141 \u00d7 21 \u00d7 74 cm<\/td>\n<\/tr>\n<\/tbody>\n<\/table>\n<p><strong>Mi\u00e9rt v\u00e1lassza a Galaxy P10PRO-t?<\/strong><\/p>\n<ul>\n<li>K\u00f6nny\u0171, m\u00e9gis tart\u00f3s 6061 alum\u00ednium \u00f6tv\u00f6zetb\u0151l k\u00e9sz\u00fclt keret<\/li>\n<li>Shimano 10 sebess\u00e9ges hajt\u00e1sl\u00e1nc a sima \u00e9s prec\u00edz v\u00e1lt\u00e1s \u00e9rdek\u00e9ben<\/li>\n<li>Fejlett \u00f6tv\u00f6z\u00f6tt l\u00e9grug\u00f3s villa lockouttal a maxim\u00e1lis k\u00e9nyelem \u00e9rdek\u00e9ben<\/li>\n<li>Er\u0151teljes Shimano hidraulikus t\u00e1rcsaf\u00e9kek a biztons\u00e1gos, kontroll\u00e1lt f\u00e9kez\u00e9shez<\/li>\n<li>Megb\u00edzhat\u00f3 CST gumiabroncsok a stabilit\u00e1s\u00e9rt \u00e9s a tapad\u00e1s\u00e9rt terepen<\/li>\n<li>Pr\u00e9mium d\u00edszt\u00e1rcs\u00e1k \u00e9s hajt\u00f3karok a hossz\u00fa \u00e9lettartam\u00fa teljes\u00edtm\u00e9ny \u00e9rdek\u00e9ben<\/li>\n<\/ul>","protected":false},"excerpt":{"rendered":"<p>Lovagoljon magabiztosan a <strong>Galaxy P10PRO feln\u0151tt mountain bike<\/strong>. A k\u00f6nny\u0171, 6061-es alum\u00ednium v\u00e1zzal, Shimano 10 sebess\u00e9ges prec\u00edzi\u00f3s v\u00e1lt\u00f3val \u00e9s fejlett \u00f6tv\u00f6zetb\u0151l k\u00e9sz\u00fclt l\u00e9grug\u00f3s vill\u00e1val \u00e9p\u00edtett ker\u00e9kp\u00e1r t\u00f6k\u00e9letes a hegyi \u00f6sv\u00e9nyekhez, v\u00e1rosi ing\u00e1z\u00e1shoz \u00e9s h\u00e9tv\u00e9gi kalandokhoz.<\/p>","protected":false},"featured_media":2522,"comment_status":"open","ping_status":"closed","template":"","meta":[],"product_brand":[34],"product_cat":[15,37],"product_tag":[],"class_list":{"0":"post-2521","1":"product","2":"type-product","3":"status-publish","4":"has-post-thumbnail","6":"product_brand-galaxy","7":"product_cat-galaxybicycle","8":"product_cat-galaxy-bikes","10":"first","11":"instock","12":"shipping-taxable","13":"product-type-simple"},"_links":{"self":[{"href":"https:\/\/galaxybicycle.com\/hu\/wp-json\/wp\/v2\/product\/2521","targetHints":{"allow":["GET"]}}],"collection":[{"href":"https:\/\/galaxybicycle.com\/hu\/wp-json\/wp\/v2\/product"}],"about":[{"href":"https:\/\/galaxybicycle.com\/hu\/wp-json\/wp\/v2\/types\/product"}],"replies":[{"embeddable":true,"href":"https:\/\/galaxybicycle.com\/hu\/wp-json\/wp\/v2\/comments?post=2521"}],"wp:featuredmedia":[{"embeddable":true,"href":"https:\/\/galaxybicycle.com\/hu\/wp-json\/wp\/v2\/media\/2522"}],"wp:attachment":[{"href":"https:\/\/galaxybicycle.com\/hu\/wp-json\/wp\/v2\/media?parent=2521"}],"wp:term":[{"taxonomy":"product_brand","embeddable":true,"href":"https:\/\/galaxybicycle.com\/hu\/wp-json\/wp\/v2\/product_brand?post=2521"},{"taxonomy":"product_cat","embeddable":true,"href":"https:\/\/galaxybicycle.com\/hu\/wp-json\/wp\/v2\/product_cat?post=2521"},{"taxonomy":"product_tag","embeddable":true,"href":"https:\/\/galaxybicycle.com\/hu\/wp-json\/wp\/v2\/product_tag?post=2521"}],"curies":[{"name":"wp","href":"https:\/\/api.w.org\/{rel}","templated":true}]}}