{"id":2517,"date":"2025-08-18T03:14:02","date_gmt":"2025-08-18T03:14:02","guid":{"rendered":"http:\/\/galaxybicycle.com\/?post_type=product&#038;p=2517"},"modified":"2025-09-02T09:43:35","modified_gmt":"2025-09-02T09:43:35","slug":"p12","status":"publish","type":"product","link":"https:\/\/galaxybicycle.com\/hu\/product\/p12\/","title":{"rendered":"Galaxy P12 Carbon XC-Race 27.5\u2033 Feln\u0151tt Mountain Bike | Shimano Deore 12-sebess\u00e9ges | K\u00f6nny\u0171 karbon MTB"},"content":{"rendered":"<p><strong>Galaxy P12 feln\u0151tt ker\u00e9kp\u00e1r<\/strong> egy professzion\u00e1lis min\u0151s\u00e9g\u0171 mountain bike, amelyet olyan versenyz\u0151knek terveztek, akik t\u00f6k\u00e9letes egyens\u00falyt szeretn\u00e9nek a k\u00f6vetkez\u0151k k\u00f6z\u00f6tt <em>k\u00f6nny\u0171 teljes\u00edtm\u00e9ny, er\u0151 \u00e9s ir\u00e1ny\u00edthat\u00f3s\u00e1g<\/em>. \u00c9p\u00fclt egy <strong>Carbon XC-Race geometri\u00e1j\u00fa v\u00e1z<\/strong> \u00e9s egy <strong>Magn\u00e9zium l\u00e9grug\u00f3s villa<\/strong> a t\u00e1vvez\u00e9rl\u00e9s\u0171 lock-out rendszerrel ez a ker\u00e9kp\u00e1r kiv\u00e1l\u00f3 kezelhet\u0151s\u00e9get biztos\u00edt emelked\u0151n \u00e9s lejt\u0151n egyar\u00e1nt.<\/p>\n<p>Felszerelve a <strong>Shimano Deore 1\u00d712 sebess\u00e9ges hajt\u00e1sl\u00e1nc<\/strong>, a Galaxy P12 sima, pontos v\u00e1lt\u00e1st biztos\u00edt a meredek emelked\u0151k \u00e9s a gyors s\u00edkos utak lek\u00fczd\u00e9s\u00e9hez. A <strong>Shimano BR-MT200 hidraulikus t\u00e1rcsaf\u00e9kek<\/strong> minden k\u00f6r\u00fclm\u00e9nyek k\u00f6z\u00f6tt megb\u00edzhat\u00f3 f\u00e9ker\u0151t biztos\u00edtanak, \u00edgy magabiztoss\u00e1got adnak a technik\u00e1s utakon. A <strong>duplafal\u00fa alum\u00ednium felnik<\/strong> a CST 27,5\u2033 x 2,10-es gumikkal egyszerre teszi tart\u00f3s \u00e9s \u00e9rz\u00e9keny terepj\u00e1r\u00f3 \u00e9s off-road kalandokhoz.<\/p>\n<p>Pr\u00e9mium min\u0151s\u00e9g\u0171 befejez\u0151 elemekkel, mint p\u00e9ld\u00e1ul egy <strong>MTB verseny nyereg<\/strong>, az alum\u00ednium cockpit \u00e9s a stabilit\u00e1st biztos\u00edt\u00f3 thru-axle ker\u00e9kagyak, a Galaxy P12-t \u00fagy tervezt\u00e9k, hogy a legjobb v\u00e1laszt\u00e1s legyen versenyz\u00e9shez, edz\u00e9shez \u00e9s hossz\u00fa t\u00e1v\u00fa hegyi t\u00far\u00e1khoz.<\/p>\n<h3>M\u0171szaki adatok<\/h3>\n<table border=\"1\" cellspacing=\"0\" cellpadding=\"6\">\n<tbody>\n<tr>\n<th colspan=\"2\">Keretk\u00e9szlet<\/th>\n<\/tr>\n<tr>\n<td>Keret<\/td>\n<td>Karbon XC-Race MTB geometria, 12x148mm, Thru-axle, 12x148mm, Thru-axle<\/td>\n<\/tr>\n<tr>\n<td>Vill\u00e1k<\/td>\n<td>Magn\u00e9zium Air, 100mm rug\u00f3\u00fat, t\u00e1voli reteszel\u00e9s, Thru-axle<\/td>\n<\/tr>\n<tr>\n<th colspan=\"2\">Hajt\u00e1sl\u00e1nc<\/th>\n<\/tr>\n<tr>\n<td>Shifters<\/td>\n<td>Shimano Deore 1\u00d712 sebess\u00e9ges sebess\u00e9gv\u00e1lt\u00f3<\/td>\n<\/tr>\n<tr>\n<td>Els\u0151 v\u00e1lt\u00f3<\/td>\n<td>Nincs (1x rendszer)<\/td>\n<\/tr>\n<tr>\n<td>H\u00e1ts\u00f3 v\u00e1lt\u00f3<\/td>\n<td>Shimano Deore 12 sebess\u00e9ges<\/td>\n<\/tr>\n<tr>\n<td>Fogasker\u00e9k<\/td>\n<td>Alum\u00ednium \u00fcreges, 36T<\/td>\n<\/tr>\n<tr>\n<td>F\u00e9kek<\/td>\n<td>Shimano BR-MT200 hidraulikus t\u00e1rcsaf\u00e9kt\u00e1rcsa<\/td>\n<\/tr>\n<tr>\n<th colspan=\"2\">Kerekek<\/th>\n<\/tr>\n<tr>\n<td>Felni<\/td>\n<td>Alum\u00ednium, duplafal\u00fa t\u00e1rcsa<\/td>\n<\/tr>\n<tr>\n<td>Hubs<\/td>\n<td>Alum\u00ednium, csap\u00e1gy, 15\/12mm, dugatty\u00fas tengely<\/td>\n<\/tr>\n<tr>\n<td>Gumiabroncsok<\/td>\n<td>CST 27.5\u2033 x 2.10, A\/V<\/td>\n<\/tr>\n<tr>\n<th colspan=\"2\">Alkatr\u00e9szek<\/th>\n<\/tr>\n<tr>\n<td>Korm\u00e1nyker\u00e9k<\/td>\n<td>Alum\u00ednium, 680\u00d731.8mm, emelked\u00e9s 5mm<\/td>\n<\/tr>\n<tr>\n<td>Sz\u00e1r<\/td>\n<td>Alum\u00ednium, 31.8mm -17\u00b0<\/td>\n<\/tr>\n<tr>\n<td>Nyereg<\/td>\n<td>MTB verseny nyereg<\/td>\n<\/tr>\n<tr>\n<td>\u00dcl\u0151oszlop<\/td>\n<td>Alum\u00ednium, 31.6mm<\/td>\n<\/tr>\n<tr>\n<th colspan=\"2\">\u00c1ltal\u00e1nos<\/th>\n<\/tr>\n<tr>\n<td>M\u00e9ret<\/td>\n<td>27.5\u2033<\/td>\n<\/tr>\n<\/tbody>\n<\/table>","protected":false},"excerpt":{"rendered":"<p>A Galaxy P12 egy nagy teljes\u00edtm\u00e9ny\u0171 feln\u0151tt mountain bike, amely karbon XC-Race v\u00e1zzal, Shimano Deore 12 sebess\u00e9ges hajt\u00e1sl\u00e1nccal \u00e9s \u00e9rz\u00e9keny hidraulikus t\u00e1rcsaf\u00e9kekkel k\u00e9sz\u00fclt. A sebess\u00e9gre, mozg\u00e9konys\u00e1gra \u00e9s tart\u00f3ss\u00e1gra tervezett k\u00f6nny\u0171 MTB t\u00f6k\u00e9letes terep- \u00e9s kalandp\u00e1ly\u00e1kra.<\/p>","protected":false},"featured_media":2518,"comment_status":"open","ping_status":"closed","template":"","meta":[],"product_brand":[34],"product_cat":[15,37],"product_tag":[],"class_list":{"0":"post-2517","1":"product","2":"type-product","3":"status-publish","4":"has-post-thumbnail","6":"product_brand-galaxy","7":"product_cat-galaxybicycle","8":"product_cat-galaxy-bikes","10":"first","11":"instock","12":"shipping-taxable","13":"product-type-simple"},"_links":{"self":[{"href":"https:\/\/galaxybicycle.com\/hu\/wp-json\/wp\/v2\/product\/2517","targetHints":{"allow":["GET"]}}],"collection":[{"href":"https:\/\/galaxybicycle.com\/hu\/wp-json\/wp\/v2\/product"}],"about":[{"href":"https:\/\/galaxybicycle.com\/hu\/wp-json\/wp\/v2\/types\/product"}],"replies":[{"embeddable":true,"href":"https:\/\/galaxybicycle.com\/hu\/wp-json\/wp\/v2\/comments?post=2517"}],"wp:featuredmedia":[{"embeddable":true,"href":"https:\/\/galaxybicycle.com\/hu\/wp-json\/wp\/v2\/media\/2518"}],"wp:attachment":[{"href":"https:\/\/galaxybicycle.com\/hu\/wp-json\/wp\/v2\/media?parent=2517"}],"wp:term":[{"taxonomy":"product_brand","embeddable":true,"href":"https:\/\/galaxybicycle.com\/hu\/wp-json\/wp\/v2\/product_brand?post=2517"},{"taxonomy":"product_cat","embeddable":true,"href":"https:\/\/galaxybicycle.com\/hu\/wp-json\/wp\/v2\/product_cat?post=2517"},{"taxonomy":"product_tag","embeddable":true,"href":"https:\/\/galaxybicycle.com\/hu\/wp-json\/wp\/v2\/product_tag?post=2517"}],"curies":[{"name":"wp","href":"https:\/\/api.w.org\/{rel}","templated":true}]}}