{"id":2515,"date":"2025-08-18T03:13:33","date_gmt":"2025-08-18T03:13:33","guid":{"rendered":"http:\/\/galaxybicycle.com\/?post_type=product&#038;p=2515"},"modified":"2025-09-02T09:43:55","modified_gmt":"2025-09-02T09:43:55","slug":"t10","status":"publish","type":"product","link":"https:\/\/galaxybicycle.com\/hu\/product\/t10\/","title":{"rendered":"Galaxy T10 feln\u0151tt hegyi ker\u00e9kp\u00e1r | 27.5\u2033 \u00f6tv\u00f6z\u00f6tt v\u00e1z Shimano 10-sebess\u00e9ggel"},"content":{"rendered":"<p><strong>Galaxy T10 feln\u0151tt hegyi ker\u00e9kp\u00e1r<\/strong> olyan lovasok sz\u00e1m\u00e1ra k\u00e9sz\u00fclt, akiknek sz\u00fcks\u00e9g\u00fck van er\u0151re, pontoss\u00e1gra \u00e9s sokoldal\u00fas\u00e1gra. A tart\u00f3s AL6061 \u00f6tv\u00f6zetb\u0151l k\u00e9sz\u00fclt v\u00e1zzal \u00e9s egy 27,5\u2033-es, HLO-val \u00e9s \u00f6tv\u00f6zetb\u0151l k\u00e9sz\u00fclt koron\u00e1val ell\u00e1tott, l\u00e9grug\u00f3s, 27,5\u2033-es \u00f6tv\u00f6zetb\u0151l k\u00e9sz\u00fclt vill\u00e1val felszerelt ker\u00e9kp\u00e1r stabilit\u00e1st \u00e9s \u00fct\u00e9scsillap\u00edt\u00e1st biztos\u00edt a v\u00e1rosi utakon \u00e9s a hegyi \u00f6sv\u00e9nyeken egyar\u00e1nt.<\/p>\n<p>A megb\u00edzhat\u00f3 <strong>Shimano CUES 10 sebess\u00e9ges v\u00e1lt\u00f3rendszer<\/strong>, a lovasok sim\u00e1n kapcsolhatj\u00e1k a fokozatokat a s\u00edk utakon, meredek emelked\u0151k\u00f6n vagy gyors lejt\u0151k\u00f6n. Az er\u0151teljes <strong>Shimano MT200 hidraulikus t\u00e1rcsaf\u00e9kek<\/strong> megb\u00edzhat\u00f3 f\u00e9ker\u0151t biztos\u00edtanak minden id\u0151j\u00e1r\u00e1si k\u00f6r\u00fclm\u00e9nyek k\u00f6z\u00f6tt, m\u00edg a nagy tapad\u00e1s\u00fa <strong>Kenda 27.5 x 2.40 gumiabroncsok<\/strong> magabiztoss\u00e1got ad egyenetlen fel\u00fcleteken.<\/p>\n<p>Pr\u00e9mium min\u0151s\u00e9g\u0171 alkatr\u00e9szekkel tervezve, mint p\u00e9ld\u00e1ul a <strong>SENICX \u00f6tv\u00f6zetb\u0151l k\u00e9sz\u00fclt leng\u0151kar<\/strong> \u00e9s <strong>Solon kett\u0151s csap\u00e1gyaz\u00e1s\u00fa tengelycsap\u00e1gyak<\/strong>, a Galaxy T10 a tart\u00f3ss\u00e1g \u00e9s a nagy teljes\u00edtm\u00e9ny \u00e9rdek\u00e9ben k\u00e9sz\u00fclt. Ak\u00e1r a zord hegyi \u00f6sv\u00e9nyeket fedezi fel, ak\u00e1r a v\u00e1rosi utc\u00e1kon cirk\u00e1l, ez a ker\u00e9kp\u00e1r p\u00e1ratlan vezet\u00e9si \u00e9lm\u00e9nyt ny\u00fajt.<\/p>\n<h3>Mi\u00e9rt v\u00e1lassza a Galaxy T10-et?<\/h3>\n<ul>\n<li><strong>Er\u0151s \u00e9s k\u00f6nny\u0171 v\u00e1z:<\/strong> Az AL6061 \u00f6tv\u00f6zetb\u0151l k\u00e9sz\u00fclt v\u00e1z biztos\u00edtja a tart\u00f3ss\u00e1got felesleges s\u00faly n\u00e9lk\u00fcl.<\/li>\n<li><strong>Sima felf\u00fcggeszt\u00e9s:<\/strong> 27,5\"-os l\u00e9grug\u00f3s villa HLO-val a jobb ir\u00e1ny\u00edthat\u00f3s\u00e1g \u00e9s k\u00e9nyelem \u00e9rdek\u00e9ben.<\/li>\n<li><strong>Prec\u00edzi\u00f3s sebess\u00e9gv\u00e1lt\u00e1s:<\/strong> Shimano CUES 10 sebess\u00e9ges rendszer a k\u00f6nnyed teljes\u00edtm\u00e9ny\u00e9rt b\u00e1rmilyen terepen.<\/li>\n<li><strong>Megb\u00edzhat\u00f3 f\u00e9kez\u00e9s:<\/strong> A Shimano MT200 hidraulikus t\u00e1rcsaf\u00e9kek egyenletes f\u00e9ker\u0151t biztos\u00edtanak.<\/li>\n<li><strong>Minden terepre felk\u00e9sz\u00fclt:<\/strong> A Kenda 27,5 x 2,40-es gumiabroncsok magabiztosan tapadnak a talajra.<\/li>\n<li><strong>Pr\u00e9mium fel\u00e9p\u00edt\u00e9s:<\/strong> Kiv\u00e1l\u00f3 min\u0151s\u00e9g\u0171 ker\u00e9kagyak \u00e9s hajt\u00f3karok a hossz\u00fa \u00e9lettartam\u00fa er\u0151ss\u00e9g \u00e9rdek\u00e9ben.<\/li>\n<\/ul>\n<h3>M\u0171szaki adatok<\/h3>\n<table border=\"1\" cellspacing=\"0\" cellpadding=\"6\">\n<tbody>\n<tr>\n<th>Jellemz\u0151<\/th>\n<th>R\u00e9szletek<\/th>\n<\/tr>\n<tr>\n<td>Keret<\/td>\n<td>AL 6061#, 27,5\u2033<\/td>\n<\/tr>\n<tr>\n<td>Vill\u00e1k<\/td>\n<td>27.5\u2033 \u00f6tv\u00f6zetb\u0151l k\u00e9sz\u00fclt l\u00e9grug\u00f3s villa HLO-val, \u00f6tv\u00f6zetb\u0151l k\u00e9sz\u00fclt koron\u00e1val<\/td>\n<\/tr>\n<tr>\n<td>Derailleur<\/td>\n<td>Shimano CUES 10SP (RDU6000\/SLU6000)<\/td>\n<\/tr>\n<tr>\n<td>Szabadonfut\u00f3<\/td>\n<td>Kazetta 10 sebess\u00e9ges<\/td>\n<\/tr>\n<tr>\n<td>F\u00e9k<\/td>\n<td>Shimano MT200 hidraulikus t\u00e1rcsaf\u00e9k<\/td>\n<\/tr>\n<tr>\n<td>Gumiabroncs<\/td>\n<td>Kenda 27.5 x 2.40<\/td>\n<\/tr>\n<tr>\n<td>L\u00e1ncker\u00e9k<\/td>\n<td>SENICX egyr\u00e9szes \u00f6tv\u00f6zetb\u0151l k\u00e9sz\u00fclt forgatty\u00faval<\/td>\n<\/tr>\n<tr>\n<td>Hub<\/td>\n<td>Solon Alloy els\u0151 dupla csap\u00e1gyas \/ h\u00e1ts\u00f3 n\u00e9gy csap\u00e1gyas, kazetta<\/td>\n<\/tr>\n<tr>\n<td>M\u00e9r\u00e9sek<\/td>\n<td>148 x 23 x 75 cm<\/td>\n<\/tr>\n<\/tbody>\n<\/table>","protected":false},"excerpt":{"rendered":"<p>A Galaxy T10 feln\u0151tt ker\u00e9kp\u00e1r egy er\u0151teljes \u00e9s st\u00edlusos hegyiker\u00e9kp\u00e1r, amely k\u00f6nny\u0171 27,5\u2033-es \u00f6tv\u00f6z\u00f6tt v\u00e1zzal, fejlett Shimano CUES 10 sebess\u00e9ges hajt\u00e1sl\u00e1nccal \u00e9s \u00e9rz\u00e9keny hidraulikus t\u00e1rcsaf\u00e9kekkel k\u00e9sz\u00fclt. T\u00f6k\u00e9letes azoknak a ker\u00e9kp\u00e1rosoknak, akik kontrollra, k\u00e9nyelemre \u00e9s teljes\u00edtm\u00e9nyre v\u00e1gynak b\u00e1rmilyen terepen.<\/p>","protected":false},"featured_media":2516,"comment_status":"open","ping_status":"closed","template":"","meta":[],"product_brand":[34],"product_cat":[15,37],"product_tag":[],"class_list":{"0":"post-2515","1":"product","2":"type-product","3":"status-publish","4":"has-post-thumbnail","6":"product_brand-galaxy","7":"product_cat-galaxybicycle","8":"product_cat-galaxy-bikes","10":"first","11":"instock","12":"shipping-taxable","13":"product-type-simple"},"_links":{"self":[{"href":"https:\/\/galaxybicycle.com\/hu\/wp-json\/wp\/v2\/product\/2515","targetHints":{"allow":["GET"]}}],"collection":[{"href":"https:\/\/galaxybicycle.com\/hu\/wp-json\/wp\/v2\/product"}],"about":[{"href":"https:\/\/galaxybicycle.com\/hu\/wp-json\/wp\/v2\/types\/product"}],"replies":[{"embeddable":true,"href":"https:\/\/galaxybicycle.com\/hu\/wp-json\/wp\/v2\/comments?post=2515"}],"wp:featuredmedia":[{"embeddable":true,"href":"https:\/\/galaxybicycle.com\/hu\/wp-json\/wp\/v2\/media\/2516"}],"wp:attachment":[{"href":"https:\/\/galaxybicycle.com\/hu\/wp-json\/wp\/v2\/media?parent=2515"}],"wp:term":[{"taxonomy":"product_brand","embeddable":true,"href":"https:\/\/galaxybicycle.com\/hu\/wp-json\/wp\/v2\/product_brand?post=2515"},{"taxonomy":"product_cat","embeddable":true,"href":"https:\/\/galaxybicycle.com\/hu\/wp-json\/wp\/v2\/product_cat?post=2515"},{"taxonomy":"product_tag","embeddable":true,"href":"https:\/\/galaxybicycle.com\/hu\/wp-json\/wp\/v2\/product_tag?post=2515"}],"curies":[{"name":"wp","href":"https:\/\/api.w.org\/{rel}","templated":true}]}}