{"id":2387,"date":"2025-08-17T04:27:23","date_gmt":"2025-08-17T04:27:23","guid":{"rendered":"https:\/\/go.galaxybicycle.com\/?post_type=product&#038;p=2387"},"modified":"2025-09-02T09:33:46","modified_gmt":"2025-09-02T09:33:46","slug":"f050e","status":"publish","type":"product","link":"https:\/\/galaxybicycle.com\/hu\/product\/f050e\/","title":{"rendered":"Velopro F050E Step-Through Electric Cruiser Bike | 500W motor, Shimano 7-sebess\u00e9ges, hossz\u00fa hat\u00f3t\u00e1vols\u00e1g\u00fa akkumul\u00e1tor"},"content":{"rendered":"<p>Fedezze fel a <strong>Velopro F050E Step-Through Ebike<\/strong>, a teljes\u00edtm\u00e9ny, a k\u00e9nyelem \u00e9s a st\u00edlus t\u00f6k\u00e9letes kever\u00e9ke.<br \/>\nEz a tart\u00f3s ac\u00e9lv\u00e1zzal \u00e9s k\u00f6nny\u0171, l\u00e9pcs\u0151s kialak\u00edt\u00e1ssal \u00e9p\u00edtett elektromos cirk\u00e1l\u00f3 kezd\u0151bar\u00e1t \u00e9s k\u00e9nyelmes minden koroszt\u00e1ly sz\u00e1m\u00e1ra.<br \/>\nAk\u00e1r a v\u00e1rosi utc\u00e1kon ing\u00e1zol, ak\u00e1r h\u00e9tv\u00e9gi kir\u00e1ndul\u00e1st teszel, az 500 W-os h\u00e1ts\u00f3 motor egyenletes gyorsul\u00e1st biztos\u00edt, m\u00edg a Shimano 7 sebess\u00e9ges v\u00e1lt\u00f3 teljes kontrollt biztos\u00edt a teker\u00e9s felett.<\/p>\n<p>Az Velopro F050E \u00e9rz\u00e9keny mechanikus t\u00e1rcsaf\u00e9krendszerrel \u00e9s MLO felf\u00fcggeszt\u00e9s\u0171 vill\u00e1val felszerelt, biztons\u00e1gos \u00e9s k\u00e9nyelmes \u00e9lm\u00e9nyt ny\u00fajt a k\u00fcl\u00f6nb\u00f6z\u0151 terepeken. A f\u00e9nyes, sz\u00ednes LCD-kijelz\u0151 egy pillant\u00e1ssal t\u00e1j\u00e9koztat a sebess\u00e9gr\u0151l, az akkumul\u00e1tor \u00e9lettartam\u00e1r\u00f3l \u00e9s a t\u00e1vols\u00e1gr\u00f3l.<br \/>\nMegb\u00edzhat\u00f3 <strong>48V 10.4Ah akkumul\u00e1tor<\/strong>, ez az e-bike egyenletes teljes\u00edtm\u00e9nyt \u00e9s hat\u00f3t\u00e1vols\u00e1got biztos\u00edt, \u00edgy aggodalom n\u00e9lk\u00fcl \u00e9lvezheti a hosszabb utaz\u00e1sokat.<\/p>\n<h3>Mi\u00e9rt v\u00e1lassza az Velopro F050E-t?<\/h3>\n<ul>\n<li><strong>Felhaszn\u00e1l\u00f3bar\u00e1t, l\u00e9pcs\u0151zetes kialak\u00edt\u00e1s<\/strong> - k\u00f6nnyen fel- \u00e9s leszerelhet\u0151 minden lovas sz\u00e1m\u00e1ra.<\/li>\n<li><strong>Er\u0151teljes 500W-os motor<\/strong> - t\u00f6k\u00e9letes a v\u00e1rosi cirk\u00e1l\u00e1shoz \u00e9s a napi ing\u00e1z\u00e1shoz.<\/li>\n<li><strong>Shimano 7 sebess\u00e9ges v\u00e1lt\u00f3rendszer<\/strong> - sima v\u00e1lt\u00e1s \u00e9s sokoldal\u00fa vezet\u00e9si lehet\u0151s\u00e9gek.<\/li>\n<li><strong>K\u00e9nyelmes utaz\u00e1s<\/strong> - A 20\"-os rug\u00f3s villa elnyeli az \u00fct\u00e9seket a sim\u00e1bb utaz\u00e1sok \u00e9rdek\u00e9ben.<\/li>\n<li><strong>Fokozott biztons\u00e1g<\/strong> - a mechanikus t\u00e1rcsaf\u00e9kek megb\u00edzhat\u00f3 f\u00e9ker\u0151t biztos\u00edtanak.<\/li>\n<li><strong>Eleg\u00e1ns LCD kijelz\u0151<\/strong> - K\u00f6nnyen nyomon k\u00f6vetheti a menetstatisztik\u00e1kat a sz\u00ednes k\u00e9perny\u0151 seg\u00edts\u00e9g\u00e9vel.<\/li>\n<li><strong>Tart\u00f3s gumiabroncsok<\/strong> - 20\" x 3.0\" Chaoyang gumiabroncsok a tapad\u00e1s \u00e9s stabilit\u00e1s \u00e9rdek\u00e9ben.<\/li>\n<\/ul>\n<h3>M\u0171szaki adatok<\/h3>\n<table border=\"1\" cellspacing=\"0\" cellpadding=\"6\">\n<tbody>\n<tr>\n<th>Jellemz\u0151<\/th>\n<th>R\u00e9szletek<\/th>\n<\/tr>\n<tr>\n<td>Keret<\/td>\n<td>20\u2033 ac\u00e9l<\/td>\n<\/tr>\n<tr>\n<td>Vill\u00e1k<\/td>\n<td>20\u2033 felf\u00fcggeszt\u00e9si villa MLO-val<\/td>\n<\/tr>\n<tr>\n<td>Derailleur<\/td>\n<td>Shimano 7 sebess\u00e9ges<\/td>\n<\/tr>\n<tr>\n<td>F\u00e9kek<\/td>\n<td>Mechanikus t\u00e1rcsaf\u00e9kek<\/td>\n<\/tr>\n<tr>\n<td>Gumiabroncsok<\/td>\n<td>Chaoyang 20\u2033 x 3.0\u2033<\/td>\n<\/tr>\n<tr>\n<td>Megjelen\u00edt\u00e9s<\/td>\n<td>Sz\u00ednezett LCD k\u00e9perny\u0151<\/td>\n<\/tr>\n<tr>\n<td>Motor<\/td>\n<td>H\u00e1ts\u00f3 ker\u00e9kagymotor 48V 500W<\/td>\n<\/tr>\n<tr>\n<td>Akkumul\u00e1tor<\/td>\n<td>48V 10.4Ah l\u00edtium akkumul\u00e1tor<\/td>\n<\/tr>\n<\/tbody>\n<\/table>","protected":false},"excerpt":{"rendered":"<p>Az Velopro F050E Step-Through Ebike egy st\u00edlusos \u00e9s er\u0151teljes cirk\u00e1l\u00f3, amelyet k\u00e9nyelemre, k\u00f6nny\u0171 haszn\u00e1latra \u00e9s sz\u00f3rakoz\u00e1sra terveztek. Az 500 W-os h\u00e1ts\u00f3 motorral, a Shimano 7 sebess\u00e9ges v\u00e1lt\u00f3val \u00e9s a hossz\u00fa \u00e9lettartam\u00fa akkumul\u00e1torral ez az e-bike k\u00f6nnyed\u00e9n teszi lehet\u0151v\u00e9 a v\u00e1rosi ing\u00e1z\u00e1st \u00e9s a h\u00e9tv\u00e9gi t\u00far\u00e1kat.<\/p>","protected":false},"featured_media":2388,"comment_status":"open","ping_status":"closed","template":"","meta":[],"product_brand":[35],"product_cat":[27,38],"product_tag":[],"class_list":{"0":"post-2387","1":"product","2":"type-product","3":"status-publish","4":"has-post-thumbnail","6":"product_brand-velopro","7":"product_cat-city-ebike","8":"product_cat-velopro-electric-bikes","10":"first","11":"instock","12":"shipping-taxable","13":"product-type-simple"},"_links":{"self":[{"href":"https:\/\/galaxybicycle.com\/hu\/wp-json\/wp\/v2\/product\/2387","targetHints":{"allow":["GET"]}}],"collection":[{"href":"https:\/\/galaxybicycle.com\/hu\/wp-json\/wp\/v2\/product"}],"about":[{"href":"https:\/\/galaxybicycle.com\/hu\/wp-json\/wp\/v2\/types\/product"}],"replies":[{"embeddable":true,"href":"https:\/\/galaxybicycle.com\/hu\/wp-json\/wp\/v2\/comments?post=2387"}],"wp:featuredmedia":[{"embeddable":true,"href":"https:\/\/galaxybicycle.com\/hu\/wp-json\/wp\/v2\/media\/2388"}],"wp:attachment":[{"href":"https:\/\/galaxybicycle.com\/hu\/wp-json\/wp\/v2\/media?parent=2387"}],"wp:term":[{"taxonomy":"product_brand","embeddable":true,"href":"https:\/\/galaxybicycle.com\/hu\/wp-json\/wp\/v2\/product_brand?post=2387"},{"taxonomy":"product_cat","embeddable":true,"href":"https:\/\/galaxybicycle.com\/hu\/wp-json\/wp\/v2\/product_cat?post=2387"},{"taxonomy":"product_tag","embeddable":true,"href":"https:\/\/galaxybicycle.com\/hu\/wp-json\/wp\/v2\/product_tag?post=2387"}],"curies":[{"name":"wp","href":"https:\/\/api.w.org\/{rel}","templated":true}]}}