{"id":2385,"date":"2025-08-17T04:27:09","date_gmt":"2025-08-17T04:27:09","guid":{"rendered":"https:\/\/go.galaxybicycle.com\/?post_type=product&#038;p=2385"},"modified":"2025-09-03T09:37:44","modified_gmt":"2025-09-03T09:37:44","slug":"m750e","status":"publish","type":"product","link":"https:\/\/galaxybicycle.com\/hu\/product\/m750e\/","title":{"rendered":"Velopro F750E \u00d6sszecsukhat\u00f3 elektromos ker\u00e9kp\u00e1r | 500W k\u00f6z\u00e9pmotor, nyomat\u00e9k\u00e9rz\u00e9kel\u0151, hidraulikus f\u00e9kek"},"content":{"rendered":"<p>Fedezze fel a <strong>Velopro F750E \u00f6sszecsukhat\u00f3 elektromos ker\u00e9kp\u00e1r<\/strong> - az er\u0151, a technol\u00f3gia \u00e9s a sokoldal\u00fas\u00e1g t\u00f6k\u00e9letes egyens\u00falya.<br \/>\nEr\u0151teljes <strong>48V 500W-os k\u00f6z\u00e9phajt\u00e1s\u00fa motor<\/strong> \u00e9s egy megb\u00edzhat\u00f3 <strong>48V 10.4AH EVE akkumul\u00e1tor<\/strong>, er\u0151fesz\u00edt\u00e9s n\u00e9lk\u00fcli utaz\u00e1st biztos\u00edt, a v\u00e9gsebess\u00e9ge pedig <strong>32KM\/H<\/strong> \u00e9s egy sor <strong>35-45KM<\/strong> egyetlen t\u00f6lt\u00e9ssel.<br \/>\nA <strong>nyomat\u00e9k\u00e9rz\u00e9kel\u0151<\/strong> biztos\u00edtja a term\u00e9szetes ped\u00e1loz\u00e1st, m\u00edg <strong>hidraulikus t\u00e1rcsaf\u00e9kek<\/strong> minden k\u00f6r\u00fclm\u00e9nyek k\u00f6z\u00f6tt kiv\u00e1l\u00f3 f\u00e9kez\u0151er\u0151t biztos\u00edtanak.<br \/>\nA <strong>20\u00d74\u2033 CST k\u00f6v\u00e9r gumik<\/strong> \u00e9s <strong>rug\u00f3s villa<\/strong> alkalmass\u00e1 teszi az utakra, \u00f6sv\u00e9nyekre \u00e9s mindenre, ami a kett\u0151 k\u00f6z\u00f6tt van.<br \/>\nAmikor nincs haszn\u00e1latban, az F750E \u00f6sszecsukhat\u00f3 a k\u00f6nny\u0171 t\u00e1rol\u00e1s \u00e9rdek\u00e9ben, \u00edgy ide\u00e1lis \u00fatit\u00e1rs a v\u00e1rosi ing\u00e1z\u00f3k \u00e9s a szabadt\u00e9ri felfedez\u0151k sz\u00e1m\u00e1ra.<\/p>\n<p>Praktikus funkci\u00f3k, mint p\u00e9ld\u00e1ul a <strong>h\u00e1ts\u00f3 csomagtart\u00f3<\/strong>, <strong>els\u0151 \u00e9s h\u00e1ts\u00f3 l\u00e1mp\u00e1k<\/strong>, <strong>Shimano 7 sebess\u00e9ges v\u00e1lt\u00f3<\/strong>, \u00e9s <strong>IP54 v\u00edzszigetel\u00e9s<\/strong> fokozza a k\u00e9nyelmet \u00e9s a megb\u00edzhat\u00f3s\u00e1got. Legyen sz\u00f3 v\u00e1rosi t\u00far\u00e1kr\u00f3l vagy terepj\u00e1r\u00f3 kalandokr\u00f3l, az Velopro F750E sz\u00f3rakoztat\u00f3, biztons\u00e1gos \u00e9s k\u00f6rnyezetbar\u00e1t felfedez\u00e9st biztos\u00edt.<\/p>\n<h2>M\u0171szaki adatok<\/h2>\n<table border=\"1\" cellspacing=\"0\" cellpadding=\"6\">\n<tbody>\n<tr>\n<th>Oszt\u00e1lyoz\u00e1s<\/th>\n<th>M\u0171szaki adatok<\/th>\n<th>Param\u00e9terek<\/th>\n<\/tr>\n<tr>\n<td rowspan=\"10\">Elektronika<\/td>\n<td>Akkumul\u00e1tor<\/td>\n<td>48V 10.4AH (EVE cell\u00e1k)<\/td>\n<\/tr>\n<tr>\n<td>Motor<\/td>\n<td>48V 500W Mid-Drive motor<\/td>\n<\/tr>\n<tr>\n<td>Legnagyobb sebess\u00e9g<\/td>\n<td>32KM\/H<\/td>\n<\/tr>\n<tr>\n<td>Tartom\u00e1ny<\/td>\n<td>35-45KM<\/td>\n<\/tr>\n<tr>\n<td>PAS<\/td>\n<td>5 lovagl\u00e1si m\u00f3d<\/td>\n<\/tr>\n<tr>\n<td>T\u00f6lt\u0151<\/td>\n<td>54,6V 2A<\/td>\n<\/tr>\n<tr>\n<td>T\u00f6lt\u00e9si id\u0151<\/td>\n<td>5 \u00f3ra<\/td>\n<\/tr>\n<tr>\n<td>G\u00e1zkar<\/td>\n<td>Twist Throttle<\/td>\n<\/tr>\n<tr>\n<td>Megjelen\u00edt\u00e9s<\/td>\n<td>LCD kijelz\u0151<\/td>\n<\/tr>\n<tr>\n<td>\u00c9rz\u00e9kel\u0151<\/td>\n<td>Nyomat\u00e9k\u00e9rz\u00e9kel\u0151<\/td>\n<\/tr>\n<tr>\n<td rowspan=\"15\">Szabv\u00e1nyok<\/td>\n<td>Keret Anyag<\/td>\n<td>Alum\u00ednium \u00f6tv\u00f6zet 6061<\/td>\n<\/tr>\n<tr>\n<td>Ker\u00e9km\u00e9ret<\/td>\n<td>20\u00d74''<\/td>\n<\/tr>\n<tr>\n<td>Gumiabroncs m\u00e1rka<\/td>\n<td>CST<\/td>\n<\/tr>\n<tr>\n<td>Nett\u00f3 s\u00faly<\/td>\n<td>31KG<\/td>\n<\/tr>\n<tr>\n<td>Brutt\u00f3 t\u00f6meg<\/td>\n<td>40.8KG<\/td>\n<\/tr>\n<tr>\n<td>Teherb\u00edr\u00f3 kapacit\u00e1s<\/td>\n<td>150KG<\/td>\n<\/tr>\n<tr>\n<td>M\u00e1sz\u00e1s Kapacit\u00e1s<\/td>\n<td>15\u00b0<\/td>\n<\/tr>\n<tr>\n<td>F\u00e9kek<\/td>\n<td>Hidraulikus t\u00e1rcsaf\u00e9kek (el\u00f6l \u00e9s h\u00e1tul)<\/td>\n<\/tr>\n<tr>\n<td>Els\u0151 villa<\/td>\n<td>Felf\u00fcggeszt\u00e9si villa<\/td>\n<\/tr>\n<tr>\n<td>Shifter<\/td>\n<td>Shimano 7 sebess\u00e9ges<\/td>\n<\/tr>\n<tr>\n<td>Sz\u00e1rnyv\u00e9d\u0151k<\/td>\n<td>El\u00fcls\u0151 \u00e9s h\u00e1ts\u00f3 tartoz\u00e9k<\/td>\n<\/tr>\n<tr>\n<td>H\u00e1ts\u00f3 csomagtart\u00f3<\/td>\n<td>Igen<\/td>\n<\/tr>\n<tr>\n<td>\u00d6sszecsukhat\u00f3<\/td>\n<td>Igen<\/td>\n<\/tr>\n<tr>\n<td>V\u00edz\u00e1ll\u00f3 szint<\/td>\n<td>IP54<\/td>\n<\/tr>\n<tr>\n<td>Sz\u00ednes<\/td>\n<td>Testreszabhat\u00f3<\/td>\n<\/tr>\n<tr>\n<td rowspan=\"3\">M\u00e9ret<\/td>\n<td>Lovas magass\u00e1ga<\/td>\n<td>155-190cm<\/td>\n<\/tr>\n<tr>\n<td>Csomagol\u00e1si m\u00e9ret<\/td>\n<td>106\u00d748\u00d781cm<\/td>\n<\/tr>\n<tr>\n<td>Mennyis\u00e9g 1*40HQ kont\u00e9nerhez<\/td>\n<td>180 DB<\/td>\n<\/tr>\n<\/tbody>\n<\/table>","protected":false},"excerpt":{"rendered":"<p>Az Velopro F750E egy nagy teljes\u00edtm\u00e9ny\u0171, \u00f6sszecsukhat\u00f3 elektromos ker\u00e9kp\u00e1r, amely az er\u0151, a k\u00e9nyelem \u00e9s a komfort jegy\u00e9ben k\u00e9sz\u00fclt. Az 500 W-os k\u00f6z\u00e9phajt\u00e1s\u00fa motorral, a sima ped\u00e1loz\u00e1st biztos\u00edt\u00f3 nyomat\u00e9k\u00e9rz\u00e9kel\u0151vel \u00e9s a hidraulikus t\u00e1rcsaf\u00e9kekkel ez a k\u00f6v\u00e9r gumiabroncsos e-bike t\u00f6k\u00e9letes a v\u00e1rosi ing\u00e1z\u00e1shoz \u00e9s a szabadt\u00e9ri kalandokhoz egyar\u00e1nt.<\/p>","protected":false},"featured_media":2386,"comment_status":"open","ping_status":"closed","template":"","meta":[],"product_brand":[35],"product_cat":[27,28,38],"product_tag":[],"class_list":{"0":"post-2385","1":"product","2":"type-product","3":"status-publish","4":"has-post-thumbnail","6":"product_brand-velopro","7":"product_cat-city-ebike","8":"product_cat-fat-tire-ebike","9":"product_cat-velopro-electric-bikes","11":"first","12":"instock","13":"shipping-taxable","14":"product-type-simple"},"_links":{"self":[{"href":"https:\/\/galaxybicycle.com\/hu\/wp-json\/wp\/v2\/product\/2385","targetHints":{"allow":["GET"]}}],"collection":[{"href":"https:\/\/galaxybicycle.com\/hu\/wp-json\/wp\/v2\/product"}],"about":[{"href":"https:\/\/galaxybicycle.com\/hu\/wp-json\/wp\/v2\/types\/product"}],"replies":[{"embeddable":true,"href":"https:\/\/galaxybicycle.com\/hu\/wp-json\/wp\/v2\/comments?post=2385"}],"wp:featuredmedia":[{"embeddable":true,"href":"https:\/\/galaxybicycle.com\/hu\/wp-json\/wp\/v2\/media\/2386"}],"wp:attachment":[{"href":"https:\/\/galaxybicycle.com\/hu\/wp-json\/wp\/v2\/media?parent=2385"}],"wp:term":[{"taxonomy":"product_brand","embeddable":true,"href":"https:\/\/galaxybicycle.com\/hu\/wp-json\/wp\/v2\/product_brand?post=2385"},{"taxonomy":"product_cat","embeddable":true,"href":"https:\/\/galaxybicycle.com\/hu\/wp-json\/wp\/v2\/product_cat?post=2385"},{"taxonomy":"product_tag","embeddable":true,"href":"https:\/\/galaxybicycle.com\/hu\/wp-json\/wp\/v2\/product_tag?post=2385"}],"curies":[{"name":"wp","href":"https:\/\/api.w.org\/{rel}","templated":true}]}}