{"id":2383,"date":"2025-08-17T04:26:48","date_gmt":"2025-08-17T04:26:48","guid":{"rendered":"https:\/\/go.galaxybicycle.com\/?post_type=product&#038;p=2383"},"modified":"2025-09-02T09:34:28","modified_gmt":"2025-09-02T09:34:28","slug":"m200e","status":"publish","type":"product","link":"https:\/\/galaxybicycle.com\/hu\/product\/m200e\/","title":{"rendered":"Velopro M200E Step-Through elektromos ker\u00e9kp\u00e1r | Alkalmi cirk\u00e1l\u00f3 biztons\u00e1gi funkci\u00f3kkal"},"content":{"rendered":"<p>Ismerje meg a <strong>Velopro M200E Step-Through eBike<\/strong>, a t\u00f6k\u00e9letes mindennapi t\u00e1rs a nyugodt ing\u00e1z\u00e1shoz, a v\u00e1rosi utaz\u00e1shoz vagy a h\u00e9tv\u00e9gi kalandokhoz. A tart\u00f3s 20\u2033-es ac\u00e9lv\u00e1zzal \u00e9s l\u00e9pcs\u0151s kialak\u00edt\u00e1ssal k\u00e9sz\u00fclt, \u00edgy a fel- \u00e9s lesz\u00e1ll\u00e1s minden koroszt\u00e1ly sz\u00e1m\u00e1ra k\u00f6nnyed\u00e9n \u00e9s k\u00e9nyelmesen megoldhat\u00f3. Az MLO-val \u00e9s \u00f6tv\u00f6z\u00f6tt koron\u00e1val ell\u00e1tott rug\u00f3s villa kisim\u00edtja az egyenetlens\u00e9geket, m\u00edg a sz\u00e9les 20\u2033 x 4.0 Chaoyang gumiabroncsok kiv\u00e1l\u00f3 tapad\u00e1st \u00e9s stabilit\u00e1st biztos\u00edtanak utc\u00e1n, parkokban \u00e9s k\u00f6nny\u0171 \u00f6sv\u00e9nyeken.<\/p>\n<p>Er\u0151s <strong>48V 500W-os h\u00e1ts\u00f3 ker\u00e9kagymotor<\/strong> \u00e9s p\u00e1ros\u00edtva egy hosszan tart\u00f3 <strong>48V 10.4Ah akkumul\u00e1tor<\/strong>, az M200E megadja a szabads\u00e1got, hogy hosszabb ideig magabiztosan motorozhasson. A Shimano 7 sebess\u00e9ges hajt\u00e1sl\u00e1nc biztos\u00edtja a sima sebess\u00e9gv\u00e1lt\u00e1sokat, ak\u00e1r hegyet m\u00e1szol, ak\u00e1r s\u00edk utakon siklasz. A mechanikus t\u00e1rcsaf\u00e9kek megb\u00edzhat\u00f3 f\u00e9ker\u0151t biztos\u00edtanak, \u00edgy nyugodt lehetsz, b\u00e1rmerre is vezet az utad.<\/p>\n<p>A <strong>Velopro M200E<\/strong> f\u00e9nyes, k\u00f6nnyen leolvashat\u00f3 sz\u00ednes kijelz\u0151vel is rendelkezik, amelyen egy pillant\u00e1ssal nyomon k\u00f6vetheti a sebess\u00e9get, az akkumul\u00e1tor \u00e9lettartam\u00e1t \u00e9s a vezet\u00e9si m\u00f3dot. A laza cruiser kialak\u00edt\u00e1ssal \u00e9s a hozz\u00e1adott biztons\u00e1gi funkci\u00f3kkal ez az eBike ide\u00e1lis mindazok sz\u00e1m\u00e1ra, akik k\u00e9nyelmet, megb\u00edzhat\u00f3s\u00e1got \u00e9s st\u00edlust keresnek egyetlen csomagban.<\/p>\n<h3>M\u0171szaki adatok<\/h3>\n<table border=\"1\" cellspacing=\"0\" cellpadding=\"6\">\n<tbody>\n<tr>\n<th>Komponens<\/th>\n<th>R\u00e9szletek<\/th>\n<\/tr>\n<tr>\n<td>Keret<\/td>\n<td>20\u2033 ac\u00e9l \u00e1tl\u00e9p\u0151 keret<\/td>\n<\/tr>\n<tr>\n<td>Vill\u00e1k<\/td>\n<td>20\u2033 felf\u00fcggeszt\u00e9s villa MLO \u00e9s \u00f6tv\u00f6z\u00f6tt koron\u00e1val<\/td>\n<\/tr>\n<tr>\n<td>Derailleur<\/td>\n<td>Shimano 7 sebess\u00e9ges<\/td>\n<\/tr>\n<tr>\n<td>F\u00e9kek<\/td>\n<td>Mechanikus t\u00e1rcsaf\u00e9kek<\/td>\n<\/tr>\n<tr>\n<td>Gumiabroncsok<\/td>\n<td>Chaoyang 20\u2033 \u00d7 4.0 Fat abroncsok<\/td>\n<\/tr>\n<tr>\n<td>Megjelen\u00edt\u00e9s<\/td>\n<td>Sz\u00ednezett k\u00e9perny\u0151<\/td>\n<\/tr>\n<tr>\n<td>Motor<\/td>\n<td>H\u00e1ts\u00f3 ker\u00e9kagymotor 48V \u00d7 500W<\/td>\n<\/tr>\n<tr>\n<td>Akkumul\u00e1tor<\/td>\n<td>48V \u00d7 10.4Ah akkumul\u00e1tor<\/td>\n<\/tr>\n<\/tbody>\n<\/table>","protected":false},"excerpt":{"rendered":"<p>Az Velopro M200E egy st\u00edlusos \u00e9s k\u00f6nnyen vezethet\u0151 step-through eBike, amelyet alkalmi utaz\u00e1sra terveztek. K\u00f6v\u00e9r 20\u2033-es gumikkal, er\u0151teljes 500W-os motorral \u00e9s megb\u00edzhat\u00f3 Shimano 7 sebess\u00e9ges v\u00e1lt\u00f3kkal kombin\u00e1lja a k\u00e9nyelmet, az ir\u00e1ny\u00edthat\u00f3s\u00e1got \u00e9s a hozz\u00e1adott biztons\u00e1gi funkci\u00f3kat a mindennapi t\u00far\u00e1khoz.<\/p>","protected":false},"featured_media":2384,"comment_status":"open","ping_status":"closed","template":"","meta":[],"product_brand":[35],"product_cat":[27,28,38],"product_tag":[],"class_list":{"0":"post-2383","1":"product","2":"type-product","3":"status-publish","4":"has-post-thumbnail","6":"product_brand-velopro","7":"product_cat-city-ebike","8":"product_cat-fat-tire-ebike","9":"product_cat-velopro-electric-bikes","11":"first","12":"instock","13":"shipping-taxable","14":"product-type-simple"},"_links":{"self":[{"href":"https:\/\/galaxybicycle.com\/hu\/wp-json\/wp\/v2\/product\/2383","targetHints":{"allow":["GET"]}}],"collection":[{"href":"https:\/\/galaxybicycle.com\/hu\/wp-json\/wp\/v2\/product"}],"about":[{"href":"https:\/\/galaxybicycle.com\/hu\/wp-json\/wp\/v2\/types\/product"}],"replies":[{"embeddable":true,"href":"https:\/\/galaxybicycle.com\/hu\/wp-json\/wp\/v2\/comments?post=2383"}],"wp:featuredmedia":[{"embeddable":true,"href":"https:\/\/galaxybicycle.com\/hu\/wp-json\/wp\/v2\/media\/2384"}],"wp:attachment":[{"href":"https:\/\/galaxybicycle.com\/hu\/wp-json\/wp\/v2\/media?parent=2383"}],"wp:term":[{"taxonomy":"product_brand","embeddable":true,"href":"https:\/\/galaxybicycle.com\/hu\/wp-json\/wp\/v2\/product_brand?post=2383"},{"taxonomy":"product_cat","embeddable":true,"href":"https:\/\/galaxybicycle.com\/hu\/wp-json\/wp\/v2\/product_cat?post=2383"},{"taxonomy":"product_tag","embeddable":true,"href":"https:\/\/galaxybicycle.com\/hu\/wp-json\/wp\/v2\/product_tag?post=2383"}],"curies":[{"name":"wp","href":"https:\/\/api.w.org\/{rel}","templated":true}]}}