{"id":2379,"date":"2025-08-17T04:25:55","date_gmt":"2025-08-17T04:25:55","guid":{"rendered":"https:\/\/go.galaxybicycle.com\/?post_type=product&#038;p=2379"},"modified":"2025-09-02T09:46:17","modified_gmt":"2025-09-02T09:46:17","slug":"c9","status":"publish","type":"product","link":"https:\/\/galaxybicycle.com\/hu\/product\/c9\/","title":{"rendered":"Galaxy C9 feln\u0151tt ker\u00e9kp\u00e1r | K\u00f6nny\u0171 alum\u00ednium v\u00e1rosi \u00e9s orsz\u00e1g\u00fati ker\u00e9kp\u00e1r Shimano 9 sebess\u00e9ges sebess\u00e9ggel"},"content":{"rendered":"<p><strong>Galaxy C9 feln\u0151tt ker\u00e9kp\u00e1r<\/strong> \u00fagy tervezt\u00e9k, hogy minden szint\u0171 motoros sz\u00e1m\u00e1ra egyes\u00edtse a k\u00e9nyelmet, a hat\u00e9konys\u00e1got \u00e9s a megb\u00edzhat\u00f3s\u00e1got. K\u00f6nny\u0171 alum\u00ednium v\u00e1z\u00e1nak \u00e9s \u00e1tgondolt geometri\u00e1j\u00e1nak k\u00f6sz\u00f6nhet\u0151en ez a ker\u00e9kp\u00e1r a napi ing\u00e1z\u00e1st \u00e9s a hossz\u00fa szabadid\u0151s t\u00far\u00e1kat egyar\u00e1nt \u00e9lvezetess\u00e9 \u00e9s k\u00f6nnyedd\u00e9 teszi. A Shimano CUES 9 sebess\u00e9ges hajt\u00e1sl\u00e1nc z\u00f6kken\u0151mentes sebess\u00e9gv\u00e1lt\u00e1sokat biztos\u00edt, \u00edgy rugalmasan kezelheted a s\u00edk utakat, az enyhe emelked\u0151ket vagy a hosszabb t\u00far\u00e1kat is k\u00f6nnyed\u00e9n.<\/p>\n<p>Felszerelve <strong>Shimano BR-MT200 hidraulikus t\u00e1rcsaf\u00e9kek<\/strong>, a Galaxy C9 magabiztos f\u00e9kez\u0151er\u0151t biztos\u00edt minden id\u0151j\u00e1r\u00e1si k\u00f6r\u00fclm\u00e9nyek k\u00f6z\u00f6tt, \u00edgy \u00d6n biztons\u00e1gban \u00e9s kontroll alatt tarthatja a j\u00e1rm\u0171vet. A Kenda 700C gumiabroncsok kiv\u00e1l\u00f3 tapad\u00e1st \u00e9s g\u00f6rd\u00fcl\u00e9si hat\u00e9konys\u00e1got biztos\u00edtanak, m\u00edg az alum\u00ednium duplafal\u00fa felnik \u00e9s a t\u00f6m\u00edtett ker\u00e9kagyak fokozz\u00e1k a tart\u00f3ss\u00e1got \u00e9s a stabilit\u00e1st a hossz\u00fa t\u00e1v\u00fa teljes\u00edtm\u00e9ny \u00e9rdek\u00e9ben.<\/p>\n<p>A tov\u00e1bbi k\u00e9nyelem \u00e9rdek\u00e9ben a ker\u00e9kp\u00e1r v\u00e1rosbar\u00e1t nyerget, ergonomikus, k\u00e9nyelmes emelked\u00e9s\u0171 korm\u00e1nyt \u00e9s \u00e1ll\u00edthat\u00f3 sz\u00e1rat tartalmaz, hogy a ker\u00e9kp\u00e1roz\u00e1si st\u00edlusodhoz igazodjon. Ak\u00e1r munk\u00e1ba ing\u00e1zol, ak\u00e1r a v\u00e1rost fedezed fel, vagy egy h\u00e9tv\u00e9gi t\u00far\u00e1t \u00e9lvezel, a Galaxy C9 \u00fagy k\u00e9sz\u00fclt, hogy z\u00f6kken\u0151mentes \u00e9s \u00e9lvezetes ker\u00e9kp\u00e1roz\u00e1si \u00e9lm\u00e9nyt ny\u00fajtson.<\/p>\n<h3>Kulcsfontoss\u00e1g\u00fa jellemz\u0151k:<\/h3>\n<ul>\n<li>K\u00f6nny\u0171 alum\u00ednium v\u00e1z k\u00e9nyelmes geometri\u00e1val a k\u00f6nny\u0171 kezelhet\u0151s\u00e9g \u00e9rdek\u00e9ben<\/li>\n<li>Shimano CUES 1\u00d79 sebess\u00e9ges hajt\u00e1sl\u00e1nc a sima \u00e9s megb\u00edzhat\u00f3 v\u00e1lt\u00e1shoz<\/li>\n<li>Er\u0151teljes Shimano hidraulikus t\u00e1rcsaf\u00e9kek a biztons\u00e1gos meg\u00e1ll\u00e1s\u00e9rt minden k\u00f6r\u00fclm\u00e9nyek k\u00f6z\u00f6tt<\/li>\n<li>Kenda 700C gumiabroncsok a hat\u00e9kony g\u00f6rd\u00fcl\u00e9s\u00e9rt \u00e9s stabilit\u00e1s\u00e9rt<\/li>\n<li>Tart\u00f3s, duplafal\u00fa alum\u00ednium felnik t\u00f6m\u00edtett ker\u00e9kt\u00e1rcs\u00e1kkal<\/li>\n<li>Ergonomikus v\u00e1rosi nyereg \u00e9s korm\u00e1ny a mindennapi vezet\u00e9si k\u00e9nyelem\u00e9rt<\/li>\n<\/ul>\n<h3>M\u0171szaki adatok<\/h3>\n<table border=\"1\" cellspacing=\"0\" cellpadding=\"6\">\n<tbody>\n<tr>\n<th>Kateg\u00f3ria<\/th>\n<th>R\u00e9szletek<\/th>\n<\/tr>\n<tr>\n<td><strong>Keret<\/strong><\/td>\n<td>Alum\u00ednium, k\u00e9nyelmes geometria, 700C<\/td>\n<\/tr>\n<tr>\n<td><strong>Vill\u00e1k<\/strong><\/td>\n<td>Alum\u00ednium, t\u00e1rcsa<\/td>\n<\/tr>\n<tr>\n<td><strong>Shifters<\/strong><\/td>\n<td>Shimano CUES 1\u00d79-sebess\u00e9ges sebess\u00e9gv\u00e1lt\u00f3<\/td>\n<\/tr>\n<tr>\n<td><strong>Els\u0151 v\u00e1lt\u00f3<\/strong><\/td>\n<td>Nil<\/td>\n<\/tr>\n<tr>\n<td><strong>H\u00e1ts\u00f3 v\u00e1lt\u00f3<\/strong><\/td>\n<td>Shimano CUES 9-sebess\u00e9ges<\/td>\n<\/tr>\n<tr>\n<td><strong>F\u00e9kek<\/strong><\/td>\n<td>Shimano BR-MT200 hidraulikus t\u00e1rcsaf\u00e9kt\u00e1rcsa<\/td>\n<\/tr>\n<tr>\n<td><strong>Fogasker\u00e9k<\/strong><\/td>\n<td>Alum\u00ednium, \u00fcreges, 42T<\/td>\n<\/tr>\n<tr>\n<td><strong>Felni<\/strong><\/td>\n<td>Alum\u00ednium, dupla fal\u00fa<\/td>\n<\/tr>\n<tr>\n<td><strong>Hubs<\/strong><\/td>\n<td>Alum\u00ednium, csap\u00e1gy, gyorskiold\u00f3<\/td>\n<\/tr>\n<tr>\n<td><strong>Gumiabroncsok<\/strong><\/td>\n<td>Kenda 700C\u00d735C, A\/V<\/td>\n<\/tr>\n<tr>\n<td><strong>Korm\u00e1nyker\u00e9k<\/strong><\/td>\n<td>Alum\u00ednium, 620\u00d731.8mm, emelked\u00e9s 15mm<\/td>\n<\/tr>\n<tr>\n<td><strong>Sz\u00e1r<\/strong><\/td>\n<td>Alum\u00ednium, 31.8mm, 7\u00b0<\/td>\n<\/tr>\n<tr>\n<td><strong>Nyereg<\/strong><\/td>\n<td>V\u00e1rosi k\u00e9nyelmes nyereg<\/td>\n<\/tr>\n<tr>\n<td><strong>\u00dcl\u0151oszlop<\/strong><\/td>\n<td>Alum\u00ednium, 27.2mm<\/td>\n<\/tr>\n<tr>\n<td><strong>M\u00e9ret<\/strong><\/td>\n<td>700C<\/td>\n<\/tr>\n<\/tbody>\n<\/table>","protected":false},"excerpt":{"rendered":"<p>A Galaxy C9 egy eleg\u00e1ns, k\u00e9nyelmes \u00e9s teljes\u00edtm\u00e9nyre k\u00e9sz feln\u0151tt ker\u00e9kp\u00e1r, amely k\u00f6nny\u0171 alum\u00ednium v\u00e1zzal, sima Shimano 9 sebess\u00e9ges hajt\u00e1sl\u00e1nccal \u00e9s er\u0151teljes hidraulikus t\u00e1rcsaf\u00e9kekkel k\u00e9sz\u00fclt. T\u00f6k\u00e9letes v\u00e1rosi ing\u00e1z\u00e1shoz, h\u00e9tv\u00e9gi t\u00far\u00e1khoz \u00e9s mindennapi kalandokhoz.<\/p>","protected":false},"featured_media":2380,"comment_status":"open","ping_status":"closed","template":"","meta":[],"product_brand":[34],"product_cat":[37],"product_tag":[],"class_list":{"0":"post-2379","1":"product","2":"type-product","3":"status-publish","4":"has-post-thumbnail","6":"product_brand-galaxy","7":"product_cat-galaxy-bikes","9":"first","10":"instock","11":"shipping-taxable","12":"product-type-simple"},"_links":{"self":[{"href":"https:\/\/galaxybicycle.com\/hu\/wp-json\/wp\/v2\/product\/2379","targetHints":{"allow":["GET"]}}],"collection":[{"href":"https:\/\/galaxybicycle.com\/hu\/wp-json\/wp\/v2\/product"}],"about":[{"href":"https:\/\/galaxybicycle.com\/hu\/wp-json\/wp\/v2\/types\/product"}],"replies":[{"embeddable":true,"href":"https:\/\/galaxybicycle.com\/hu\/wp-json\/wp\/v2\/comments?post=2379"}],"wp:featuredmedia":[{"embeddable":true,"href":"https:\/\/galaxybicycle.com\/hu\/wp-json\/wp\/v2\/media\/2380"}],"wp:attachment":[{"href":"https:\/\/galaxybicycle.com\/hu\/wp-json\/wp\/v2\/media?parent=2379"}],"wp:term":[{"taxonomy":"product_brand","embeddable":true,"href":"https:\/\/galaxybicycle.com\/hu\/wp-json\/wp\/v2\/product_brand?post=2379"},{"taxonomy":"product_cat","embeddable":true,"href":"https:\/\/galaxybicycle.com\/hu\/wp-json\/wp\/v2\/product_cat?post=2379"},{"taxonomy":"product_tag","embeddable":true,"href":"https:\/\/galaxybicycle.com\/hu\/wp-json\/wp\/v2\/product_tag?post=2379"}],"curies":[{"name":"wp","href":"https:\/\/api.w.org\/{rel}","templated":true}]}}