{"id":2374,"date":"2025-08-17T04:25:02","date_gmt":"2025-08-17T04:25:02","guid":{"rendered":"https:\/\/go.galaxybicycle.com\/?post_type=product&#038;p=2374"},"modified":"2026-01-22T12:14:56","modified_gmt":"2026-01-22T12:14:56","slug":"a6-pro","status":"publish","type":"product","link":"https:\/\/galaxybicycle.com\/hu\/product\/a6-pro\/","title":{"rendered":"Galaxy A6 PRO Feln\u0151tt ker\u00e9kp\u00e1r | 21 sebess\u00e9ges Shimano Mountain Bike"},"content":{"rendered":"<p>Fedezze fel a <strong>Galaxy A6 PRO feln\u0151tt ker\u00e9kp\u00e1r<\/strong>, a tart\u00f3ss\u00e1g, a teljes\u00edtm\u00e9ny \u00e9s a st\u00edlus t\u00f6k\u00e9letes kombin\u00e1ci\u00f3ja. Ak\u00e1r munk\u00e1ba ing\u00e1zol, ak\u00e1r a v\u00e1rosban motorozol, ak\u00e1r h\u00e9tv\u00e9gi kalandokat \u00e9lsz \u00e1t a hegyi \u00f6sv\u00e9nyeken, az A6 PRO-t \u00fagy tervezt\u00e9k, hogy minden kanyarban k\u00e9nyelmet \u00e9s megb\u00edzhat\u00f3s\u00e1got ny\u00fajtson.<\/p>\n<p>K\u00f6nny\u0171, m\u00e9gis strapab\u00edr\u00f3 6061-es \u00f6tv\u00f6zetb\u0151l k\u00e9sz\u00fclt v\u00e1za stabilit\u00e1st biztos\u00edt, m\u00edg az MLO (Mechanical Lockout) felf\u00fcggeszt\u00e9s\u0171 villa elnyeli az \u00fct\u00e9seket a sim\u00e1bb utaz\u00e1s \u00e9rdek\u00e9ben. A <strong>Shimano 21 sebess\u00e9ges Tourney v\u00e1lt\u00f3rendszer<\/strong> lehet\u0151v\u00e9 teszi, hogy k\u00f6nnyed\u00e9n v\u00e1ltson sebess\u00e9get, \u00e9s megbirk\u00f3zzon a k\u00fcl\u00f6nb\u00f6z\u0151 terepviszonyokkal - a meredek dombokt\u00f3l a s\u00edk utakig.<\/p>\n<p>A biztons\u00e1got \u00e9s az ellen\u0151rz\u00e9st fokozza <strong>mechanikus t\u00e1rcsaf\u00e9kek<\/strong> amelyek minden id\u0151j\u00e1r\u00e1si k\u00f6r\u00fclm\u00e9nyek k\u00f6z\u00f6tt megb\u00edzhat\u00f3 f\u00e9kez\u0151er\u0151t biztos\u00edtanak. A  oldalon. <strong>Kenda K1153 gumiabroncsok<\/strong> \u00e9s az \u00f6tv\u00f6z\u00f6tt duplafal\u00fa felniknek k\u00f6sz\u00f6nhet\u0151en ez a ker\u00e9kp\u00e1r kiv\u00e1l\u00f3 tapad\u00e1st \u00e9s tart\u00f3s szil\u00e1rds\u00e1got garant\u00e1l. A Galaxy A6 PRO t\u00f6k\u00e9letes a kezd\u0151knek \u00e9s a tapasztalt ker\u00e9kp\u00e1rosoknak egyar\u00e1nt, a Galaxy A6 PRO a fitnesz, a sz\u00f3rakoz\u00e1s \u00e9s a kalandok ker\u00e9kp\u00e1rja.<\/p>\n<h2>Kulcsfontoss\u00e1g\u00fa jellemz\u0151k:<\/h2>\n<ul>\n<li>Tart\u00f3s 6061 \u00f6tv\u00f6zetb\u0151l k\u00e9sz\u00fclt v\u00e1z az er\u0151ss\u00e9g \u00e9s a k\u00f6nny\u0171 teljes\u00edtm\u00e9ny \u00e9rdek\u00e9ben<\/li>\n<li>MLO felf\u00fcggeszt\u00e9s\u0171 villa a sim\u00e1bb vezet\u00e9s\u00e9rt a durva terepen is<\/li>\n<li>Shimano 21 sebess\u00e9ges Tourney v\u00e1lt\u00f3rendszer STEF500 v\u00e1lt\u00f3kkal<\/li>\n<li>Megb\u00edzhat\u00f3 mechanikus t\u00e1rcsaf\u00e9kek a minden id\u0151j\u00e1r\u00e1si k\u00f6r\u00fclm\u00e9nyek k\u00f6z\u00f6tti f\u00e9khat\u00e1s\u00e9rt<\/li>\n<li>Kenda K1153 gumiabroncsok a kiv\u00e1l\u00f3 tapad\u00e1s\u00e9rt<\/li>\n<li>\u00d6tv\u00f6zetb\u0151l k\u00e9sz\u00fclt leng\u0151kar, l\u00e1ncv\u00e9d\u0151vel az extra v\u00e9delem \u00e9rdek\u00e9ben<\/li>\n<li>Dupla csap\u00e1gyaz\u00e1s\u00fa, \u00f6tv\u00f6zetb\u0151l k\u00e9sz\u00fclt, gyorskiold\u00e1s\u00fa (QR) ker\u00e9kagyak a k\u00e9nyelem \u00e9rdek\u00e9ben<\/li>\n<li>\u00d6tv\u00f6z\u00f6tt duplafal\u00fa felnik CNC oldalfalakkal a tart\u00f3ss\u00e1g \u00e9rdek\u00e9ben<\/li>\n<\/ul>\n<h2>M\u0171szaki adatok<\/h2>\n<table border=\"1\" cellspacing=\"0\" cellpadding=\"6\">\n<tbody>\n<tr>\n<th>Komponens<\/th>\n<th>Specifik\u00e1ci\u00f3<\/th>\n<\/tr>\n<tr>\n<td>Keret<\/td>\n<td>6061 \u00f6tv\u00f6zetb\u0151l k\u00e9sz\u00fclt v\u00e1z<\/td>\n<\/tr>\n<tr>\n<td>Vill\u00e1k<\/td>\n<td>Felf\u00fcggeszt\u00e9si villa MLO-val<\/td>\n<\/tr>\n<tr>\n<td>Derailleur<\/td>\n<td>Shimano Tourney FD \/ RD, 21-sebess\u00e9ges<\/td>\n<\/tr>\n<tr>\n<td>Shifter<\/td>\n<td>Shimano STEF500 21 sebess\u00e9ges<\/td>\n<\/tr>\n<tr>\n<td>Szabadonfut\u00f3<\/td>\n<td>7-sebess\u00e9ges, 14-28T<\/td>\n<\/tr>\n<tr>\n<td>F\u00e9k<\/td>\n<td>Mechanikus t\u00e1rcsaf\u00e9k<\/td>\n<\/tr>\n<tr>\n<td>Gumiabroncsok<\/td>\n<td>Kenda K1153<\/td>\n<\/tr>\n<tr>\n<td>L\u00e1ncker\u00e9k<\/td>\n<td>Prowheel 24\/34\/42T \u00d7 170L, \u00f6tv\u00f6zetb\u0151l k\u00e9sz\u00fclt forgatty\u00fa l\u00e1ncszeg\u00e9llyel<\/td>\n<\/tr>\n<tr>\n<td>Hub<\/td>\n<td>\u00f6tv\u00f6zet, dupla csap\u00e1gyaz\u00e1s gyorskiold\u00f3val<\/td>\n<\/tr>\n<tr>\n<td>Felni<\/td>\n<td>Duplafal\u00fa \u00f6tv\u00f6zet, H=30mm, CNC oldallal<\/td>\n<\/tr>\n<\/tbody>\n<\/table>","protected":false},"excerpt":{"rendered":"<p>A Galaxy A6 PRO egy sokoldal\u00fa feln\u0151tt hegyiker\u00e9kp\u00e1r, amelyet a sima teljes\u00edtm\u00e9nyt, a tart\u00f3s min\u0151s\u00e9get \u00e9s a mindennapi kalandokat kedvel\u0151 versenyz\u0151knek terveztek. Er\u0151s \u00f6tv\u00f6z\u00f6tt v\u00e1zzal, Shimano 21 sebess\u00e9ges rendszerrel, mechanikus t\u00e1rcsaf\u00e9kkel \u00e9s Kenda abroncsokkal ez a ker\u00e9kp\u00e1r arra k\u00e9sz\u00fclt, hogy magabiztosan kezelje a v\u00e1rosi utakat \u00e9s a terepj\u00e1r\u00f3 \u00f6sv\u00e9nyeket egyar\u00e1nt.<\/p>","protected":false},"featured_media":2376,"comment_status":"open","ping_status":"closed","template":"","meta":[],"product_brand":[34],"product_cat":[15],"product_tag":[],"class_list":{"0":"post-2374","1":"product","2":"type-product","3":"status-publish","4":"has-post-thumbnail","6":"product_brand-galaxy","7":"product_cat-galaxybicycle","9":"first","10":"instock","11":"shipping-taxable","12":"product-type-simple"},"_links":{"self":[{"href":"https:\/\/galaxybicycle.com\/hu\/wp-json\/wp\/v2\/product\/2374","targetHints":{"allow":["GET"]}}],"collection":[{"href":"https:\/\/galaxybicycle.com\/hu\/wp-json\/wp\/v2\/product"}],"about":[{"href":"https:\/\/galaxybicycle.com\/hu\/wp-json\/wp\/v2\/types\/product"}],"replies":[{"embeddable":true,"href":"https:\/\/galaxybicycle.com\/hu\/wp-json\/wp\/v2\/comments?post=2374"}],"wp:featuredmedia":[{"embeddable":true,"href":"https:\/\/galaxybicycle.com\/hu\/wp-json\/wp\/v2\/media\/2376"}],"wp:attachment":[{"href":"https:\/\/galaxybicycle.com\/hu\/wp-json\/wp\/v2\/media?parent=2374"}],"wp:term":[{"taxonomy":"product_brand","embeddable":true,"href":"https:\/\/galaxybicycle.com\/hu\/wp-json\/wp\/v2\/product_brand?post=2374"},{"taxonomy":"product_cat","embeddable":true,"href":"https:\/\/galaxybicycle.com\/hu\/wp-json\/wp\/v2\/product_cat?post=2374"},{"taxonomy":"product_tag","embeddable":true,"href":"https:\/\/galaxybicycle.com\/hu\/wp-json\/wp\/v2\/product_tag?post=2374"}],"curies":[{"name":"wp","href":"https:\/\/api.w.org\/{rel}","templated":true}]}}