{"id":2372,"date":"2025-08-17T04:24:42","date_gmt":"2025-08-17T04:24:42","guid":{"rendered":"https:\/\/go.galaxybicycle.com\/?post_type=product&#038;p=2372"},"modified":"2025-09-02T10:20:05","modified_gmt":"2025-09-02T10:20:05","slug":"a7-promax","status":"publish","type":"product","link":"https:\/\/galaxybicycle.com\/hu\/product\/a7-promax\/","title":{"rendered":"Galaxy A7 PROMAX feln\u0151tt ker\u00e9kp\u00e1r | 24-sebess\u00e9ges Shimano hegyiker\u00e9kp\u00e1r rug\u00f3s vill\u00e1val"},"content":{"rendered":"<p><b>Galaxy A7 PROMAX feln\u0151tt ker\u00e9kp\u00e1r<\/b> olyan versenyz\u0151knek k\u00e9sz\u00fclt, akik egy profi szint\u0171 mountain bike-ot szeretn\u00e9nek, amely m\u00e9gis kezd\u0151bar\u00e1t \u00e9s sz\u00f3rakoztat\u00f3. Ak\u00e1r a v\u00e1rosban ing\u00e1zol, ak\u00e1r a term\u00e9szetj\u00e1r\u00f3 \u00f6sv\u00e9nyeket fedezed fel, vagy h\u00e9tv\u00e9gi t\u00far\u00e1kat teszel, ez a ker\u00e9kp\u00e1r a tart\u00f3s <b>6061 alum\u00ednium \u00f6tv\u00f6zetb\u0151l k\u00e9sz\u00fclt keret<\/b> fejlett <b>Shimano 24 sebess\u00e9ges v\u00e1lt\u00f3<\/b> a z\u00f6kken\u0151mentes \u00e9s megb\u00edzhat\u00f3 teljes\u00edtm\u00e9ny \u00e9rdek\u00e9ben. A <b>felf\u00fcggesztett villa MLO-val<\/b> seg\u00edt elnyelni a l\u00f6k\u00e9seket, m\u00edg <b>Kenda K1153 gumiabroncsok<\/b> stabilan tartja \u00d6nt a k\u00fcl\u00f6nb\u00f6z\u0151 fel\u00fcleteken.<\/p>\n<p>Az A7 PROMAX a k\u00e9nyelem \u00e9s a tart\u00f3ss\u00e1g \u00e9rdek\u00e9ben tervezett, az A7 PROMAX jellemz\u0151i a k\u00f6vetkez\u0151k <b>mechanikus t\u00e1rcsaf\u00e9kek<\/b> a k\u00f6vetkezetes meg\u00e1ll\u00edt\u00f3er\u0151 \u00e9rdek\u00e9ben, <b>duplafal\u00fa k\u00f6nny\u0171f\u00e9m felnik CNC oldalfalakkal<\/b> az er\u0151ss\u00e9g\u00e9rt, \u00e9s egy <b>Prowheel \u00f6tv\u00f6zetb\u0151l k\u00e9sz\u00fclt leng\u0151kar<\/b> l\u00e1ncv\u00e9d\u0151vel a hat\u00e9kony ped\u00e1loz\u00e1s\u00e9rt. Ezt a feln\u0151tt ker\u00e9kp\u00e1rt azok sz\u00e1m\u00e1ra tervezt\u00e9k, akiknek fontos a precizit\u00e1s, az ir\u00e1ny\u00edt\u00e1s \u00e9s a st\u00edlus minden teker\u00e9s sor\u00e1n.<\/p>\n<h3>Mi\u00e9rt v\u00e1lassza a Galaxy A7 PROMAX-ot?<\/h3>\n<ul>\n<li><b>Shimano 24 sebess\u00e9ges rendszer<\/b> a sima \u00e9s pontos v\u00e1lt\u00e1s \u00e9rdek\u00e9ben.<\/li>\n<li><b>K\u00f6nny\u0171 6061 \u00f6tv\u00f6zetb\u0151l k\u00e9sz\u00fclt v\u00e1z<\/b> az er\u0151 \u00e9s a tart\u00f3ss\u00e1g \u00e9rdek\u00e9ben k\u00e9sz\u00fclt.<\/li>\n<li><b>Felf\u00fcggesztett villa MLO-val<\/b> az \u00fct\u0151d\u00e9sek elnyel\u00e9s\u00e9re \u00e9s a k\u00e9nyelem jav\u00edt\u00e1s\u00e1ra.<\/li>\n<li><b>Mechanikus t\u00e1rcsaf\u00e9kek<\/b> a megb\u00edzhat\u00f3, minden id\u0151j\u00e1r\u00e1si k\u00f6r\u00fclm\u00e9nyek k\u00f6z\u00f6tti f\u00e9kez\u0151er\u0151 \u00e9rdek\u00e9ben.<\/li>\n<li><b>Kenda K1153 gumiabroncsok<\/b> a kiv\u00e1l\u00f3 tapad\u00e1s \u00e9s ir\u00e1ny\u00edthat\u00f3s\u00e1g \u00e9rdek\u00e9ben.<\/li>\n<li><b>\u00d6tv\u00f6zetb\u0151l k\u00e9sz\u00fclt, dupla csap\u00e1gyaz\u00e1s\u00fa tengelycsap\u00e1gyak<\/b> a sima g\u00f6rd\u00fcl\u00e9s \u00e9s a tart\u00f3s teljes\u00edtm\u00e9ny \u00e9rdek\u00e9ben.<\/li>\n<\/ul>\n<h3>M\u0171szaki adatok<\/h3>\n<table border=\"1\" cellspacing=\"0\" cellpadding=\"6\">\n<tbody>\n<tr>\n<th>Jellemz\u0151<\/th>\n<th>R\u00e9szletek<\/th>\n<\/tr>\n<tr>\n<td>Keret<\/td>\n<td>AL, 6061# \u00f6tv\u00f6zet<\/td>\n<\/tr>\n<tr>\n<td>Vill\u00e1k<\/td>\n<td>Felf\u00fcggeszt\u00e9si villa MLO-val<\/td>\n<\/tr>\n<tr>\n<td>Derailleur<\/td>\n<td>Shimano 24SP FD-TZ500 \/ RD-TY300<\/td>\n<\/tr>\n<tr>\n<td>Shifter<\/td>\n<td>Shimano 24SP STEF500 \/ STEF500<\/td>\n<\/tr>\n<tr>\n<td>Szabadonfut\u00f3<\/td>\n<td>Shimano 8SP ACSHG2008232, kazett\u00e1s l\u00e1ncker\u00e9k<\/td>\n<\/tr>\n<tr>\n<td>F\u00e9k<\/td>\n<td>Mechanikus t\u00e1rcsaf\u00e9k<\/td>\n<\/tr>\n<tr>\n<td>Gumiabroncs<\/td>\n<td>Kenda K1153<\/td>\n<\/tr>\n<tr>\n<td>L\u00e1ncker\u00e9k<\/td>\n<td>Prowheel 24\/34\/42T*170L, \u00f6tv\u00f6zetb\u0151l k\u00e9sz\u00fclt forgatty\u00fa l\u00e1ncszemmel, l\u00e1ncv\u00e9d\u0151vel<\/td>\n<\/tr>\n<tr>\n<td>Hub<\/td>\n<td>\u00f6tv\u00f6zet, dupla csap\u00e1gyaz\u00e1s QR, kazetta<\/td>\n<\/tr>\n<tr>\n<td>Felni<\/td>\n<td>Dupla H=30mm \u00f6tv\u00f6zet CNC oldallal<\/td>\n<\/tr>\n<\/tbody>\n<\/table>","protected":false},"excerpt":{"rendered":"<p>Lovagoljon magabiztosan a <b>Galaxy A7 PROMAX<\/b>, egy 24 sebess\u00e9ges Shimano-felszerelts\u00e9g\u0171 feln\u0151tt mountain bike, amelyet sima v\u00e1lt\u00e1sra, szil\u00e1rd ir\u00e1ny\u00edt\u00e1sra \u00e9s terepj\u00e1r\u00f3s kalandokra terveztek. A k\u00f6nny\u0171f\u00e9m v\u00e1zzal, rug\u00f3s vill\u00e1val \u00e9s megb\u00edzhat\u00f3 mechanikus t\u00e1rcsaf\u00e9kkel \u00e9p\u00edtett ker\u00e9kp\u00e1r a teljes\u00edtm\u00e9ny, a k\u00e9nyelem \u00e9s a tart\u00f3ss\u00e1g t\u00f6k\u00e9letes kever\u00e9ke.<\/p>","protected":false},"featured_media":2373,"comment_status":"open","ping_status":"closed","template":"","meta":[],"product_brand":[34],"product_cat":[15],"product_tag":[],"class_list":{"0":"post-2372","1":"product","2":"type-product","3":"status-publish","4":"has-post-thumbnail","6":"product_brand-galaxy","7":"product_cat-galaxybicycle","9":"first","10":"instock","11":"shipping-taxable","12":"product-type-simple"},"_links":{"self":[{"href":"https:\/\/galaxybicycle.com\/hu\/wp-json\/wp\/v2\/product\/2372","targetHints":{"allow":["GET"]}}],"collection":[{"href":"https:\/\/galaxybicycle.com\/hu\/wp-json\/wp\/v2\/product"}],"about":[{"href":"https:\/\/galaxybicycle.com\/hu\/wp-json\/wp\/v2\/types\/product"}],"replies":[{"embeddable":true,"href":"https:\/\/galaxybicycle.com\/hu\/wp-json\/wp\/v2\/comments?post=2372"}],"wp:featuredmedia":[{"embeddable":true,"href":"https:\/\/galaxybicycle.com\/hu\/wp-json\/wp\/v2\/media\/2373"}],"wp:attachment":[{"href":"https:\/\/galaxybicycle.com\/hu\/wp-json\/wp\/v2\/media?parent=2372"}],"wp:term":[{"taxonomy":"product_brand","embeddable":true,"href":"https:\/\/galaxybicycle.com\/hu\/wp-json\/wp\/v2\/product_brand?post=2372"},{"taxonomy":"product_cat","embeddable":true,"href":"https:\/\/galaxybicycle.com\/hu\/wp-json\/wp\/v2\/product_cat?post=2372"},{"taxonomy":"product_tag","embeddable":true,"href":"https:\/\/galaxybicycle.com\/hu\/wp-json\/wp\/v2\/product_tag?post=2372"}],"curies":[{"name":"wp","href":"https:\/\/api.w.org\/{rel}","templated":true}]}}