{"id":2370,"date":"2025-08-17T04:23:10","date_gmt":"2025-08-17T04:23:10","guid":{"rendered":"https:\/\/go.galaxybicycle.com\/?post_type=product&#038;p=2370"},"modified":"2025-09-02T10:20:54","modified_gmt":"2025-09-02T10:20:54","slug":"m60-promax","status":"publish","type":"product","link":"https:\/\/galaxybicycle.com\/hu\/product\/m60-promax\/","title":{"rendered":"Galaxy M60 PROMAX feln\u0151tt mountain bike | 24 sebess\u00e9ges Shimano v\u00e1lt\u00f3, rug\u00f3s villa, t\u00e1rcsaf\u00e9kek"},"content":{"rendered":"<p>Emelje ker\u00e9kp\u00e1ros kalandoz\u00e1s\u00e1t a k\u00f6vetkez\u0151 szintre a <strong>Galaxy M60 PROMAX feln\u0151tt ker\u00e9kp\u00e1r<\/strong>. Ez a prec\u00edzen megmunk\u00e1lt ker\u00e9kp\u00e1r a modern diz\u00e1jnt, a pr\u00e9mium kateg\u00f3ri\u00e1s alkatr\u00e9szeket \u00e9s a ker\u00e9kp\u00e1rosbar\u00e1t funkci\u00f3kat \u00f6tv\u00f6zi, hogy minden \u00fat sor\u00e1n z\u00f6kken\u0151mentes \u00e9s \u00e9lvezetes \u00e9lm\u00e9nyt ny\u00fajtson. AL6061 v\u00e1z\u00e1nak hegeszt\u00e9s n\u00e9lk\u00fcli bor\u00edt\u00e1s\u00fa fel\u00fclete eleg\u00e1ns, professzion\u00e1lis megjelen\u00e9st k\u00f6lcs\u00f6n\u00f6z, mik\u00f6zben k\u00f6nny\u0171 \u00e9s tart\u00f3s marad.<\/p>\n<p>Felszerelve egy <strong>Felf\u00fcggeszt\u00e9si villa MLO-val<\/strong>, elnyeli a r\u00e1zk\u00f3d\u00e1sokat az egyenetlen utakon, \u00edgy t\u00f6k\u00e9letes v\u00e1rosi utakra \u00e9s hegyi \u00f6sv\u00e9nyekre egyar\u00e1nt. A <strong>Shimano 24 sebess\u00e9ges hajt\u00e1sl\u00e1nc<\/strong> z\u00f6kken\u0151mentes sebess\u00e9gv\u00e1lt\u00e1st biztos\u00edt, \u00edgy b\u00e1rmilyen terepen ir\u00e1ny\u00edthat. Ak\u00e1r meredek hegyeket m\u00e1szol meg, ak\u00e1r s\u00edk utakon cirk\u00e1lsz, az M60 PROMAX k\u00f6nnyed\u00e9n alkalmazkodik.<\/p>\n<p>A biztons\u00e1got \u00e9s a megb\u00edzhat\u00f3s\u00e1got fokozza <strong>mechanikus t\u00e1rcsaf\u00e9kek<\/strong> amelyek minden k\u00f6r\u00fclm\u00e9nyek k\u00f6z\u00f6tt er\u0151teljes f\u00e9kez\u0151er\u0151t biztos\u00edtanak. A <strong>Kenda K1153 gumiabroncsok<\/strong> kiv\u00e1l\u00f3 tapad\u00e1st \u00e9s stabilit\u00e1st biztos\u00edt, m\u00edg a <strong>duplafal\u00fa k\u00f6nny\u0171f\u00e9m felnik<\/strong> \u00e9s <strong>dupla csap\u00e1gyaz\u00e1s\u00fa k\u00f6nny\u0171f\u00e9m ker\u00e9kagyak<\/strong> hossz\u00fa t\u00e1v\u00fa teljes\u00edtm\u00e9nyt biztos\u00edt. Ez a ker\u00e9kp\u00e1r nem csak a hasznoss\u00e1gr\u00f3l sz\u00f3l - minden egyes utat izgalmass\u00e1, k\u00e9nyelmess\u00e9 \u00e9s felejthetetlenn\u00e9 tesz.<\/p>\n<h3>M\u0171szaki adatok<\/h3>\n<table border=\"1\" cellspacing=\"0\" cellpadding=\"6\">\n<tbody>\n<tr>\n<th>Komponens<\/th>\n<th>Specifik\u00e1ci\u00f3<\/th>\n<\/tr>\n<tr>\n<td>Keret<\/td>\n<td>AL6061 \u00f6tv\u00f6zetb\u0151l k\u00e9sz\u00fclt v\u00e1z hegeszt\u00e9s n\u00e9lk\u00fcli burkolatfel\u00fclettel<\/td>\n<\/tr>\n<tr>\n<td>Vill\u00e1k<\/td>\n<td>Felf\u00fcggesztett villa, \u00f6tv\u00f6zetb\u0151l k\u00e9sz\u00fclt korona MLO-val<\/td>\n<\/tr>\n<tr>\n<td>Derailleur<\/td>\n<td>Shimano 24-sebess\u00e9ges FDTY500 \/ RDTY300<\/td>\n<\/tr>\n<tr>\n<td>Shifters<\/td>\n<td>Shimano 24 sebess\u00e9ges STEF500<\/td>\n<\/tr>\n<tr>\n<td>Szabadonfut\u00f3<\/td>\n<td>Shimano 8-sebess\u00e9ges ACSHG2008232 kazett\u00e1s l\u00e1ncker\u00e9k<\/td>\n<\/tr>\n<\/tbody>\n<\/table>","protected":false},"excerpt":{"rendered":"<p>A Galaxy M60 PROMAX egy robusztus \u00e9s st\u00edlusos feln\u0151tt mountain bike, amely k\u00f6nny\u0171 AL6061 v\u00e1zzal, megb\u00edzhat\u00f3 Shimano 24 sebess\u00e9ges hajt\u00e1sl\u00e1nccal \u00e9s \u00e9rz\u00e9keny t\u00e1rcsaf\u00e9kekkel k\u00e9sz\u00fclt. Mind a mindennapi teker\u00e9sekhez, mind a kalandos utakhoz tervezt\u00e9k, teljes\u00edtm\u00e9nyt, k\u00e9nyelmet \u00e9s tart\u00f3ss\u00e1got biztos\u00edt minden ker\u00e9kp\u00e1ros sz\u00e1m\u00e1ra.<\/p>","protected":false},"featured_media":2371,"comment_status":"open","ping_status":"closed","template":"","meta":[],"product_brand":[34],"product_cat":[15],"product_tag":[],"class_list":{"0":"post-2370","1":"product","2":"type-product","3":"status-publish","4":"has-post-thumbnail","6":"product_brand-galaxy","7":"product_cat-galaxybicycle","9":"first","10":"instock","11":"shipping-taxable","12":"product-type-simple"},"_links":{"self":[{"href":"https:\/\/galaxybicycle.com\/hu\/wp-json\/wp\/v2\/product\/2370","targetHints":{"allow":["GET"]}}],"collection":[{"href":"https:\/\/galaxybicycle.com\/hu\/wp-json\/wp\/v2\/product"}],"about":[{"href":"https:\/\/galaxybicycle.com\/hu\/wp-json\/wp\/v2\/types\/product"}],"replies":[{"embeddable":true,"href":"https:\/\/galaxybicycle.com\/hu\/wp-json\/wp\/v2\/comments?post=2370"}],"wp:featuredmedia":[{"embeddable":true,"href":"https:\/\/galaxybicycle.com\/hu\/wp-json\/wp\/v2\/media\/2371"}],"wp:attachment":[{"href":"https:\/\/galaxybicycle.com\/hu\/wp-json\/wp\/v2\/media?parent=2370"}],"wp:term":[{"taxonomy":"product_brand","embeddable":true,"href":"https:\/\/galaxybicycle.com\/hu\/wp-json\/wp\/v2\/product_brand?post=2370"},{"taxonomy":"product_cat","embeddable":true,"href":"https:\/\/galaxybicycle.com\/hu\/wp-json\/wp\/v2\/product_cat?post=2370"},{"taxonomy":"product_tag","embeddable":true,"href":"https:\/\/galaxybicycle.com\/hu\/wp-json\/wp\/v2\/product_tag?post=2370"}],"curies":[{"name":"wp","href":"https:\/\/api.w.org\/{rel}","templated":true}]}}