{"id":2368,"date":"2025-08-17T04:22:33","date_gmt":"2025-08-17T04:22:33","guid":{"rendered":"https:\/\/go.galaxybicycle.com\/?post_type=product&#038;p=2368"},"modified":"2025-09-02T10:21:16","modified_gmt":"2025-09-02T10:21:16","slug":"rl300h","status":"publish","type":"product","link":"https:\/\/galaxybicycle.com\/hu\/product\/rl300h\/","title":{"rendered":"Galaxy RL300H Feln\u0151tt ker\u00e9kp\u00e1r | 21 sebess\u00e9ges Shimano orsz\u00e1g\u00fati \u00e9s v\u00e1rosi ker\u00e9kp\u00e1r"},"content":{"rendered":"<p><strong>Galaxy RL300H feln\u0151tt ker\u00e9kp\u00e1r<\/strong> \u00fagy k\u00e9sz\u00fclt, hogy a ker\u00e9kp\u00e1roz\u00e1s egyszer\u0171, sz\u00f3rakoztat\u00f3 \u00e9s megb\u00edzhat\u00f3 legyen minden szint\u0171 ker\u00e9kp\u00e1ros sz\u00e1m\u00e1ra. Ak\u00e1r munk\u00e1ba ing\u00e1zik, ak\u00e1r a v\u00e1rosban cirk\u00e1l, ak\u00e1r fitnesz teker, az RL300H k\u00e9szen \u00e1ll arra, hogy mindezzel megbirk\u00f3zzon.<\/p>\n<p>K\u00e9sz\u00fclt egy <strong>tart\u00f3s 6061 \u00f6tv\u00f6zetb\u0151l k\u00e9sz\u00fclt v\u00e1z<\/strong> \u00e9s egy <strong>ac\u00e9lvilla<\/strong>, er\u0151s, m\u00e9gis k\u00e9nyelmes utaz\u00e1st biztos\u00edt. Felszerelve egy <strong>Shimano 21 sebess\u00e9ges Tourney hajt\u00e1sl\u00e1nc<\/strong> \u00e9s <strong>EF500 v\u00e1lt\u00f3k<\/strong>, z\u00f6kken\u0151mentesen v\u00e1lthat sebess\u00e9get, hogy lek\u00fczdje a dombokat \u00e9s a s\u00edk utakat egyar\u00e1nt.<\/p>\n<p>A biztons\u00e1g \u00e9s az ellen\u0151rz\u00e9s a <strong>mechanikus t\u00e1rcsaf\u00e9kek<\/strong>, megb\u00edzhat\u00f3 f\u00e9ker\u0151t biztos\u00edt nedves \u00e9s sz\u00e1raz k\u00f6r\u00fclm\u00e9nyek k\u00f6z\u00f6tt egyar\u00e1nt. A <strong>Kenda 700x35C gumiabroncsok<\/strong> stabil tapad\u00e1st biztos\u00edt a k\u00fcl\u00f6nb\u00f6z\u0151 terepviszonyok k\u00f6z\u00f6tt, m\u00edg a <strong>Prowheel \u00f6tv\u00f6zetb\u0151l k\u00e9sz\u00fclt leng\u0151karos hajt\u00f3kar, l\u00e1ncv\u00e9d\u0151vel<\/strong> hat\u00e9kony ped\u00e1loz\u00e1st \u00e9s tov\u00e1bbi v\u00e9delmet biztos\u00edt.<\/p>\n<p>A <strong>gyorskiold\u00f3 \u00f6tv\u00f6zetb\u0151l k\u00e9sz\u00fclt ker\u00e9kagyak<\/strong> \u00e9s <strong>kett\u0151s csap\u00e1gyaz\u00e1s\u00fa kialak\u00edt\u00e1s<\/strong>, az RL300H \u00e9rz\u00e9keny, tart\u00f3s teljes\u00edtm\u00e9nyt ny\u00fajt. Remek v\u00e1laszt\u00e1s a feln\u0151ttek sz\u00e1m\u00e1ra, akik megb\u00edzhat\u00f3 \u00e9s st\u00edlusos mindennapi ker\u00e9kp\u00e1rt keresnek.<\/p>\n<h3>Mi\u00e9rt v\u00e1lassza a Galaxy RL300H-t?<\/h3>\n<ul>\n<li><strong>Sokoldal\u00fa haszn\u00e1lat:<\/strong> Ide\u00e1lis v\u00e1rosi ing\u00e1z\u00e1shoz, alkalmi lovagl\u00e1shoz vagy fitnesz ker\u00e9kp\u00e1roz\u00e1shoz.<\/li>\n<li><strong>Tart\u00f3s keret:<\/strong> K\u00f6nny\u0171 AL6061 v\u00e1z er\u0151s ac\u00e9lvill\u00e1val.<\/li>\n<li><strong>Sima sebess\u00e9gv\u00e1lt\u00e1sok:<\/strong> A Shimano 21 sebess\u00e9ges rendszere k\u00f6nnyed\u00e9n kezeli a dombokat \u00e9s a s\u00edks\u00e1gokat.<\/li>\n<li><strong>Megb\u00edzhat\u00f3 f\u00e9kez\u00e9s:<\/strong> Mechanikus t\u00e1rcsaf\u00e9kek a biztons\u00e1gos f\u00e9kez\u00e9s\u00e9rt.<\/li>\n<li><strong>K\u00e9nyelmes utaz\u00e1s:<\/strong> Kenda 700x35C gumiabroncsok a stabilit\u00e1s \u00e9s a sima g\u00f6rd\u00fcl\u00e9s \u00e9rdek\u00e9ben.<\/li>\n<\/ul>\n<h3>M\u0171szaki adatok<\/h3>\n<table border=\"1\" cellspacing=\"0\" cellpadding=\"6\">\n<tbody>\n<tr>\n<th>Jellemz\u0151<\/th>\n<th>Specifik\u00e1ci\u00f3<\/th>\n<\/tr>\n<tr>\n<td>Keret<\/td>\n<td>AL6061 \u00f6tv\u00f6zet<\/td>\n<\/tr>\n<tr>\n<td>Vill\u00e1k<\/td>\n<td>Ac\u00e9lvilla<\/td>\n<\/tr>\n<tr>\n<td>Derailleur<\/td>\n<td>Shimano 21-sebess\u00e9ges FD Tourney \/ RD Tourney<\/td>\n<\/tr>\n<tr>\n<td>Shifter<\/td>\n<td>Shimano EF500, 21 sebess\u00e9ges<\/td>\n<\/tr>\n<tr>\n<td>Szabadonfut\u00f3<\/td>\n<td>7-sebess\u00e9ges, 14-28T<\/td>\n<\/tr>\n<tr>\n<td>F\u00e9kek<\/td>\n<td>Mechanikus t\u00e1rcsaf\u00e9kek<\/td>\n<\/tr>\n<tr>\n<td>Gumiabroncsok<\/td>\n<td>Kenda K176 700x35C<\/td>\n<\/tr>\n<tr>\n<td>L\u00e1ncker\u00e9k<\/td>\n<td>Prowheel 24\/34\/42T \u00d7 170L \u00f6tv\u00f6zetb\u0151l k\u00e9sz\u00fclt kerekek l\u00e1ncszemmel<\/td>\n<\/tr>\n<tr>\n<td>Hubs<\/td>\n<td>\u00f6tv\u00f6zet, dupla csap\u00e1gyaz\u00e1s gyorskiold\u00f3val<\/td>\n<\/tr>\n<\/tbody>\n<\/table>","protected":false},"excerpt":{"rendered":"<p>A Galaxy RL300H feln\u0151tt ker\u00e9kp\u00e1rt olyan h\u00e9tk\u00f6znapi ker\u00e9kp\u00e1rosok sz\u00e1m\u00e1ra tervezt\u00e9k, akik k\u00e9nyelmet, megb\u00edzhat\u00f3s\u00e1got \u00e9s z\u00f6kken\u0151mentes teljes\u00edtm\u00e9nyt szeretn\u00e9nek. K\u00f6nny\u0171 \u00f6tv\u00f6z\u00f6tt v\u00e1zzal, Shimano 21 sebess\u00e9ges v\u00e1lt\u00f3val \u00e9s megb\u00edzhat\u00f3 t\u00e1rcsaf\u00e9kkel ez a sokoldal\u00fa ker\u00e9kp\u00e1r t\u00f6k\u00e9letes a v\u00e1rosi ing\u00e1z\u00e1shoz \u00e9s a h\u00e9tv\u00e9gi kalandokhoz egyar\u00e1nt.<\/p>","protected":false},"featured_media":2369,"comment_status":"open","ping_status":"closed","template":"","meta":[],"product_brand":[34],"product_cat":[15],"product_tag":[],"class_list":{"0":"post-2368","1":"product","2":"type-product","3":"status-publish","4":"has-post-thumbnail","6":"product_brand-galaxy","7":"product_cat-galaxybicycle","9":"first","10":"instock","11":"shipping-taxable","12":"product-type-simple"},"_links":{"self":[{"href":"https:\/\/galaxybicycle.com\/hu\/wp-json\/wp\/v2\/product\/2368","targetHints":{"allow":["GET"]}}],"collection":[{"href":"https:\/\/galaxybicycle.com\/hu\/wp-json\/wp\/v2\/product"}],"about":[{"href":"https:\/\/galaxybicycle.com\/hu\/wp-json\/wp\/v2\/types\/product"}],"replies":[{"embeddable":true,"href":"https:\/\/galaxybicycle.com\/hu\/wp-json\/wp\/v2\/comments?post=2368"}],"wp:featuredmedia":[{"embeddable":true,"href":"https:\/\/galaxybicycle.com\/hu\/wp-json\/wp\/v2\/media\/2369"}],"wp:attachment":[{"href":"https:\/\/galaxybicycle.com\/hu\/wp-json\/wp\/v2\/media?parent=2368"}],"wp:term":[{"taxonomy":"product_brand","embeddable":true,"href":"https:\/\/galaxybicycle.com\/hu\/wp-json\/wp\/v2\/product_brand?post=2368"},{"taxonomy":"product_cat","embeddable":true,"href":"https:\/\/galaxybicycle.com\/hu\/wp-json\/wp\/v2\/product_cat?post=2368"},{"taxonomy":"product_tag","embeddable":true,"href":"https:\/\/galaxybicycle.com\/hu\/wp-json\/wp\/v2\/product_tag?post=2368"}],"curies":[{"name":"wp","href":"https:\/\/api.w.org\/{rel}","templated":true}]}}