{"id":4017,"date":"2025-10-15T07:06:50","date_gmt":"2025-10-15T07:06:50","guid":{"rendered":"https:\/\/galaxybicycle.com\/?post_type=product&#038;p=4017"},"modified":"2026-01-09T10:03:03","modified_gmt":"2026-01-09T10:03:03","slug":"pixar-cruiser-electric-bike","status":"publish","type":"product","link":"https:\/\/galaxybicycle.com\/fr\/product\/pixar-cruiser-electric-bike\/","title":{"rendered":"Pixar Cruiser Electric Bike - V\u00e9lo \u00e9lectrique urbain \u00e9l\u00e9gant avec 120 km d'autonomie"},"content":{"rendered":"<p>Le v\u00e9lo \u00e9lectrique Pixar Cruiser est con\u00e7u pour les citadins qui recherchent le confort, l'\u00e9l\u00e9gance et la puissance dans un m\u00eame ensemble. Son cadre \u00e9l\u00e9gant \u00e0 faible pente permet de l'enfourcher facilement, m\u00eame en robe ou en tenue d\u00e9contract\u00e9e. Que vous alliez au travail, que vous fassiez du shopping ou que vous rouliez simplement pour le plaisir, ce v\u00e9lo \u00e9lectrique apporte de la joie \u00e0 chacun de vos d\u00e9placements.<\/p>\n<h3>Caract\u00e9ristiques principales<\/h3>\n<ul>\n<li><strong>Moteur puissant de 250 W :<\/strong> Le moteur BLDC \u00e0 rotor ext\u00e9rieur de BAFANG offre une conduite souple et efficace, avec 5 niveaux d'assistance au p\u00e9dalage (PAS) pour s'adapter \u00e0 votre humeur et au terrain.<\/li>\n<li><strong>Batterie Samsung 460Wh :<\/strong> Une batterie Samsung 21700 de 36 V, 12,8 Ah vous offre une excellente autonomie et une grande densit\u00e9 \u00e9nerg\u00e9tique. Sa conception \u00e0 d\u00e9gagement rapide permet de la retirer et de la recharger facilement. Elle est r\u00e9sistante \u00e0 l'eau selon la norme IP65 pour des performances fiables par tous les temps.<\/li>\n<li><strong>Performance \u00e0 longue port\u00e9e :<\/strong> Dans des conditions id\u00e9ales, vous pouvez parcourir jusqu'\u00e0 120 km en utilisant des niveaux d'assistance faibles. M\u00eame avec des niveaux d'assistance plus \u00e9lev\u00e9s, vous obtenez une distance convenable pour votre voyage. (Remarque : l'autonomie r\u00e9elle d\u00e9pend du poids du cycliste, du terrain, de la temp\u00e9rature, etc.)<\/li>\n<li><strong>Freins \u00e0 disque m\u00e9caniques :<\/strong> La puissance de freinage fiable des freins \u00e0 disque m\u00e9caniques avant et arri\u00e8re vous permet de rester en s\u00e9curit\u00e9 dans toutes les conditions.<\/li>\n<li><strong>7 vitesses Shimano :<\/strong> Le syst\u00e8me d'engrenage \u00e0 7 vitesses permet de franchir facilement les collines et les plaines.<\/li>\n<li><strong>Confort et design :<\/strong> Avec un cadre en alliage robuste (coul\u00e9 sous pression \u00e0 1000 MPa), un traitement antirouille par \u00e9lectrophor\u00e8se, un cadre bas et une suspension avant, le Cruiser est stable, durable et facile \u00e0 conduire.<\/li>\n<li><strong>Les informations sur les cavaliers en un coup d'\u0153il :<\/strong> L'\u00e9cran LCD int\u00e9gr\u00e9 (\u00e9tanche IPX6) affiche la vitesse, la batterie, la puissance, le kilom\u00e9trage et bien plus encore.<\/li>\n<li><strong>Caract\u00e9ristiques de s\u00e9curit\u00e9 :<\/strong> Les r\u00e9flecteurs, les pneus robustes, le feu arri\u00e8re et la construction anti-crevaison contribuent \u00e0 votre s\u00e9curit\u00e9 et \u00e0 votre confiance sur la route.<\/li>\n<\/ul>\n<h3>Gamme par niveau de PAS<\/h3>\n<p>Voici un guide de l'autonomie approximative et de la vitesse moyenne \u00e0 chaque niveau de PAS (sur la base d'un cycliste de 80 kg sur des routes plates \u00e0 33 \u00b0C) :<\/p>\n<ul>\n<li>PAS-1 : ~10 km\/h, port\u00e9e jusqu'\u00e0 120 km<\/li>\n<li>PAS-2 : ~14 km\/h, port\u00e9e ~98 km<\/li>\n<li>PAS-3 : ~18 km\/h, port\u00e9e ~74 km<\/li>\n<li>PAS-4 : ~22 km\/h, port\u00e9e ~62 km<\/li>\n<li>PAS-5 : ~25 km\/h, port\u00e9e ~56 km<\/li>\n<\/ul>\n<h3>Sp\u00e9cifications<\/h3>\n<table border=\"1\" cellspacing=\"0\" cellpadding=\"6\">\n<thead>\n<tr>\n<th>Sp\u00e9cifications<\/th>\n<th>D\u00e9tails<\/th>\n<\/tr>\n<\/thead>\n<tbody>\n<tr>\n<td>Gamme d'assistance au p\u00e9dalage<\/td>\n<td>Jusqu'\u00e0 plus de 120 km<\/td>\n<\/tr>\n<tr>\n<td>Cuisini\u00e8re \u00e9lectrique<\/td>\n<td>~58 km<\/td>\n<\/tr>\n<tr>\n<td>Vitesse maximale<\/td>\n<td>25 km\/h<\/td>\n<\/tr>\n<tr>\n<td>Dimensions (L \u00d7 L \u00d7 H)<\/td>\n<td>183 \u00d7 66 \u00d7 122 cm<\/td>\n<\/tr>\n<tr>\n<td>Charge maximale<\/td>\n<td>250 kg<\/td>\n<\/tr>\n<tr>\n<td>Poids net (v\u00e9lo)<\/td>\n<td>29 kg<\/td>\n<\/tr>\n<tr>\n<td>Couple<\/td>\n<td>45 N-m<\/td>\n<\/tr>\n<tr>\n<td>Batterie<\/td>\n<td>Samsung 36 V 12,8 Ah, IP65, certifi\u00e9 CE<\/td>\n<\/tr>\n<tr>\n<td>Temps de charge de la batterie<\/td>\n<td>4-5 heures<\/td>\n<\/tr>\n<tr>\n<td>Poids de la batterie<\/td>\n<td>3,5 kg<\/td>\n<\/tr>\n<tr>\n<td>Cadre<\/td>\n<td>Alliage d'aluminium, antirouille \u00e9lectrophor\u00e9tique \u00e0 faible pente<\/td>\n<\/tr>\n<tr>\n<td>Suspension avant<\/td>\n<td>Amortisseurs r\u00e9glables, course de 100 mm<\/td>\n<\/tr>\n<tr>\n<td>Guidon<\/td>\n<td>Guidon \u00e9l\u00e9vateur, longueur de la poign\u00e9e 104 mm, total 66 cm<\/td>\n<\/tr>\n<tr>\n<td>P\u00e9dales<\/td>\n<td>9\/16\u2033 avec r\u00e9flecteurs<\/td>\n<\/tr>\n<tr>\n<td>Cha\u00eene et p\u00e9dalier<\/td>\n<td>1\/2\u2033 \u00d7 3\/32\u2033 \u00d7 118L cha\u00eene, manivelles 170 mm, plateau 48T<\/td>\n<\/tr>\n<tr>\n<td>Sortie du moteur<\/td>\n<td>Moteur sans balais de 250 W cr\u00eate pour le moyeu arri\u00e8re<\/td>\n<\/tr>\n<tr>\n<td>Niveaux Pas<\/td>\n<td>0 \u00e0 5<\/td>\n<\/tr>\n<tr>\n<td>Acc\u00e9l\u00e9rateur<\/td>\n<td>Demi-tour (acc\u00e9l\u00e9rateur au pouce en option)<\/td>\n<\/tr>\n<tr>\n<td>Roue libre et engrenages<\/td>\n<td>Shimano 7 vitesses, 14-28T<\/td>\n<\/tr>\n<tr>\n<td>Chargeur<\/td>\n<td>Chargeur intelligent 2A, certifi\u00e9 UL<\/td>\n<\/tr>\n<tr>\n<td>Jantes et pneus<\/td>\n<td>Jantes en alliage 27,5\u2033, 36H, pneus CST 27,5\u2033 \u00d7 2\u2033.<\/td>\n<\/tr>\n<tr>\n<td>Freins et disques<\/td>\n<td>Freins \u00e0 disques m\u00e9caniques avant et arri\u00e8re, rotors de 180 mm<\/td>\n<\/tr>\n<tr>\n<td>B\u00e9quille<\/td>\n<td>B\u00e9quille en aluminium robuste<\/td>\n<\/tr>\n<tr>\n<td>G\u00e9om\u00e9trie (divers)<\/td>\n<td>Hauteur du si\u00e8ge : 73 cm max, 51 cm min<br \/>\nTube sup\u00e9rieur : 61 cm<br \/>\nHauteur du guidon : 122 cm hors tout<br \/>\nEmpattement : 110 cm<br \/>\nBras de cha\u00eene : 46 cm<br \/>\nPorte-bagages arri\u00e8re : Longueur 36<\/td>\n<\/tr>\n<\/tbody>\n<\/table>\n<h3>Pourquoi choisir le Cruiser Pixar ?<\/h3>\n<p>Le Pixar Cruiser est le compagnon id\u00e9al pour la ville. Il allie robustesse, confort, style et performance. Son cadre \u00e0 faible pente convient aux cyclistes de toutes tailles et de tous niveaux de mobilit\u00e9. Le moteur BAFANG et la batterie Samsung vous permettent d'aller loin en toute confiance. Les caract\u00e9ristiques de s\u00e9curit\u00e9 telles que les freins \u00e0 disque et les r\u00e9flecteurs ajoutent \u00e0 la tranquillit\u00e9 d'esprit. De plus, son design \u00e9l\u00e9gant vous permet de ne pas avoir \u00e0 choisir entre la mode et la fonction.<\/p>\n<h3>Conseils pour une utilisation optimale<\/h3>\n<ul>\n<li>Commencez par des niveaux de PAS plus bas sur un terrain plat pour maximiser l'autonomie.<\/li>\n<li>Utilisez une PAS ou une assistance \u00e0 l'acc\u00e9l\u00e9ration plus \u00e9lev\u00e9e dans les collines ou lorsque vous transportez des charges plus lourdes.<\/li>\n<li>Maintenez votre batterie charg\u00e9e et \u00e9vitez de l'\u00e9puiser compl\u00e8tement pour prolonger sa dur\u00e9e de vie.<\/li>\n<li>V\u00e9rifiez r\u00e9guli\u00e8rement la pression des pneus (par exemple, 45 psi) et veillez \u00e0 ce que les freins \u00e0 disque soient align\u00e9s pour des arr\u00eats en toute s\u00e9curit\u00e9.<\/li>\n<li>Si vous roulez sous une pluie l\u00e9g\u00e8re, l'indice IP65 prot\u00e8ge votre batterie, mais \u00e9vitez les fortes averses.<\/li>\n<\/ul>\n<p>Pr\u00eat \u00e0 parcourir la ville avec style ? Le v\u00e9lo \u00e9lectrique Pixar Cruiser vous apporte puissance, \u00e9l\u00e9gance et plaisir - chevauchez le vent tous les jours !<\/p>","protected":false},"excerpt":{"rendered":"<p>Voici votre nouveau compagnon urbain : le v\u00e9lo \u00e9lectrique Pixar Cruiser. Avec un moteur BAFANG de 250 W, une batterie Samsung de 460 Wh et une autonomie de 120 km, ce v\u00e9lo \u00e9lectrique allie style, confort et performance pour vos trajets quotidiens en ville.<\/p>","protected":false},"featured_media":4018,"comment_status":"open","ping_status":"closed","template":"","meta":[],"product_brand":[36],"product_cat":[41,40],"product_tag":[],"class_list":{"0":"post-4017","1":"product","2":"type-product","3":"status-publish","4":"has-post-thumbnail","6":"product_brand-pixar","7":"product_cat-pixar-electric-bikes","8":"product_cat-eu-warehourse","10":"first","11":"instock","12":"shipping-taxable","13":"product-type-simple"},"_links":{"self":[{"href":"https:\/\/galaxybicycle.com\/fr\/wp-json\/wp\/v2\/product\/4017","targetHints":{"allow":["GET"]}}],"collection":[{"href":"https:\/\/galaxybicycle.com\/fr\/wp-json\/wp\/v2\/product"}],"about":[{"href":"https:\/\/galaxybicycle.com\/fr\/wp-json\/wp\/v2\/types\/product"}],"replies":[{"embeddable":true,"href":"https:\/\/galaxybicycle.com\/fr\/wp-json\/wp\/v2\/comments?post=4017"}],"wp:featuredmedia":[{"embeddable":true,"href":"https:\/\/galaxybicycle.com\/fr\/wp-json\/wp\/v2\/media\/4018"}],"wp:attachment":[{"href":"https:\/\/galaxybicycle.com\/fr\/wp-json\/wp\/v2\/media?parent=4017"}],"wp:term":[{"taxonomy":"product_brand","embeddable":true,"href":"https:\/\/galaxybicycle.com\/fr\/wp-json\/wp\/v2\/product_brand?post=4017"},{"taxonomy":"product_cat","embeddable":true,"href":"https:\/\/galaxybicycle.com\/fr\/wp-json\/wp\/v2\/product_cat?post=4017"},{"taxonomy":"product_tag","embeddable":true,"href":"https:\/\/galaxybicycle.com\/fr\/wp-json\/wp\/v2\/product_tag?post=4017"}],"curies":[{"name":"wp","href":"https:\/\/api.w.org\/{rel}","templated":true}]}}