{"id":3991,"date":"2025-09-22T06:40:49","date_gmt":"2025-09-22T06:40:49","guid":{"rendered":"https:\/\/galaxybicycle.com\/?post_type=product&#038;p=3991"},"modified":"2026-03-22T00:24:29","modified_gmt":"2026-03-22T00:24:29","slug":"galaxy-amano-s900-electric-bike","status":"publish","type":"product","link":"https:\/\/galaxybicycle.com\/fr\/product\/galaxy-amano-s900-electric-bike\/","title":{"rendered":"V\u00e9lo \u00e9lectrique Galaxy Amano S900 : un v\u00e9lo \u00e9lectrique urbain \u00e9l\u00e9gant avec une grande autonomie"},"content":{"rendered":"<p><iframe loading=\"lazy\" title=\"V\u00e9lo Galaxy Amano S900\" src=\"https:\/\/www.youtube.com\/embed\/D4x5gaEtbgE\" width=\"1840\" height=\"1035\" frameborder=\"0\" allowfullscreen=\"allowfullscreen\"><\/iframe><\/p>\n<p><img loading=\"lazy\" decoding=\"async\" class=\"alignnone size-full wp-image-3999 aligncenter\" src=\"https:\/\/galaxybicycle.com\/wp-content\/uploads\/2025\/09\/amano\u8be6\u60c5_01.jpg\" alt=\"\" width=\"1000\" height=\"1429\" title=\"\" srcset=\"https:\/\/galaxybicycle.com\/wp-content\/uploads\/2025\/09\/amano\u8be6\u60c5_01.jpg 1000w, https:\/\/galaxybicycle.com\/wp-content\/uploads\/2025\/09\/amano\u8be6\u60c5_01-210x300.jpg 210w, https:\/\/galaxybicycle.com\/wp-content\/uploads\/2025\/09\/amano\u8be6\u60c5_01-717x1024.jpg 717w, https:\/\/galaxybicycle.com\/wp-content\/uploads\/2025\/09\/amano\u8be6\u60c5_01-768x1097.jpg 768w, https:\/\/galaxybicycle.com\/wp-content\/uploads\/2025\/09\/amano\u8be6\u60c5_01-8x12.jpg 8w\" sizes=\"auto, (max-width: 1000px) 100vw, 1000px\" \/> <img loading=\"lazy\" decoding=\"async\" class=\"alignnone size-full wp-image-4000 aligncenter\" src=\"https:\/\/galaxybicycle.com\/wp-content\/uploads\/2025\/09\/amano\u8be6\u60c5_02.jpg\" alt=\"\" width=\"1000\" height=\"1469\" title=\"\" srcset=\"https:\/\/galaxybicycle.com\/wp-content\/uploads\/2025\/09\/amano\u8be6\u60c5_02.jpg 1000w, https:\/\/galaxybicycle.com\/wp-content\/uploads\/2025\/09\/amano\u8be6\u60c5_02-204x300.jpg 204w, https:\/\/galaxybicycle.com\/wp-content\/uploads\/2025\/09\/amano\u8be6\u60c5_02-697x1024.jpg 697w, https:\/\/galaxybicycle.com\/wp-content\/uploads\/2025\/09\/amano\u8be6\u60c5_02-768x1128.jpg 768w, https:\/\/galaxybicycle.com\/wp-content\/uploads\/2025\/09\/amano\u8be6\u60c5_02-8x12.jpg 8w\" sizes=\"auto, (max-width: 1000px) 100vw, 1000px\" \/> <img loading=\"lazy\" decoding=\"async\" class=\"alignnone size-full wp-image-4001 aligncenter\" src=\"https:\/\/galaxybicycle.com\/wp-content\/uploads\/2025\/09\/amano\u8be6\u60c5_03.jpg\" alt=\"\" width=\"1000\" height=\"1603\" title=\"\" srcset=\"https:\/\/galaxybicycle.com\/wp-content\/uploads\/2025\/09\/amano\u8be6\u60c5_03.jpg 1000w, https:\/\/galaxybicycle.com\/wp-content\/uploads\/2025\/09\/amano\u8be6\u60c5_03-187x300.jpg 187w, https:\/\/galaxybicycle.com\/wp-content\/uploads\/2025\/09\/amano\u8be6\u60c5_03-639x1024.jpg 639w, https:\/\/galaxybicycle.com\/wp-content\/uploads\/2025\/09\/amano\u8be6\u60c5_03-768x1231.jpg 768w, https:\/\/galaxybicycle.com\/wp-content\/uploads\/2025\/09\/amano\u8be6\u60c5_03-958x1536.jpg 958w, https:\/\/galaxybicycle.com\/wp-content\/uploads\/2025\/09\/amano\u8be6\u60c5_03-7x12.jpg 7w\" sizes=\"auto, (max-width: 1000px) 100vw, 1000px\" \/> <img loading=\"lazy\" decoding=\"async\" class=\"alignnone size-full wp-image-4002 aligncenter\" src=\"https:\/\/galaxybicycle.com\/wp-content\/uploads\/2025\/09\/amano\u8be6\u60c5_04.jpg\" alt=\"\" width=\"1000\" height=\"1584\" title=\"\" srcset=\"https:\/\/galaxybicycle.com\/wp-content\/uploads\/2025\/09\/amano\u8be6\u60c5_04.jpg 1000w, https:\/\/galaxybicycle.com\/wp-content\/uploads\/2025\/09\/amano\u8be6\u60c5_04-189x300.jpg 189w, https:\/\/galaxybicycle.com\/wp-content\/uploads\/2025\/09\/amano\u8be6\u60c5_04-646x1024.jpg 646w, https:\/\/galaxybicycle.com\/wp-content\/uploads\/2025\/09\/amano\u8be6\u60c5_04-768x1217.jpg 768w, https:\/\/galaxybicycle.com\/wp-content\/uploads\/2025\/09\/amano\u8be6\u60c5_04-970x1536.jpg 970w, https:\/\/galaxybicycle.com\/wp-content\/uploads\/2025\/09\/amano\u8be6\u60c5_04-8x12.jpg 8w\" sizes=\"auto, (max-width: 1000px) 100vw, 1000px\" \/> <img loading=\"lazy\" decoding=\"async\" class=\"alignnone size-full wp-image-4003 aligncenter\" src=\"https:\/\/galaxybicycle.com\/wp-content\/uploads\/2025\/09\/amano\u8be6\u60c5_05.jpg\" alt=\"\" width=\"1000\" height=\"1514\" title=\"\" srcset=\"https:\/\/galaxybicycle.com\/wp-content\/uploads\/2025\/09\/amano\u8be6\u60c5_05.jpg 1000w, https:\/\/galaxybicycle.com\/wp-content\/uploads\/2025\/09\/amano\u8be6\u60c5_05-198x300.jpg 198w, https:\/\/galaxybicycle.com\/wp-content\/uploads\/2025\/09\/amano\u8be6\u60c5_05-676x1024.jpg 676w, https:\/\/galaxybicycle.com\/wp-content\/uploads\/2025\/09\/amano\u8be6\u60c5_05-768x1163.jpg 768w, https:\/\/galaxybicycle.com\/wp-content\/uploads\/2025\/09\/amano\u8be6\u60c5_05-8x12.jpg 8w\" sizes=\"auto, (max-width: 1000px) 100vw, 1000px\" \/> <img loading=\"lazy\" decoding=\"async\" class=\"alignnone size-full wp-image-4004 aligncenter\" src=\"https:\/\/galaxybicycle.com\/wp-content\/uploads\/2025\/09\/amano\u8be6\u60c5_06.jpg\" alt=\"\" width=\"1000\" height=\"1418\" title=\"\" srcset=\"https:\/\/galaxybicycle.com\/wp-content\/uploads\/2025\/09\/amano\u8be6\u60c5_06.jpg 1000w, https:\/\/galaxybicycle.com\/wp-content\/uploads\/2025\/09\/amano\u8be6\u60c5_06-212x300.jpg 212w, https:\/\/galaxybicycle.com\/wp-content\/uploads\/2025\/09\/amano\u8be6\u60c5_06-722x1024.jpg 722w, https:\/\/galaxybicycle.com\/wp-content\/uploads\/2025\/09\/amano\u8be6\u60c5_06-768x1089.jpg 768w, https:\/\/galaxybicycle.com\/wp-content\/uploads\/2025\/09\/amano\u8be6\u60c5_06-8x12.jpg 8w\" sizes=\"auto, (max-width: 1000px) 100vw, 1000px\" \/> <img loading=\"lazy\" decoding=\"async\" class=\"alignnone size-full wp-image-4005 aligncenter\" src=\"https:\/\/galaxybicycle.com\/wp-content\/uploads\/2025\/09\/amano\u8be6\u60c5_07.jpg\" alt=\"\" width=\"1000\" height=\"1780\" title=\"\" srcset=\"https:\/\/galaxybicycle.com\/wp-content\/uploads\/2025\/09\/amano\u8be6\u60c5_07.jpg 1000w, https:\/\/galaxybicycle.com\/wp-content\/uploads\/2025\/09\/amano\u8be6\u60c5_07-169x300.jpg 169w, https:\/\/galaxybicycle.com\/wp-content\/uploads\/2025\/09\/amano\u8be6\u60c5_07-575x1024.jpg 575w, https:\/\/galaxybicycle.com\/wp-content\/uploads\/2025\/09\/amano\u8be6\u60c5_07-768x1367.jpg 768w, https:\/\/galaxybicycle.com\/wp-content\/uploads\/2025\/09\/amano\u8be6\u60c5_07-863x1536.jpg 863w, https:\/\/galaxybicycle.com\/wp-content\/uploads\/2025\/09\/amano\u8be6\u60c5_07-7x12.jpg 7w\" sizes=\"auto, (max-width: 1000px) 100vw, 1000px\" \/> <img loading=\"lazy\" decoding=\"async\" class=\"alignnone size-full wp-image-4006 aligncenter\" src=\"https:\/\/galaxybicycle.com\/wp-content\/uploads\/2025\/09\/amano\u8be6\u60c5_08.jpg\" alt=\"\" width=\"1000\" height=\"1480\" title=\"\" srcset=\"https:\/\/galaxybicycle.com\/wp-content\/uploads\/2025\/09\/amano\u8be6\u60c5_08.jpg 1000w, https:\/\/galaxybicycle.com\/wp-content\/uploads\/2025\/09\/amano\u8be6\u60c5_08-203x300.jpg 203w, https:\/\/galaxybicycle.com\/wp-content\/uploads\/2025\/09\/amano\u8be6\u60c5_08-692x1024.jpg 692w, https:\/\/galaxybicycle.com\/wp-content\/uploads\/2025\/09\/amano\u8be6\u60c5_08-768x1137.jpg 768w, https:\/\/galaxybicycle.com\/wp-content\/uploads\/2025\/09\/amano\u8be6\u60c5_08-8x12.jpg 8w\" sizes=\"auto, (max-width: 1000px) 100vw, 1000px\" \/> <img loading=\"lazy\" decoding=\"async\" class=\"alignnone size-full wp-image-4007 aligncenter\" src=\"https:\/\/galaxybicycle.com\/wp-content\/uploads\/2025\/09\/amano\u8be6\u60c5_09-2.jpg\" alt=\"\" width=\"1000\" height=\"1439\" title=\"\" srcset=\"https:\/\/galaxybicycle.com\/wp-content\/uploads\/2025\/09\/amano\u8be6\u60c5_09-2.jpg 1000w, https:\/\/galaxybicycle.com\/wp-content\/uploads\/2025\/09\/amano\u8be6\u60c5_09-2-208x300.jpg 208w, https:\/\/galaxybicycle.com\/wp-content\/uploads\/2025\/09\/amano\u8be6\u60c5_09-2-712x1024.jpg 712w, https:\/\/galaxybicycle.com\/wp-content\/uploads\/2025\/09\/amano\u8be6\u60c5_09-2-768x1105.jpg 768w, https:\/\/galaxybicycle.com\/wp-content\/uploads\/2025\/09\/amano\u8be6\u60c5_09-2-8x12.jpg 8w\" sizes=\"auto, (max-width: 1000px) 100vw, 1000px\" \/> <img loading=\"lazy\" decoding=\"async\" class=\"alignnone size-full wp-image-4008 aligncenter\" src=\"https:\/\/galaxybicycle.com\/wp-content\/uploads\/2025\/09\/amano\u8be6\u60c5_10-2.jpg\" alt=\"\" width=\"1000\" height=\"1519\" title=\"\" srcset=\"https:\/\/galaxybicycle.com\/wp-content\/uploads\/2025\/09\/amano\u8be6\u60c5_10-2.jpg 1000w, https:\/\/galaxybicycle.com\/wp-content\/uploads\/2025\/09\/amano\u8be6\u60c5_10-2-197x300.jpg 197w, https:\/\/galaxybicycle.com\/wp-content\/uploads\/2025\/09\/amano\u8be6\u60c5_10-2-674x1024.jpg 674w, https:\/\/galaxybicycle.com\/wp-content\/uploads\/2025\/09\/amano\u8be6\u60c5_10-2-768x1167.jpg 768w, https:\/\/galaxybicycle.com\/wp-content\/uploads\/2025\/09\/amano\u8be6\u60c5_10-2-8x12.jpg 8w\" sizes=\"auto, (max-width: 1000px) 100vw, 1000px\" \/><\/p>\n<p><img loading=\"lazy\" decoding=\"async\" class=\"alignnone size-full wp-image-4009 aligncenter\" src=\"https:\/\/galaxybicycle.com\/wp-content\/uploads\/2025\/09\/amano\u8be6\u60c5_11.jpg\" alt=\"\" width=\"881\" height=\"2560\" title=\"\" srcset=\"https:\/\/galaxybicycle.com\/wp-content\/uploads\/2025\/09\/amano\u8be6\u60c5_11.jpg 881w, https:\/\/galaxybicycle.com\/wp-content\/uploads\/2025\/09\/amano\u8be6\u60c5_11-103x300.jpg 103w, https:\/\/galaxybicycle.com\/wp-content\/uploads\/2025\/09\/amano\u8be6\u60c5_11-352x1024.jpg 352w, https:\/\/galaxybicycle.com\/wp-content\/uploads\/2025\/09\/amano\u8be6\u60c5_11-768x2232.jpg 768w, https:\/\/galaxybicycle.com\/wp-content\/uploads\/2025\/09\/amano\u8be6\u60c5_11-529x1536.jpg 529w, https:\/\/galaxybicycle.com\/wp-content\/uploads\/2025\/09\/amano\u8be6\u60c5_11-705x2048.jpg 705w, https:\/\/galaxybicycle.com\/wp-content\/uploads\/2025\/09\/amano\u8be6\u60c5_11-4x12.jpg 4w\" sizes=\"auto, (max-width: 881px) 100vw, 881px\" \/><\/p>\n<h2>V\u00e9lo \u00e9lectrique Amano S900 : un moyen de transport urbain \u00e9l\u00e9gant avec une autonomie de 100 km et un puissant moteur de 250 W<\/h2>\n<p>Zoomez dans les rues de la ville sur le v\u00e9lo \u00e9lectrique Amano S900, votre partenaire amusant et \u00e9l\u00e9gant pour les aventures urbaines ! Ce v\u00e9lo \u00e9lectrique l\u00e9ger est dot\u00e9 d'un moteur de 250 W qui donne aux collines l'impression d'\u00eatre des routes plates, et d'une batterie Samsung amovible qui vous permet de parcourir jusqu'\u00e0 100 km en une seule charge. Dites adieu aux trajets en sueur et bonjour au p\u00e9dalage sans effort gr\u00e2ce aux cinq niveaux d'assistance. Ses pneus anti-crevaison et ses freins hydrauliques garantissent votre s\u00e9curit\u00e9, tandis que l'\u00e9cran TFT int\u00e9gr\u00e9 affiche la vitesse, l'autonomie de la batterie et bien d'autres informations en un coup d'\u0153il. Disponible en sept couleurs tendance, l'Amano S900 fait de chaque sortie un v\u00e9ritable \u00e9v\u00e9nement de mode. Parfait pour les d\u00e9butants et les citadins \u00e0 la recherche d'un v\u00e9lo \u00e9lectrique abordable et n\u00e9cessitant peu d'entretien !<\/p>\n<h2>D\u00e9couvrez le plaisir de rouler sur le v\u00e9lo \u00e9lectrique Amano S900<\/h2>\n<p>Imaginez que vous vous faufilez dans les rues de la ville sans transpirer - c'est la magie du v\u00e9lo \u00e9lectrique Amano S900 ! Ce v\u00e9lo \u00e9lectrique urbain est con\u00e7u pour les personnes qui recherchent le plaisir, le style et la facilit\u00e9 dans leurs d\u00e9placements quotidiens. Que vous alliez au travail, que vous fassiez vos courses ou que vous exploriez le quartier, le S900 rend chaque trajet excitant et sans effort.<\/p>\n<p>Au c\u0153ur de ce v\u00e9lo \u00e9lectrique se trouve un puissant moteur \u00e0 moyeu arri\u00e8re de 250 W qui offre une acc\u00e9l\u00e9ration en douceur et permet de franchir facilement des pentes allant jusqu'\u00e0 35 degr\u00e9s. Associ\u00e9 \u00e0 un capteur de couple intelligent, c'est comme si le v\u00e9lo lisait dans vos pens\u00e9es, donnant juste le bon coup de pouce quand vous en avez besoin. La batterie Samsung amovible de 36V 10Ah offre une autonomie impressionnante de 100km, ce qui vous permet d'oublier l'angoisse de l'autonomie et de vous concentrer sur le plaisir. De plus, il est tr\u00e8s facile de la recharger - il suffit de la sortir et de la brancher !<\/p>\n<p>Qu'est-ce qui distingue l'Amano S900 ? Son cadre \u00e9l\u00e9gant en aluminium est l\u00e9ger (19,5 kg), ce qui permet de le transporter facilement dans les escaliers ou de le ranger dans des espaces restreints. La transmission par courroie en carbone permet d'\u00e9viter les cha\u00eenes graisseuses et ne n\u00e9cessite aucun entretien jusqu'\u00e0 30 000 km. La s\u00e9curit\u00e9 est \u00e9galement essentielle, avec des freins \u00e0 disque hydrauliques qui vous arr\u00eatent en seulement 0,8 m\u00e8tre \u00e0 25 km\/h, des pneus 700x45C r\u00e9sistants \u00e0 la crevaison pour une conduite adh\u00e9rente sur n'importe quel rev\u00eatement urbain, et un phare int\u00e9gr\u00e9 \u00e0 haute luminosit\u00e9 qui \u00e9claire \u00e0 15 m\u00e8tres devant vous pour les aventures nocturnes.<\/p>\n<p>Le v\u00e9lo est adapt\u00e9 aux d\u00e9butants avec cinq niveaux d'assistance - du mode \u00e9conomie d'\u00e9nergie pour les routes plates au mode extr\u00eame pour les pentes raides. L'\u00e9cran couleur TFT de 3 pouces reste simple et affiche clairement la vitesse, le niveau de batterie, le kilom\u00e9trage et la position du rapport de vitesse. Et gr\u00e2ce \u00e0 la selle r\u00e9glable \u00e0 30 degr\u00e9s, tr\u00e8s confortable et large, vous roulerez en tout confort, quelle que soit votre taille (convient aux cyclistes de 160 \u00e0 200 cm). Choisissez parmi sept couleurs vibrantes, comme Mist Purple ou Midnight Black, pour vous adapter \u00e0 votre style - c'est comme si vous aviez une piste d'atterrissage personnelle sur roues !<\/p>\n<p>\u00c0 la fois professionnel et ludique, le v\u00e9lo \u00e9lectrique Amano S900 combine des caract\u00e9ristiques de premier ordre telles que l'\u00e9tanch\u00e9it\u00e9 IPX6, le c\u00e2blage interne pour un look \u00e9pur\u00e9 et une garantie de 2 ans pour la tranquillit\u00e9 d'esprit. Ce n'est pas seulement un v\u00e9lo \u00e9lectrique, c'est votre ticket pour une mobilit\u00e9 urbaine plus libre, plus verte et plus joyeuse. Pr\u00eat \u00e0 p\u00e9daler vers l'avenir ?<\/p>\n<h3>Sp\u00e9cifications de l'Amano S900<\/h3>\n<table border=\"1\" cellspacing=\"0\" cellpadding=\"10\">\n<thead>\n<tr>\n<th>Cat\u00e9gorie<\/th>\n<th>Objet<\/th>\n<th>Sp\u00e9cifications<\/th>\n<\/tr>\n<\/thead>\n<tbody>\n<tr>\n<td>Syst\u00e8me d'alimentation<\/td>\n<td>Moteur<\/td>\n<td>AMANO Moteur \u00e0 vitesse automatique, puissance 250W, couple max 45Nm<\/td>\n<\/tr>\n<tr>\n<td>Syst\u00e8me d'alimentation<\/td>\n<td>Contr\u00f4leur<\/td>\n<td>Contr\u00f4leur d'onde sinuso\u00efdale vectorielle<\/td>\n<\/tr>\n<tr>\n<td>Contr\u00f4le et affichage<\/td>\n<td>Affichage<\/td>\n<td>\u00c9cran couleur TFT AMANO, 3,0 pouces int\u00e9gr\u00e9<\/td>\n<\/tr>\n<tr>\n<td>Syst\u00e8me \u00e9nerg\u00e9tique<\/td>\n<td>Batterie<\/td>\n<td>36Wh (36V\/10Ah) lithium-ion, utilise des cellules SAMSUNG<\/td>\n<\/tr>\n<tr>\n<td>Eclairage<\/td>\n<td>Phare<\/td>\n<td>Certifi\u00e9 CE, haute luminosit\u00e9 int\u00e9gr\u00e9e, faisceau de 15 m<\/td>\n<\/tr>\n<tr>\n<td>Performance<\/td>\n<td>Vitesse maximale<\/td>\n<td>25 km\/h (limite de l'assistance motoris\u00e9e ; peut \u00eatre d\u00e9pass\u00e9e manuellement)<\/td>\n<\/tr>\n<tr>\n<td>Performance<\/td>\n<td>Gamme<\/td>\n<td>Jusqu'\u00e0 100 km (varie en fonction du terrain, de la charge, de la temp\u00e9rature)<\/td>\n<\/tr>\n<tr>\n<td>Performance<\/td>\n<td>Capacit\u00e9 d'escalade<\/td>\n<td>G\u00e8re des pentes allant jusqu'\u00e0 35\u00b0 en fonction de l'action du conducteur<\/td>\n<\/tr>\n<tr>\n<td>Cadre et composants<\/td>\n<td>Cadre<\/td>\n<td>Cadre en alliage d'aluminium ultra-l\u00e9ger<\/td>\n<\/tr>\n<tr>\n<td>Cadre et composants<\/td>\n<td>P\u00e9dalier<\/td>\n<td>P\u00e9dalier en alliage d'aluminium<\/td>\n<\/tr>\n<tr>\n<td>Cadre et composants<\/td>\n<td>Transmission<\/td>\n<td>Entra\u00eenement \u00e0 courroie en carbone JDX \u00e0 une vitesse<\/td>\n<\/tr>\n<tr>\n<td>Cadre et composants<\/td>\n<td>Fourche avant<\/td>\n<td>Fourche ultra-l\u00e9g\u00e8re en alliage d'aluminium<\/td>\n<\/tr>\n<tr>\n<td>Cadre et composants<\/td>\n<td>Pneus<\/td>\n<td>Pneus CST 700x45C anti-crevaison, 80% plus d'adh\u00e9rence<\/td>\n<\/tr>\n<tr>\n<td>Cadre et composants<\/td>\n<td>Freins<\/td>\n<td>Freins \u00e0 disque hydrauliques ZOOM<\/td>\n<\/tr>\n<tr>\n<td>Cadre et composants<\/td>\n<td>Selle<\/td>\n<td>Selle AMANO customis\u00e9e \u00e0 haut rebond, r\u00e9glable \u00e0 30<\/td>\n<\/tr>\n<tr>\n<td>Cadre et composants<\/td>\n<td>Porte-bagages arri\u00e8re<\/td>\n<td>Porte-bagages arri\u00e8re personnalisable<\/td>\n<\/tr>\n<tr>\n<td>Poids<\/td>\n<td>Poids net<\/td>\n<td>19,5 kg<\/td>\n<\/tr>\n<tr>\n<td>Poids<\/td>\n<td>Poids brut<\/td>\n<td>29,5 kg<\/td>\n<\/tr>\n<tr>\n<td>Poids<\/td>\n<td>Charge maximale<\/td>\n<td>150 kg<\/td>\n<\/tr>\n<tr>\n<td>G\u00e9om\u00e9trie<\/td>\n<td>A : Cadre<\/td>\n<td>520 mm<\/td>\n<\/tr>\n<tr>\n<td>G\u00e9om\u00e9trie<\/td>\n<td>B : P\u00e9dalier<\/td>\n<td>460 mm<\/td>\n<\/tr>\n<tr>\n<td>G\u00e9om\u00e9trie<\/td>\n<td>C : Transmission<\/td>\n<td>600 mm<\/td>\n<\/tr>\n<tr>\n<td>G\u00e9om\u00e9trie<\/td>\n<td>D : Fourche avant<\/td>\n<td>160 mm<\/td>\n<\/tr>\n<tr>\n<td>G\u00e9om\u00e9trie<\/td>\n<td>E : Pneus<\/td>\n<td>1000 mm<\/td>\n<\/tr>\n<tr>\n<td>G\u00e9om\u00e9trie<\/td>\n<td>F : Freins<\/td>\n<td>730 mm<\/td>\n<\/tr>\n<tr>\n<td>G\u00e9om\u00e9trie<\/td>\n<td>G : Support de p\u00e9dalier<\/td>\n<td>900-1040 mm<\/td>\n<\/tr>\n<tr>\n<td>G\u00e9om\u00e9trie<\/td>\n<td>H : Selle<\/td>\n<td>1120 mm<\/td>\n<\/tr>\n<tr>\n<td>G\u00e9om\u00e9trie<\/td>\n<td>I : Porte-bagages arri\u00e8re<\/td>\n<td>1860 mm<\/td>\n<\/tr>\n<tr>\n<td>Autres<\/td>\n<td>Niveaux d'assistance<\/td>\n<td>5 niveaux : \u00c9conomie d'\u00e9nergie, Loisirs, \u00c9quilibre, Sport, Extr\u00eame<\/td>\n<\/tr>\n<tr>\n<td>Autres<\/td>\n<td>Indice d'imperm\u00e9abilit\u00e9<\/td>\n<td>IPX6<\/td>\n<\/tr>\n<tr>\n<td>Autres<\/td>\n<td>Garantie<\/td>\n<td>18 mois (batterie), 2 ans (total)<\/td>\n<\/tr>\n<tr>\n<td>Autres<\/td>\n<td>Hauteur recommand\u00e9e<\/td>\n<td>160-200 cm<\/td>\n<\/tr>\n<\/tbody>\n<\/table>","protected":false},"excerpt":{"rendered":"<p>V\u00e9lo \u00e9lectrique Amano S900, \u00e9l\u00e9gant et l\u00e9ger, avec un moteur de 250 W, une autonomie de 100 km, une batterie Samsung et une transmission par courroie en carbone - parfait pour les trajets en ville.<\/p>","protected":false},"featured_media":3992,"comment_status":"open","ping_status":"closed","template":"","meta":[],"product_brand":[],"product_cat":[15],"product_tag":[61,55,59,57,56,60,62,58],"class_list":{"0":"post-3991","1":"product","2":"type-product","3":"status-publish","4":"has-post-thumbnail","6":"product_cat-galaxybicycle","7":"product_tag-250w-motor-bike","8":"product_tag-amano-s900","9":"product_tag-city-electric-bicycle","10":"product_tag-e-bike","11":"product_tag-electric-bike","12":"product_tag-long-range-e-bike","13":"product_tag-stylish-commuter-e-bike","14":"product_tag-urban-commuter-bike","16":"first","17":"instock","18":"shipping-taxable","19":"product-type-simple"},"_links":{"self":[{"href":"https:\/\/galaxybicycle.com\/fr\/wp-json\/wp\/v2\/product\/3991","targetHints":{"allow":["GET"]}}],"collection":[{"href":"https:\/\/galaxybicycle.com\/fr\/wp-json\/wp\/v2\/product"}],"about":[{"href":"https:\/\/galaxybicycle.com\/fr\/wp-json\/wp\/v2\/types\/product"}],"replies":[{"embeddable":true,"href":"https:\/\/galaxybicycle.com\/fr\/wp-json\/wp\/v2\/comments?post=3991"}],"wp:featuredmedia":[{"embeddable":true,"href":"https:\/\/galaxybicycle.com\/fr\/wp-json\/wp\/v2\/media\/3992"}],"wp:attachment":[{"href":"https:\/\/galaxybicycle.com\/fr\/wp-json\/wp\/v2\/media?parent=3991"}],"wp:term":[{"taxonomy":"product_brand","embeddable":true,"href":"https:\/\/galaxybicycle.com\/fr\/wp-json\/wp\/v2\/product_brand?post=3991"},{"taxonomy":"product_cat","embeddable":true,"href":"https:\/\/galaxybicycle.com\/fr\/wp-json\/wp\/v2\/product_cat?post=3991"},{"taxonomy":"product_tag","embeddable":true,"href":"https:\/\/galaxybicycle.com\/fr\/wp-json\/wp\/v2\/product_tag?post=3991"}],"curies":[{"name":"wp","href":"https:\/\/api.w.org\/{rel}","templated":true}]}}