{"id":3845,"date":"2025-09-08T11:20:51","date_gmt":"2025-09-08T11:20:51","guid":{"rendered":"https:\/\/galaxybicycle.com\/?post_type=product&#038;p=3845"},"modified":"2026-01-09T10:23:33","modified_gmt":"2026-01-09T10:23:33","slug":"pixar-star1","status":"publish","type":"product","link":"https:\/\/galaxybicycle.com\/fr\/product\/pixar-star1\/","title":{"rendered":"Pixar Star 1 Electric Bike | 500W 48V15AH Lithium Battery | 21-Speed Mini E-Bike"},"content":{"rendered":"<p><iframe loading=\"lazy\" title=\"Pixar Corbeilles \u00e0 \u00e9toiles Vid\u00e9o d&#039;installation star1 avec textes\" src=\"https:\/\/www.youtube.com\/embed\/eIio7DEhB6A\" width=\"1840\" height=\"1035\" frameborder=\"0\" allowfullscreen=\"allowfullscreen\"><\/iframe><br \/>\n<iframe loading=\"lazy\" title=\"Pixar Star vitesse d\u00e9blocage vid\u00e9o star1 avec textes\" src=\"https:\/\/www.youtube.com\/embed\/TSCE0NUut9U\" width=\"1840\" height=\"1035\" frameborder=\"0\" allowfullscreen=\"allowfullscreen\"><\/iframe><br \/>\n<iframe loading=\"lazy\" title=\"Pixar Star Vid\u00e9o de d\u00e9ballage star1 avec textes\" src=\"https:\/\/www.youtube.com\/embed\/A5PJTJHYAHo\" width=\"1840\" height=\"1035\" frameborder=\"0\" allowfullscreen=\"allowfullscreen\"><\/iframe><\/p>\n<p><strong>Pixar Star 1 V\u00e9lo \u00e9lectrique<\/strong> allie un design \u00e9l\u00e9gant et moderne \u00e0 des performances robustes, id\u00e9al pour les cyclistes \u00e0 la recherche de style et de praticit\u00e9. Son cadre pliant durable en alliage d'aluminium 6061 est associ\u00e9 \u00e0 un puissant moteur sans balai CZJB de 48 V 500 W \u00e0 moyeu arri\u00e8re, offrant un couple puissant et une vitesse maximale de 25 km\/h (r\u00e9glable jusqu'\u00e0 32 km\/h en mode p\u00e9dalier).<\/p>\n<p>Une batterie lithium-ion amovible de 48V 15Ah (utilisant des cellules EVE) offre une autonomie fiable de 45-55 km par charge, avec une recharge compl\u00e8te en environ 7,5 heures via le chargeur intelligent 54,6V 2A inclus. Naviguez sans effort sur des terrains vari\u00e9s gr\u00e2ce \u00e0 la transmission Shimano \u00e0 7 vitesses, \u00e0 la suspension avant r\u00e9glable et aux pneus larges Chaoyang 20\u2033 \u00d7 4\u2033 qui offrent une excellente traction et une grande stabilit\u00e9.<\/p>\n<p>La s\u00e9curit\u00e9 est une priorit\u00e9 avec des freins \u00e0 disque m\u00e9caniques avant et arri\u00e8re (rotors de 180 mm) dot\u00e9s de leviers de coupure d'alimentation, ainsi qu'un \u00e9clairage LED int\u00e9gr\u00e9 et un klaxon \u00e9lectronique. L'\u00e9cran couleur intelligent SW-K618 (conforme \u00e0 la norme IP66 avec charge Type-C) offre 5 niveaux d'assistance, un mode d'assistance \u00e0 la marche et des donn\u00e9es de conduite en temps r\u00e9el.<\/p>\n<p>Compact et portable, le v\u00e9lo se plie en 95 \u00d7 44 \u00d7 73 cm, ce qui le rend id\u00e9al pour les navetteurs urbains et les voyageurs. Il est \u00e9quip\u00e9 de garde-boue avant\/arri\u00e8re, d'un porte-bagages arri\u00e8re, de p\u00e9dales pliables et d'une b\u00e9quille robuste.<\/p>\n<h3>Pourquoi choisir le Pixar Star 1 ?<\/h3>\n<ul>\n<li><strong>Une performance puissante :<\/strong> Moteur sans balai de 500 W avec une vitesse maximale de 25 km\/h (r\u00e9glable jusqu'\u00e0 32 km\/h).<\/li>\n<li><strong>Gamme \u00e9tendue :<\/strong> La batterie lithium-ion 48V 15Ah permet de parcourir 45 \u00e0 55 km par charge.<\/li>\n<li><strong>Contr\u00f4le en douceur :<\/strong> Les vitesses Shimano \u00e0 7 rapports et l'assistance au p\u00e9dalage \u00e0 5 niveaux permettent de rouler de mani\u00e8re polyvalente.<\/li>\n<li><strong>Arr\u00eat fiable :<\/strong> Deux freins \u00e0 disque m\u00e9caniques avec coupure du moteur pour un contr\u00f4le s\u00fbr.<\/li>\n<li><strong>Pliable et portable :<\/strong> Conception compacte et pliable avec des pneus larges de 20\u2033 et un cadre en alliage d'aluminium.<\/li>\n<li><strong>Chargement pratique :<\/strong> La batterie amovible se recharge en ~7,5 heures.<\/li>\n<\/ul>\n<h3>Sp\u00e9cifications<\/h3>\n<table>\n<tbody>\n<tr>\n<td colspan=\"3\">Pixar Star E-bike - Param\u00e8tres du produit (march\u00e9 europ\u00e9en)<\/td>\n<\/tr>\n<tr>\n<td>\/<\/td>\n<td>Param\u00e8tres<\/td>\n<td>Valeur<\/td>\n<\/tr>\n<tr>\n<td rowspan=\"15\">Sp\u00e9cifications g\u00e9n\u00e9rales<\/td>\n<td>Gamme<\/td>\n<td>45-55km<\/td>\n<\/tr>\n<tr>\n<td>Vitesse maximale<\/td>\n<td>25 km\/h (limite Pedelec, r\u00e9glable jusqu'\u00e0 32 km\/h)<\/td>\n<\/tr>\n<tr>\n<td>Dimensions<\/td>\n<td>165 \u00d7 65 \u00d7 127 cm (L \u00d7 L \u00d7 H)<\/td>\n<\/tr>\n<tr>\n<td>Capacit\u00e9 de charge maximale<\/td>\n<td>120 kg<\/td>\n<\/tr>\n<tr>\n<td>Poids net<\/td>\n<td>31 kg<\/td>\n<\/tr>\n<tr>\n<td>Poids brut<\/td>\n<td>41 kg<\/td>\n<\/tr>\n<tr>\n<td>Dimensions de l'emballage<\/td>\n<td>106 x 49 x 82cm<\/td>\n<\/tr>\n<tr>\n<td>Qt\u00e9 pour 1\u00d740HQ Container<\/td>\n<td>171 pi\u00e8ces<\/td>\n<\/tr>\n<tr>\n<td>Hauteur recommand\u00e9e pour le cavalier<\/td>\n<td>155-190 cm<\/td>\n<\/tr>\n<tr>\n<td>Options de couleurs<\/td>\n<td>Noir et gris<\/td>\n<\/tr>\n<tr>\n<td>Pliable<\/td>\n<td>Oui<\/td>\n<\/tr>\n<tr>\n<td>Taille du v\u00e9lo pli\u00e9<\/td>\n<td>95 x 44 x 73cm<\/td>\n<\/tr>\n<tr>\n<td>Indice IP<\/td>\n<td>IP54<\/td>\n<\/tr>\n<tr>\n<td>Temp\u00e9rature de fonctionnement<\/td>\n<td>De -10\u00b0C \u00e0 +45\u00b0C<\/td>\n<\/tr>\n<tr>\n<td>Cat\u00e9gorie de v\u00e9lo<\/td>\n<td>Fat Tire pliant<\/td>\n<\/tr>\n<tr>\n<td rowspan=\"7\">Syst\u00e8me de batterie<\/td>\n<td>Capacit\u00e9 et type de batterie<\/td>\n<td>48V15Ah Lithium-ion (cellules EVE)<\/td>\n<\/tr>\n<tr>\n<td>Poids de la batterie<\/td>\n<td>3kg<\/td>\n<\/tr>\n<tr>\n<td>Batterie amovible<\/td>\n<td>Oui<\/td>\n<\/tr>\n<tr>\n<td>Batterie Indice de protection IP<\/td>\n<td>IP65<\/td>\n<\/tr>\n<tr>\n<td>Certification des batteries<\/td>\n<td>Conforme \u00e0 la norme EN 62133<\/td>\n<\/tr>\n<tr>\n<td>Temps de charge<\/td>\n<td>7.5h<\/td>\n<\/tr>\n<tr>\n<td>Chargeur<\/td>\n<td>Chargeur intelligent 54,6V2A<\/td>\n<\/tr>\n<tr>\n<td rowspan=\"4\">Moteur et syst\u00e8me d'entra\u00eenement<\/td>\n<td>Type de moteur<\/td>\n<td>Moteur sans balai \u00e0 moyeu arri\u00e8re<\/td>\n<\/tr>\n<tr>\n<td>Marque du moteur<\/td>\n<td>CZJB<\/td>\n<\/tr>\n<tr>\n<td>Moteur<\/td>\n<td>Moteur de moyeu arri\u00e8re \u00e0 grande vitesse 48V500W<\/td>\n<\/tr>\n<tr>\n<td>Pente maximale de mont\u00e9e<\/td>\n<td>15\u00b0 (environ 27% grade)<\/td>\n<\/tr>\n<tr>\n<td rowspan=\"7\">Syst\u00e8me de contr\u00f4le<\/td>\n<td>Affichage<\/td>\n<td>SW-K618 \u00c9cran couleur intelligent, IP66, chargeur de type C<\/td>\n<\/tr>\n<tr>\n<td>Niveaux d'assistance<\/td>\n<td>5 niveaux (0-5)<\/td>\n<\/tr>\n<tr>\n<td>Acc\u00e9l\u00e9rateur<\/td>\n<td>Acc\u00e9l\u00e9rateur rotatif (pi\u00e8ces d\u00e9tach\u00e9es dans une petite bo\u00eete)<\/td>\n<\/tr>\n<tr>\n<td>Capteurs<\/td>\n<td>Capteur de vitesse (12 aimants)<\/td>\n<\/tr>\n<tr>\n<td>Port de charge<\/td>\n<td>Oui (Type-C sur l'\u00e9cran)<\/td>\n<\/tr>\n<tr>\n<td>Mode d'assistance \u00e0 la marche<\/td>\n<td>6 km\/h (maintenir la touche \u201c-\u201d enfonc\u00e9e)<\/td>\n<\/tr>\n<tr>\n<td>R\u00e9tro-\u00e9clairage<\/td>\n<td>Oui<\/td>\n<\/tr>\n<tr>\n<td rowspan=\"4\">Cadre et fourche<\/td>\n<td>Mat\u00e9riau du cadre<\/td>\n<td>Alliage d'aluminium 6061<\/td>\n<\/tr>\n<tr>\n<td>Type de cadre<\/td>\n<td>Cadre pliant<\/td>\n<\/tr>\n<tr>\n<td>Suspension avant<\/td>\n<td>Amortisseur r\u00e9glable<\/td>\n<\/tr>\n<tr>\n<td>Fourche avant<\/td>\n<td>Avec fourche \u00e0 suspension<\/td>\n<\/tr>\n<tr>\n<td rowspan=\"6\">Transmission<\/td>\n<td>Cha\u00eene<\/td>\n<td>1\/2*3\/32 \u201dx118L<\/td>\n<\/tr>\n<tr>\n<td>P\u00e9dalier<\/td>\n<td>52T*170L, alliage<\/td>\n<\/tr>\n<tr>\n<td>Roue libre<\/td>\n<td>7 vitesses, roue libre 14-28T (filet\u00e9e)<\/td>\n<\/tr>\n<tr>\n<td>D\u00e9railleur arri\u00e8re<\/td>\n<td>Shimano 7 vitesses (compatible avec 14-28T)<\/td>\n<\/tr>\n<tr>\n<td>D\u00e9railleur avant<\/td>\n<td>Aucun (plateau simple)<\/td>\n<\/tr>\n<tr>\n<td>Shifter (changement de vitesse)<\/td>\n<td>Shimano 7 vitesses<\/td>\n<\/tr>\n<tr>\n<td rowspan=\"5\">Roues et pneus<\/td>\n<td>Taille de la roue<\/td>\n<td>20 pouces*4<\/td>\n<\/tr>\n<tr>\n<td>Les rayons<\/td>\n<td>12G \u00d7 256 mm, conforme \u00e0 la norme EN 15194<\/td>\n<\/tr>\n<tr>\n<td>Marque du pneu<\/td>\n<td>Chaoyang<\/td>\n<\/tr>\n<tr>\n<td>Protection contre la perforation<\/td>\n<td>R\u00e9sistant \u00e0 la perforation<\/td>\n<\/tr>\n<tr>\n<td>Tube int\u00e9rieur<\/td>\n<td>20\u2033 \u00d7 4.0\u2033, valve A\/V 35mm<\/td>\n<\/tr>\n<tr>\n<td rowspan=\"4\">Syst\u00e8me de freinage<\/td>\n<td>Type de frein<\/td>\n<td>Freins \u00e0 disque m\u00e9caniques (avant et arri\u00e8re)<\/td>\n<\/tr>\n<tr>\n<td>Freins<\/td>\n<td>Freins \u00e0 coupure de courant<\/td>\n<\/tr>\n<tr>\n<td>Rotors de frein<\/td>\n<td>180 mm (avant et arri\u00e8re)<\/td>\n<\/tr>\n<tr>\n<td>Leviers de frein<\/td>\n<td>Conception tout aluminium, \u00e0 profil bas, avec coupure du moteur<\/td>\n<\/tr>\n<tr>\n<td rowspan=\"7\">Cockpit et composants<\/td>\n<td>Guidon<\/td>\n<td>Barre \u00e9l\u00e9vatrice en alliage d'aluminium, largeur 25.2\u2033 (640mm), collier de potence 25.4mm<\/td>\n<\/tr>\n<tr>\n<td>Tige<\/td>\n<td>Tige pliable<\/td>\n<\/tr>\n<tr>\n<td>Selle<\/td>\n<td>Selle confort<\/td>\n<\/tr>\n<tr>\n<td>Hauteur de la selle<\/td>\n<td>900-1000 mm<\/td>\n<\/tr>\n<tr>\n<td>Tige de selle<\/td>\n<td>Alliage d'aluminium 31,8 mm, angle r\u00e9glable<\/td>\n<\/tr>\n<tr>\n<td>Lib\u00e9ration rapide<\/td>\n<td>Oui (roue avant et tige de selle)<\/td>\n<\/tr>\n<tr>\n<td>P\u00e9dales<\/td>\n<td>P\u00e9dales pliables en plastique<\/td>\n<\/tr>\n<tr>\n<td rowspan=\"3\">Eclairage et s\u00e9curit\u00e9<\/td>\n<td>Phare<\/td>\n<td>Phare int\u00e9gr\u00e9 avec d\u00e9connexion \u00e9tanche<\/td>\n<\/tr>\n<tr>\n<td>Feu arri\u00e8re<\/td>\n<td>Feu arri\u00e8re int\u00e9gr\u00e9 avec d\u00e9connexion \u00e9tanche<\/td>\n<\/tr>\n<tr>\n<td>Cloche\/Corne<\/td>\n<td>Avec klaxon \u00e9lectronique<\/td>\n<\/tr>\n<tr>\n<td rowspan=\"6\">\u00c9quipement suppl\u00e9mentaire<\/td>\n<td>B\u00e9quille<\/td>\n<td>B\u00e9quille robuste en aluminium<\/td>\n<\/tr>\n<tr>\n<td>Garde-boue et garde-fous<\/td>\n<td>Avec garde-boue avant et arri\u00e8re<\/td>\n<\/tr>\n<tr>\n<td>Porte-bagages arri\u00e8re<\/td>\n<td>Oui<\/td>\n<\/tr>\n<tr>\n<td>Rayon avant<\/td>\n<td>En option<\/td>\n<\/tr>\n<tr>\n<td>Paniers<\/td>\n<td>Aucun<\/td>\n<\/tr>\n<tr>\n<td>Bo\u00eete \u00e0 outils incluse<\/td>\n<td>Oui (3\u00d7 cl\u00e9, 1\u00d7 tournevis, 5\u00d7 cl\u00e9 hexagonale)<\/td>\n<\/tr>\n<tr>\n<td rowspan=\"2\">Certification et conformit\u00e9<\/td>\n<td>Certifi\u00e9 EN 15194<\/td>\n<td>Oui<\/td>\n<\/tr>\n<tr>\n<td>Certification<\/td>\n<td>CE, EN 15194, UL2271<\/td>\n<\/tr>\n<tr>\n<td rowspan=\"3\">Garantie et assistance<\/td>\n<td>P\u00e9riode de garantie globale<\/td>\n<td>Garantie limit\u00e9e de 1 an<\/td>\n<\/tr>\n<tr>\n<td>Garantie de la batterie<\/td>\n<td>1 an \u00e0 compter de la date d'achat originale<\/td>\n<\/tr>\n<tr>\n<td>Garantie du cadre<\/td>\n<td>2 ans<\/td>\n<\/tr>\n<tr>\n<td rowspan=\"2\">Assemblage et livraison<\/td>\n<td>Assemblage n\u00e9cessaire<\/td>\n<td>90% pr\u00e9-assembl\u00e9 (roue avant, p\u00e9dales, r\u00e9glage du guidon)<\/td>\n<\/tr>\n<tr>\n<td>Instructions de montage<\/td>\n<td>Manuel multilingue inclus<\/td>\n<\/tr>\n<\/tbody>\n<\/table>\n<p>Le <strong>Pixar Star 1 V\u00e9lo \u00e9lectrique<\/strong> est votre compagnon fiable pour les trajets quotidiens, les explorations du week-end et les voyages durables. Gr\u00e2ce \u00e0 ses performances puissantes, ses fonctions intelligentes et son design pliable, il vous garantit des trajets s\u00fbrs et \u00e9l\u00e9gants, o\u00f9 que vous alliez.<\/p>\n<p><img loading=\"lazy\" decoding=\"async\" class=\"alignnone size-full wp-image-3846\" src=\"https:\/\/galaxybicycle.com\/wp-content\/uploads\/2025\/09\/Star1_01.jpg\" alt=\"\" width=\"1563\" height=\"2529\" title=\"\" srcset=\"https:\/\/galaxybicycle.com\/wp-content\/uploads\/2025\/09\/Star1_01.jpg 1563w, https:\/\/galaxybicycle.com\/wp-content\/uploads\/2025\/09\/Star1_01-185x300.jpg 185w, https:\/\/galaxybicycle.com\/wp-content\/uploads\/2025\/09\/Star1_01-633x1024.jpg 633w, https:\/\/galaxybicycle.com\/wp-content\/uploads\/2025\/09\/Star1_01-768x1243.jpg 768w, https:\/\/galaxybicycle.com\/wp-content\/uploads\/2025\/09\/Star1_01-949x1536.jpg 949w, https:\/\/galaxybicycle.com\/wp-content\/uploads\/2025\/09\/Star1_01-1266x2048.jpg 1266w, https:\/\/galaxybicycle.com\/wp-content\/uploads\/2025\/09\/Star1_01-7x12.jpg 7w, https:\/\/galaxybicycle.com\/wp-content\/uploads\/2025\/09\/Star1_01-1000x1618.jpg 1000w\" sizes=\"auto, (max-width: 1563px) 100vw, 1563px\" \/> <img loading=\"lazy\" decoding=\"async\" class=\"alignnone size-full wp-image-3847\" src=\"https:\/\/galaxybicycle.com\/wp-content\/uploads\/2025\/09\/Star1_02.jpg\" alt=\"\" width=\"1563\" height=\"1945\" title=\"\" srcset=\"https:\/\/galaxybicycle.com\/wp-content\/uploads\/2025\/09\/Star1_02.jpg 1563w, https:\/\/galaxybicycle.com\/wp-content\/uploads\/2025\/09\/Star1_02-241x300.jpg 241w, https:\/\/galaxybicycle.com\/wp-content\/uploads\/2025\/09\/Star1_02-823x1024.jpg 823w, https:\/\/galaxybicycle.com\/wp-content\/uploads\/2025\/09\/Star1_02-768x956.jpg 768w, https:\/\/galaxybicycle.com\/wp-content\/uploads\/2025\/09\/Star1_02-1234x1536.jpg 1234w, https:\/\/galaxybicycle.com\/wp-content\/uploads\/2025\/09\/Star1_02-10x12.jpg 10w, https:\/\/galaxybicycle.com\/wp-content\/uploads\/2025\/09\/Star1_02-1000x1244.jpg 1000w\" sizes=\"auto, (max-width: 1563px) 100vw, 1563px\" \/> <img loading=\"lazy\" decoding=\"async\" class=\"alignnone size-full wp-image-3848\" src=\"https:\/\/galaxybicycle.com\/wp-content\/uploads\/2025\/09\/Star1_03.jpg\" alt=\"\" width=\"1563\" height=\"760\" title=\"\" srcset=\"https:\/\/galaxybicycle.com\/wp-content\/uploads\/2025\/09\/Star1_03.jpg 1563w, https:\/\/galaxybicycle.com\/wp-content\/uploads\/2025\/09\/Star1_03-300x146.jpg 300w, https:\/\/galaxybicycle.com\/wp-content\/uploads\/2025\/09\/Star1_03-1024x498.jpg 1024w, https:\/\/galaxybicycle.com\/wp-content\/uploads\/2025\/09\/Star1_03-768x373.jpg 768w, https:\/\/galaxybicycle.com\/wp-content\/uploads\/2025\/09\/Star1_03-1536x747.jpg 1536w, https:\/\/galaxybicycle.com\/wp-content\/uploads\/2025\/09\/Star1_03-18x9.jpg 18w, https:\/\/galaxybicycle.com\/wp-content\/uploads\/2025\/09\/Star1_03-1000x486.jpg 1000w\" sizes=\"auto, (max-width: 1563px) 100vw, 1563px\" \/> <img loading=\"lazy\" decoding=\"async\" class=\"alignnone size-full wp-image-3849\" src=\"https:\/\/galaxybicycle.com\/wp-content\/uploads\/2025\/09\/Star1_04.jpg\" alt=\"\" width=\"1563\" height=\"1300\" title=\"\" srcset=\"https:\/\/galaxybicycle.com\/wp-content\/uploads\/2025\/09\/Star1_04.jpg 1563w, https:\/\/galaxybicycle.com\/wp-content\/uploads\/2025\/09\/Star1_04-300x250.jpg 300w, https:\/\/galaxybicycle.com\/wp-content\/uploads\/2025\/09\/Star1_04-1024x852.jpg 1024w, https:\/\/galaxybicycle.com\/wp-content\/uploads\/2025\/09\/Star1_04-768x639.jpg 768w, https:\/\/galaxybicycle.com\/wp-content\/uploads\/2025\/09\/Star1_04-1536x1278.jpg 1536w, https:\/\/galaxybicycle.com\/wp-content\/uploads\/2025\/09\/Star1_04-14x12.jpg 14w, https:\/\/galaxybicycle.com\/wp-content\/uploads\/2025\/09\/Star1_04-1000x832.jpg 1000w\" sizes=\"auto, (max-width: 1563px) 100vw, 1563px\" \/> <img loading=\"lazy\" decoding=\"async\" class=\"alignnone size-full wp-image-3850\" src=\"https:\/\/galaxybicycle.com\/wp-content\/uploads\/2025\/09\/Star1_05.jpg\" alt=\"\" width=\"1563\" height=\"1372\" title=\"\" srcset=\"https:\/\/galaxybicycle.com\/wp-content\/uploads\/2025\/09\/Star1_05.jpg 1563w, https:\/\/galaxybicycle.com\/wp-content\/uploads\/2025\/09\/Star1_05-300x263.jpg 300w, https:\/\/galaxybicycle.com\/wp-content\/uploads\/2025\/09\/Star1_05-1024x899.jpg 1024w, https:\/\/galaxybicycle.com\/wp-content\/uploads\/2025\/09\/Star1_05-768x674.jpg 768w, https:\/\/galaxybicycle.com\/wp-content\/uploads\/2025\/09\/Star1_05-1536x1348.jpg 1536w, https:\/\/galaxybicycle.com\/wp-content\/uploads\/2025\/09\/Star1_05-14x12.jpg 14w, https:\/\/galaxybicycle.com\/wp-content\/uploads\/2025\/09\/Star1_05-1000x878.jpg 1000w\" sizes=\"auto, (max-width: 1563px) 100vw, 1563px\" \/> <img loading=\"lazy\" decoding=\"async\" class=\"alignnone size-full wp-image-3851\" src=\"https:\/\/galaxybicycle.com\/wp-content\/uploads\/2025\/09\/Star1_06.jpg\" alt=\"\" width=\"1563\" height=\"1927\" title=\"\" srcset=\"https:\/\/galaxybicycle.com\/wp-content\/uploads\/2025\/09\/Star1_06.jpg 1563w, https:\/\/galaxybicycle.com\/wp-content\/uploads\/2025\/09\/Star1_06-243x300.jpg 243w, https:\/\/galaxybicycle.com\/wp-content\/uploads\/2025\/09\/Star1_06-831x1024.jpg 831w, https:\/\/galaxybicycle.com\/wp-content\/uploads\/2025\/09\/Star1_06-768x947.jpg 768w, https:\/\/galaxybicycle.com\/wp-content\/uploads\/2025\/09\/Star1_06-1246x1536.jpg 1246w, https:\/\/galaxybicycle.com\/wp-content\/uploads\/2025\/09\/Star1_06-10x12.jpg 10w, https:\/\/galaxybicycle.com\/wp-content\/uploads\/2025\/09\/Star1_06-1000x1233.jpg 1000w\" sizes=\"auto, (max-width: 1563px) 100vw, 1563px\" \/> <img loading=\"lazy\" decoding=\"async\" class=\"alignnone size-full wp-image-3852\" src=\"https:\/\/galaxybicycle.com\/wp-content\/uploads\/2025\/09\/Star1_07.jpg\" alt=\"\" width=\"1563\" height=\"1790\" title=\"\" srcset=\"https:\/\/galaxybicycle.com\/wp-content\/uploads\/2025\/09\/Star1_07.jpg 1563w, https:\/\/galaxybicycle.com\/wp-content\/uploads\/2025\/09\/Star1_07-262x300.jpg 262w, https:\/\/galaxybicycle.com\/wp-content\/uploads\/2025\/09\/Star1_07-894x1024.jpg 894w, https:\/\/galaxybicycle.com\/wp-content\/uploads\/2025\/09\/Star1_07-768x880.jpg 768w, https:\/\/galaxybicycle.com\/wp-content\/uploads\/2025\/09\/Star1_07-1341x1536.jpg 1341w, https:\/\/galaxybicycle.com\/wp-content\/uploads\/2025\/09\/Star1_07-10x12.jpg 10w, https:\/\/galaxybicycle.com\/wp-content\/uploads\/2025\/09\/Star1_07-1000x1145.jpg 1000w\" sizes=\"auto, (max-width: 1563px) 100vw, 1563px\" \/> <img loading=\"lazy\" decoding=\"async\" class=\"alignnone size-full wp-image-3853\" src=\"https:\/\/galaxybicycle.com\/wp-content\/uploads\/2025\/09\/Star1_08.jpg\" alt=\"\" width=\"1563\" height=\"1512\" title=\"\" srcset=\"https:\/\/galaxybicycle.com\/wp-content\/uploads\/2025\/09\/Star1_08.jpg 1563w, https:\/\/galaxybicycle.com\/wp-content\/uploads\/2025\/09\/Star1_08-300x290.jpg 300w, https:\/\/galaxybicycle.com\/wp-content\/uploads\/2025\/09\/Star1_08-1024x991.jpg 1024w, https:\/\/galaxybicycle.com\/wp-content\/uploads\/2025\/09\/Star1_08-768x743.jpg 768w, https:\/\/galaxybicycle.com\/wp-content\/uploads\/2025\/09\/Star1_08-1536x1486.jpg 1536w, https:\/\/galaxybicycle.com\/wp-content\/uploads\/2025\/09\/Star1_08-12x12.jpg 12w, https:\/\/galaxybicycle.com\/wp-content\/uploads\/2025\/09\/Star1_08-1000x967.jpg 1000w\" sizes=\"auto, (max-width: 1563px) 100vw, 1563px\" \/> <img loading=\"lazy\" decoding=\"async\" class=\"alignnone size-full wp-image-3854\" src=\"https:\/\/galaxybicycle.com\/wp-content\/uploads\/2025\/09\/Star1_09.jpg\" alt=\"\" width=\"1563\" height=\"1707\" title=\"\" srcset=\"https:\/\/galaxybicycle.com\/wp-content\/uploads\/2025\/09\/Star1_09.jpg 1563w, https:\/\/galaxybicycle.com\/wp-content\/uploads\/2025\/09\/Star1_09-275x300.jpg 275w, https:\/\/galaxybicycle.com\/wp-content\/uploads\/2025\/09\/Star1_09-938x1024.jpg 938w, https:\/\/galaxybicycle.com\/wp-content\/uploads\/2025\/09\/Star1_09-768x839.jpg 768w, https:\/\/galaxybicycle.com\/wp-content\/uploads\/2025\/09\/Star1_09-1406x1536.jpg 1406w, https:\/\/galaxybicycle.com\/wp-content\/uploads\/2025\/09\/Star1_09-11x12.jpg 11w, https:\/\/galaxybicycle.com\/wp-content\/uploads\/2025\/09\/Star1_09-1000x1092.jpg 1000w\" sizes=\"auto, (max-width: 1563px) 100vw, 1563px\" \/> <img loading=\"lazy\" decoding=\"async\" class=\"alignnone size-full wp-image-3855\" src=\"https:\/\/galaxybicycle.com\/wp-content\/uploads\/2025\/09\/Star1_10.jpg\" alt=\"\" width=\"1563\" height=\"1547\" title=\"\" srcset=\"https:\/\/galaxybicycle.com\/wp-content\/uploads\/2025\/09\/Star1_10.jpg 1563w, https:\/\/galaxybicycle.com\/wp-content\/uploads\/2025\/09\/Star1_10-300x297.jpg 300w, https:\/\/galaxybicycle.com\/wp-content\/uploads\/2025\/09\/Star1_10-1024x1014.jpg 1024w, https:\/\/galaxybicycle.com\/wp-content\/uploads\/2025\/09\/Star1_10-768x760.jpg 768w, https:\/\/galaxybicycle.com\/wp-content\/uploads\/2025\/09\/Star1_10-1536x1520.jpg 1536w, https:\/\/galaxybicycle.com\/wp-content\/uploads\/2025\/09\/Star1_10-12x12.jpg 12w, https:\/\/galaxybicycle.com\/wp-content\/uploads\/2025\/09\/Star1_10-1000x990.jpg 1000w, https:\/\/galaxybicycle.com\/wp-content\/uploads\/2025\/09\/Star1_10-100x100.jpg 100w\" sizes=\"auto, (max-width: 1563px) 100vw, 1563px\" \/><\/p>","protected":false},"excerpt":{"rendered":"<p>D\u00e9couvrez le v\u00e9lo \u00e9lectrique Pixar Star 1 - un mini-v\u00e9lo \u00e9lectrique puissant et \u00e9l\u00e9gant dot\u00e9 d'un moteur sans balai de 500 W, d'une batterie au lithium de 48 V15 AHA et d'un syst\u00e8me de changement de vitesse \u00e0 21 rapports. Con\u00e7u pour le confort et la performance, il offre une autonomie de plus de 60 km, des vitesses rapides et une conduite souple pour les trajets urbains ou les aventures en plein air.<\/p>","protected":false},"featured_media":4041,"comment_status":"open","ping_status":"closed","template":"","meta":[],"product_brand":[36],"product_cat":[41,40],"product_tag":[],"class_list":{"0":"post-3845","1":"product","2":"type-product","3":"status-publish","4":"has-post-thumbnail","6":"product_brand-pixar","7":"product_cat-pixar-electric-bikes","8":"product_cat-eu-warehourse","10":"first","11":"instock","12":"shipping-taxable","13":"product-type-simple"},"_links":{"self":[{"href":"https:\/\/galaxybicycle.com\/fr\/wp-json\/wp\/v2\/product\/3845","targetHints":{"allow":["GET"]}}],"collection":[{"href":"https:\/\/galaxybicycle.com\/fr\/wp-json\/wp\/v2\/product"}],"about":[{"href":"https:\/\/galaxybicycle.com\/fr\/wp-json\/wp\/v2\/types\/product"}],"replies":[{"embeddable":true,"href":"https:\/\/galaxybicycle.com\/fr\/wp-json\/wp\/v2\/comments?post=3845"}],"wp:featuredmedia":[{"embeddable":true,"href":"https:\/\/galaxybicycle.com\/fr\/wp-json\/wp\/v2\/media\/4041"}],"wp:attachment":[{"href":"https:\/\/galaxybicycle.com\/fr\/wp-json\/wp\/v2\/media?parent=3845"}],"wp:term":[{"taxonomy":"product_brand","embeddable":true,"href":"https:\/\/galaxybicycle.com\/fr\/wp-json\/wp\/v2\/product_brand?post=3845"},{"taxonomy":"product_cat","embeddable":true,"href":"https:\/\/galaxybicycle.com\/fr\/wp-json\/wp\/v2\/product_cat?post=3845"},{"taxonomy":"product_tag","embeddable":true,"href":"https:\/\/galaxybicycle.com\/fr\/wp-json\/wp\/v2\/product_tag?post=3845"}],"curies":[{"name":"wp","href":"https:\/\/api.w.org\/{rel}","templated":true}]}}