{"id":3839,"date":"2025-09-09T01:17:31","date_gmt":"2025-09-09T01:17:31","guid":{"rendered":"https:\/\/galaxybicycle.com\/?post_type=product&#038;p=3839"},"modified":"2025-11-12T04:42:17","modified_gmt":"2025-11-12T04:42:17","slug":"pixar-ride1","status":"publish","type":"product","link":"https:\/\/galaxybicycle.com\/fr\/product\/pixar-ride1\/","title":{"rendered":"Pixar Ride1 V\u00e9lo \u00e9lectrique 500W | V\u00e9lo \u00e9lectrique puissant pour la ville et le hors-piste"},"content":{"rendered":"<p><strong>Pixar Ride1 V\u00e9lo \u00e9lectrique<\/strong> est con\u00e7u pour les pilotes qui recherchent le m\u00e9lange id\u00e9al de <em>force, style et performance<\/em>. Parfait pour les trajets quotidiens, les balades en ville ou les sentiers hors route, il offre une puissance et une stabilit\u00e9 fiables o\u00f9 que vous alliez.<\/p>\n<p>Aliment\u00e9 par un <strong>Batterie lithium-ion 48V 10,4Ah avec cellules EVE<\/strong> et un <strong>Moteur sans balai de 500W \u00e0 moyeu arri\u00e8re (CZJB)<\/strong>, Le Ride1 offre une acc\u00e9l\u00e9ration en douceur et des performances constantes. Atteignez des vitesses allant jusqu'\u00e0 <strong>25 km\/h<\/strong> (r\u00e9glable jusqu'\u00e0 32 km\/h) avec un <strong>Port\u00e9e de 35 \u00e0 45 km<\/strong> en mode d'assistance \u00e0 la p\u00e9dale.<\/p>\n<p>Conqu\u00e9rir des terrains vari\u00e9s en toute confiance gr\u00e2ce \u00e0 <strong>Pneus larges 20\u201d x 4\u201d Chaoyang<\/strong> r\u00e9sistant \u00e0 la perforation. Les <strong>syst\u00e8me de suspension double complet<\/strong>-La fourche avant r\u00e9glable et l'amortisseur arri\u00e8re absorbent les chocs pour une conduite souple et contr\u00f4l\u00e9e.<\/p>\n<p>D\u00e9placez-vous sans effort avec le <strong>Transmission Shimano \u00e0 7 vitesses<\/strong>, cesser d'utiliser en toute s\u00e9curit\u00e9 <strong>freins \u00e0 disque m\u00e9caniques<\/strong> (rotors de 180 mm \u00e0 l'avant et \u00e0 l'arri\u00e8re), et surveillez votre conduite gr\u00e2ce \u00e0 l'interface claire de l'ordinateur. <strong>\u00c9cran LCD<\/strong> avec port de charge Type-C. Cinq niveaux d'assistance, un mode d'assistance \u00e0 la marche et un acc\u00e9l\u00e9rateur \u00e0 demi-tour mettent le contr\u00f4le total au bout de vos doigts.<\/p>\n<p>Construit sur une base durable <strong>cadre de passage en acier de haute qualit\u00e9<\/strong>, Il prend en charge jusqu'\u00e0 <strong>120 kg<\/strong> et convient aux cavaliers <strong>155-190 cm<\/strong> grand. Les <strong>batterie amovible conforme \u00e0 la norme IP65<\/strong> charges en <strong>4-6 heures<\/strong>, tandis que <strong>\u00c9tanch\u00e9it\u00e9 globale IP54<\/strong> garantit une fiabilit\u00e9 \u00e0 toute \u00e9preuve.<\/p>\n<p>La praticit\u00e9 rencontre le style avec un <strong>finition noire et grise<\/strong>, <strong>feux avant et arri\u00e8re int\u00e9gr\u00e9s<\/strong>, <strong>ailes compl\u00e8tes<\/strong>, <strong>porte-bagages arri\u00e8re en acier<\/strong> (rack avant en option), et un <strong>cloche m\u00e9canique<\/strong>. Une b\u00e9quille robuste et un kit d'outils inclus facilitent l'installation et l'entretien.<\/p>\n<h3>Caract\u00e9ristiques principales :<\/h3>\n<ul>\n<li><strong>Moteur puissant de 500 W :<\/strong> Vitesse maximale de 25 km\/h (r\u00e9glable jusqu'\u00e0 32 km\/h), mont\u00e9e jusqu'\u00e0 15\u00b0.<\/li>\n<li><strong>Batterie \u00e0 longue port\u00e9e :<\/strong> Cellules EVE 48V 10,4Ah, 35-45 km par charge, amovibles et \u00e0 charge rapide.<\/li>\n<li><strong>Suspension souple :<\/strong> Fourche avant et amortisseur arri\u00e8re r\u00e9glables, associ\u00e9s \u00e0 des pneus larges pour un confort sup\u00e9rieur.<\/li>\n<li><strong>Cadre robuste :<\/strong> Acier de haute qualit\u00e9, charge maximale de 120 kg, conception en escalier.<\/li>\n<li><strong>Freinage en toute s\u00e9curit\u00e9 :<\/strong> Freins \u00e0 disque m\u00e9caniques avec coupure d'alimentation, rotors de 180 mm.<\/li>\n<li><strong>Pr\u00eat \u00e0 rouler :<\/strong> \u00c9cran LCD, transmission Shimano \u00e0 7 vitesses, \u00e9clairage, garde-boue, porte-bagages et trousse \u00e0 outils inclus.<\/li>\n<\/ul>\n<h3>Sp\u00e9cifications :<\/h3>\n<table width=\"1106\">\n<tbody>\n<tr>\n<td colspan=\"3\" width=\"611\">Pixar Ride E-bike - Param\u00e8tres du produit (march\u00e9 europ\u00e9en)<\/td>\n<\/tr>\n<tr>\n<td>\/<\/td>\n<td width=\"224\">Param\u00e8tres<\/td>\n<td width=\"494\">Valeur<\/td>\n<\/tr>\n<tr>\n<td rowspan=\"14\">Sp\u00e9cifications g\u00e9n\u00e9rales<\/td>\n<td width=\"224\">Gamme<\/td>\n<td width=\"494\">35-45 km (mode assistance au p\u00e9dalage)<\/td>\n<\/tr>\n<tr>\n<td width=\"224\">Vitesse maximale<\/td>\n<td width=\"494\">25 km\/h (limite Pedelec, r\u00e9glable jusqu'\u00e0 32 km\/h)<\/td>\n<\/tr>\n<tr>\n<td width=\"224\">Dimensions<\/td>\n<td width=\"494\">175 \u00d7 69 \u00d7 120 cm (L \u00d7 L \u00d7 H)<\/td>\n<\/tr>\n<tr>\n<td width=\"224\">Capacit\u00e9 de charge maximale<\/td>\n<td width=\"494\">120 kg<\/td>\n<\/tr>\n<tr>\n<td width=\"224\">Poids net<\/td>\n<td width=\"494\">36,4 kg<\/td>\n<\/tr>\n<tr>\n<td width=\"224\">Poids brut<\/td>\n<td width=\"494\">43,5 kg<\/td>\n<\/tr>\n<tr>\n<td width=\"224\">Dimensions de l'emballage<\/td>\n<td width=\"494\">145 x 30 x 77cm<\/td>\n<\/tr>\n<tr>\n<td width=\"224\">Qt\u00e9 pour 1\u00d740HQ Container<\/td>\n<td width=\"494\">196 pi\u00e8ces<\/td>\n<\/tr>\n<tr>\n<td width=\"224\">Hauteur recommand\u00e9e pour le cavalier<\/td>\n<td width=\"494\">155-190 cm<\/td>\n<\/tr>\n<tr>\n<td width=\"224\">Options de couleurs<\/td>\n<td width=\"494\">Noir et gris<\/td>\n<\/tr>\n<tr>\n<td width=\"224\">Pliable<\/td>\n<td width=\"494\">Non<\/td>\n<\/tr>\n<tr>\n<td width=\"224\">Indice IP<\/td>\n<td width=\"494\">IP54<\/td>\n<\/tr>\n<tr>\n<td width=\"224\">Temp\u00e9rature de fonctionnement<\/td>\n<td width=\"494\">De -10\u00b0C \u00e0 +45\u00b0C<\/td>\n<\/tr>\n<tr>\n<td width=\"224\">Cat\u00e9gorie de v\u00e9lo<\/td>\n<td width=\"494\">Loisirs\/Ville\/Travailleur urbain<\/td>\n<\/tr>\n<tr>\n<td rowspan=\"7\">Syst\u00e8me de batterie<\/td>\n<td width=\"224\">Capacit\u00e9 et type de batterie<\/td>\n<td width=\"494\">48V 10.4Ah Lithium-ion (cellules EVE)<\/td>\n<\/tr>\n<tr>\n<td width=\"224\">Poids de la batterie<\/td>\n<td width=\"494\">3kg<\/td>\n<\/tr>\n<tr>\n<td width=\"224\">Batterie amovible<\/td>\n<td width=\"494\">Oui<\/td>\n<\/tr>\n<tr>\n<td width=\"224\">Batterie Indice de protection IP<\/td>\n<td width=\"494\">IP65<\/td>\n<\/tr>\n<tr>\n<td width=\"224\">Certification des batteries<\/td>\n<td width=\"494\">Conforme \u00e0 la norme EN 62133<\/td>\n<\/tr>\n<tr>\n<td width=\"224\">Temps de charge<\/td>\n<td width=\"494\">4-6 heures (max 6 heures)<\/td>\n<\/tr>\n<tr>\n<td width=\"224\">Chargeur<\/td>\n<td width=\"494\">Chargeur intelligent 54,6V 2A<\/td>\n<\/tr>\n<tr>\n<td rowspan=\"4\">Moteur et syst\u00e8me d'entra\u00eenement<\/td>\n<td width=\"224\">Type de moteur<\/td>\n<td width=\"494\">Moteur sans balai \u00e0 moyeu arri\u00e8re<\/td>\n<\/tr>\n<tr>\n<td width=\"224\">Marque du moteur<\/td>\n<td width=\"494\">CZJB<\/td>\n<\/tr>\n<tr>\n<td width=\"224\">Moteur<\/td>\n<td width=\"494\">Moteur de moyeu arri\u00e8re \u00e0 grande vitesse 48V500W<\/td>\n<\/tr>\n<tr>\n<td width=\"224\">Pente maximale de mont\u00e9e<\/td>\n<td width=\"494\">15\u00b0 (environ 27% grade)<\/td>\n<\/tr>\n<tr>\n<td rowspan=\"7\">Syst\u00e8me de contr\u00f4le<\/td>\n<td width=\"224\">Affichage<\/td>\n<td width=\"494\">SW-K618 + TYPE C<\/td>\n<\/tr>\n<tr>\n<td width=\"224\">Niveaux d'assistance<\/td>\n<td width=\"494\">5 niveaux (0-5)<\/td>\n<\/tr>\n<tr>\n<td width=\"224\">Acc\u00e9l\u00e9rateur<\/td>\n<td width=\"494\">Acc\u00e9l\u00e9rateur \u00e0 demi-tour<\/td>\n<\/tr>\n<tr>\n<td width=\"224\">Capteurs<\/td>\n<td width=\"494\">Capteur de vitesse (12 aimants)<\/td>\n<\/tr>\n<tr>\n<td width=\"224\">Port de charge<\/td>\n<td width=\"494\">Oui (Type-C sur l'\u00e9cran)<\/td>\n<\/tr>\n<tr>\n<td width=\"224\">Mode d'assistance \u00e0 la marche<\/td>\n<td width=\"494\">6 km\/h (maintenir la touche \u201c-\u201d enfonc\u00e9e)<\/td>\n<\/tr>\n<tr>\n<td width=\"224\">R\u00e9tro-\u00e9clairage<\/td>\n<td width=\"494\">Oui<\/td>\n<\/tr>\n<tr>\n<td rowspan=\"4\">Cadre et fourche<\/td>\n<td width=\"224\">Mat\u00e9riau du cadre<\/td>\n<td width=\"494\">Acier de haute qualit\u00e9<\/td>\n<\/tr>\n<tr>\n<td width=\"224\">Type de cadre<\/td>\n<td width=\"494\">Pas \u00e0 pas (pas bas)<\/td>\n<\/tr>\n<tr>\n<td width=\"224\">Suspension avant<\/td>\n<td width=\"494\">Amortisseur r\u00e9glable<\/td>\n<\/tr>\n<tr>\n<td width=\"224\">Fourche avant<\/td>\n<td width=\"494\">Fourche suspendue avec support de frein \u00e0 disque<\/td>\n<\/tr>\n<tr>\n<td rowspan=\"6\">Transmission<\/td>\n<td width=\"224\">Cha\u00eene<\/td>\n<td width=\"494\">1\/2\u2033*3\/32\u2033*116L<\/td>\n<\/tr>\n<tr>\n<td width=\"224\">P\u00e9dalier<\/td>\n<td width=\"494\">1\/2*3\/32\u2033*52T*152L, alliage<\/td>\n<\/tr>\n<tr>\n<td width=\"224\">Roue libre<\/td>\n<td width=\"494\">7 vitesses, roue libre 14-28T (filet\u00e9e)<\/td>\n<\/tr>\n<tr>\n<td width=\"224\">D\u00e9railleur arri\u00e8re<\/td>\n<td width=\"494\">Shimano 7 vitesses (compatible avec 14-28T)<\/td>\n<\/tr>\n<tr>\n<td width=\"224\">D\u00e9railleur avant<\/td>\n<td width=\"494\">Aucun (plateau simple)<\/td>\n<\/tr>\n<tr>\n<td width=\"224\">Shifter (changement de vitesse)<\/td>\n<td width=\"494\">Shimano 7 vitesses<\/td>\n<\/tr>\n<tr>\n<td rowspan=\"5\">Roues et pneus<\/td>\n<td width=\"224\">Taille de la roue<\/td>\n<td width=\"494\">20 pouces*4<\/td>\n<\/tr>\n<tr>\n<td width=\"224\">Les rayons<\/td>\n<td width=\"494\">12G \u00d7 174 mm, conforme \u00e0 la norme EN 15194<\/td>\n<\/tr>\n<tr>\n<td width=\"224\">Marque du pneu<\/td>\n<td width=\"494\">Chaoyang<\/td>\n<\/tr>\n<tr>\n<td width=\"224\">Protection contre la perforation<\/td>\n<td width=\"494\">R\u00e9sistant \u00e0 la perforation<\/td>\n<\/tr>\n<tr>\n<td width=\"224\">Tube int\u00e9rieur<\/td>\n<td width=\"494\">20\u2033 \u00d7 4.0\u2033, valve A\/V 35mm<\/td>\n<\/tr>\n<tr>\n<td rowspan=\"4\">Syst\u00e8me de freinage<\/td>\n<td width=\"224\">Type de frein<\/td>\n<td width=\"494\">Freins \u00e0 disque m\u00e9caniques (avant et arri\u00e8re)<\/td>\n<\/tr>\n<tr>\n<td width=\"224\">Freins<\/td>\n<td width=\"494\">Freins \u00e0 coupure de courant<\/td>\n<\/tr>\n<tr>\n<td width=\"224\">Rotors de frein<\/td>\n<td width=\"494\">180 mm (avant et arri\u00e8re)<\/td>\n<\/tr>\n<tr>\n<td width=\"224\">Leviers de frein<\/td>\n<td width=\"494\">Conception tout aluminium, \u00e0 profil bas, avec coupure du moteur<\/td>\n<\/tr>\n<tr>\n<td rowspan=\"7\">Cockpit et composants<\/td>\n<td width=\"224\">Guidon<\/td>\n<td width=\"494\">Alliage d'aluminium, largeur 26\u2033 (660mm), collier \u00d831.8mm<\/td>\n<\/tr>\n<tr>\n<td width=\"224\">Tige<\/td>\n<td width=\"494\">Ajuster uniquement la tige<\/td>\n<\/tr>\n<tr>\n<td width=\"224\">Selle<\/td>\n<td width=\"494\">P\u00e9dales \u00e0 plateforme en alliage d'aluminium, axe 9\/16\u2033.<\/td>\n<\/tr>\n<tr>\n<td width=\"224\">Hauteur de la selle<\/td>\n<td width=\"494\">900-1000 mm<\/td>\n<\/tr>\n<tr>\n<td width=\"224\">Tige de selle<\/td>\n<td width=\"494\">Alliage d'aluminium de 28,6 mm, angle r\u00e9glable<\/td>\n<\/tr>\n<tr>\n<td width=\"224\">Lib\u00e9ration rapide<\/td>\n<td width=\"494\">Oui (roue avant et tige de selle)<\/td>\n<\/tr>\n<tr>\n<td width=\"224\">P\u00e9dales<\/td>\n<td width=\"494\">P\u00e9dales en alliage d'aluminium avec r\u00e9flecteurs<\/td>\n<\/tr>\n<tr>\n<td rowspan=\"3\">Eclairage et s\u00e9curit\u00e9<\/td>\n<td width=\"224\">Phare<\/td>\n<td width=\"494\">Phare int\u00e9gr\u00e9 avec d\u00e9connexion \u00e9tanche<\/td>\n<\/tr>\n<tr>\n<td width=\"224\">Feu arri\u00e8re<\/td>\n<td width=\"494\">Feu arri\u00e8re int\u00e9gr\u00e9 avec d\u00e9connexion \u00e9tanche<\/td>\n<\/tr>\n<tr>\n<td width=\"224\">Cloche\/Corne<\/td>\n<td width=\"494\">Cloche m\u00e9canique incluse<\/td>\n<\/tr>\n<tr>\n<td rowspan=\"5\">\u00c9quipement suppl\u00e9mentaire<\/td>\n<td width=\"224\">B\u00e9quille<\/td>\n<td width=\"494\">B\u00e9quille robuste en aluminium<\/td>\n<\/tr>\n<tr>\n<td width=\"224\">Garde-boue et garde-fous<\/td>\n<td width=\"494\">Garde-boue avant et arri\u00e8re inclus<\/td>\n<\/tr>\n<tr>\n<td width=\"224\">Porte-bagages arri\u00e8re<\/td>\n<td width=\"494\">Porte-bagages arri\u00e8re en acier inclus<\/td>\n<\/tr>\n<tr>\n<td width=\"224\">Rayon avant<\/td>\n<td width=\"494\">En option<\/td>\n<\/tr>\n<tr>\n<td width=\"224\">Bo\u00eete \u00e0 outils incluse<\/td>\n<td width=\"494\">Oui (3\u00d7 cl\u00e9, 1\u00d7 tournevis, 5\u00d7 cl\u00e9 hexagonale)<\/td>\n<\/tr>\n<tr>\n<td rowspan=\"2\">Certification et conformit\u00e9<\/td>\n<td width=\"224\">Certifi\u00e9 EN 15194<\/td>\n<td width=\"494\">Oui<\/td>\n<\/tr>\n<tr>\n<td width=\"224\">Certification<\/td>\n<td width=\"494\">CE, EN 15194, UL2271<\/td>\n<\/tr>\n<tr>\n<td rowspan=\"3\">Garantie et assistance<\/td>\n<td width=\"224\">P\u00e9riode de garantie globale<\/td>\n<td width=\"494\">Garantie limit\u00e9e de 1 an<\/td>\n<\/tr>\n<tr>\n<td width=\"224\">Garantie de la batterie<\/td>\n<td width=\"494\">1 an \u00e0 compter de la date d'achat originale<\/td>\n<\/tr>\n<tr>\n<td width=\"224\">Garantie du cadre<\/td>\n<td width=\"494\">2 ans<\/td>\n<\/tr>\n<tr>\n<td rowspan=\"2\">Assemblage et livraison<\/td>\n<td width=\"224\">Assemblage n\u00e9cessaire<\/td>\n<td width=\"494\">90% pr\u00e9-assembl\u00e9 (roue avant, p\u00e9dales, r\u00e9glage du guidon)<\/td>\n<\/tr>\n<tr>\n<td width=\"224\">Instructions de montage<\/td>\n<td width=\"494\">Manuel multilingue inclus<\/td>\n<\/tr>\n<\/tbody>\n<\/table>\n<p><em>Qu'il s'agisse de trajets quotidiens ou d'explorations de fin de semaine, le <strong>Pixar Ride1 V\u00e9lo \u00e9lectrique<\/strong> est votre compagnon polyvalent et fiable. Roulez plus intelligemment, plus fort et plus loin - tout voyage commence ici.<\/em><\/p>\n<p>&nbsp;<\/p>\n<p><img loading=\"lazy\" decoding=\"async\" class=\"alignnone size-full wp-image-3893\" src=\"https:\/\/galaxybicycle.com\/wp-content\/uploads\/2025\/09\/Ride-1_01.jpg\" alt=\"\" width=\"1563\" height=\"2520\" title=\"\" srcset=\"https:\/\/galaxybicycle.com\/wp-content\/uploads\/2025\/09\/Ride-1_01.jpg 1563w, https:\/\/galaxybicycle.com\/wp-content\/uploads\/2025\/09\/Ride-1_01-186x300.jpg 186w, https:\/\/galaxybicycle.com\/wp-content\/uploads\/2025\/09\/Ride-1_01-635x1024.jpg 635w, https:\/\/galaxybicycle.com\/wp-content\/uploads\/2025\/09\/Ride-1_01-768x1238.jpg 768w, https:\/\/galaxybicycle.com\/wp-content\/uploads\/2025\/09\/Ride-1_01-953x1536.jpg 953w, https:\/\/galaxybicycle.com\/wp-content\/uploads\/2025\/09\/Ride-1_01-1270x2048.jpg 1270w, https:\/\/galaxybicycle.com\/wp-content\/uploads\/2025\/09\/Ride-1_01-7x12.jpg 7w, https:\/\/galaxybicycle.com\/wp-content\/uploads\/2025\/09\/Ride-1_01-1000x1612.jpg 1000w\" sizes=\"auto, (max-width: 1563px) 100vw, 1563px\" \/> <img loading=\"lazy\" decoding=\"async\" class=\"alignnone size-full wp-image-3894\" src=\"https:\/\/galaxybicycle.com\/wp-content\/uploads\/2025\/09\/Ride-1_02.jpg\" alt=\"\" width=\"1461\" height=\"2560\" title=\"\" srcset=\"https:\/\/galaxybicycle.com\/wp-content\/uploads\/2025\/09\/Ride-1_02.jpg 1461w, https:\/\/galaxybicycle.com\/wp-content\/uploads\/2025\/09\/Ride-1_02-171x300.jpg 171w, https:\/\/galaxybicycle.com\/wp-content\/uploads\/2025\/09\/Ride-1_02-584x1024.jpg 584w, https:\/\/galaxybicycle.com\/wp-content\/uploads\/2025\/09\/Ride-1_02-768x1346.jpg 768w, https:\/\/galaxybicycle.com\/wp-content\/uploads\/2025\/09\/Ride-1_02-877x1536.jpg 877w, https:\/\/galaxybicycle.com\/wp-content\/uploads\/2025\/09\/Ride-1_02-1169x2048.jpg 1169w, https:\/\/galaxybicycle.com\/wp-content\/uploads\/2025\/09\/Ride-1_02-7x12.jpg 7w, https:\/\/galaxybicycle.com\/wp-content\/uploads\/2025\/09\/Ride-1_02-1000x1752.jpg 1000w\" sizes=\"auto, (max-width: 1461px) 100vw, 1461px\" \/> <img loading=\"lazy\" decoding=\"async\" class=\"alignnone size-full wp-image-3895\" src=\"https:\/\/galaxybicycle.com\/wp-content\/uploads\/2025\/09\/Ride-1_03.jpg\" alt=\"\" width=\"1563\" height=\"1723\" title=\"\" srcset=\"https:\/\/galaxybicycle.com\/wp-content\/uploads\/2025\/09\/Ride-1_03.jpg 1563w, https:\/\/galaxybicycle.com\/wp-content\/uploads\/2025\/09\/Ride-1_03-272x300.jpg 272w, https:\/\/galaxybicycle.com\/wp-content\/uploads\/2025\/09\/Ride-1_03-929x1024.jpg 929w, https:\/\/galaxybicycle.com\/wp-content\/uploads\/2025\/09\/Ride-1_03-768x847.jpg 768w, https:\/\/galaxybicycle.com\/wp-content\/uploads\/2025\/09\/Ride-1_03-1393x1536.jpg 1393w, https:\/\/galaxybicycle.com\/wp-content\/uploads\/2025\/09\/Ride-1_03-11x12.jpg 11w, https:\/\/galaxybicycle.com\/wp-content\/uploads\/2025\/09\/Ride-1_03-1000x1102.jpg 1000w\" sizes=\"auto, (max-width: 1563px) 100vw, 1563px\" \/> <img loading=\"lazy\" decoding=\"async\" class=\"alignnone size-full wp-image-3896\" src=\"https:\/\/galaxybicycle.com\/wp-content\/uploads\/2025\/09\/Ride-1_04.jpg\" alt=\"\" width=\"1563\" height=\"2210\" title=\"\" srcset=\"https:\/\/galaxybicycle.com\/wp-content\/uploads\/2025\/09\/Ride-1_04.jpg 1563w, https:\/\/galaxybicycle.com\/wp-content\/uploads\/2025\/09\/Ride-1_04-212x300.jpg 212w, https:\/\/galaxybicycle.com\/wp-content\/uploads\/2025\/09\/Ride-1_04-724x1024.jpg 724w, https:\/\/galaxybicycle.com\/wp-content\/uploads\/2025\/09\/Ride-1_04-768x1086.jpg 768w, https:\/\/galaxybicycle.com\/wp-content\/uploads\/2025\/09\/Ride-1_04-1086x1536.jpg 1086w, https:\/\/galaxybicycle.com\/wp-content\/uploads\/2025\/09\/Ride-1_04-1448x2048.jpg 1448w, https:\/\/galaxybicycle.com\/wp-content\/uploads\/2025\/09\/Ride-1_04-8x12.jpg 8w, https:\/\/galaxybicycle.com\/wp-content\/uploads\/2025\/09\/Ride-1_04-1000x1414.jpg 1000w\" sizes=\"auto, (max-width: 1563px) 100vw, 1563px\" \/> <img loading=\"lazy\" decoding=\"async\" class=\"alignnone size-full wp-image-3897\" src=\"https:\/\/galaxybicycle.com\/wp-content\/uploads\/2025\/09\/Ride-1_05.jpg\" alt=\"\" width=\"1563\" height=\"1866\" title=\"\" srcset=\"https:\/\/galaxybicycle.com\/wp-content\/uploads\/2025\/09\/Ride-1_05.jpg 1563w, https:\/\/galaxybicycle.com\/wp-content\/uploads\/2025\/09\/Ride-1_05-251x300.jpg 251w, https:\/\/galaxybicycle.com\/wp-content\/uploads\/2025\/09\/Ride-1_05-858x1024.jpg 858w, https:\/\/galaxybicycle.com\/wp-content\/uploads\/2025\/09\/Ride-1_05-768x917.jpg 768w, https:\/\/galaxybicycle.com\/wp-content\/uploads\/2025\/09\/Ride-1_05-1287x1536.jpg 1287w, https:\/\/galaxybicycle.com\/wp-content\/uploads\/2025\/09\/Ride-1_05-10x12.jpg 10w, https:\/\/galaxybicycle.com\/wp-content\/uploads\/2025\/09\/Ride-1_05-1000x1194.jpg 1000w\" sizes=\"auto, (max-width: 1563px) 100vw, 1563px\" \/> <img loading=\"lazy\" decoding=\"async\" class=\"alignnone size-full wp-image-3898\" src=\"https:\/\/galaxybicycle.com\/wp-content\/uploads\/2025\/09\/Ride-1_06.jpg\" alt=\"\" width=\"1563\" height=\"1277\" title=\"\" srcset=\"https:\/\/galaxybicycle.com\/wp-content\/uploads\/2025\/09\/Ride-1_06.jpg 1563w, https:\/\/galaxybicycle.com\/wp-content\/uploads\/2025\/09\/Ride-1_06-300x245.jpg 300w, https:\/\/galaxybicycle.com\/wp-content\/uploads\/2025\/09\/Ride-1_06-1024x837.jpg 1024w, https:\/\/galaxybicycle.com\/wp-content\/uploads\/2025\/09\/Ride-1_06-768x627.jpg 768w, https:\/\/galaxybicycle.com\/wp-content\/uploads\/2025\/09\/Ride-1_06-1536x1255.jpg 1536w, https:\/\/galaxybicycle.com\/wp-content\/uploads\/2025\/09\/Ride-1_06-15x12.jpg 15w, https:\/\/galaxybicycle.com\/wp-content\/uploads\/2025\/09\/Ride-1_06-1000x817.jpg 1000w\" sizes=\"auto, (max-width: 1563px) 100vw, 1563px\" \/> <img loading=\"lazy\" decoding=\"async\" class=\"alignnone size-full wp-image-3899\" src=\"https:\/\/galaxybicycle.com\/wp-content\/uploads\/2025\/09\/Ride-1_07.jpg\" alt=\"\" width=\"1563\" height=\"1308\" title=\"\" srcset=\"https:\/\/galaxybicycle.com\/wp-content\/uploads\/2025\/09\/Ride-1_07.jpg 1563w, https:\/\/galaxybicycle.com\/wp-content\/uploads\/2025\/09\/Ride-1_07-300x251.jpg 300w, https:\/\/galaxybicycle.com\/wp-content\/uploads\/2025\/09\/Ride-1_07-1024x857.jpg 1024w, https:\/\/galaxybicycle.com\/wp-content\/uploads\/2025\/09\/Ride-1_07-768x643.jpg 768w, https:\/\/galaxybicycle.com\/wp-content\/uploads\/2025\/09\/Ride-1_07-1536x1285.jpg 1536w, https:\/\/galaxybicycle.com\/wp-content\/uploads\/2025\/09\/Ride-1_07-14x12.jpg 14w, https:\/\/galaxybicycle.com\/wp-content\/uploads\/2025\/09\/Ride-1_07-1000x837.jpg 1000w\" sizes=\"auto, (max-width: 1563px) 100vw, 1563px\" \/> <img loading=\"lazy\" decoding=\"async\" class=\"alignnone size-full wp-image-3900\" src=\"https:\/\/galaxybicycle.com\/wp-content\/uploads\/2025\/09\/Ride-1_08.jpg\" alt=\"\" width=\"1563\" height=\"2089\" title=\"\" srcset=\"https:\/\/galaxybicycle.com\/wp-content\/uploads\/2025\/09\/Ride-1_08.jpg 1563w, https:\/\/galaxybicycle.com\/wp-content\/uploads\/2025\/09\/Ride-1_08-224x300.jpg 224w, https:\/\/galaxybicycle.com\/wp-content\/uploads\/2025\/09\/Ride-1_08-766x1024.jpg 766w, https:\/\/galaxybicycle.com\/wp-content\/uploads\/2025\/09\/Ride-1_08-768x1026.jpg 768w, https:\/\/galaxybicycle.com\/wp-content\/uploads\/2025\/09\/Ride-1_08-1149x1536.jpg 1149w, https:\/\/galaxybicycle.com\/wp-content\/uploads\/2025\/09\/Ride-1_08-1532x2048.jpg 1532w, https:\/\/galaxybicycle.com\/wp-content\/uploads\/2025\/09\/Ride-1_08-9x12.jpg 9w, https:\/\/galaxybicycle.com\/wp-content\/uploads\/2025\/09\/Ride-1_08-1000x1337.jpg 1000w\" sizes=\"auto, (max-width: 1563px) 100vw, 1563px\" \/> <img loading=\"lazy\" decoding=\"async\" class=\"alignnone size-full wp-image-3901\" src=\"https:\/\/galaxybicycle.com\/wp-content\/uploads\/2025\/09\/Ride-1_09.jpg\" alt=\"\" width=\"1563\" height=\"1982\" title=\"\" srcset=\"https:\/\/galaxybicycle.com\/wp-content\/uploads\/2025\/09\/Ride-1_09.jpg 1563w, https:\/\/galaxybicycle.com\/wp-content\/uploads\/2025\/09\/Ride-1_09-237x300.jpg 237w, https:\/\/galaxybicycle.com\/wp-content\/uploads\/2025\/09\/Ride-1_09-808x1024.jpg 808w, https:\/\/galaxybicycle.com\/wp-content\/uploads\/2025\/09\/Ride-1_09-768x974.jpg 768w, https:\/\/galaxybicycle.com\/wp-content\/uploads\/2025\/09\/Ride-1_09-1211x1536.jpg 1211w, https:\/\/galaxybicycle.com\/wp-content\/uploads\/2025\/09\/Ride-1_09-9x12.jpg 9w, https:\/\/galaxybicycle.com\/wp-content\/uploads\/2025\/09\/Ride-1_09-1000x1268.jpg 1000w\" sizes=\"auto, (max-width: 1563px) 100vw, 1563px\" \/><\/p>","protected":false},"excerpt":{"rendered":"<p>Le v\u00e9lo \u00e9lectrique Pixar Ride1 est con\u00e7u pour l'aventure et la ville. Avec un moteur \u00e0 grande vitesse de 48V 500W, des pneus larges de 20 pouces et une suspension avant et arri\u00e8re, il offre confort, puissance et style. Parfait pour les trajets quotidiens, l'exploration ou les week-ends, ce v\u00e9lo \u00e9lectrique est pr\u00eat \u00e0 vous emmener n'importe o\u00f9.<\/p>","protected":false},"featured_media":3840,"comment_status":"open","ping_status":"closed","template":"","meta":[],"product_brand":[36],"product_cat":[41,40,39],"product_tag":[],"class_list":{"0":"post-3839","1":"product","2":"type-product","3":"status-publish","4":"has-post-thumbnail","6":"product_brand-pixar","7":"product_cat-pixar-electric-bikes","8":"product_cat-eu-warehourse","9":"product_cat-uk-warehouse","11":"first","12":"instock","13":"shipping-taxable","14":"purchasable","15":"product-type-simple"},"_links":{"self":[{"href":"https:\/\/galaxybicycle.com\/fr\/wp-json\/wp\/v2\/product\/3839","targetHints":{"allow":["GET"]}}],"collection":[{"href":"https:\/\/galaxybicycle.com\/fr\/wp-json\/wp\/v2\/product"}],"about":[{"href":"https:\/\/galaxybicycle.com\/fr\/wp-json\/wp\/v2\/types\/product"}],"replies":[{"embeddable":true,"href":"https:\/\/galaxybicycle.com\/fr\/wp-json\/wp\/v2\/comments?post=3839"}],"wp:featuredmedia":[{"embeddable":true,"href":"https:\/\/galaxybicycle.com\/fr\/wp-json\/wp\/v2\/media\/3840"}],"wp:attachment":[{"href":"https:\/\/galaxybicycle.com\/fr\/wp-json\/wp\/v2\/media?parent=3839"}],"wp:term":[{"taxonomy":"product_brand","embeddable":true,"href":"https:\/\/galaxybicycle.com\/fr\/wp-json\/wp\/v2\/product_brand?post=3839"},{"taxonomy":"product_cat","embeddable":true,"href":"https:\/\/galaxybicycle.com\/fr\/wp-json\/wp\/v2\/product_cat?post=3839"},{"taxonomy":"product_tag","embeddable":true,"href":"https:\/\/galaxybicycle.com\/fr\/wp-json\/wp\/v2\/product_tag?post=3839"}],"curies":[{"name":"wp","href":"https:\/\/api.w.org\/{rel}","templated":true}]}}